{"id":1498,"date":"2020-03-03T11:57:02","date_gmt":"2020-03-03T11:57:02","guid":{"rendered":"https:\/\/www.afibmatters.org\/pacemaker-e-ablazione-del-nodo-av-o-del-fascio-di-his\/"},"modified":"2022-01-27T09:47:18","modified_gmt":"2022-01-27T09:47:18","slug":"pacemaker-e-ablazione-del-nodo-av-o-del-fascio-di-his","status":"publish","type":"page","link":"https:\/\/www.afibmatters.org\/it\/cosa-puo-fare-il-mio-medico\/ablazione-della-fibrillazione-atriale\/pacemaker-e-ablazione-del-nodo-av-o-del-fascio-di-his\/","title":{"rendered":"Pacemaker e ablazione del nodo AV o del fascio di His"},"content":{"rendered":"<p>&nbsp;<\/p>\n<p>Se il farmaco o la combinazione di farmaci prescritti dal medico non sono in grado di controllare la frequenza cardiaca o producono effetti collaterali, c&#8217;\u00e8 l&#8217;opzione di eseguire l&#8217;ablazione del nodo AV e l&#8217;impianto di pacemaker.<\/p>\n<p>L&#8217;ablazione del nodo AV \u00e8 un intervento con catetere che blocca la trasmissione di impulsi elettrici rapidi dagli atri (camere superiori del cuore) ai ventricoli (camere inferiori del cuore). Il tessuto del nodo AV, che connette elettricamente gli atri e i ventricoli, viene distrutto con l&#8217;energia a radio-frequenza producendo un blocco AV completo.<\/p>\n<p><img loading=\"lazy\" decoding=\"async\" class=\"alignnone wp-image-6093 size-full\" src=\"https:\/\/cdn-endpoint-afib.azureedge.net\/afibmatters\/2022\/01\/shutterstock_333628025-1024x686-1-min.jpg?_t=1643276818\" alt=\"\" width=\"800\" height=\"536\" srcset=\"https:\/\/cdn-endpoint-afib.azureedge.net\/afibmatters\/2022\/01\/shutterstock_333628025-1024x686-1-min.jpg 800w, https:\/\/cdn-endpoint-afib.azureedge.net\/afibmatters\/2022\/01\/shutterstock_333628025-1024x686-1-min-300x201.jpg 300w, https:\/\/cdn-endpoint-afib.azureedge.net\/afibmatters\/2022\/01\/shutterstock_333628025-1024x686-1-min-768x515.jpg 768w, https:\/\/cdn-endpoint-afib.azureedge.net\/afibmatters\/2022\/01\/shutterstock_333628025-1024x686-1-min-500x335.jpg 500w\" sizes=\"auto, (max-width: 800px) 100vw, 800px\" \/><\/p>\n<p>Per mantenere la frequenza ventricolare normale, prima dell&#8217;intervento di ablazione viene impiantato un pacemaker. Il polso \u00e8 controllato artificialmente dal pacemaker, nonostante la fibrillazione atriale permanente in corso. La procedura \u00e8 semplice e non richiede molto tempo ma, come il medico Le spiegher\u00e0 prima dell&#8217;intervento, deve essere consapevole che si tratta di una condizione irreversibile. La Sua frequenza cardiaca sar\u00e0 controllata da un pacemaker per il resto della vita (dipendente da pacemaker). Questa \u00e8 considerata l&#8217;ultima scelta per controllare la frequenza cardiaca nel caso in cui tutte le procedure precedenti non abbiano avuto successo. Per questo motivo \u00e8 pi\u00f9 probabile che venga raccomandata ai pazienti pi\u00f9 anziani.<\/p>\n<h3>In cosa consiste<\/h3>\n<p>L&#8217;ablazione con catetere \u00e8 una procedura percutanea eseguita in anestesia locale. Il medico inserisce tubi lunghi, sottili ed elastici (cateteri) nelle vene dell&#8217;inguine e li fa avanzare fino al cuore. La punta del catetere fornisce energia a radiofrequenza (calore) alla piccola area del tessuto cardiaco che deve essere distrutta. Il tessuto cicatriziale non conduce gli impulsi.<\/p>\n<p><img loading=\"lazy\" decoding=\"async\" class=\"alignnone size-full wp-image-6120\" src=\"https:\/\/cdn-endpoint-afib.azureedge.net\/afibmatters\/2022\/01\/shutterstock_101122669-1024x681-1-min.jpg\" alt=\"\" width=\"800\" height=\"532\" srcset=\"https:\/\/cdn-endpoint-afib.azureedge.net\/afibmatters\/2022\/01\/shutterstock_101122669-1024x681-1-min.jpg 800w, https:\/\/cdn-endpoint-afib.azureedge.net\/afibmatters\/2022\/01\/shutterstock_101122669-1024x681-1-min-300x200.jpg 300w, https:\/\/cdn-endpoint-afib.azureedge.net\/afibmatters\/2022\/01\/shutterstock_101122669-1024x681-1-min-768x511.jpg 768w, https:\/\/cdn-endpoint-afib.azureedge.net\/afibmatters\/2022\/01\/shutterstock_101122669-1024x681-1-min-500x333.jpg 500w\" sizes=\"auto, (max-width: 800px) 100vw, 800px\" \/><\/p>\n<p>L&#8217;impianto di pacemaker deve essere effettuato prima dell&#8217;ablazione del nodo AV per far s\u00ec che le camere inferiori (ventricoli) mantengano un battito corretto. In alcuni centri, i medici preferiscono impiantare il pacemaker diverse settimane prima dell&#8217;ablazione, per garantire un funzionamento soddisfacente e stabile del dispositivo. Dopo l&#8217;ablazione il ritmo cardiaco dipende completamente dal pacemaker e non Lei non avr\u00e0 bisogno di assumere farmaci per il controllo della frequenza cardiaca.<br \/>\nL&#8217;ablazione di un nodo AV ha un elevato tasso di successo.<\/p>\n<p><a href=\"https:\/\/www.afibmatters.org\/it\/cosa-puo-fare-il-mio-medico\/ablazione-della-fibrillazione-atriale\/\"><strong>Scopra di pi\u00f9 nell&#8217;articolo: &#8220;Complicazioni&#8221;<\/strong><\/a><\/p>\n<p><a href=\"https:\/\/www.afibmatters.org\/it\/cosa-posso-fare\/come-devo-cambiare-il-mio-stile-di-vita\/\"><strong>Scopra di pi\u00f9 nell&#8217;articolo: \u201cCome devo cambiare il mio stile di vita?\u201d<\/strong><\/a><\/p>\n","protected":false},"excerpt":{"rendered":"<p>&nbsp; Se il farmaco o la combinazione di farmaci prescritti dal medico non sono in grado di controllare la frequenza cardiaca o producono effetti collaterali, c&#8217;\u00e8 l&#8217;opzione di eseguire l&#8217;ablazione del nodo AV e l&#8217;impianto di pacemaker. L&#8217;ablazione del nodo AV \u00e8 un intervento con catetere che blocca la trasmissione di impulsi elettrici rapidi dagli [&hellip;]<\/p>\n","protected":false},"author":1,"featured_media":0,"parent":1511,"menu_order":19,"comment_status":"closed","ping_status":"closed","template":"","meta":{"_acf_changed":false,"footnotes":""},"categories":[58],"tags":[],"class_list":["post-1498","page","type-page","status-publish","hentry","category-cosa-puo-fare-il-mio-medico"],"acf":[],"_links":{"self":[{"href":"https:\/\/www.afibmatters.org\/it\/wp-json\/wp\/v2\/pages\/1498","targetHints":{"allow":["GET"]}}],"collection":[{"href":"https:\/\/www.afibmatters.org\/it\/wp-json\/wp\/v2\/pages"}],"about":[{"href":"https:\/\/www.afibmatters.org\/it\/wp-json\/wp\/v2\/types\/page"}],"author":[{"embeddable":true,"href":"https:\/\/www.afibmatters.org\/it\/wp-json\/wp\/v2\/users\/1"}],"replies":[{"embeddable":true,"href":"https:\/\/www.afibmatters.org\/it\/wp-json\/wp\/v2\/comments?post=1498"}],"version-history":[{"count":2,"href":"https:\/\/www.afibmatters.org\/it\/wp-json\/wp\/v2\/pages\/1498\/revisions"}],"predecessor-version":[{"id":6142,"href":"https:\/\/www.afibmatters.org\/it\/wp-json\/wp\/v2\/pages\/1498\/revisions\/6142"}],"up":[{"embeddable":true,"href":"https:\/\/www.afibmatters.org\/it\/wp-json\/wp\/v2\/pages\/1511"}],"wp:attachment":[{"href":"https:\/\/www.afibmatters.org\/it\/wp-json\/wp\/v2\/media?parent=1498"}],"wp:term":[{"taxonomy":"category","embeddable":true,"href":"https:\/\/www.afibmatters.org\/it\/wp-json\/wp\/v2\/categories?post=1498"},{"taxonomy":"post_tag","embeddable":true,"href":"https:\/\/www.afibmatters.org\/it\/wp-json\/wp\/v2\/tags?post=1498"}],"curies":[{"name":"wp","href":"https:\/\/api.w.org\/{rel}","templated":true}]}}