{"id":1480,"date":"2020-03-03T11:56:57","date_gmt":"2020-03-03T11:56:57","guid":{"rendered":"https:\/\/www.afibmatters.org\/cosa-puo-fare-il-mio-medico\/ripristinare-un-ritmo-cardiaco-normale-e-prevenire-le-ricadute\/"},"modified":"2022-01-27T09:59:25","modified_gmt":"2022-01-27T09:59:25","slug":"ripristinare-un-ritmo-cardiaco-normale-e-prevenire-le-ricadute","status":"publish","type":"page","link":"https:\/\/www.afibmatters.org\/it\/cosa-puo-fare-il-mio-medico\/ripristinare-un-ritmo-cardiaco-normale-e-prevenire-le-ricadute\/","title":{"rendered":"Ripristinare un ritmo cardiaco normale e prevenire le recidive"},"content":{"rendered":"<p>A volte, quando ha un episodio di fibrillazione atriale, il ritmo normale si ripristina senza trattamento. Se ci\u00f2 non accade o se presenta dei sintomi durante gli episodi di fibrillazione atriale, il Suo medico potrebbe suggerirLe di <strong>riportare il ritmo cardiaco<\/strong> al suo ritmo normale (ritmo sinusale). Questa strategia si chiama &#8220;<strong>controllo del ritmo<\/strong>&#8220;.<\/p>\n<p>Quando si sceglie di effettuare un controllo del ritmo, ci sono due opzioni per ripristinare il ritmo sinusale normale: con dei farmaci (cardioversione farmacologica) o tramite una scossa elettrica da defibrillatore (cardioversione elettrica).<\/p>\n<p>Prima di ricevere una cardioversione, che sia elettrica o farmacologica, il medico potrebbe chiederLe di assumere anticoagulanti (fluidificanti del sangue) per almeno tre settimane prima della procedura. In caso contrario, il medico potrebbe voler escludere eventuali coaguli di sangue all&#8217;interno del cuore eseguendo un esame di imaging specifico chiamato ecografia transesofagea prima della cardioversione. Dovr\u00e0 inoltre continuare ad assumere farmaci anticoagulanti per almeno quattro settimane dopo la cardioversione per ridurre il rischio di ictus. A seconda del Suo rischio complessivo di ictus, il medico potrebbe chiederLe di continuare ad assumere un anticoagulante per il resto della vita.<\/p>\n<p>&nbsp;<\/p>\n<ul>\n<li>\n<h3>Farmaci<\/h3>\n<\/li>\n<\/ul>\n<p><img loading=\"lazy\" decoding=\"async\" class=\"alignnone wp-image-6160 size-full\" src=\"https:\/\/cdn-endpoint-afib.azureedge.net\/afibmatters\/2022\/01\/iStock-467032360-1024x686-1-min.jpg?_t=1643277559\" alt=\"\" width=\"800\" height=\"536\" srcset=\"https:\/\/cdn-endpoint-afib.azureedge.net\/afibmatters\/2022\/01\/iStock-467032360-1024x686-1-min.jpg 800w, https:\/\/cdn-endpoint-afib.azureedge.net\/afibmatters\/2022\/01\/iStock-467032360-1024x686-1-min-300x201.jpg 300w, https:\/\/cdn-endpoint-afib.azureedge.net\/afibmatters\/2022\/01\/iStock-467032360-1024x686-1-min-768x515.jpg 768w, https:\/\/cdn-endpoint-afib.azureedge.net\/afibmatters\/2022\/01\/iStock-467032360-1024x686-1-min-500x335.jpg 500w\" sizes=\"auto, (max-width: 800px) 100vw, 800px\" \/><\/p>\n<p>\u00c8 possibile ripristinare il ritmo normale anche con i farmaci. Questo procedimento \u00e8 noto con il nome di <strong>cardioversione farmacologica<\/strong>. I farmaci sono utili inoltre per prevenire una recidiva della fibrillazione atriale.<\/p>\n<p>I farmaci usati per ripristinare il ritmo sinusale e ridurre gli episodi di fibrillazione atriale vengono chiamati <strong>&#8220;antiaritmici&#8221;<\/strong> e i pi\u00f9 comunemente usati sono:<\/p>\n<ul>\n<li style=\"list-style-type: none;\">\n<ul>\n<li>Flecainide<\/li>\n<li>Dronedarone<\/li>\n<li>Sotalolo<\/li>\n<li>Amiodarone<\/li>\n<li>Propafenone<\/li>\n<li>Disopiramide<\/li>\n<\/ul>\n<\/li>\n<\/ul>\n<p>&nbsp;<\/p>\n<p>I farmaci antiaritmici modificano l&#8217;attivit\u00e0 elettrica delle cellule cardiache, rendendo pi\u00f9 facile il ripristino del ritmo sinusale normale. Oltre a convertire la fibrillazione atriale, i farmaci antiaritmici possono aiutare anche a mantenere il ritmo sinusale normale e ridurre le probabilit\u00e0 di ricaduta.<\/p>\n<p>A volte potrebbe essere necessario provare diversi antiaritmici prima di trovare quello pi\u00f9 adatto. Visto che non tutti i farmaci antiaritmici sono adatti a tutti i pazienti, il Suo medico decider\u00e0 qual \u00e8 il pi\u00f9 appropriato per Lei a seconda delle Sue altre condizioni mediche.<\/p>\n<p>Alcuni farmaci antiaritmici, come l&#8217;amiodarone, possono avere gravi effetti collaterali. Il Suo medico La monitorer\u00e0 regolarmente per garantire che l&#8217;assunzione prolungata del farmaco avvenga in sicurezza. Potrebbe inoltre essere necessario monitorare il farmaco con analisi del sangue. Il Suo medico la aiuter\u00e0 a scegliere il miglior farmaco antiaritmico per la Sua situazione clinica e Le parler\u00e0 pi\u00f9 nel dettaglio dei benefici e degli effetti collaterali.<\/p>\n<p>&nbsp;<\/p>\n<ul>\n<li><a href=\"https:\/\/www.afibmatters.org\/it\/cosa-puo-fare-il-mio-medico\/cose-una-cardioversione\/\">Cardioversione<\/a><\/li>\n<li><a href=\"https:\/\/www.afibmatters.org\/it\/cosa-puo-fare-il-mio-medico\/ablazione-della-fibrillazione-atriale\/\">Ablazione<\/a><\/li>\n<\/ul>\n<p>&nbsp;<\/p>\n<p><a href=\"https:\/\/www.afibmatters.org\/it\/cosa-posso-fare\/come-devo-cambiare-il-mio-stile-di-vita\/\"><strong>Scopra di pi\u00f9 nell&#8217;articolo: &#8220;Come devo cambiare il mio stile di vita?&#8221;<\/strong><\/a><\/p>\n","protected":false},"excerpt":{"rendered":"<p>A volte, quando ha un episodio di fibrillazione atriale, il ritmo normale si ripristina senza trattamento. Se ci\u00f2 non accade o se presenta dei sintomi durante gli episodi di fibrillazione atriale, il Suo medico potrebbe suggerirLe di riportare il ritmo cardiaco al suo ritmo normale (ritmo sinusale). Questa strategia si chiama &#8220;controllo del ritmo&#8220;. Quando [&hellip;]<\/p>\n","protected":false},"author":1,"featured_media":0,"parent":1466,"menu_order":15,"comment_status":"closed","ping_status":"closed","template":"","meta":{"_acf_changed":false,"footnotes":""},"categories":[58],"tags":[],"class_list":["post-1480","page","type-page","status-publish","hentry","category-cosa-puo-fare-il-mio-medico"],"acf":[],"_links":{"self":[{"href":"https:\/\/www.afibmatters.org\/it\/wp-json\/wp\/v2\/pages\/1480","targetHints":{"allow":["GET"]}}],"collection":[{"href":"https:\/\/www.afibmatters.org\/it\/wp-json\/wp\/v2\/pages"}],"about":[{"href":"https:\/\/www.afibmatters.org\/it\/wp-json\/wp\/v2\/types\/page"}],"author":[{"embeddable":true,"href":"https:\/\/www.afibmatters.org\/it\/wp-json\/wp\/v2\/users\/1"}],"replies":[{"embeddable":true,"href":"https:\/\/www.afibmatters.org\/it\/wp-json\/wp\/v2\/comments?post=1480"}],"version-history":[{"count":7,"href":"https:\/\/www.afibmatters.org\/it\/wp-json\/wp\/v2\/pages\/1480\/revisions"}],"predecessor-version":[{"id":6185,"href":"https:\/\/www.afibmatters.org\/it\/wp-json\/wp\/v2\/pages\/1480\/revisions\/6185"}],"up":[{"embeddable":true,"href":"https:\/\/www.afibmatters.org\/it\/wp-json\/wp\/v2\/pages\/1466"}],"wp:attachment":[{"href":"https:\/\/www.afibmatters.org\/it\/wp-json\/wp\/v2\/media?parent=1480"}],"wp:term":[{"taxonomy":"category","embeddable":true,"href":"https:\/\/www.afibmatters.org\/it\/wp-json\/wp\/v2\/categories?post=1480"},{"taxonomy":"post_tag","embeddable":true,"href":"https:\/\/www.afibmatters.org\/it\/wp-json\/wp\/v2\/tags?post=1480"}],"curies":[{"name":"wp","href":"https:\/\/api.w.org\/{rel}","templated":true}]}}