{"id":1471,"date":"2020-03-03T11:56:54","date_gmt":"2020-03-03T11:56:54","guid":{"rendered":"https:\/\/www.afibmatters.org\/cosa-puo-fare-il-mio-medico\/test-utili\/"},"modified":"2020-04-02T09:03:35","modified_gmt":"2020-04-02T08:03:35","slug":"test-utili","status":"publish","type":"page","link":"https:\/\/www.afibmatters.org\/it\/cosa-puo-fare-il-mio-medico\/test-utili\/","title":{"rendered":"Test utili"},"content":{"rendered":"<h2>ECG e monitoraggio del ritmo cardiaco<\/h2>\n<h3>Elettrocardiogramma (ECG)<\/h3>\n<p>&nbsp;<\/p>\n<p>Il test pi\u00f9 importante per la diagnosi della fibrillazione atriale \u00e8 l&#8217;elettrocardiogramma (ECG). Le vengono applicati degli adesivi speciali (elettrodi) sulle braccia, sulle gambe e sul petto e l&#8217;attivit\u00e0 elettrica del Suo cuore viene registrata attraverso la pelle. L&#8217;intera procedura di solito richiede pochi minuti e pu\u00f2 essere eseguita in uno studio medico o in ospedale.<\/p>\n<p><img loading=\"lazy\" decoding=\"async\" class=\"size-large wp-image-1073\" src=\"https:\/\/cdn-endpoint-afib.azureedge.net\/afibmatters\/2020\/01\/iStock-171372917-1024x683.jpg\" alt=\"\" width=\"1024\" height=\"683\" srcset=\"https:\/\/cdn-endpoint-afib.azureedge.net\/afibmatters\/2020\/01\/iStock-171372917-1024x683.jpg 1024w, https:\/\/cdn-endpoint-afib.azureedge.net\/afibmatters\/2020\/01\/iStock-171372917-300x200.jpg 300w, https:\/\/cdn-endpoint-afib.azureedge.net\/afibmatters\/2020\/01\/iStock-171372917-768x512.jpg 768w, https:\/\/cdn-endpoint-afib.azureedge.net\/afibmatters\/2020\/01\/iStock-171372917-1536x1024.jpg 1536w, https:\/\/cdn-endpoint-afib.azureedge.net\/afibmatters\/2020\/01\/iStock-171372917-2048x1365.jpg 2048w, https:\/\/cdn-endpoint-afib.azureedge.net\/afibmatters\/2020\/01\/iStock-171372917-500x333.jpg 500w\" sizes=\"auto, (max-width: 1024px) 100vw, 1024px\" \/><\/p>\n<p>Un ECG standard a riposo registra il battito cardiaco solo per alcuni secondi, perci\u00f2, se in questo lasso di tempo la fibrillazione atriale non \u00e8 presente, potrebbe essere necessario un monitoraggio prolungato.<\/p>\n<p>&nbsp;<\/p>\n<h3>Monitoraggio cardiaco<\/h3>\n<p><img loading=\"lazy\" decoding=\"async\" class=\"alignnone size-large wp-image-1007\" src=\"https:\/\/cdn-endpoint-afib.azureedge.net\/afibmatters\/2020\/01\/shutterstock_1084333610-1024x683.jpg\" alt=\"\" width=\"1024\" height=\"683\" srcset=\"https:\/\/cdn-endpoint-afib.azureedge.net\/afibmatters\/2020\/01\/shutterstock_1084333610-1024x683.jpg 1024w, https:\/\/cdn-endpoint-afib.azureedge.net\/afibmatters\/2020\/01\/shutterstock_1084333610-300x200.jpg 300w, https:\/\/cdn-endpoint-afib.azureedge.net\/afibmatters\/2020\/01\/shutterstock_1084333610-768x512.jpg 768w, https:\/\/cdn-endpoint-afib.azureedge.net\/afibmatters\/2020\/01\/shutterstock_1084333610-1536x1024.jpg 1536w, https:\/\/cdn-endpoint-afib.azureedge.net\/afibmatters\/2020\/01\/shutterstock_1084333610-2048x1365.jpg 2048w, https:\/\/cdn-endpoint-afib.azureedge.net\/afibmatters\/2020\/01\/shutterstock_1084333610-500x333.jpg 500w\" sizes=\"auto, (max-width: 1024px) 100vw, 1024px\" \/><\/p>\n<p>Se la Sua fibrillazione atriale dura solo per un periodo ridotto di tempo, potrebbe essere necessario un monitoraggio cardiaco di ventiquattr&#8217;ore o pi\u00f9 (a volte per sette giorni o pi\u00f9). Questo test, spesso chiamato &#8220;<strong>Holter<\/strong>&#8220;, prevede il posizionamento sul petto di un piccolo dispositivo di registrazione collegato tramite fili a quattro adesivi speciali (elettrodi) (si veda sopra). Il dispositivo \u00e8 facile da trasportare sotto i vestiti durante le normali attivit\u00e0 quotidiane. Potrebbe risultarLe utile tenere un diario delle attivit\u00e0 e degli eventuali sintomi che si manifestano mentre indossa il dispositivo. Questo test fornir\u00e0 al Suo medico informazioni dettagliate sul Suo ritmo cardiaco e sulla correlazione con i sintomi.<\/p>\n<p>Un test alternativo \u00e8 il <strong>registratore di eventi. <\/strong>Questo monitor non esegue un monitoraggio continuo, ma registra automaticamente il Suo ECG in determinati momenti o quando viene attivata manualmente una registrazione, ad esempio quando Lei avverte sintomi. Questi monitor di eventi indossabili possono essere utilizzati di solito fino a un massimo di due settimane.<\/p>\n<p>Se la fibrillazione atriale non viene rilevata ma il sospetto comunque rimane, si pu\u00f2 ricorrere a un <strong>monitor cardiaco impiantabile<\/strong> per un monitoraggio continuo del ritmo cardiaco. Questi monitor vengono posizionati sotto la pelle della parete toracica e possono registrare cambiamenti del ritmo cardiaco, di solito fino a tre anni.<\/p>\n<p>Nuove tecnologie incorporate negli smartphone e negli smartwatch permettono inoltre ai pazienti di avere i propri monitor (spesso chiamati dispositivi indossabili) e registrare il proprio ritmo cardiaco su un tracciato ECG. L&#8217;affidabilit\u00e0 di questi dispositivi \u00e8 in fase di sperimentazione clinica. Al fine di diagnosticare la fibrillazione atriale, queste registrazioni devono comunque essere valutate da un medico.<\/p>\n<p>&nbsp;<\/p>\n<h2>Ecocardiografia<\/h2>\n<p><img loading=\"lazy\" decoding=\"async\" class=\"alignnone wp-image-1017 size-full\" src=\"https:\/\/cdn-endpoint-afib.azureedge.net\/afibmatters\/2020\/01\/echocardiogram-1.jpg\" alt=\"\" width=\"800\" height=\"534\" srcset=\"https:\/\/cdn-endpoint-afib.azureedge.net\/afibmatters\/2020\/01\/echocardiogram-1.jpg 800w, https:\/\/cdn-endpoint-afib.azureedge.net\/afibmatters\/2020\/01\/echocardiogram-1-300x200.jpg 300w, https:\/\/cdn-endpoint-afib.azureedge.net\/afibmatters\/2020\/01\/echocardiogram-1-768x513.jpg 768w, https:\/\/cdn-endpoint-afib.azureedge.net\/afibmatters\/2020\/01\/echocardiogram-1-500x334.jpg 500w\" sizes=\"auto, (max-width: 800px) 100vw, 800px\" \/><\/p>\n<h3>Ecocardiogramma<\/h3>\n<p>Se Le viene diagnosticata la fibrillazione atriale, il Suo dottore potrebbe voler esaminare il Suo cuore con un ecocardiogramma, chiamato anche &#8220;ecografia cardiaca&#8221;. Durante questo test, un medico o un tecnico cardiaco effettuer\u00e0 una scansione del Suo torace utilizzando una sonda portatile con sopra un po&#8217; di gel per controllare le dimensioni e il funzionamento delle quattro camere principali del cuori, del muscolo cardiaco e delle valvole.<br \/>\nUn ecocardiogramma non aiuta il medico a rilevare la fibrillazione atriale, ma fornisce importanti informazioni sull&#8217;effetto della fibrillazione atriale sul Suo cuore e sulla Sua prognosi.<\/p>\n<h3>Ecocardiografia transesofagea<\/h3>\n<p>A volte il medico sceglier\u00e0 di sottoporre il Suo cuore a un ecocardiogramma transesofageo o &#8220;TEE&#8221;. Durante questo test Le viene introdotto in bocca un tubo flessibile e posizionato poi nell&#8217;esofago (il passaggio che collega la bocca con lo stomaco). Visto che il cuore si trova di fronte all&#8217;esofago, la TEE \u00e8 in grado di fornire immagini molto dettagliate delle parti pi\u00f9 importanti del cuore. La TEE \u00e8 anche il gold standard per rilevare <strong>coaguli sanguigni<\/strong> che possono formarsi all&#8217;interno dell&#8217;atrio sinistro a causa della fibrillazione atriale.<br \/>\nSi usa spesso una TEE prima di una cardioversione, se non \u00e8 chiaro quando \u00e8 iniziata la fibrillazione atriale e il medico vuole essere sicuro che non si siano gi\u00e0 sviluppati coaguli di sangue all&#8217;interno del cuore.<\/p>\n<h2>Altri test<\/h2>\n<p>&nbsp;<\/p>\n<h3>Analisi del sangue<img loading=\"lazy\" decoding=\"async\" class=\"alignnone size-large wp-image-907\" src=\"https:\/\/cdn-endpoint-afib.azureedge.net\/afibmatters\/2020\/01\/shutterstock_189924716-1024x683.jpg\" alt=\"\" width=\"1024\" height=\"683\" srcset=\"https:\/\/cdn-endpoint-afib.azureedge.net\/afibmatters\/2020\/01\/shutterstock_189924716-1024x683.jpg 1024w, https:\/\/cdn-endpoint-afib.azureedge.net\/afibmatters\/2020\/01\/shutterstock_189924716-300x200.jpg 300w, https:\/\/cdn-endpoint-afib.azureedge.net\/afibmatters\/2020\/01\/shutterstock_189924716-768x512.jpg 768w, https:\/\/cdn-endpoint-afib.azureedge.net\/afibmatters\/2020\/01\/shutterstock_189924716-1536x1024.jpg 1536w, https:\/\/cdn-endpoint-afib.azureedge.net\/afibmatters\/2020\/01\/shutterstock_189924716-2048x1365.jpg 2048w, https:\/\/cdn-endpoint-afib.azureedge.net\/afibmatters\/2020\/01\/shutterstock_189924716-500x333.jpg 500w\" sizes=\"auto, (max-width: 1024px) 100vw, 1024px\" \/><\/h3>\n<p>Una volta che la fibrillazione atriale \u00e8 stata diagnosticata, potrebbe venirLe chiesto di sottoporsi ad alcune analisi del sangue. Nonostante queste ultime non siano necessarie ai fini della diagnosi, possono contribuire a spiegare perch\u00e9 si \u00e8 sviluppata la fibrillazione atriale, per esempio a causa di <strong>problemi alla ghiandola tiroide<\/strong> o di uno squilibrio degli <strong>elettroliti corporei<\/strong>. Le analisi del sangue aiutano inoltre il medico a scegliere i\/i trattamento\/i migliore\/i per Lei.<\/p>\n<h3>Imaging supplementare del cuore<\/h3>\n<p>In alcuni casi il medico potrebbe voler eseguire uno <strong>stress test<\/strong> per vedere cosa succede al Suo cuore quando batte pi\u00f9 velocemente. \u00c8 possibile usare anche una <strong>tomografia cardiaca computerizzata<\/strong> o <strong>imaging di risonanza magnetica cardiaca<\/strong> per ottenere un&#8217;analisi dettagliata della struttura e della funzione del cuore. La necessit\u00e0 di ulteriori indagini dipende dalla Sua condizione e va discussa con il Suo medico.<\/p>\n","protected":false},"excerpt":{"rendered":"<p>ECG e monitoraggio del ritmo cardiaco Elettrocardiogramma (ECG) &nbsp; Il test pi\u00f9 importante per la diagnosi della fibrillazione atriale \u00e8 l&#8217;elettrocardiogramma (ECG). Le vengono applicati degli adesivi speciali (elettrodi) sulle braccia, sulle gambe e sul petto e l&#8217;attivit\u00e0 elettrica del Suo cuore viene registrata attraverso la pelle. L&#8217;intera procedura di solito richiede pochi minuti e [&hellip;]<\/p>\n","protected":false},"author":1,"featured_media":0,"parent":1466,"menu_order":14,"comment_status":"closed","ping_status":"closed","template":"","meta":{"_acf_changed":false,"footnotes":""},"categories":[58],"tags":[],"class_list":["post-1471","page","type-page","status-publish","hentry","category-cosa-puo-fare-il-mio-medico"],"acf":[],"_links":{"self":[{"href":"https:\/\/www.afibmatters.org\/it\/wp-json\/wp\/v2\/pages\/1471","targetHints":{"allow":["GET"]}}],"collection":[{"href":"https:\/\/www.afibmatters.org\/it\/wp-json\/wp\/v2\/pages"}],"about":[{"href":"https:\/\/www.afibmatters.org\/it\/wp-json\/wp\/v2\/types\/page"}],"author":[{"embeddable":true,"href":"https:\/\/www.afibmatters.org\/it\/wp-json\/wp\/v2\/users\/1"}],"replies":[{"embeddable":true,"href":"https:\/\/www.afibmatters.org\/it\/wp-json\/wp\/v2\/comments?post=1471"}],"version-history":[{"count":2,"href":"https:\/\/www.afibmatters.org\/it\/wp-json\/wp\/v2\/pages\/1471\/revisions"}],"predecessor-version":[{"id":2302,"href":"https:\/\/www.afibmatters.org\/it\/wp-json\/wp\/v2\/pages\/1471\/revisions\/2302"}],"up":[{"embeddable":true,"href":"https:\/\/www.afibmatters.org\/it\/wp-json\/wp\/v2\/pages\/1466"}],"wp:attachment":[{"href":"https:\/\/www.afibmatters.org\/it\/wp-json\/wp\/v2\/media?parent=1471"}],"wp:term":[{"taxonomy":"category","embeddable":true,"href":"https:\/\/www.afibmatters.org\/it\/wp-json\/wp\/v2\/categories?post=1471"},{"taxonomy":"post_tag","embeddable":true,"href":"https:\/\/www.afibmatters.org\/it\/wp-json\/wp\/v2\/tags?post=1471"}],"curies":[{"name":"wp","href":"https:\/\/api.w.org\/{rel}","templated":true}]}}