{"id":1453,"date":"2020-03-03T11:56:49","date_gmt":"2020-03-03T11:56:49","guid":{"rendered":"https:\/\/www.afibmatters.org\/cosa-devo-sapere\/lafib-e-ereditaria\/"},"modified":"2020-04-02T08:53:47","modified_gmt":"2020-04-02T07:53:47","slug":"lafib-e-ereditaria","status":"publish","type":"page","link":"https:\/\/www.afibmatters.org\/it\/cosa-devo-sapere\/lafib-e-ereditaria\/","title":{"rendered":"La fibrillazione atriale \u00e8 ereditaria?"},"content":{"rendered":"<p>La fibrillazione atriale \u00e8 il disturbo pi\u00f9 comune del ritmo cardiaco, per questo non \u00e8 raro avere parenti con la stessa aritmia. Con l&#8217;avanzare dell&#8217;et\u00e0, \u00e8 pi\u00f9 probabile che la fibrillazione atriale sia legata a comorbilit\u00e0 piuttosto che a una condizione genetica. Tutti sono soggetti a un <strong><a href=\"https:\/\/www.afibmatters.org\/it\/cosa-devo-sapere\/quanto-e-diffusa-la-fibrillazione-atriale\/\">rischio maggiore di sviluppare fibrillazione atriale con l&#8217;avanzare dell&#8217;et\u00e0<\/a>.<\/strong><\/p>\n<p>Tuttavia, \u00e8 stato notato che in alcune famiglie il rischio di fibrillazione atriale \u00e8 pi\u00f9 alto, anche in giovane et\u00e0 o senza altre condizioni mediche. Questo fenomeno si chiama &#8220;fibrillazione atriale familiare&#8221;. In casi rari \u00e8 stato dimostrato che i cambiamenti in alcuni geni possono essere responsabili di fibrillazione atriale, ma, nella maggioranza delle situazioni, la causa \u00e8 ancora poco chiara. \u00c8 necessaria una ricerca pi\u00f9 approfondita per chiarire i fattori genetici associati alla fibrillazione atriale familiare.<\/p>\n<p>Se ha parenti con la fibrillazione atriale ed \u00e8 preoccupato\/a di poter sviluppare la condizione, consulti il Suo medico. Quest&#8217;ultimo pu\u00f2 aiutarla a identificare i fattori di rischio della fibrillazione atriale e a trattarli.<\/p>\n<p>&nbsp;<\/p>\n<p>&nbsp;<\/p>\n","protected":false},"excerpt":{"rendered":"<p>La fibrillazione atriale \u00e8 il disturbo pi\u00f9 comune del ritmo cardiaco, per questo non \u00e8 raro avere parenti con la stessa aritmia. Con l&#8217;avanzare dell&#8217;et\u00e0, \u00e8 pi\u00f9 probabile che la fibrillazione atriale sia legata a comorbilit\u00e0 piuttosto che a una condizione genetica. Tutti sono soggetti a un rischio maggiore di sviluppare fibrillazione atriale con l&#8217;avanzare [&hellip;]<\/p>\n","protected":false},"author":1,"featured_media":0,"parent":1417,"menu_order":12,"comment_status":"closed","ping_status":"closed","template":"","meta":{"_acf_changed":false,"footnotes":""},"categories":[51],"tags":[],"class_list":["post-1453","page","type-page","status-publish","hentry","category-cosa-devo-sapere"],"acf":[],"_links":{"self":[{"href":"https:\/\/www.afibmatters.org\/it\/wp-json\/wp\/v2\/pages\/1453","targetHints":{"allow":["GET"]}}],"collection":[{"href":"https:\/\/www.afibmatters.org\/it\/wp-json\/wp\/v2\/pages"}],"about":[{"href":"https:\/\/www.afibmatters.org\/it\/wp-json\/wp\/v2\/types\/page"}],"author":[{"embeddable":true,"href":"https:\/\/www.afibmatters.org\/it\/wp-json\/wp\/v2\/users\/1"}],"replies":[{"embeddable":true,"href":"https:\/\/www.afibmatters.org\/it\/wp-json\/wp\/v2\/comments?post=1453"}],"version-history":[{"count":2,"href":"https:\/\/www.afibmatters.org\/it\/wp-json\/wp\/v2\/pages\/1453\/revisions"}],"predecessor-version":[{"id":2298,"href":"https:\/\/www.afibmatters.org\/it\/wp-json\/wp\/v2\/pages\/1453\/revisions\/2298"}],"up":[{"embeddable":true,"href":"https:\/\/www.afibmatters.org\/it\/wp-json\/wp\/v2\/pages\/1417"}],"wp:attachment":[{"href":"https:\/\/www.afibmatters.org\/it\/wp-json\/wp\/v2\/media?parent=1453"}],"wp:term":[{"taxonomy":"category","embeddable":true,"href":"https:\/\/www.afibmatters.org\/it\/wp-json\/wp\/v2\/categories?post=1453"},{"taxonomy":"post_tag","embeddable":true,"href":"https:\/\/www.afibmatters.org\/it\/wp-json\/wp\/v2\/tags?post=1453"}],"curies":[{"name":"wp","href":"https:\/\/api.w.org\/{rel}","templated":true}]}}