{"id":1424,"date":"2020-03-03T11:56:42","date_gmt":"2020-03-03T11:56:42","guid":{"rendered":"https:\/\/www.afibmatters.org\/cosa-devo-sapere\/come-ci-si-sente-quando-si-ha-la-fibrillazione-atriale\/"},"modified":"2022-03-24T10:48:11","modified_gmt":"2022-03-24T10:48:11","slug":"come-ci-si-sente-quando-si-ha-la-fibrillazione-atriale","status":"publish","type":"page","link":"https:\/\/www.afibmatters.org\/it\/cosa-devo-sapere\/come-ci-si-sente-quando-si-ha-la-fibrillazione-atriale\/","title":{"rendered":"Come ci si sente quando si ha la fibrillazione atriale?"},"content":{"rendered":"<p><img loading=\"lazy\" decoding=\"async\" class=\"alignnone size-large wp-image-1053\" src=\"https:\/\/cdn-endpoint-afib.azureedge.net\/afibmatters\/2020\/01\/iStock-516900090-1024x680.jpg\" alt=\"Battito cardiaco\" width=\"1024\" height=\"680\" srcset=\"https:\/\/cdn-endpoint-afib.azureedge.net\/afibmatters\/2020\/01\/iStock-516900090-1024x680.jpg 1024w, https:\/\/cdn-endpoint-afib.azureedge.net\/afibmatters\/2020\/01\/iStock-516900090-300x199.jpg 300w, https:\/\/cdn-endpoint-afib.azureedge.net\/afibmatters\/2020\/01\/iStock-516900090-768x510.jpg 768w, https:\/\/cdn-endpoint-afib.azureedge.net\/afibmatters\/2020\/01\/iStock-516900090-1536x1020.jpg 1536w, https:\/\/cdn-endpoint-afib.azureedge.net\/afibmatters\/2020\/01\/iStock-516900090-2048x1360.jpg 2048w, https:\/\/cdn-endpoint-afib.azureedge.net\/afibmatters\/2020\/01\/iStock-516900090-500x332.jpg 500w\" sizes=\"auto, (max-width: 1024px) 100vw, 1024px\" \/><\/p>\n<p>Il modo in cui la fibrillazione atriale viene percepita varia da persona a persona. Alcuni pazienti avvertono <a href=\"https:\/\/www.afibmatters.org\/it\/cosa-devo-sapere\/come-ci-si-sente-quando-si-ha-la-fibrillazione-atriale\/palpitazioni\/\">palpitazioni<\/a> e battiti irregolari, rendendosi conto immediatamente di quando ha inizio l&#8217;episodio di fibrillazione atriale. Altri avvertono <a href=\"https:\/\/www.afibmatters.org\/it\/cosa-devo-sapere\/come-ci-si-sente-quando-si-ha-la-fibrillazione-atriale\/dolore-toracico\/\">fastidio al petto<\/a>, <a href=\"https:\/\/www.afibmatters.org\/it\/cosa-devo-sapere\/come-ci-si-sente-quando-si-ha-la-fibrillazione-atriale\/affanno\/\">respiro corto<\/a>, <a href=\"https:\/\/www.afibmatters.org\/it\/cosa-devo-sapere\/come-ci-si-sente-quando-si-ha-la-fibrillazione-atriale\/svenimento-vertigini-e-blackout\/\">capogiro, vertigini<\/a> o un generale <a href=\"https:\/\/www.afibmatters.org\/it\/cosa-devo-sapere\/come-ci-si-sente-quando-si-ha-la-fibrillazione-atriale\/affaticamento\/\">senso di stanchezza<\/a>, senza riscontrare <a href=\"https:\/\/www.afibmatters.org\/it\/cosa-devo-sapere\/come-ci-si-sente-quando-si-ha-la-fibrillazione-atriale\/palpitazioni\/\">palpitazioni<\/a>. In alcuni individui i sintomi della fibrillazione atriale possono essere presenti a riposo, mentre in altri si manifestano durante l&#8217;esercizio fisico.<\/p>\n<p>L&#8217;inizio di un episodio di fibrillazione atriale non \u00e8 sempre chiaro. In alcuni casi i sintomi si manifestano bruscamente, mentre in altri si verifica una riduzione nella capacit\u00e0 di fare attivit\u00e0 fisica. Nel secondo caso, \u00e8 pi\u00f9 difficile sospettare che si tratti di fibrillazione atriale e pu\u00f2 passare pi\u00f9 tempo prima che il paziente si rivolga a un medico.<\/p>\n<p>Infine, \u00e8 possibile che un individuo con la fibrillazione atriale non abbia alcun sintomo e l&#8217;aritmia venga scoperta in modo accidentale, ad esempio durante un controllo di routine o mediante l&#8217;utilizzo di dispositivi indossabili.<\/p>\n<p>Non \u00e8 chiaro perch\u00e9 alcune persone manifestino sintomi e altre no. In molti pazienti, i sintomi sono legati a un battito cardiaco accelerato. Tuttavia, alcuni pazienti presentano dei sintomi anche se il battito cardiaco non \u00e8 rapido. In altri casi, il cuore batte troppo lentamente durante la fibrillazione atriale, cosa che pu\u00f2 ugualmente provocare sintomi.<\/p>\n<p>Gli episodi di fibrillazione atriale possono scomparire senza trattamento, tuttavia \u00e8 opportuno consultare il medico in merito a come comportarsi in caso si verifichi un episodio. In caso si manifestino sintomi sgradevoli che La facciano sentire molto male (come nausea, <a href=\"https:\/\/www.afibmatters.org\/it\/cosa-devo-sapere\/come-ci-si-sente-quando-si-ha-la-fibrillazione-atriale\/dolore-toracico\/\">dolore toracico<\/a>, <a href=\"https:\/\/www.afibmatters.org\/it\/cosa-devo-sapere\/come-ci-si-sente-quando-si-ha-la-fibrillazione-atriale\/svenimento-vertigini-e-blackout\/\">svenimento<\/a>, ecc.), deve recarsi immediatamente in ospedale e consultare un medico.<\/p>\n<p>&nbsp;<\/p>\n","protected":false},"excerpt":{"rendered":"<p>Il modo in cui la fibrillazione atriale viene percepita varia da persona a persona. Alcuni pazienti avvertono palpitazioni e battiti irregolari, rendendosi conto immediatamente di quando ha inizio l&#8217;episodio di fibrillazione atriale. Altri avvertono fastidio al petto, respiro corto, capogiro, vertigini o un generale senso di stanchezza, senza riscontrare palpitazioni. In alcuni individui i sintomi [&hellip;]<\/p>\n","protected":false},"author":1,"featured_media":0,"parent":1417,"menu_order":9,"comment_status":"closed","ping_status":"closed","template":"","meta":{"_acf_changed":false,"footnotes":""},"categories":[51],"tags":[],"class_list":["post-1424","page","type-page","status-publish","hentry","category-cosa-devo-sapere"],"acf":[],"_links":{"self":[{"href":"https:\/\/www.afibmatters.org\/it\/wp-json\/wp\/v2\/pages\/1424","targetHints":{"allow":["GET"]}}],"collection":[{"href":"https:\/\/www.afibmatters.org\/it\/wp-json\/wp\/v2\/pages"}],"about":[{"href":"https:\/\/www.afibmatters.org\/it\/wp-json\/wp\/v2\/types\/page"}],"author":[{"embeddable":true,"href":"https:\/\/www.afibmatters.org\/it\/wp-json\/wp\/v2\/users\/1"}],"replies":[{"embeddable":true,"href":"https:\/\/www.afibmatters.org\/it\/wp-json\/wp\/v2\/comments?post=1424"}],"version-history":[{"count":2,"href":"https:\/\/www.afibmatters.org\/it\/wp-json\/wp\/v2\/pages\/1424\/revisions"}],"predecessor-version":[{"id":6600,"href":"https:\/\/www.afibmatters.org\/it\/wp-json\/wp\/v2\/pages\/1424\/revisions\/6600"}],"up":[{"embeddable":true,"href":"https:\/\/www.afibmatters.org\/it\/wp-json\/wp\/v2\/pages\/1417"}],"wp:attachment":[{"href":"https:\/\/www.afibmatters.org\/it\/wp-json\/wp\/v2\/media?parent=1424"}],"wp:term":[{"taxonomy":"category","embeddable":true,"href":"https:\/\/www.afibmatters.org\/it\/wp-json\/wp\/v2\/categories?post=1424"},{"taxonomy":"post_tag","embeddable":true,"href":"https:\/\/www.afibmatters.org\/it\/wp-json\/wp\/v2\/tags?post=1424"}],"curies":[{"name":"wp","href":"https:\/\/api.w.org\/{rel}","templated":true}]}}