{"id":8831,"date":"2024-02-06T10:48:16","date_gmt":"2024-02-06T10:48:16","guid":{"rendered":"https:\/\/www.afibmatters.org\/sto-mogu-uciniti\/kako-bih-trebao-promijeniti-svoj-zivot\/hocu-li-moci-dobiti-putno-osiguranje-ako-imam-fibrilaciju-atrija\/"},"modified":"2024-02-08T16:55:43","modified_gmt":"2024-02-08T16:55:43","slug":"hocu-li-moci-dobiti-putno-osiguranje-ako-imam-fibrilaciju-atrija","status":"publish","type":"page","link":"https:\/\/www.afibmatters.org\/hr\/sto-mogu-uciniti\/kako-bih-trebao-promijeniti-svoj-zivot\/hocu-li-moci-dobiti-putno-osiguranje-ako-imam-fibrilaciju-atrija\/","title":{"rendered":"Ho\u0107u li mo\u0107i dobiti putno osiguranje ako imam fibrilaciju atrija?"},"content":{"rendered":"<p><img loading=\"lazy\" decoding=\"async\" class=\"alignnone wp-image-5908 size-full\" src=\"https:\/\/cdn-endpoint-afib.azureedge.net\/afibmatters\/2022\/01\/shutterstock_605436266-1536x1024-1-min.jpg?_t=1643213771\" alt=\"\" width=\"800\" height=\"533\" srcset=\"https:\/\/cdn-endpoint-afib.azureedge.net\/afibmatters\/2022\/01\/shutterstock_605436266-1536x1024-1-min.jpg 800w, https:\/\/cdn-endpoint-afib.azureedge.net\/afibmatters\/2022\/01\/shutterstock_605436266-1536x1024-1-min-300x200.jpg 300w, https:\/\/cdn-endpoint-afib.azureedge.net\/afibmatters\/2022\/01\/shutterstock_605436266-1536x1024-1-min-768x512.jpg 768w, https:\/\/cdn-endpoint-afib.azureedge.net\/afibmatters\/2022\/01\/shutterstock_605436266-1536x1024-1-min-500x333.jpg 500w\" sizes=\"auto, (max-width: 800px) 100vw, 800px\" \/><\/p>\n<p>Da, ve\u0107ina bolesnika s fibrilacijom atrija mo\u017ee dobiti putno osiguranje. Me\u0111utim, mo\u017eda \u0107e premija biti vi\u0161a (vi\u0161e \u0107e ko\u0161tati). Posavjetujte se sa svojim pru\u017eateljem zdravstvenog osiguranja. Ponekad mo\u017ee biti korisno kontaktirati nekoliko osiguravaju\u0107ih ku\u0107a koje pru\u017eaju zdravstveno osiguranje kako biste dobili najbolju ponudu.<\/p>\n<p>&nbsp;<\/p>\n<p>&nbsp;<\/p>\n","protected":false},"excerpt":{"rendered":"<p>Da, ve\u0107ina bolesnika s fibrilacijom atrija mo\u017ee dobiti putno osiguranje. Me\u0111utim, mo\u017eda \u0107e premija biti vi\u0161a (vi\u0161e \u0107e ko\u0161tati). Posavjetujte se sa svojim pru\u017eateljem zdravstvenog osiguranja. Ponekad mo\u017ee biti korisno kontaktirati nekoliko osiguravaju\u0107ih ku\u0107a koje pru\u017eaju zdravstveno osiguranje kako biste dobili najbolju ponudu. &nbsp; &nbsp;<\/p>\n","protected":false},"author":23,"featured_media":0,"parent":8803,"menu_order":25,"comment_status":"closed","ping_status":"closed","template":"","meta":{"_acf_changed":false,"footnotes":""},"categories":[288],"tags":[],"class_list":["post-8831","page","type-page","status-publish","hentry","category-sto-mogu-uciniti-hr"],"acf":[],"_links":{"self":[{"href":"https:\/\/www.afibmatters.org\/hr\/wp-json\/wp\/v2\/pages\/8831","targetHints":{"allow":["GET"]}}],"collection":[{"href":"https:\/\/www.afibmatters.org\/hr\/wp-json\/wp\/v2\/pages"}],"about":[{"href":"https:\/\/www.afibmatters.org\/hr\/wp-json\/wp\/v2\/types\/page"}],"author":[{"embeddable":true,"href":"https:\/\/www.afibmatters.org\/hr\/wp-json\/wp\/v2\/users\/23"}],"replies":[{"embeddable":true,"href":"https:\/\/www.afibmatters.org\/hr\/wp-json\/wp\/v2\/comments?post=8831"}],"version-history":[{"count":1,"href":"https:\/\/www.afibmatters.org\/hr\/wp-json\/wp\/v2\/pages\/8831\/revisions"}],"predecessor-version":[{"id":8832,"href":"https:\/\/www.afibmatters.org\/hr\/wp-json\/wp\/v2\/pages\/8831\/revisions\/8832"}],"up":[{"embeddable":true,"href":"https:\/\/www.afibmatters.org\/hr\/wp-json\/wp\/v2\/pages\/8803"}],"wp:attachment":[{"href":"https:\/\/www.afibmatters.org\/hr\/wp-json\/wp\/v2\/media?parent=8831"}],"wp:term":[{"taxonomy":"category","embeddable":true,"href":"https:\/\/www.afibmatters.org\/hr\/wp-json\/wp\/v2\/categories?post=8831"},{"taxonomy":"post_tag","embeddable":true,"href":"https:\/\/www.afibmatters.org\/hr\/wp-json\/wp\/v2\/tags?post=8831"}],"curies":[{"name":"wp","href":"https:\/\/api.w.org\/{rel}","templated":true}]}}