{"id":8825,"date":"2024-02-06T10:45:37","date_gmt":"2024-02-06T10:45:37","guid":{"rendered":"https:\/\/www.afibmatters.org\/sto-mogu-uciniti\/kako-bih-trebao-promijeniti-svoj-zivot\/pusenje\/"},"modified":"2024-02-08T16:54:34","modified_gmt":"2024-02-08T16:54:34","slug":"pusenje","status":"publish","type":"page","link":"https:\/\/www.afibmatters.org\/hr\/sto-mogu-uciniti\/kako-bih-trebao-promijeniti-svoj-zivot\/pusenje\/","title":{"rendered":"Pu\u0161enje"},"content":{"rendered":"<h3><img loading=\"lazy\" decoding=\"async\" class=\"alignnone wp-image-6429 size-full\" src=\"https:\/\/cdn-endpoint-afib.azureedge.net\/afibmatters\/2022\/03\/shutterstock_1252774594-1-min.jpg?_t=1646320517\" alt=\"\" width=\"900\" height=\"600\" srcset=\"https:\/\/cdn-endpoint-afib.azureedge.net\/afibmatters\/2022\/03\/shutterstock_1252774594-1-min.jpg 900w, https:\/\/cdn-endpoint-afib.azureedge.net\/afibmatters\/2022\/03\/shutterstock_1252774594-1-min-300x200.jpg 300w, https:\/\/cdn-endpoint-afib.azureedge.net\/afibmatters\/2022\/03\/shutterstock_1252774594-1-min-768x512.jpg 768w, https:\/\/cdn-endpoint-afib.azureedge.net\/afibmatters\/2022\/03\/shutterstock_1252774594-1-min-500x333.jpg 500w\" sizes=\"auto, (max-width: 900px) 100vw, 900px\" \/><\/h3>\n<h3>Duhanske cigarete<\/h3>\n<p>Pu\u0161enje je najva\u017eniji \u010dimbenik rizika za razvoj sr\u010danih bolesti koji se mo\u017ee izbje\u0107i. Ono uzrokuje aterosklerozu (vaskularnu kalcifikaciju) i su\u017eavanje sr\u010danih (koronarnih) arterija \u0161to u kona\u010dnici dovodi do sr\u010danog udara i iznenadne sr\u010dane smrti.<\/p>\n<p>Osim toga, pu\u0161enje je odgovorno za 27% svih karcinoma i izravno je povezano sa 700.000 preuranjenih smrti u Europi svake godine. U ve\u0107ini europskih zemalja broj pu\u0161a\u010da posljednjih desetlje\u0107a stagnira ili se smanjuje. Me\u0111utim, 2020. godine 25% europskog stanovni\u0161tva u cjelini i do 29% osoba u dobi od 15 do 24 godine bili su pu\u0161a\u010di.<\/p>\n<p>U dana\u0161nje vrijeme nikoga nije potrebno uvjeravati u negativne u\u010dinke pu\u0161enja. Me\u0111u op\u0107om je populacijom manje poznato da pu\u0161a\u010di imaju jasno pove\u0107an rizik od fibrilacije atrija. Za razliku od razvoja vaskularnih bolesti, mehanizam po kojem pu\u0161enje uzrokuje ovu pojavu manje je poznat. No, jasno je da pu\u0161a\u010di u usporedbi s nepu\u0161a\u010dima imaju 1,5 do 2 puta ve\u0107i rizik od pojave fibrilacije atrija tijekom \u017eivota.<\/p>\n<p>Rizik se pove\u0107ava ovisno o tome koliko puno i koliko godina osoba pu\u0161i. Prestankom pu\u0161enja rizik se smanjuje, ali i dalje ostaje zna\u010dajno ve\u0107i u usporedbi s osobom koja nikada nije pu\u0161ila. Dakle, temeljna poruka je:\u00a0<strong>nemojte nikada po\u010deti pu\u0161iti!<\/strong><\/p>\n<p>Osim toga, pu\u0161enje pridonosi stanjima koja pove\u0107avaju rizik od pojave fibrilacije atrija kao \u0161to su odre\u0111ene plu\u0107ne bolesti (npr. KOPB \u2013 kroni\u010dna opstruktivna plu\u0107na bolest), apneja u spavanju, ishemijska bolest srca i zatajenje srca.<\/p>\n<p>Lije\u010denje ovih \u010dimbenika rizika dio je zbrinjavanja fibrilacije atrija. Prestanak pu\u0161enja povoljno utje\u010de na navedene \u010dimbenike rizika, a time i posredno na prevenciju fibrilacije atrija.<\/p>\n<p>Poznato je da pasivno pu\u0161enje tako\u0111er pove\u0107ava rizik od pojave fibrilacije atrija. Rizik se znatno pove\u0107ava, osobito kod izlo\u017eenosti u mla\u0111oj dobi. Pasivno pu\u0161enje tijekom trudno\u0107e i djetinjstva povezano je s pove\u0107anim rizikom od pojave fibrilacije atrija do 40%.<\/p>\n<p>&nbsp;<\/p>\n<h3>E-cigarete<\/h3>\n<p>Od 2007. godine bilje\u017ei se zna\u010dajan porast broja pu\u0161a\u010da e-cigareta. O\u010dekuje se da \u0107e ovakav na\u010din pu\u0161enja pomo\u0107i osobama da potpuno prestanu pu\u0161iti i smatra se sigurnijim od klasi\u010dne duhanske cigarete. Ovi ure\u0111aji ne sadr\u017ee tipi\u010dne produkte izgaranja, poput \u0161tetnog uglji\u010dnog monoksida i mnoge va\u017ene karcinogene tvari.<\/p>\n<p>Me\u0111utim, jo\u0161 uvijek nema velikih studija koje bi ispitivale dugoro\u010dni u\u010dinak e-cigareta na zdravlje kardiovaskularnog sustava, uklju\u010duju\u0107i mogu\u0107i pove\u0107ani rizik od pojave fibrilacije atrija.<\/p>\n<p>U literaturi je opisano nekoliko slu\u010dajeva u kojima se uporaba elektroni\u010dke cigarete mo\u017ee povezati s pojavom fibrilacije atrija. Me\u0111utim, podaci su jo\u0161 uvijek ograni\u010deni i jo\u0161 nije sigurno dokazano je li ovaj mogu\u0107i pove\u0107ani rizik povezan s nikotinom ili drugim tvarima iz e-cigareta.<\/p>\n<p>Jo\u0161 nisu ispitani brojne emisije iz elektroni\u010dke cigarete koje nastaju zagrijavanjem kombinacije vode, aroma, otapala i nikotina.<\/p>\n<p>&nbsp;<\/p>\n<h3>Nikotinska nadomjesna terapija<\/h3>\n<p>Nikotin je dosad najvi\u0161e prou\u010davani sastojak, ali odnos izme\u0111u nikotina i fibrilacije atrija jo\u0161 nije jasan. Postoje odre\u0111ene kratkoro\u010dne studije o nikotinskoj nadomjesnoj terapiji, kao \u0161to su nikotinski flasteri. No \u010dini se da ne ukazuju na jasno pove\u0107an rizik od pojave fibrilacije atrija.<\/p>\n","protected":false},"excerpt":{"rendered":"<p>Duhanske cigarete Pu\u0161enje je najva\u017eniji \u010dimbenik rizika za razvoj sr\u010danih bolesti koji se mo\u017ee izbje\u0107i. Ono uzrokuje aterosklerozu (vaskularnu kalcifikaciju) i su\u017eavanje sr\u010danih (koronarnih) arterija \u0161to u kona\u010dnici dovodi do sr\u010danog udara i iznenadne sr\u010dane smrti. Osim toga, pu\u0161enje je odgovorno za 27% svih karcinoma i izravno je povezano sa 700.000 preuranjenih smrti u Europi [&hellip;]<\/p>\n","protected":false},"author":23,"featured_media":0,"parent":8803,"menu_order":9,"comment_status":"closed","ping_status":"closed","template":"","meta":{"_acf_changed":false,"footnotes":""},"categories":[288],"tags":[],"class_list":["post-8825","page","type-page","status-publish","hentry","category-sto-mogu-uciniti-hr"],"acf":[],"_links":{"self":[{"href":"https:\/\/www.afibmatters.org\/hr\/wp-json\/wp\/v2\/pages\/8825","targetHints":{"allow":["GET"]}}],"collection":[{"href":"https:\/\/www.afibmatters.org\/hr\/wp-json\/wp\/v2\/pages"}],"about":[{"href":"https:\/\/www.afibmatters.org\/hr\/wp-json\/wp\/v2\/types\/page"}],"author":[{"embeddable":true,"href":"https:\/\/www.afibmatters.org\/hr\/wp-json\/wp\/v2\/users\/23"}],"replies":[{"embeddable":true,"href":"https:\/\/www.afibmatters.org\/hr\/wp-json\/wp\/v2\/comments?post=8825"}],"version-history":[{"count":1,"href":"https:\/\/www.afibmatters.org\/hr\/wp-json\/wp\/v2\/pages\/8825\/revisions"}],"predecessor-version":[{"id":8826,"href":"https:\/\/www.afibmatters.org\/hr\/wp-json\/wp\/v2\/pages\/8825\/revisions\/8826"}],"up":[{"embeddable":true,"href":"https:\/\/www.afibmatters.org\/hr\/wp-json\/wp\/v2\/pages\/8803"}],"wp:attachment":[{"href":"https:\/\/www.afibmatters.org\/hr\/wp-json\/wp\/v2\/media?parent=8825"}],"wp:term":[{"taxonomy":"category","embeddable":true,"href":"https:\/\/www.afibmatters.org\/hr\/wp-json\/wp\/v2\/categories?post=8825"},{"taxonomy":"post_tag","embeddable":true,"href":"https:\/\/www.afibmatters.org\/hr\/wp-json\/wp\/v2\/tags?post=8825"}],"curies":[{"name":"wp","href":"https:\/\/api.w.org\/{rel}","templated":true}]}}