{"id":8819,"date":"2024-02-06T10:59:44","date_gmt":"2024-02-06T10:59:44","guid":{"rendered":"https:\/\/www.afibmatters.org\/sto-moj-lijecnik-moze-uciniti\/ablacija-fibrilacije-atrija\/pacemaker-i-ablacija-av-cvora-odnosno-hisovog-snopa\/"},"modified":"2024-02-08T16:53:28","modified_gmt":"2024-02-08T16:53:28","slug":"pacemaker-i-ablacija-av-cvora-odnosno-hisovog-snopa","status":"publish","type":"page","link":"https:\/\/www.afibmatters.org\/hr\/sto-moj-lijecnik-moze-uciniti\/ablacija-fibrilacije-atrija\/pacemaker-i-ablacija-av-cvora-odnosno-hisovog-snopa\/","title":{"rendered":"Pacemaker i ablacija AV-\u010dvora odnosno Hisovog snopa"},"content":{"rendered":"<p>&nbsp;<\/p>\n<p>Ako lijek ili kombinacija lijekova koje vam je lije\u010dnik propisao ne mogu kontrolirati otkucaje srca ili imaju nuspojave, lije\u010dnik vam mo\u017ee predlo\u017eiti ablaciju AV-\u010dvora i ugradnju sr\u010danog elektrostimulatora odnosno pacemakera.<\/p>\n<p>Ablacija AV \u010dvora je intervencija kateterom kojom se blokira prijenos brzih elektri\u010dnih impulsa iz atrija (gornjih sr\u010danih komore, pretklijetke)\u00a0u ventrikule\u00a0(donje sr\u010dane komore, klijetke). Tkivo AV \u010dvora, koje elektri\u010dno povezuje atrije i ventrikule, uni\u0161tava se radiofrekventnom strujom stvaraju\u0107i potpuni AV blok.<\/p>\n<p><img loading=\"lazy\" decoding=\"async\" class=\"alignnone wp-image-6087 size-full\" src=\"https:\/\/cdn-endpoint-afib.azureedge.net\/afibmatters\/2022\/01\/shutterstock_333628025-1024x686-1-min.jpg?_t=1643276518\" sizes=\"auto, (max-width: 800px) 100vw, 800px\" srcset=\"https:\/\/cdn-endpoint-afib.azureedge.net\/afibmatters\/2022\/01\/shutterstock_333628025-1024x686-1-min.jpg 800w, https:\/\/cdn-endpoint-afib.azureedge.net\/afibmatters\/2022\/01\/shutterstock_333628025-1024x686-1-min-300x201.jpg 300w, https:\/\/cdn-endpoint-afib.azureedge.net\/afibmatters\/2022\/01\/shutterstock_333628025-1024x686-1-min-768x515.jpg 768w, https:\/\/cdn-endpoint-afib.azureedge.net\/afibmatters\/2022\/01\/shutterstock_333628025-1024x686-1-min-500x335.jpg 500w\" alt=\"\" width=\"800\" height=\"536\" \/><\/p>\n<p>Kako bi se odr\u017eao normalan ventrikularni ritam, prije postupka ablacije ugra\u0111uje se pacemaker. Puls se umjetno kontrolira pomo\u0107u pacemakera, unato\u010d permanentnoj fibrilaciji atrija. Postupak je jednostavan i ne traje dugo, no, kao \u0161to \u0107e vam lije\u010dnik objasniti prije zahvata, morate biti svjesni da se radi o ireverzibilnom stanju. Do kraja \u017eivota otkucaje va\u0161eg srca kontrolirat \u0107e pacemaker (ovisno o pacemakeru). Ovo se smatra posljednjim izborom za kontrolu otkucaja va\u0161eg srca pod uvjetom da su svi prethodni postupci bili neuspje\u0161ni. Stoga \u0107e ovaj postupak vjerojatnije preporu\u010diti starijim bolesnicima.<\/p>\n<h3>Kako se izvodi<\/h3>\n<p>Kateterska ablacija je potko\u017eni postupak koji se izvodi u lokalnoj anesteziji. Lije\u010dnik uvodi duga\u010dke, tanke, elasti\u010dne cijevi (katetere) u vene u va\u0161im preponama i dovodi ih u va\u0161e srce. Vrh katetera isporu\u010duje radiofrekventnu struju (toplinu) na malo podru\u010dje sr\u010danog tkiva koje treba uni\u0161titi. O\u017eiljkasto tkivo ne provodi impulse.<\/p>\n<p><img loading=\"lazy\" decoding=\"async\" class=\"alignnone wp-image-6114 size-full\" src=\"https:\/\/cdn-endpoint-afib.azureedge.net\/afibmatters\/2022\/01\/shutterstock_101122669-1024x681-1-min.jpg?_t=1643276577\" sizes=\"auto, (max-width: 800px) 100vw, 800px\" srcset=\"https:\/\/cdn-endpoint-afib.azureedge.net\/afibmatters\/2022\/01\/shutterstock_101122669-1024x681-1-min.jpg 800w, https:\/\/cdn-endpoint-afib.azureedge.net\/afibmatters\/2022\/01\/shutterstock_101122669-1024x681-1-min-300x200.jpg 300w, https:\/\/cdn-endpoint-afib.azureedge.net\/afibmatters\/2022\/01\/shutterstock_101122669-1024x681-1-min-768x511.jpg 768w, https:\/\/cdn-endpoint-afib.azureedge.net\/afibmatters\/2022\/01\/shutterstock_101122669-1024x681-1-min-500x333.jpg 500w\" alt=\"\" width=\"800\" height=\"532\" \/><\/p>\n<p>Prije ablacije AV \u010dvora potrebno je ugraditi pacemaker kako bi otkucaji donjih komora (ventrikula, odnosno klijetki) bili pravilni. U nekim klini\u010dkim centrima lije\u010dnici radije ugra\u0111uju pacemaker nekoliko tjedana prije ablacije, kako bi osigurali zadovoljavaju\u0107i i stabilan rad ure\u0111aja. Nakon ablacije sr\u010dani ritam u potpunosti ovisi o pacemakeru, pa ne\u0107ete morati uzimati lijekove za kontrolu otkucaja srca.<br \/>\nAblacija AV \u010dvora ima visoku stopu uspjeha.<\/p>\n<p><a href=\"https:\/\/www.afibmatters.org\/what-can-my-doctor-do\/atrial-fibrillation-ablation\/#complications\"><strong>Saznajte vi\u0161e o: \u201eKomplikacije\u201c<\/strong><\/a><\/p>\n<p><a href=\"https:\/\/www.afibmatters.org\/what-can-i-do\/how-should-i-change-my-life\/\"><strong>Saznajte vi\u0161e o: \u201eKoje \u017eivotne promjene bih trebao napraviti?\u201c<\/strong><\/a><\/p>\n","protected":false},"excerpt":{"rendered":"<p>&nbsp; Ako lijek ili kombinacija lijekova koje vam je lije\u010dnik propisao ne mogu kontrolirati otkucaje srca ili imaju nuspojave, lije\u010dnik vam mo\u017ee predlo\u017eiti ablaciju AV-\u010dvora i ugradnju sr\u010danog elektrostimulatora odnosno pacemakera. Ablacija AV \u010dvora je intervencija kateterom kojom se blokira prijenos brzih elektri\u010dnih impulsa iz atrija (gornjih sr\u010danih komore, pretklijetke)\u00a0u ventrikule\u00a0(donje sr\u010dane komore, klijetke). Tkivo [&hellip;]<\/p>\n","protected":false},"author":23,"featured_media":0,"parent":8797,"menu_order":19,"comment_status":"closed","ping_status":"closed","template":"","meta":{"_acf_changed":false,"footnotes":""},"categories":[287],"tags":[],"class_list":["post-8819","page","type-page","status-publish","hentry","category-sto-moj-lijecnik-moze-uciniti-hr"],"acf":[],"_links":{"self":[{"href":"https:\/\/www.afibmatters.org\/hr\/wp-json\/wp\/v2\/pages\/8819","targetHints":{"allow":["GET"]}}],"collection":[{"href":"https:\/\/www.afibmatters.org\/hr\/wp-json\/wp\/v2\/pages"}],"about":[{"href":"https:\/\/www.afibmatters.org\/hr\/wp-json\/wp\/v2\/types\/page"}],"author":[{"embeddable":true,"href":"https:\/\/www.afibmatters.org\/hr\/wp-json\/wp\/v2\/users\/23"}],"replies":[{"embeddable":true,"href":"https:\/\/www.afibmatters.org\/hr\/wp-json\/wp\/v2\/comments?post=8819"}],"version-history":[{"count":1,"href":"https:\/\/www.afibmatters.org\/hr\/wp-json\/wp\/v2\/pages\/8819\/revisions"}],"predecessor-version":[{"id":8820,"href":"https:\/\/www.afibmatters.org\/hr\/wp-json\/wp\/v2\/pages\/8819\/revisions\/8820"}],"up":[{"embeddable":true,"href":"https:\/\/www.afibmatters.org\/hr\/wp-json\/wp\/v2\/pages\/8797"}],"wp:attachment":[{"href":"https:\/\/www.afibmatters.org\/hr\/wp-json\/wp\/v2\/media?parent=8819"}],"wp:term":[{"taxonomy":"category","embeddable":true,"href":"https:\/\/www.afibmatters.org\/hr\/wp-json\/wp\/v2\/categories?post=8819"},{"taxonomy":"post_tag","embeddable":true,"href":"https:\/\/www.afibmatters.org\/hr\/wp-json\/wp\/v2\/tags?post=8819"}],"curies":[{"name":"wp","href":"https:\/\/api.w.org\/{rel}","templated":true}]}}