{"id":8817,"date":"2024-02-06T10:38:43","date_gmt":"2024-02-06T10:38:43","guid":{"rendered":"https:\/\/www.afibmatters.org\/sto-trebam-znati\/kakav-je-osjecaj-imati-fibrilaciju-atrija\/treperenje-srca\/"},"modified":"2024-02-08T16:53:03","modified_gmt":"2024-02-08T16:53:03","slug":"treperenje-srca","status":"publish","type":"page","link":"https:\/\/www.afibmatters.org\/hr\/sto-trebam-znati\/kakav-je-osjecaj-imati-fibrilaciju-atrija\/treperenje-srca\/","title":{"rendered":"Treperenje srca"},"content":{"rendered":"<p><img loading=\"lazy\" decoding=\"async\" class=\"alignnone wp-image-6373 size-full\" src=\"https:\/\/cdn-endpoint-afib.azureedge.net\/afibmatters\/2022\/03\/shutterstock_1292580628-1-min.jpg?_t=1646320255\" alt=\"\" width=\"900\" height=\"600\" srcset=\"https:\/\/cdn-endpoint-afib.azureedge.net\/afibmatters\/2022\/03\/shutterstock_1292580628-1-min.jpg 900w, https:\/\/cdn-endpoint-afib.azureedge.net\/afibmatters\/2022\/03\/shutterstock_1292580628-1-min-300x200.jpg 300w, https:\/\/cdn-endpoint-afib.azureedge.net\/afibmatters\/2022\/03\/shutterstock_1292580628-1-min-768x512.jpg 768w, https:\/\/cdn-endpoint-afib.azureedge.net\/afibmatters\/2022\/03\/shutterstock_1292580628-1-min-500x333.jpg 500w\" sizes=\"auto, (max-width: 900px) 100vw, 900px\" \/><\/p>\n<p>Osje\u0107aj treperenja u prsima javlja se kada vam srce jako brzo kuca, a ponekad se opisuje i kao lupanje srca. Mo\u017ee uzrokovati pote\u0161ko\u0107e u disanju, bol u prsima i vrtoglavicu. Ako \u010desto osje\u0107ate ubrzan rad srca, mo\u017eda biste trebali razmotriti da se radi o ne\u0161to ozbiljnijem stanju.<\/p>\n<p>Ubrzani otkucaji srca (\u0161to medicinski stru\u010dnjaci \u010desto nazivaju tahikardijom) obi\u010dno zna\u010di stanje kada va\u0161e srce kuca br\u017ee od 100 otkucaja u minuti. Obi\u010dno, ovisno o va\u0161oj kondiciji, va\u0161e srce ubrzava kada vje\u017ebate i postupno usporava kada se odmarate nekoliko minuta.<\/p>\n<p>Ako ustanovite da vam srce kuca br\u017ee u mirovanju ili vi\u0161e od prosjeka tijekom vje\u017ebanja ili napora, tada obavezno dogovorite pregled kod svog obiteljskog lije\u010dnika kako biste s njim razgovarali o ovim simptomima. Va\u0161 vas lije\u010dnik mo\u017ee tra\u017eiti da zapisujete u dnevnik slu\u010dajeve kada se pojavi ubrzani rad srca. Ako sumnja na sr\u010danu aritmiju kao \u0161to je fibrilacija atrija, lije\u010dnik \u0107e vas vjerojatno naru\u010diti na EKG (elektrokardiogram) u mirovanju ili dugotrajno snimanje EKG-a (pomo\u0107u EKG holtera).<\/p>\n<p>Ako rezultati pretraga poka\u017eu da bolujete od fibrilacije atrija, va\u0161 lije\u010dnik vam mo\u017ee propisati lijekove za kontrolu simptoma, osobito ako ih prati bol ili nelagoda u prsima.<\/p>\n<p>Zbog rizika od krvnih ugru\u0161aka, koji potencijalno mogu dovesti do mo\u017edanog udara, lije\u010dnici vam mogu propisati i lijek za razrje\u0111ivanje krvi (odnosno\u00a0<a href=\"https:\/\/www.afibmatters.org\/what-can-my-doctor-do\/how-to-prevent-stroke\/\">antikoagulans<\/a>).<\/p>\n<p>U mnogim slu\u010dajevima, fibrilacija atrija mo\u017ee se kontrolirati primjenom odgovaraju\u0107ih lijekova. Me\u0111utim, u nekim slu\u010dajevima mo\u017ee zahtijevati daljnje lije\u010denje u obliku medicinskih postupaka, uklju\u010duju\u0107i kardioverziju i ablaciju.<\/p>\n<p>Kako biste saznali vi\u0161e o ovim postupcima, kliknite na poveznicu na sljede\u0107e stranice:\u00a0<a href=\"https:\/\/www.afibmatters.org\/what-can-my-doctor-do\/what-is-a-cardioversion\/\">\u201e\u0160to je kardioverzija?\u201c<\/a>\u00a0i\u00a0<a href=\"https:\/\/www.afibmatters.org\/what-can-my-doctor-do\/atrial-fibrillation-ablation\/\">\u201e\u0160to je ablacija?\u201c<\/a>.<\/p>\n<p>Ako vam lije\u010dnik postavi dijagnozu fibrilacije atrija i ako vam je propisao odgovaraju\u0107e lijekove, vjerojatno \u0107ete primijetiti da se va\u0161i simptomi poput palpitacija, lupanja srca i\/ili nepravilnih otkucaja brzo ili s vremenom povla\u010de.<\/p>\n<p>Ako va\u0161e stanje zahtijeva kardioverziju i ablaciju, i ako je ishod uspje\u0161an, tako\u0111er \u0107ete primijetiti da \u0107e nakon postupka ovi simptomi vjerojatno nestati.<\/p>\n","protected":false},"excerpt":{"rendered":"<p>Osje\u0107aj treperenja u prsima javlja se kada vam srce jako brzo kuca, a ponekad se opisuje i kao lupanje srca. Mo\u017ee uzrokovati pote\u0161ko\u0107e u disanju, bol u prsima i vrtoglavicu. Ako \u010desto osje\u0107ate ubrzan rad srca, mo\u017eda biste trebali razmotriti da se radi o ne\u0161to ozbiljnijem stanju. Ubrzani otkucaji srca (\u0161to medicinski stru\u010dnjaci \u010desto nazivaju [&hellip;]<\/p>\n","protected":false},"author":24,"featured_media":0,"parent":8781,"menu_order":6,"comment_status":"closed","ping_status":"closed","template":"","meta":{"_acf_changed":false,"footnotes":""},"categories":[286],"tags":[],"class_list":["post-8817","page","type-page","status-publish","hentry","category-sto-trebam-znati-hr"],"acf":[],"_links":{"self":[{"href":"https:\/\/www.afibmatters.org\/hr\/wp-json\/wp\/v2\/pages\/8817","targetHints":{"allow":["GET"]}}],"collection":[{"href":"https:\/\/www.afibmatters.org\/hr\/wp-json\/wp\/v2\/pages"}],"about":[{"href":"https:\/\/www.afibmatters.org\/hr\/wp-json\/wp\/v2\/types\/page"}],"author":[{"embeddable":true,"href":"https:\/\/www.afibmatters.org\/hr\/wp-json\/wp\/v2\/users\/24"}],"replies":[{"embeddable":true,"href":"https:\/\/www.afibmatters.org\/hr\/wp-json\/wp\/v2\/comments?post=8817"}],"version-history":[{"count":1,"href":"https:\/\/www.afibmatters.org\/hr\/wp-json\/wp\/v2\/pages\/8817\/revisions"}],"predecessor-version":[{"id":8818,"href":"https:\/\/www.afibmatters.org\/hr\/wp-json\/wp\/v2\/pages\/8817\/revisions\/8818"}],"up":[{"embeddable":true,"href":"https:\/\/www.afibmatters.org\/hr\/wp-json\/wp\/v2\/pages\/8781"}],"wp:attachment":[{"href":"https:\/\/www.afibmatters.org\/hr\/wp-json\/wp\/v2\/media?parent=8817"}],"wp:term":[{"taxonomy":"category","embeddable":true,"href":"https:\/\/www.afibmatters.org\/hr\/wp-json\/wp\/v2\/categories?post=8817"},{"taxonomy":"post_tag","embeddable":true,"href":"https:\/\/www.afibmatters.org\/hr\/wp-json\/wp\/v2\/tags?post=8817"}],"curies":[{"name":"wp","href":"https:\/\/api.w.org\/{rel}","templated":true}]}}