{"id":8815,"date":"2024-02-06T10:34:03","date_gmt":"2024-02-06T10:34:03","guid":{"rendered":"https:\/\/www.afibmatters.org\/sto-trebam-znati\/kakav-je-osjecaj-imati-fibrilaciju-atrija\/bol-u-prsnom-kosu\/"},"modified":"2024-02-08T16:52:39","modified_gmt":"2024-02-08T16:52:39","slug":"bol-u-prsnom-kosu","status":"publish","type":"page","link":"https:\/\/www.afibmatters.org\/hr\/sto-trebam-znati\/kakav-je-osjecaj-imati-fibrilaciju-atrija\/bol-u-prsnom-kosu\/","title":{"rendered":"Bol u prsnom ko\u0161u"},"content":{"rendered":"<p><img loading=\"lazy\" decoding=\"async\" class=\"alignnone wp-image-3635 size-large\" src=\"https:\/\/cdn-endpoint-afib.azureedge.net\/afibmatters\/2021\/06\/shutterstock_1720383349-2-1024x667.jpg?_t=1646320234\" alt=\"\" width=\"1024\" height=\"667\" srcset=\"https:\/\/cdn-endpoint-afib.azureedge.net\/afibmatters\/2021\/06\/shutterstock_1720383349-2-1024x667.jpg 1024w, https:\/\/cdn-endpoint-afib.azureedge.net\/afibmatters\/2021\/06\/shutterstock_1720383349-2-300x196.jpg 300w, https:\/\/cdn-endpoint-afib.azureedge.net\/afibmatters\/2021\/06\/shutterstock_1720383349-2-768x501.jpg 768w, https:\/\/cdn-endpoint-afib.azureedge.net\/afibmatters\/2021\/06\/shutterstock_1720383349-2-1536x1001.jpg 1536w, https:\/\/cdn-endpoint-afib.azureedge.net\/afibmatters\/2021\/06\/shutterstock_1720383349-2-2048x1335.jpg 2048w, https:\/\/cdn-endpoint-afib.azureedge.net\/afibmatters\/2021\/06\/shutterstock_1720383349-2-500x326.jpg 500w\" sizes=\"auto, (max-width: 1024px) 100vw, 1024px\" \/><\/p>\n<p>Bol u prsnom ko\u0161u koja je posljedica sr\u010danih smetnji bolesnici obi\u010dno opisuju kao jaku ili tupu bol u prsima ili kao da im je ne\u0161to te\u0161ko stavljeno na sredinu prsa. Ponekad se mo\u017ee \u0161iriti u \u010deljust i\/ili lijevu ruku, a naziva se i angina.<\/p>\n<p>Rje\u0111e to mo\u017ee biti osje\u0107aj peckanja u gornjem dijelu trbuha i lako ju je zamijeniti s bolom u trbuhu ili probavnim smetnjama. Osim toga, osje\u0107aj probadanja ili o\u0161tre boli u prsima, osobito ako se poja\u010dava pri udisaju i izdisaju, rijetko je povezan sa sr\u010danim smetnjama.<\/p>\n<p>Bol u prsnom ko\u0161u koja je povezana sa srcem naj\u010de\u0161\u0107e predstavlja simptom bolesti koronarnih arterija, gdje su \u017eile koje opskrbljuju sr\u010dani mi\u0161i\u0107 krvlju su\u017eene i ne isporu\u010duju dovoljno kisika sr\u010danom tkivu. U tom slu\u010daju, bol u prsnom ko\u0161u javlja se na po\u010detku i prete\u017eito nakon velikog napora. S vremenom se bol javlja nakon sve manjeg napora.<\/p>\n<p>Ako potraje unato\u010d odmoru, ona mo\u017ee biti znak sr\u010danog udara. U tom slu\u010daju potrebno je pozvati hitnu pomo\u0107.<\/p>\n<p>Iste karakteristike ima i bol u prsnom ko\u0161u koja se javlja tijekom fibrilacije atrija. Me\u0111utim, bol se javlja tijekom epizoda fibrilacije atrija kada nije izazvana vje\u017ebanjem. Bol u prsnom ko\u0161u mo\u017ee biti jedini simptom fibrilacije atrija, ali \u010de\u0161\u0107e je bolest povezana s palpitacijama, ote\u017eanim disanjem i osje\u0107ajem ubrzanog rada srca, ponekad \u010dak i vrtoglavicom i nesvjesticom.<\/p>\n<p>Osje\u0107aj mo\u017ee biti vrlo neugodan i trebali biste hitno potra\u017eiti lije\u010dni\u010dku pomo\u0107, najbolje tako da nazovete hitnu pomo\u0107. Ako se bol u prsnom ko\u0161u javlja povremeno i nije povezana s drugim simptomima, trebali biste razgovarati sa svojim obiteljskim lije\u010dnikom. On vam mo\u017ee preporu\u010diti da napravite EKG (elektrokardiogram) ili snimanje Holterom (tako\u0111er poznato i kao 24-satni snimak\/EKG).<\/p>\n<p>Ako se odmah lije\u010di, fibrilacija atrija \u010desto se mo\u017ee kontrolirati lijekovima, a u mnogim slu\u010dajevima, privremeno ili trajno rije\u0161iti podvrgavanjem medicinskim postupcima poznatim kao kardioverzija i ablacija. Ve\u0107ina bolesnika se mo\u017ee podvrgnuti ovoj metodi lije\u010denja, ali postoje odre\u0111ene okolnosti ili komorbiditeti zbog kojih bi takvi poku\u0161aji lije\u010denja bili uzaludni, pa se stoga uglavnom izbjegavaju.<\/p>\n<p>Kako biste saznali vi\u0161e o ovim postupcima, kliknite na poveznicu na sljede\u0107e stranice:\u00a0<a href=\"https:\/\/www.afibmatters.org\/what-can-my-doctor-do\/what-is-a-cardioversion\/\">\u201e\u0160to je kardioverzija?\u201c<\/a>\u00a0i\u00a0<a href=\"https:\/\/www.afibmatters.org\/what-can-my-doctor-do\/atrial-fibrillation-ablation\/\">\u201e\u0160to je ablacija?\u201c<\/a>.<\/p>\n","protected":false},"excerpt":{"rendered":"<p>Bol u prsnom ko\u0161u koja je posljedica sr\u010danih smetnji bolesnici obi\u010dno opisuju kao jaku ili tupu bol u prsima ili kao da im je ne\u0161to te\u0161ko stavljeno na sredinu prsa. Ponekad se mo\u017ee \u0161iriti u \u010deljust i\/ili lijevu ruku, a naziva se i angina. Rje\u0111e to mo\u017ee biti osje\u0107aj peckanja u gornjem dijelu trbuha i [&hellip;]<\/p>\n","protected":false},"author":24,"featured_media":0,"parent":8781,"menu_order":5,"comment_status":"closed","ping_status":"closed","template":"","meta":{"_acf_changed":false,"footnotes":""},"categories":[286],"tags":[],"class_list":["post-8815","page","type-page","status-publish","hentry","category-sto-trebam-znati-hr"],"acf":[],"_links":{"self":[{"href":"https:\/\/www.afibmatters.org\/hr\/wp-json\/wp\/v2\/pages\/8815","targetHints":{"allow":["GET"]}}],"collection":[{"href":"https:\/\/www.afibmatters.org\/hr\/wp-json\/wp\/v2\/pages"}],"about":[{"href":"https:\/\/www.afibmatters.org\/hr\/wp-json\/wp\/v2\/types\/page"}],"author":[{"embeddable":true,"href":"https:\/\/www.afibmatters.org\/hr\/wp-json\/wp\/v2\/users\/24"}],"replies":[{"embeddable":true,"href":"https:\/\/www.afibmatters.org\/hr\/wp-json\/wp\/v2\/comments?post=8815"}],"version-history":[{"count":1,"href":"https:\/\/www.afibmatters.org\/hr\/wp-json\/wp\/v2\/pages\/8815\/revisions"}],"predecessor-version":[{"id":8816,"href":"https:\/\/www.afibmatters.org\/hr\/wp-json\/wp\/v2\/pages\/8815\/revisions\/8816"}],"up":[{"embeddable":true,"href":"https:\/\/www.afibmatters.org\/hr\/wp-json\/wp\/v2\/pages\/8781"}],"wp:attachment":[{"href":"https:\/\/www.afibmatters.org\/hr\/wp-json\/wp\/v2\/media?parent=8815"}],"wp:term":[{"taxonomy":"category","embeddable":true,"href":"https:\/\/www.afibmatters.org\/hr\/wp-json\/wp\/v2\/categories?post=8815"},{"taxonomy":"post_tag","embeddable":true,"href":"https:\/\/www.afibmatters.org\/hr\/wp-json\/wp\/v2\/tags?post=8815"}],"curies":[{"name":"wp","href":"https:\/\/api.w.org\/{rel}","templated":true}]}}