{"id":8813,"date":"2024-02-06T10:43:24","date_gmt":"2024-02-06T10:43:24","guid":{"rendered":"https:\/\/www.afibmatters.org\/sto-trebam-znati\/kakav-je-osjecaj-imati-fibrilaciju-atrija\/palpitacije\/"},"modified":"2024-02-08T16:52:14","modified_gmt":"2024-02-08T16:52:14","slug":"palpitacije","status":"publish","type":"page","link":"https:\/\/www.afibmatters.org\/hr\/sto-trebam-znati\/kakav-je-osjecaj-imati-fibrilaciju-atrija\/palpitacije\/","title":{"rendered":"Palpitacije"},"content":{"rendered":"<p><img loading=\"lazy\" decoding=\"async\" class=\"alignnone wp-image-3635 size-large\" src=\"https:\/\/cdn-endpoint-afib.azureedge.net\/afibmatters\/2021\/06\/shutterstock_1720383349-2-1024x667.jpg?_t=1646320170\" alt=\"\" width=\"1024\" height=\"667\" srcset=\"https:\/\/cdn-endpoint-afib.azureedge.net\/afibmatters\/2021\/06\/shutterstock_1720383349-2-1024x667.jpg 1024w, https:\/\/cdn-endpoint-afib.azureedge.net\/afibmatters\/2021\/06\/shutterstock_1720383349-2-300x196.jpg 300w, https:\/\/cdn-endpoint-afib.azureedge.net\/afibmatters\/2021\/06\/shutterstock_1720383349-2-768x501.jpg 768w, https:\/\/cdn-endpoint-afib.azureedge.net\/afibmatters\/2021\/06\/shutterstock_1720383349-2-1536x1001.jpg 1536w, https:\/\/cdn-endpoint-afib.azureedge.net\/afibmatters\/2021\/06\/shutterstock_1720383349-2-2048x1335.jpg 2048w, https:\/\/cdn-endpoint-afib.azureedge.net\/afibmatters\/2021\/06\/shutterstock_1720383349-2-500x326.jpg 500w\" sizes=\"auto, (max-width: 1024px) 100vw, 1024px\" \/><\/p>\n<p>Jedan od naj\u010de\u0161\u0107ih razloga za\u0161to osoba potra\u017ei savjet svog lije\u010dnika je svjesnost vlastitih otkucaja srca ili palpitacija. Svatko od nas \u0107e povremeno biti svjestan svojih otkucaja srca, naj\u010de\u0161\u0107e nakon vje\u017ebanja, kada smo nervozni ili kada se ne osje\u0107amo dobro zbog infekcije. Razumljivo je da su ovi simptomi zabrinjavaju\u0107i, ali va\u017eno je imati na umu da ne ukazuju uvijek na bolest srca.<\/p>\n<p>Pojam palpitacija pokriva \u0161irok raspon sr\u010danih ritmova uklju\u010duju\u0107i i svijest o normalnom sr\u010danom ritmu koji se mo\u017ee \u010diniti sna\u017enijim ili malo br\u017eim od normalnog. Ostali uobi\u010dajeni simptomi uklju\u010duju osje\u0107aj nepravilnih otkucaja srca \u2013 bilo da otkucaja nema, preska\u010du, izostali su ili su nepravilni.<\/p>\n<p>Rje\u0111e se mo\u017ee javiti osje\u0107aj vrlo brzog kucanja srca &#8211; osje\u0107aj \u201etreperenja\u201c ili \u201elupanja\u201c srca. Razli\u010diti su uzroci tih osjeta me\u0111utim, ovdje \u0107emo se usredoto\u010diti na one povezane s fibrilacijom atrija.<\/p>\n<p>Iako je svijest o promjeni sr\u010danog ritma glavna zna\u010dajka fibrilacije atrija, znatan broj osoba nije svjestan bilo kakve promjene sr\u010danog ritma. Umjesto toga, neke osobe mogu biti bez simptoma ili osje\u0107ati druge simptome kao \u0161to su nedostatak zraka, umor, nelagoda u prsima ili vrtoglavica.<\/p>\n<p>U moderno doba pametnih satova i ure\u0111aja za pra\u0107enje tjelesnih aktivnosti (ili tijekom vje\u017ebanja u teretani), mo\u017eda vas je takav ure\u0111aj upozorio na mogu\u0107u abnormalnost sr\u010danog ritma koje niste bili svjesni.<\/p>\n<p>To \u010desto uzrokuje veliku tjeskobu, pa je potrebno napomenuti da ovi ure\u0111aji nisu uvijek to\u010dni i imaju nizak prag pri kojem upozoravaju na abnormalnosti.<\/p>\n<p>&nbsp;<\/p>\n<h3>Palpitacije kod fibrilacije atrija<\/h3>\n<p>Klju\u010dna zna\u010dajka fibrilacije atrija du nepravilni otkucaji srca &#8211; pauza izme\u0111u svakog otkucaja varira na nepredvidiv na\u010din zbog \u010dega je i nastao izraz \u201enepravilno nepravilan\u201c. Mo\u017eda \u0107ete toga biti svjesni zbog osje\u0107aja lepr\u0161anja ili osje\u0107aja da su otkucaji neujedna\u010deni &#8211; posebno ste svjesni ja\u010dih otkucaja koji koji se nepravilno javljaju. Ovaj osje\u0107aj mo\u017ee biti izra\u017eeniji tijekom vje\u017ebanja ili dok no\u0107u le\u017eite i odmarate.<\/p>\n<p>Vi ili va\u0161 lije\u010dnik mo\u017eete otkriti ovu nepravilnost kada mjerite puls. Me\u0111utim, ovaj osje\u0107aj mogu uzrokovati i drugi uzroci, primjerice, dodatni ili ektopi\u010dni otkucaji koji \u010desto ote\u017eavaju postavljanje kona\u010dne dijagnoze bez snimanja srca (odnosno elektrokardiograma \u2013 EKG-a) kada se pojave simptomi. To se mo\u017ee dogoditi i kada su otkucaji srca posebno brzi i ni vi ni va\u0161 lije\u010dnik ne mo\u017eete utvrditi je li ritam nepravilan isklju\u010divo mjerenjem pulsa.<\/p>\n<p>Palpitacije uzrokovane fibrilacijom atrija mogu biti \u201eperzistentne\u201c. To zna\u010di da palpitacije traju sedam dana ili dulje (\u010desto dok se ne izvr\u0161i medicinska intervencija poput kardioverzije kako bi se srce vratilo u normalan ritam), ili se javljaju &#8216;paroksizmalno&#8217;, \u0161to zna\u010di da palpitacije traju neko vrijeme prije nego se srce spontano vrati u normalan ritam.<\/p>\n<p>Epizode fibrilacije atrija, osobito kada je sr\u010dani ritam ubrzan, mogu biti vrlo naporne i onesposobljuju\u0107e, \u0161to zbog svjesnosti samog ritma ili zbog prate\u0107ih simptoma kao \u0161to su nedostatak daha, vrtoglavica, nesvjestica ili boli u prsima. Takve epizode zahtijevaju hitnu medicinsku intervenciju.<\/p>\n<p>Svijest o nepravilnom radu srca kod bolesnika s dugotrajnom fibrilacijom atrija i \u201epermanentnim\u201c sr\u010danim ritmom mo\u017ee se spontano smanjiti kroz nekoliko tjedana ili mjeseci ili uz pomo\u0107 lijekova koji kontroliraju otkucaje srca.<\/p>\n<h3>Odlazak lije\u010dniku<\/h3>\n<p>Prije posjeta lije\u010dniku, dobro je voditi dnevnik o svojim simptomima, posebno bilje\u017ee\u0107i sve povezane osjete kao \u0161to su bol u prsima ili nedostatak zraka, njihovo trajanje i njihove mogu\u0107e uzroke (na primjer vje\u017ebanje, alkohol ili kofein).<\/p>\n<p>Kada je osje\u0107aj lupanja srca kontinuiran, dijagnoza se \u010desto mo\u017ee postaviti EKG snimkom u mirovanju u klinici. Me\u0111utim, ako su simptomi povremeni i nisu prisutni u trenutku va\u0161eg posjeta lije\u010dniku, ne\u0107e biti mogu\u0107e postaviti kona\u010dnu dijagnozu na ovaj na\u010din.<\/p>\n<p><img loading=\"lazy\" decoding=\"async\" class=\"alignnone wp-image-6338 size-full\" src=\"https:\/\/cdn-endpoint-afib.azureedge.net\/afibmatters\/2022\/03\/shutterstock_1382268998-1-min.jpg?_t=1646320183\" alt=\"\" width=\"900\" height=\"601\" srcset=\"https:\/\/cdn-endpoint-afib.azureedge.net\/afibmatters\/2022\/03\/shutterstock_1382268998-1-min.jpg 900w, https:\/\/cdn-endpoint-afib.azureedge.net\/afibmatters\/2022\/03\/shutterstock_1382268998-1-min-300x200.jpg 300w, https:\/\/cdn-endpoint-afib.azureedge.net\/afibmatters\/2022\/03\/shutterstock_1382268998-1-min-768x513.jpg 768w, https:\/\/cdn-endpoint-afib.azureedge.net\/afibmatters\/2022\/03\/shutterstock_1382268998-1-min-500x334.jpg 500w\" sizes=\"auto, (max-width: 900px) 100vw, 900px\" \/><\/p>\n<p>Pra\u0107enje rada srca u trenutku kada su simptomi prisutni klju\u010dno je za utvr\u0111ivanje uzroka palpitacija. Stoga bi vam lije\u010dnik mogao postaviti ili dati ure\u0111aj za snimanje koji dokumentira EKG kada imate simptome.<\/p>\n<p>Kod osoba kod kojih se simptomi rje\u0111e javljaju, mo\u017ee biti potrebno pod ko\u017eu ugraditi mali ure\u0111aj, tzv. ugradbeni sr\u010dani monitor \u2013 ILR, koji prati otkucaje srca nekoliko godina ili dok se simptomi ponovno ne pojave.<\/p>\n","protected":false},"excerpt":{"rendered":"<p>Jedan od naj\u010de\u0161\u0107ih razloga za\u0161to osoba potra\u017ei savjet svog lije\u010dnika je svjesnost vlastitih otkucaja srca ili palpitacija. Svatko od nas \u0107e povremeno biti svjestan svojih otkucaja srca, naj\u010de\u0161\u0107e nakon vje\u017ebanja, kada smo nervozni ili kada se ne osje\u0107amo dobro zbog infekcije. Razumljivo je da su ovi simptomi zabrinjavaju\u0107i, ali va\u017eno je imati na umu da [&hellip;]<\/p>\n","protected":false},"author":24,"featured_media":0,"parent":8781,"menu_order":3,"comment_status":"closed","ping_status":"closed","template":"","meta":{"_acf_changed":false,"footnotes":""},"categories":[286],"tags":[],"class_list":["post-8813","page","type-page","status-publish","hentry","category-sto-trebam-znati-hr"],"acf":[],"_links":{"self":[{"href":"https:\/\/www.afibmatters.org\/hr\/wp-json\/wp\/v2\/pages\/8813","targetHints":{"allow":["GET"]}}],"collection":[{"href":"https:\/\/www.afibmatters.org\/hr\/wp-json\/wp\/v2\/pages"}],"about":[{"href":"https:\/\/www.afibmatters.org\/hr\/wp-json\/wp\/v2\/types\/page"}],"author":[{"embeddable":true,"href":"https:\/\/www.afibmatters.org\/hr\/wp-json\/wp\/v2\/users\/24"}],"replies":[{"embeddable":true,"href":"https:\/\/www.afibmatters.org\/hr\/wp-json\/wp\/v2\/comments?post=8813"}],"version-history":[{"count":1,"href":"https:\/\/www.afibmatters.org\/hr\/wp-json\/wp\/v2\/pages\/8813\/revisions"}],"predecessor-version":[{"id":8814,"href":"https:\/\/www.afibmatters.org\/hr\/wp-json\/wp\/v2\/pages\/8813\/revisions\/8814"}],"up":[{"embeddable":true,"href":"https:\/\/www.afibmatters.org\/hr\/wp-json\/wp\/v2\/pages\/8781"}],"wp:attachment":[{"href":"https:\/\/www.afibmatters.org\/hr\/wp-json\/wp\/v2\/media?parent=8813"}],"wp:term":[{"taxonomy":"category","embeddable":true,"href":"https:\/\/www.afibmatters.org\/hr\/wp-json\/wp\/v2\/categories?post=8813"},{"taxonomy":"post_tag","embeddable":true,"href":"https:\/\/www.afibmatters.org\/hr\/wp-json\/wp\/v2\/tags?post=8813"}],"curies":[{"name":"wp","href":"https:\/\/api.w.org\/{rel}","templated":true}]}}