{"id":8811,"date":"2024-02-06T10:32:29","date_gmt":"2024-02-06T10:32:29","guid":{"rendered":"https:\/\/www.afibmatters.org\/sto-trebam-znati\/kakav-je-osjecaj-imati-fibrilaciju-atrija\/gubitak-svijesti-omaglica-i-prolazne-nesvjestice\/"},"modified":"2024-02-08T16:51:50","modified_gmt":"2024-02-08T16:51:50","slug":"gubitak-svijesti-omaglica-i-prolazne-nesvjestice","status":"publish","type":"page","link":"https:\/\/www.afibmatters.org\/hr\/sto-trebam-znati\/kakav-je-osjecaj-imati-fibrilaciju-atrija\/gubitak-svijesti-omaglica-i-prolazne-nesvjestice\/","title":{"rendered":"Gubitak svijesti, omaglica i prolazne nesvjestice"},"content":{"rendered":"<p><img loading=\"lazy\" decoding=\"async\" class=\"alignnone wp-image-6325 size-full\" src=\"https:\/\/cdn-endpoint-afib.azureedge.net\/afibmatters\/2022\/03\/shutterstock_1051134668-1-min.jpg?_t=1646320153\" alt=\"\" width=\"900\" height=\"600\" srcset=\"https:\/\/cdn-endpoint-afib.azureedge.net\/afibmatters\/2022\/03\/shutterstock_1051134668-1-min.jpg 900w, https:\/\/cdn-endpoint-afib.azureedge.net\/afibmatters\/2022\/03\/shutterstock_1051134668-1-min-300x200.jpg 300w, https:\/\/cdn-endpoint-afib.azureedge.net\/afibmatters\/2022\/03\/shutterstock_1051134668-1-min-768x512.jpg 768w, https:\/\/cdn-endpoint-afib.azureedge.net\/afibmatters\/2022\/03\/shutterstock_1051134668-1-min-500x333.jpg 500w\" sizes=\"auto, (max-width: 900px) 100vw, 900px\" \/><\/p>\n<p>Va\u0161im doktorima mo\u017ee biti te\u0161ko odrediti uzrok gubitka svijesti, omaglice i prolaznih nesvjestica. Simptomi su vrlo uznemiruju\u0107i i uzrokuju zna\u010dajnu nesposobnost. Nekoliko je izazova zbog kojih je te\u0161ko nositi se s ovim simptomima kod bolesnika s fibrilacijom atrija.<\/p>\n<p>Prvo, vrlo su \u010desti u starijim dobnim skupinama koje su najpodlo\u017enije pojavi fibrilacije atrija. Drugo, u ve\u0107ini slu\u010dajeva fibrilacija atrija nije primarni uzrok (osim ako je vrlo brza ili vrlo spora). I kona\u010dno, fibrilacija atrija mo\u017ee neizravno pridonijeti mo\u017edanom udaru ili smanjenoj sposobnosti oboljelih da se nose s dehidracijom, infekcijom ili drugim stresovima koji smanjuju krvni tlak i u\u010dinak lijekova koji se koriste u lije\u010denju fibrilacije atrija.<\/p>\n<p>Zbunjuju\u0107e je to \u0161to se pojmovi omaglica, vrtoglavica, o\u0161amu\u0107enost i nesvjestica \u010desto koriste kao sinonimi. Zato je potreban timski rad, strpljenje i osobita usmjerenost na detalje. Morate se dobro pripremiti za posjet lije\u010dniku kako biste mu pomogli da postavi to\u010dnu dijagnozu.<\/p>\n<p>Kada vam se jave ovi simptomi, bitno je da zabilje\u017eite sve \u0161to ste osjetili prije, tijekom i nakon napadaja. Najbolje je to u\u010diniti ubrzo nakon napadaja dok vam je jo\u0161 u svje\u017eem sje\u0107anju.<\/p>\n<p>Ako postoje svjedoci doga\u0111aja, pitajte ih \u0161to su primijetili i ako je mogu\u0107e, potaknite ih da vam budu prisutni kada posjetite lije\u010dnika. Ako ste primili lije\u010dni\u010dku pomo\u0107 od hitne pomo\u0107i, poku\u0161ajte pribaviti podatke o krvnom tlaku ili pulsu zabilje\u017eene prilikom pru\u017eanja pomo\u0107i.<\/p>\n<p>&nbsp;<\/p>\n<h3>Bitne \u010dinjenice koje je potrebno zapamtiti prilikom napadaja<\/h3>\n<p>Jedna od klju\u010dnih \u010dinjenica na koju \u0107e se va\u0161 lije\u010dnik foksuirati je jeste li izgubili svijest ili ne. Brojni su uzroci osje\u0107aja klonulosti zbog kojih ste slabije svjesni svoje okoline, ali zbog kojih ne\u0107ete izgubiti svijest.<\/p>\n<p>Mo\u017eda \u0107ete se mo\u0107i probuditi ili otvoriti o\u010di kako bi komunicirali s \u010dlanom obitelji wili slu\u010dajnim prolaznikom. Ako ste zaista izgubili svijest, poku\u0161ajte odrediti razdoblje tijekom kojeg ste bili bez svijesti, osobito ako je neka osoba svjedo\u010dila doga\u0111aju.<\/p>\n<p>Va\u017eno je upamtiti da kada vam se pru\u017ea pomo\u0107 dok ste bez svijesti, minuta ili dvije mogu se \u010diniti mnogo du\u017ee. Stoga su sva objektivna mjerenja i opa\u017eanja osobito korisna.<\/p>\n<p>Razlog za\u0161to je ovaj simptom prioritet je \u010dinjenica da je gubitak svijesti zbog poreme\u0107aja sr\u010danog ritma osobito va\u017ean simptom. Nesvjestice koji su primarno uzrokovane poreme\u0107ajima sr\u010danog ritma obi\u010dno traju manje od minute, dok su nesvjestice duljeg trajanja vjerojatnije uzrokovane drugim uzrocima.<\/p>\n<p>Ostala zapa\u017eanja uklju\u010duju:<\/p>\n<ul>\n<li>trzanje ruku ili nogu<\/li>\n<li>okretanje o\u010dima<\/li>\n<li>stenjanje<\/li>\n<li>bljedilo<\/li>\n<li>inkontinencija<\/li>\n<li>grizenje jezika<\/li>\n<\/ul>\n<p>Korisno je ako se mo\u017eete sjetiti kako ste se osje\u0107ali prije napadaja. Tako\u0111er, ako bolujete od neke druge bolesti, bilo bi korisno znati je li nedavno promijenjen lijek.<\/p>\n<p>Tako\u0111er je va\u017eno primijetiti jesu li simptomi uvijek prisutni kada stojite, ustajete iz le\u017ee\u0107eg ili sjede\u0107eg polo\u017eaja ili se prekidaju kada legnete jer sve su to uobi\u010dajene karakteristike pada krvnog tlaka prilikom ustajanja (ortostatska hipotenzija). Osobe koje pate od bolesti sr\u010danog mi\u0161i\u0107a (zatajenje srca, kardiomiopatija) i koji uzimaju nekoliko lijekova za sni\u017eavanje krvnog tlaka mogu biti posebno skloni ovom problemu.<\/p>\n<p>Simptomi topline, mu\u010dnine, vrtoglavice mogu prethoditi jednostavnoj nesvjestici, koja se jo\u0161 naziva i vazovagalni napadaj. Neuobi\u010dajeni do\u017eivljaji kao \u0161to su miris, deja vu ili nevoljni pokreti udova prije napadaja mogu ukazivati na epilepsiju.<\/p>\n<p>Tako\u0111er je bitno i vrijeme oporavka. Koliko dugo ste se osje\u0107ali lo\u0161e, umorno ili zbunjeno nakon doga\u0111aja? \u0160to du\u017ee traje to razdoblje, manje je vjerojatno da je uzrok kardiolo\u0161ke prirode.<\/p>\n<h3><\/h3>\n<h3>Vrtoglavica i o\u0161amu\u0107enost<\/h3>\n<p>Mnogima je te\u0161ko razlikovati vrtoglavicu i o\u0161amu\u0107enost. Vrtoglavica je osje\u0107aj da se svijet okre\u0107e i obi\u010dno ukazuje na probleme s unutarnjim uhom, a ne na problem sa srcem. To mo\u017ee imati veze s polo\u017eajem tijela i pojaviti se nakon pomicanja glave, spu\u0161tanja u le\u017ee\u0107i polo\u017eaj ili okretanja u le\u017ee\u0107em polo\u017eaju. Jasnije karakteristike uzrokovane bole\u0161\u0107u srca bio bi nagla pojava bez prethodnog upozorenja ili epizoda povezana s boli u prsnom ko\u0161u ili palpitacijama.<\/p>\n<p>U nekim slu\u010dajevima uzrok ovih simptoma mo\u017ee biti jasan na prvom pregledu. Primjerice, pad krvnog tlaka prilikom ustajanja koji uzrokuje simptome mo\u017ee biti potvrda dijagnoze stanja kojeg lije\u010dnici nazivaju ortostatska hipotenzija.<\/p>\n<p><img loading=\"lazy\" decoding=\"async\" class=\"alignnone wp-image-6338 size-full\" src=\"https:\/\/cdn-endpoint-afib.azureedge.net\/afibmatters\/2022\/03\/shutterstock_1382268998-1-min.jpg?_t=1646320161\" alt=\"\" width=\"900\" height=\"601\" srcset=\"https:\/\/cdn-endpoint-afib.azureedge.net\/afibmatters\/2022\/03\/shutterstock_1382268998-1-min.jpg 900w, https:\/\/cdn-endpoint-afib.azureedge.net\/afibmatters\/2022\/03\/shutterstock_1382268998-1-min-300x200.jpg 300w, https:\/\/cdn-endpoint-afib.azureedge.net\/afibmatters\/2022\/03\/shutterstock_1382268998-1-min-768x513.jpg 768w, https:\/\/cdn-endpoint-afib.azureedge.net\/afibmatters\/2022\/03\/shutterstock_1382268998-1-min-500x334.jpg 500w\" sizes=\"auto, (max-width: 900px) 100vw, 900px\" \/><\/p>\n<p>Prikaz fibrilacije atrija na elektrokardiogramu (EKG) ne\u0107e biti dovoljan da se utvrdi da je to uzrok va\u0161ih simptoma. \u010cesto puta pregled i EKG mogu biti normalni tijekom va\u0161e posjeta lije\u010dniku, a naznake uzroka u potpunosti \u0107e ovisiti o gore navedenim simptomima u va\u0161oj anamnezi.<\/p>\n<p>Ako oni i dalje ukazuju na uzrok neurolo\u0161ke prirode ili na problem s unutarnjim uhom, obi\u010dno \u0107e vas uputiti specijalistu. Me\u0111utim, u ve\u0107ini slu\u010dajeva bit \u0107e potrebne daljnje kardiolo\u0161ke pretrage kako bi se isklju\u010dio ili potvrdio kardiolo\u0161ki uzrok te je li odgovorna fibrilacija atrija.<\/p>\n<p>Da bi se isklju\u010dila bolest srca (bolest sr\u010danih zalistaka ili sr\u010danog mi\u0161i\u0107a), obi\u010dno je potrebno napraviti ehokardiogram (ultrazvuk srca). Druge pretrage mogu uklju\u010divati kontinuirano snimanje pra\u0107enja aktivnosti srca (EKG snima\u010di koje bolesnik nosi ili ugra\u0111eni ure\u0111aji za dugotrajno EKG pra\u0107enje, tj. Implantabilni sr\u010dani monitori) ili krvnog tlaka (pra\u0107enje putem holtera tlaka) kako bi se poku\u0161ali zabilje\u017eiti podaci dok osje\u0107ate simptome.<\/p>\n<p>U manjem broju slu\u010dajeva, detaljnija elektri\u010dna ispitivanja srca (elektrofiziolo\u0161ke studije) zahtijevaju kra\u0107i prijem u bolnicu.<\/p>\n<p>Prije svega, va\u017eno je zapamtiti da je \u010desto potrebno odre\u0111eno vrijeme da bi se utvrdio uzrok gubitka svijesti, vrtoglavice i prolazne nesvjestice i lije\u010dnici su svjesni koliko to mo\u017ee biti zabrinjavaju\u0107e. \u0160to vi\u0161e informacija o doga\u0111aju mo\u017eete pru\u017eiti svom lije\u010dniku, to su ve\u0107e \u0161anse za rano postavljanje dijagnoze.<\/p>\n","protected":false},"excerpt":{"rendered":"<p>Va\u0161im doktorima mo\u017ee biti te\u0161ko odrediti uzrok gubitka svijesti, omaglice i prolaznih nesvjestica. Simptomi su vrlo uznemiruju\u0107i i uzrokuju zna\u010dajnu nesposobnost. Nekoliko je izazova zbog kojih je te\u0161ko nositi se s ovim simptomima kod bolesnika s fibrilacijom atrija. Prvo, vrlo su \u010desti u starijim dobnim skupinama koje su najpodlo\u017enije pojavi fibrilacije atrija. Drugo, u ve\u0107ini [&hellip;]<\/p>\n","protected":false},"author":24,"featured_media":0,"parent":8781,"menu_order":2,"comment_status":"closed","ping_status":"closed","template":"","meta":{"_acf_changed":false,"footnotes":""},"categories":[286],"tags":[],"class_list":["post-8811","page","type-page","status-publish","hentry","category-sto-trebam-znati-hr"],"acf":[],"_links":{"self":[{"href":"https:\/\/www.afibmatters.org\/hr\/wp-json\/wp\/v2\/pages\/8811","targetHints":{"allow":["GET"]}}],"collection":[{"href":"https:\/\/www.afibmatters.org\/hr\/wp-json\/wp\/v2\/pages"}],"about":[{"href":"https:\/\/www.afibmatters.org\/hr\/wp-json\/wp\/v2\/types\/page"}],"author":[{"embeddable":true,"href":"https:\/\/www.afibmatters.org\/hr\/wp-json\/wp\/v2\/users\/24"}],"replies":[{"embeddable":true,"href":"https:\/\/www.afibmatters.org\/hr\/wp-json\/wp\/v2\/comments?post=8811"}],"version-history":[{"count":1,"href":"https:\/\/www.afibmatters.org\/hr\/wp-json\/wp\/v2\/pages\/8811\/revisions"}],"predecessor-version":[{"id":8812,"href":"https:\/\/www.afibmatters.org\/hr\/wp-json\/wp\/v2\/pages\/8811\/revisions\/8812"}],"up":[{"embeddable":true,"href":"https:\/\/www.afibmatters.org\/hr\/wp-json\/wp\/v2\/pages\/8781"}],"wp:attachment":[{"href":"https:\/\/www.afibmatters.org\/hr\/wp-json\/wp\/v2\/media?parent=8811"}],"wp:term":[{"taxonomy":"category","embeddable":true,"href":"https:\/\/www.afibmatters.org\/hr\/wp-json\/wp\/v2\/categories?post=8811"},{"taxonomy":"post_tag","embeddable":true,"href":"https:\/\/www.afibmatters.org\/hr\/wp-json\/wp\/v2\/tags?post=8811"}],"curies":[{"name":"wp","href":"https:\/\/api.w.org\/{rel}","templated":true}]}}