{"id":8807,"date":"2024-02-06T10:37:52","date_gmt":"2024-02-06T10:37:52","guid":{"rendered":"https:\/\/www.afibmatters.org\/sto-trebam-znati\/kakav-je-osjecaj-imati-fibrilaciju-atrija\/umor\/"},"modified":"2024-02-08T16:50:59","modified_gmt":"2024-02-08T16:50:59","slug":"umor","status":"publish","type":"page","link":"https:\/\/www.afibmatters.org\/hr\/sto-trebam-znati\/kakav-je-osjecaj-imati-fibrilaciju-atrija\/umor\/","title":{"rendered":"Umor"},"content":{"rendered":"<p><img loading=\"lazy\" decoding=\"async\" class=\"alignnone wp-image-6357 size-full\" src=\"https:\/\/cdn-endpoint-afib.azureedge.net\/afibmatters\/2022\/03\/shutterstock_1018438789-1-min.jpg?_t=1646320214\" alt=\"\" width=\"900\" height=\"600\" srcset=\"https:\/\/cdn-endpoint-afib.azureedge.net\/afibmatters\/2022\/03\/shutterstock_1018438789-1-min.jpg 900w, https:\/\/cdn-endpoint-afib.azureedge.net\/afibmatters\/2022\/03\/shutterstock_1018438789-1-min-300x200.jpg 300w, https:\/\/cdn-endpoint-afib.azureedge.net\/afibmatters\/2022\/03\/shutterstock_1018438789-1-min-768x512.jpg 768w, https:\/\/cdn-endpoint-afib.azureedge.net\/afibmatters\/2022\/03\/shutterstock_1018438789-1-min-500x333.jpg 500w\" sizes=\"auto, (max-width: 900px) 100vw, 900px\" \/><\/p>\n<p>Jedan od simptoma fibrilacije atrija je umor. Normalno je da se povremeno osje\u0107ate umorno, me\u0111utim, ako se osje\u0107ate iscrpljeno ili umorno cijelo vrijeme, bilo iznenada ili stalno, tada je potrebno napraviti daljnje pretrage.<\/p>\n<p>Osje\u0107aj umora, iscrpljenosti, lako umaranje ili op\u0107enito nedostatak energije mo\u017ee se pripisati \u0161irokom rasponu prikrivenih stanja kojih mo\u017eda niste svjesni. Uobi\u010dajena stanja uklju\u010duju anemiju, nedostatak vitamina D, probleme sa \u0161titnja\u010dom i fibrilaciju atrija.<\/p>\n<p>Umor koji je posljedica fibrilacije atrija uzrokovan je otkucajima srca koji su nepravilni i br\u017ei od normalnog. To dovodi do nedostatka koordinacije izme\u0111u razli\u010ditih sr\u010danih komora, zbog \u010dega je istiskivanje krvi manje u\u010dinkovito. Kao posljedica, smanjuje se opskrba organa kisikom \u0161to uzrokuje osje\u0107aj iscrpljenosti.<\/p>\n<p>Neki lijekovi koje vam je propisao lije\u010dnik mogu pomo\u0107i u ubla\u017eavanju umora uzrokovanog fibrilacijom atrija, ali naju\u010dinkovitije lije\u010denje je ponovno uspostavljanje normalnog sr\u010danog ritma. Ponekad se fibrilacija atrija mo\u017ee kontrolirati lijekovima i\/ili medicinskim postupcima poznatim kao kardioverzija i ablacija. Ve\u0107ina bolesnika mo\u017ee se podvrgnuti ovoj metodi lije\u010denja, ali postoje odre\u0111ene okolnosti ili komorbiditeti zbog kojih bi takvi poku\u0161aji lije\u010denja bili uzaludni, pa se stoga uglavnom izbjegavaju.<\/p>\n<p>Kako biste saznali vi\u0161e o ovim postupcima, kliknite na poveznicu na sljede\u0107e stranice:<\/p>\n<ul>\n<li><a href=\"https:\/\/www.afibmatters.org\/what-can-my-doctor-do\/what-is-a-cardioversion\/\">\u201e\u0160to je kardioverzija?\u201c<\/a><\/li>\n<li><a href=\"https:\/\/www.afibmatters.org\/what-can-my-doctor-do\/atrial-fibrillation-ablation\/\">\u201e\u0160to je ablacija?\u201c<\/a><\/li>\n<\/ul>\n","protected":false},"excerpt":{"rendered":"<p>Jedan od simptoma fibrilacije atrija je umor. Normalno je da se povremeno osje\u0107ate umorno, me\u0111utim, ako se osje\u0107ate iscrpljeno ili umorno cijelo vrijeme, bilo iznenada ili stalno, tada je potrebno napraviti daljnje pretrage. Osje\u0107aj umora, iscrpljenosti, lako umaranje ili op\u0107enito nedostatak energije mo\u017ee se pripisati \u0161irokom rasponu prikrivenih stanja kojih mo\u017eda niste svjesni. Uobi\u010dajena stanja [&hellip;]<\/p>\n","protected":false},"author":24,"featured_media":0,"parent":8781,"menu_order":0,"comment_status":"closed","ping_status":"closed","template":"","meta":{"_acf_changed":false,"footnotes":""},"categories":[286],"tags":[],"class_list":["post-8807","page","type-page","status-publish","hentry","category-sto-trebam-znati-hr"],"acf":[],"_links":{"self":[{"href":"https:\/\/www.afibmatters.org\/hr\/wp-json\/wp\/v2\/pages\/8807","targetHints":{"allow":["GET"]}}],"collection":[{"href":"https:\/\/www.afibmatters.org\/hr\/wp-json\/wp\/v2\/pages"}],"about":[{"href":"https:\/\/www.afibmatters.org\/hr\/wp-json\/wp\/v2\/types\/page"}],"author":[{"embeddable":true,"href":"https:\/\/www.afibmatters.org\/hr\/wp-json\/wp\/v2\/users\/24"}],"replies":[{"embeddable":true,"href":"https:\/\/www.afibmatters.org\/hr\/wp-json\/wp\/v2\/comments?post=8807"}],"version-history":[{"count":1,"href":"https:\/\/www.afibmatters.org\/hr\/wp-json\/wp\/v2\/pages\/8807\/revisions"}],"predecessor-version":[{"id":8808,"href":"https:\/\/www.afibmatters.org\/hr\/wp-json\/wp\/v2\/pages\/8807\/revisions\/8808"}],"up":[{"embeddable":true,"href":"https:\/\/www.afibmatters.org\/hr\/wp-json\/wp\/v2\/pages\/8781"}],"wp:attachment":[{"href":"https:\/\/www.afibmatters.org\/hr\/wp-json\/wp\/v2\/media?parent=8807"}],"wp:term":[{"taxonomy":"category","embeddable":true,"href":"https:\/\/www.afibmatters.org\/hr\/wp-json\/wp\/v2\/categories?post=8807"},{"taxonomy":"post_tag","embeddable":true,"href":"https:\/\/www.afibmatters.org\/hr\/wp-json\/wp\/v2\/tags?post=8807"}],"curies":[{"name":"wp","href":"https:\/\/api.w.org\/{rel}","templated":true}]}}