{"id":8805,"date":"2024-02-06T10:49:22","date_gmt":"2024-02-06T10:49:22","guid":{"rendered":"https:\/\/www.afibmatters.org\/sto-mogu-uciniti\/gdje-mogu-dobiti-dodatne-savjete-i-podrsku\/"},"modified":"2024-02-08T16:50:22","modified_gmt":"2024-02-08T16:50:22","slug":"gdje-mogu-dobiti-dodatne-savjete-i-podrsku","status":"publish","type":"page","link":"https:\/\/www.afibmatters.org\/hr\/sto-mogu-uciniti\/gdje-mogu-dobiti-dodatne-savjete-i-podrsku\/","title":{"rendered":"Gdje mogu dobiti dodatne savjete i podr\u0161ku?"},"content":{"rendered":"<p><img loading=\"lazy\" decoding=\"async\" class=\"alignnone size-large wp-image-1063\" src=\"https:\/\/www.afibmatters.org\/wp-content\/uploads\/2020\/01\/iStock-696824550-1024x683.jpg\" alt=\"\" width=\"1024\" height=\"683\" srcset=\"https:\/\/cdn-endpoint-afib.azureedge.net\/afibmatters\/2020\/01\/iStock-696824550-1024x683.jpg 1024w, https:\/\/cdn-endpoint-afib.azureedge.net\/afibmatters\/2020\/01\/iStock-696824550-300x200.jpg 300w, https:\/\/cdn-endpoint-afib.azureedge.net\/afibmatters\/2020\/01\/iStock-696824550-768x512.jpg 768w, https:\/\/cdn-endpoint-afib.azureedge.net\/afibmatters\/2020\/01\/iStock-696824550-1536x1024.jpg 1536w, https:\/\/cdn-endpoint-afib.azureedge.net\/afibmatters\/2020\/01\/iStock-696824550-2048x1365.jpg 2048w, https:\/\/cdn-endpoint-afib.azureedge.net\/afibmatters\/2020\/01\/iStock-696824550-500x333.jpg 500w\" sizes=\"auto, (max-width: 1024px) 100vw, 1024px\" \/><\/p>\n<p>Savjet i podr\u0161ku mo\u017eete zatra\u017eiti od svog lije\u010dnika (lije\u010dnika op\u0107e prakse, kardiologa ili drugih medicinskih specijalista) ili se mo\u017eete obratiti nekoj od udruga bolesnika s fibrilacijom atrija za op\u0107enite savjete i podr\u0161ku.<\/p>\n<p>&nbsp;<\/p>\n<p>&nbsp;<\/p>\n","protected":false},"excerpt":{"rendered":"<p>Savjet i podr\u0161ku mo\u017eete zatra\u017eiti od svog lije\u010dnika (lije\u010dnika op\u0107e prakse, kardiologa ili drugih medicinskih specijalista) ili se mo\u017eete obratiti nekoj od udruga bolesnika s fibrilacijom atrija za op\u0107enite savjete i podr\u0161ku. &nbsp; &nbsp;<\/p>\n","protected":false},"author":23,"featured_media":0,"parent":8761,"menu_order":26,"comment_status":"closed","ping_status":"closed","template":"","meta":{"_acf_changed":false,"footnotes":""},"categories":[288],"tags":[],"class_list":["post-8805","page","type-page","status-publish","hentry","category-sto-mogu-uciniti-hr"],"acf":[],"_links":{"self":[{"href":"https:\/\/www.afibmatters.org\/hr\/wp-json\/wp\/v2\/pages\/8805","targetHints":{"allow":["GET"]}}],"collection":[{"href":"https:\/\/www.afibmatters.org\/hr\/wp-json\/wp\/v2\/pages"}],"about":[{"href":"https:\/\/www.afibmatters.org\/hr\/wp-json\/wp\/v2\/types\/page"}],"author":[{"embeddable":true,"href":"https:\/\/www.afibmatters.org\/hr\/wp-json\/wp\/v2\/users\/23"}],"replies":[{"embeddable":true,"href":"https:\/\/www.afibmatters.org\/hr\/wp-json\/wp\/v2\/comments?post=8805"}],"version-history":[{"count":1,"href":"https:\/\/www.afibmatters.org\/hr\/wp-json\/wp\/v2\/pages\/8805\/revisions"}],"predecessor-version":[{"id":8806,"href":"https:\/\/www.afibmatters.org\/hr\/wp-json\/wp\/v2\/pages\/8805\/revisions\/8806"}],"up":[{"embeddable":true,"href":"https:\/\/www.afibmatters.org\/hr\/wp-json\/wp\/v2\/pages\/8761"}],"wp:attachment":[{"href":"https:\/\/www.afibmatters.org\/hr\/wp-json\/wp\/v2\/media?parent=8805"}],"wp:term":[{"taxonomy":"category","embeddable":true,"href":"https:\/\/www.afibmatters.org\/hr\/wp-json\/wp\/v2\/categories?post=8805"},{"taxonomy":"post_tag","embeddable":true,"href":"https:\/\/www.afibmatters.org\/hr\/wp-json\/wp\/v2\/tags?post=8805"}],"curies":[{"name":"wp","href":"https:\/\/api.w.org\/{rel}","templated":true}]}}