{"id":8801,"date":"2024-02-06T11:02:16","date_gmt":"2024-02-06T11:02:16","guid":{"rendered":"https:\/\/www.afibmatters.org\/sto-moj-lijecnik-moze-uciniti\/kako-sprijeciti-zatajenje-srca\/"},"modified":"2024-02-08T16:49:27","modified_gmt":"2024-02-08T16:49:27","slug":"kako-sprijeciti-zatajenje-srca","status":"publish","type":"page","link":"https:\/\/www.afibmatters.org\/hr\/sto-moj-lijecnik-moze-uciniti\/kako-sprijeciti-zatajenje-srca\/","title":{"rendered":"Kako sprije\u010diti zatajenje srca"},"content":{"rendered":"<p>Normalan broj otkucaja srca je 60-100 otkucaja u minuti u mirovanju. Kada se pojavi fibrilacija atrija, broj otkucaja srca mo\u017ee porasti na 150 \u2013 180 otkucaja u minuti ili vi\u0161e. \u00a0\u010cak i uz normalan rad srca na po\u010detku, dugotrajni visoki otkucaji srca mogu o\u0161tetiti va\u0161e srce, To je stanje poznato kao tahikardiomiopatija. Ako je poku\u0161aj uspostavljanja sinusnog ritma neuspje\u0161an, iznimno je bitno usporiti rad srca.<\/p>\n<p>Vrlo je va\u017eno da se pridr\u017eavate savjeta lije\u010dnika i uzimate lijekove kako jvam e propisano.<\/p>\n<p>&nbsp;<\/p>\n","protected":false},"excerpt":{"rendered":"<p>Normalan broj otkucaja srca je 60-100 otkucaja u minuti u mirovanju. Kada se pojavi fibrilacija atrija, broj otkucaja srca mo\u017ee porasti na 150 \u2013 180 otkucaja u minuti ili vi\u0161e. \u00a0\u010cak i uz normalan rad srca na po\u010detku, dugotrajni visoki otkucaji srca mogu o\u0161tetiti va\u0161e srce, To je stanje poznato kao tahikardiomiopatija. Ako je poku\u0161aj [&hellip;]<\/p>\n","protected":false},"author":23,"featured_media":0,"parent":8759,"menu_order":21,"comment_status":"closed","ping_status":"closed","template":"","meta":{"_acf_changed":false,"footnotes":""},"categories":[287],"tags":[],"class_list":["post-8801","page","type-page","status-publish","hentry","category-sto-moj-lijecnik-moze-uciniti-hr"],"acf":[],"_links":{"self":[{"href":"https:\/\/www.afibmatters.org\/hr\/wp-json\/wp\/v2\/pages\/8801","targetHints":{"allow":["GET"]}}],"collection":[{"href":"https:\/\/www.afibmatters.org\/hr\/wp-json\/wp\/v2\/pages"}],"about":[{"href":"https:\/\/www.afibmatters.org\/hr\/wp-json\/wp\/v2\/types\/page"}],"author":[{"embeddable":true,"href":"https:\/\/www.afibmatters.org\/hr\/wp-json\/wp\/v2\/users\/23"}],"replies":[{"embeddable":true,"href":"https:\/\/www.afibmatters.org\/hr\/wp-json\/wp\/v2\/comments?post=8801"}],"version-history":[{"count":1,"href":"https:\/\/www.afibmatters.org\/hr\/wp-json\/wp\/v2\/pages\/8801\/revisions"}],"predecessor-version":[{"id":8802,"href":"https:\/\/www.afibmatters.org\/hr\/wp-json\/wp\/v2\/pages\/8801\/revisions\/8802"}],"up":[{"embeddable":true,"href":"https:\/\/www.afibmatters.org\/hr\/wp-json\/wp\/v2\/pages\/8759"}],"wp:attachment":[{"href":"https:\/\/www.afibmatters.org\/hr\/wp-json\/wp\/v2\/media?parent=8801"}],"wp:term":[{"taxonomy":"category","embeddable":true,"href":"https:\/\/www.afibmatters.org\/hr\/wp-json\/wp\/v2\/categories?post=8801"},{"taxonomy":"post_tag","embeddable":true,"href":"https:\/\/www.afibmatters.org\/hr\/wp-json\/wp\/v2\/tags?post=8801"}],"curies":[{"name":"wp","href":"https:\/\/api.w.org\/{rel}","templated":true}]}}