{"id":8793,"date":"2024-02-06T11:01:00","date_gmt":"2024-02-06T11:01:00","guid":{"rendered":"https:\/\/www.afibmatters.org\/sto-moj-lijecnik-moze-uciniti\/kontrolirajte-srcanu-frekvenciju-kontrola-otkucaja\/"},"modified":"2024-02-08T16:47:43","modified_gmt":"2024-02-08T16:47:43","slug":"kontrolirajte-srcanu-frekvenciju-kontrola-otkucaja","status":"publish","type":"page","link":"https:\/\/www.afibmatters.org\/hr\/sto-moj-lijecnik-moze-uciniti\/kontrolirajte-srcanu-frekvenciju-kontrola-otkucaja\/","title":{"rendered":"Kontrolirajte sr\u010danu frekvenciju (kontrola otkucaja)"},"content":{"rendered":"<p><img loading=\"lazy\" decoding=\"async\" class=\"alignnone size-large wp-image-917\" src=\"https:\/\/www.afibmatters.org\/wp-content\/uploads\/2020\/01\/shutterstock_1057509995-1024x692.jpg\" alt=\"\" width=\"1024\" height=\"692\" srcset=\"https:\/\/cdn-endpoint-afib.azureedge.net\/afibmatters\/2020\/01\/shutterstock_1057509995-1024x692.jpg 1024w, https:\/\/cdn-endpoint-afib.azureedge.net\/afibmatters\/2020\/01\/shutterstock_1057509995-300x203.jpg 300w, https:\/\/cdn-endpoint-afib.azureedge.net\/afibmatters\/2020\/01\/shutterstock_1057509995-768x519.jpg 768w, https:\/\/cdn-endpoint-afib.azureedge.net\/afibmatters\/2020\/01\/shutterstock_1057509995-1536x1039.jpg 1536w, https:\/\/cdn-endpoint-afib.azureedge.net\/afibmatters\/2020\/01\/shutterstock_1057509995-2048x1385.jpg 2048w, https:\/\/cdn-endpoint-afib.azureedge.net\/afibmatters\/2020\/01\/shutterstock_1057509995-500x338.jpg 500w\" sizes=\"auto, (max-width: 1024px) 100vw, 1024px\" \/><\/p>\n<p>Kontrola otkucaja zna\u010di da ste vi i va\u0161 lije\u010dnik prihvatili fibrilaciju atrija kao stanje, ali da \u0107ete mo\u017eda morati kontrolirati sr\u010danu frekvenciju (otkucaje u minuti) kako biste izbjegli pojavu simptoma.<\/p>\n<p>Kontrola otkucaja srca je opcija lije\u010denja kada va\u0161 lije\u010dnik nije uspio uspostaviti normalan ritam (neuspje\u0161an poku\u0161aj) ili smatra da je zbog va\u0161eg primarne sr\u010dane bolesti ponovno uspostavljanje normalnog sinusnog ritma gotovo nemogu\u0107e.<\/p>\n<ul>\n<li>\n<h3>Pomo\u0107u lijekova<\/h3>\n<\/li>\n<\/ul>\n<p>Lije\u010dnik vam mo\u017ee propisati lijekove za normalizaciju otkucaja srca (70-110 otkucaja u minuti u mirovanju).<\/p>\n<p>Ovisno o va\u0161im simptomima, lije\u010dnik mo\u017ee odabrati strogu kontrolu otkucaja srca (odr\u017eavanje broja otkucaja srca na oko 70-90 otkucaja u minuti u mirovanju) ili blagu kontrolu otkucaja (odr\u017eavanje broja otkucaja srca na oko 100-110 otkucaja u minuti u mirovanju).<\/p>\n<p>Lijekovi koji se mogu koristiti za kontrolu otkucaja srca su:<\/p>\n<ul>\n<li><strong>Beta blokatori:<\/strong>\u00a0Ovi lijekovi usporavaju otkucaje srca u mirovanju, kao i tijekom aktivnosti. Obi\u010dno su prvi izbor bez obzira na primarnu sr\u010danu bolest.<\/li>\n<li><strong>Blokatori kalcijevih kanala:<\/strong>\u00a0Ovi lijekovi tako\u0111er kontroliraju otkucaje srca, ali ih je potrebno izbjegavati ako imate zatajenje srca ili nizak krvni tlak.<\/li>\n<li><strong>Digoksin:<\/strong>\u00a0Ovaj lijek kontrolira otkucaje srca u mirovanju, ali ne i tijekom aktivnosti. Mo\u017ee biti dodatna terapija uz beta blokatore ili rje\u0111e blokatore kalcijevih kanala u slu\u010daju da samo jedan lijek nije dovoljno usporio otkucaje srca.<\/li>\n<li><strong>Amiodaron:<\/strong>\u00a0U vrlo rijetkim situacijama va\u0161 lije\u010dnik mo\u017ee odlu\u010diti kontrolirati otkucaje srca samo ovim lijekom ili uz beta blokatore. Amiodaron je vrlo u\u010dinkovit u kontroli otkucaja srca, ali ima ozbiljne nuspojave ako se koristi kao terapija za kroni\u010dnu bolest. Akumulira se u \u0161titnoj \u017elijezdi, u plu\u0107ima, ko\u017ei, itd.<\/li>\n<\/ul>\n<p>&nbsp;<\/p>\n<ul>\n<li><a href=\"https:\/\/www.afibmatters.org\/what-can-my-doctor-do\/atrial-fibrillation-ablation\/\">Pomo\u0107u ablacije<\/a><\/li>\n<\/ul>\n<p>&nbsp;<\/p>\n<p><a href=\"https:\/\/www.afibmatters.org\/what-can-i-do\/how-should-i-change-my-life\/\"><strong>Saznajte vi\u0161e o: Koje \u017eivotne promjene bih trebao napraviti?<\/strong><\/a><\/p>\n<p>&nbsp;<\/p>\n","protected":false},"excerpt":{"rendered":"<p>Kontrola otkucaja zna\u010di da ste vi i va\u0161 lije\u010dnik prihvatili fibrilaciju atrija kao stanje, ali da \u0107ete mo\u017eda morati kontrolirati sr\u010danu frekvenciju (otkucaje u minuti) kako biste izbjegli pojavu simptoma. Kontrola otkucaja srca je opcija lije\u010denja kada va\u0161 lije\u010dnik nije uspio uspostaviti normalan ritam (neuspje\u0161an poku\u0161aj) ili smatra da je zbog va\u0161eg primarne sr\u010dane bolesti [&hellip;]<\/p>\n","protected":false},"author":23,"featured_media":0,"parent":8759,"menu_order":16,"comment_status":"closed","ping_status":"closed","template":"","meta":{"_acf_changed":false,"footnotes":""},"categories":[287],"tags":[],"class_list":["post-8793","page","type-page","status-publish","hentry","category-sto-moj-lijecnik-moze-uciniti-hr"],"acf":[],"_links":{"self":[{"href":"https:\/\/www.afibmatters.org\/hr\/wp-json\/wp\/v2\/pages\/8793","targetHints":{"allow":["GET"]}}],"collection":[{"href":"https:\/\/www.afibmatters.org\/hr\/wp-json\/wp\/v2\/pages"}],"about":[{"href":"https:\/\/www.afibmatters.org\/hr\/wp-json\/wp\/v2\/types\/page"}],"author":[{"embeddable":true,"href":"https:\/\/www.afibmatters.org\/hr\/wp-json\/wp\/v2\/users\/23"}],"replies":[{"embeddable":true,"href":"https:\/\/www.afibmatters.org\/hr\/wp-json\/wp\/v2\/comments?post=8793"}],"version-history":[{"count":1,"href":"https:\/\/www.afibmatters.org\/hr\/wp-json\/wp\/v2\/pages\/8793\/revisions"}],"predecessor-version":[{"id":8794,"href":"https:\/\/www.afibmatters.org\/hr\/wp-json\/wp\/v2\/pages\/8793\/revisions\/8794"}],"up":[{"embeddable":true,"href":"https:\/\/www.afibmatters.org\/hr\/wp-json\/wp\/v2\/pages\/8759"}],"wp:attachment":[{"href":"https:\/\/www.afibmatters.org\/hr\/wp-json\/wp\/v2\/media?parent=8793"}],"wp:term":[{"taxonomy":"category","embeddable":true,"href":"https:\/\/www.afibmatters.org\/hr\/wp-json\/wp\/v2\/categories?post=8793"},{"taxonomy":"post_tag","embeddable":true,"href":"https:\/\/www.afibmatters.org\/hr\/wp-json\/wp\/v2\/tags?post=8793"}],"curies":[{"name":"wp","href":"https:\/\/api.w.org\/{rel}","templated":true}]}}