{"id":8791,"date":"2024-02-06T11:05:16","date_gmt":"2024-02-06T11:05:16","guid":{"rendered":"https:\/\/www.afibmatters.org\/sto-moj-lijecnik-moze-uciniti\/vracanje-normalnog-srcanog-ritma-i-sprecavanje-ponovne-pojave-bolesti\/"},"modified":"2024-02-08T16:47:20","modified_gmt":"2024-02-08T16:47:20","slug":"vracanje-normalnog-srcanog-ritma-i-sprecavanje-ponovne-pojave-bolesti","status":"publish","type":"page","link":"https:\/\/www.afibmatters.org\/hr\/sto-moj-lijecnik-moze-uciniti\/vracanje-normalnog-srcanog-ritma-i-sprecavanje-ponovne-pojave-bolesti\/","title":{"rendered":"Vra\u0107anje normalnog sr\u010danog ritma i spre\u010davanje ponovne pojave bolesti"},"content":{"rendered":"<p>Ponekad kada imate epizodu fibrilacije atrija, normalni ritam se uspostavi sam bez intervencije. Ako se to ne dogodi ili ako imate simptome tijekom epizoda fibrilacije atrija, va\u0161 lije\u010dnik mo\u017ee predlo\u017eiti\u00a0<strong>vra\u0107anje sr\u010danog ritma<\/strong>\u00a0na normalni ritam (sinusni ritam). To nazivamo\u00a0<strong>kontrolom ritma<\/strong>.<\/p>\n<p>Kod odabira metode kontrole ritma postoje dvije mogu\u0107nosti uspostavljanja normalnog sinusnog ritma: pomo\u0107u lijekova (farmakolo\u0161ka kardioverzija) i elektri\u010dna kardioverzija.<\/p>\n<p>Prije kardioverzije, bilo da je rije\u010d o elektri\u010dnoj ili farmakolo\u0161koj, va\u0161 lije\u010dnik mo\u017ee zahtijevati da uzimate antikoagulanse (lijekove za razrje\u0111ivanje krvi) najmanje 3 tjedna prije postupka. U suprotnom, va\u0161 \u0107e lije\u010dnik prije kardioverzije mo\u017eda htjeti isklju\u010diti prisutnost krvnih ugru\u0161aka u srcu pomo\u0107u posebne slikovne dijagnosti\u010dke pretrage koja se zove transezofagealni ultrazvuk. Tako\u0111er \u0107ete morati nastaviti uzimati antikoagulanse najmanje 4 tjedna nakon kardioverzije kako biste smanjili rizik od mo\u017edanog udara. Ovisno o va\u0161em ukupnom riziku od mo\u017edanog udara, va\u0161 lije\u010dnik mo\u017ee zahtijevati da nastavite uzimati lijekove za razrje\u0111ivanje krvi do kraja \u017eivota.<\/p>\n<p>&nbsp;<\/p>\n<ul>\n<li>\n<h3>Lijekovi<\/h3>\n<\/li>\n<\/ul>\n<p><img loading=\"lazy\" decoding=\"async\" class=\"alignnone wp-image-6167 size-full\" src=\"https:\/\/cdn-endpoint-afib.azureedge.net\/afibmatters\/2022\/01\/iStock-467032360-1024x686-1-min.jpg?_t=1643277408\" sizes=\"auto, (max-width: 800px) 100vw, 800px\" srcset=\"https:\/\/cdn-endpoint-afib.azureedge.net\/afibmatters\/2022\/01\/iStock-467032360-1024x686-1-min.jpg 800w, https:\/\/cdn-endpoint-afib.azureedge.net\/afibmatters\/2022\/01\/iStock-467032360-1024x686-1-min-300x201.jpg 300w, https:\/\/cdn-endpoint-afib.azureedge.net\/afibmatters\/2022\/01\/iStock-467032360-1024x686-1-min-768x515.jpg 768w, https:\/\/cdn-endpoint-afib.azureedge.net\/afibmatters\/2022\/01\/iStock-467032360-1024x686-1-min-500x335.jpg 500w\" alt=\"\" width=\"800\" height=\"536\" \/><\/p>\n<p>Normalan ritam mo\u017ee se vratiti pomo\u0107u lijekova. To nazivamo\u00a0<strong>farmakolo\u0161kom kardioverzijom<\/strong>. Lijekovi su tako\u0111er korisni u spre\u010davanju ponovne pojave fibrilacije atrija.<\/p>\n<p>Lijekovi koji se koriste za vra\u0107anje sinusnog ritma i smanjenje u\u010destalosti epizoda fibrilacije atrija nazivaju se\u00a0<strong>\u201eantiaritmici\u201c<\/strong>, a naj\u010de\u0161\u0107e se koriste:<\/p>\n<ul>\n<li>\n<ul>\n<li>Flekainid<\/li>\n<li>Dronedaron<\/li>\n<li>Sotalol<\/li>\n<li>Amiodaron<\/li>\n<li>Propafenon<\/li>\n<li>Dizopiramid<\/li>\n<\/ul>\n<\/li>\n<\/ul>\n<p>&nbsp;<\/p>\n<p>Antiaritmici modificiraju elektri\u010dnu aktivnost sr\u010danih stanica, olak\u0161avaju\u0107i ponovno uspostavljanje normalnog sinusnog ritma. Osim konverzije fibrilacije atrija, antiaritmici tako\u0111er mogu pomo\u0107i u odr\u017eavanju normalnog sinusnog ritma i smanjiti mogu\u0107nost da \u0107e vam se fibrilacija atrija ponovno pojaviti.<\/p>\n<p>Ponekad \u0107ete mo\u017eda morati isprobati nekoliko antiaritmika prije nego prona\u0111ete onaj koji vam najvi\u0161e odgovara. Budu\u0107i da nisu svi antiaritmici prikladni za sve pacijente, va\u0161 \u0107e lije\u010dnik odlu\u010diti koji je za vas najprikladniji ovisno o va\u0161im drugim bolestima.<\/p>\n<p>Neki antiaritmici, poput amiodarona, mogu imati ozbiljne nuspojave. Va\u0161 \u0107e vas lije\u010dnik redovito nadzirati kako bi se uvjerio da mo\u017eete sigurno nastaviti uzimati ovaj lijek. Tako\u0111er mo\u017ee biti potrebno raditi krvne pretrage u svrhu pra\u0107enja lijeka. Va\u0161 \u0107e vam lije\u010dnik pomo\u0107i u odabiru najboljeg antiaritmika koji odgovara va\u0161oj klini\u010dkoj slici, te s njim mo\u017eete razgovarati o prednostima i mogu\u0107im nuspojavama.<\/p>\n<p>&nbsp;<\/p>\n<ul>\n<li><a href=\"https:\/\/www.afibmatters.org\/what-can-my-doctor-do\/what-is-a-cardioversion\/\">Kardioverzija<\/a><\/li>\n<li><a href=\"https:\/\/www.afibmatters.org\/what-can-my-doctor-do\/atrial-fibrillation-ablation\/\">Ablacija<\/a><\/li>\n<\/ul>\n<p>&nbsp;<\/p>\n<p><a href=\"https:\/\/www.afibmatters.org\/what-can-i-do\/how-should-i-change-my-life\/\"><strong>Saznajte vi\u0161e o: Koje \u017eivotne promjene bih trebao napraviti?<\/strong><\/a><\/p>\n","protected":false},"excerpt":{"rendered":"<p>Ponekad kada imate epizodu fibrilacije atrija, normalni ritam se uspostavi sam bez intervencije. Ako se to ne dogodi ili ako imate simptome tijekom epizoda fibrilacije atrija, va\u0161 lije\u010dnik mo\u017ee predlo\u017eiti\u00a0vra\u0107anje sr\u010danog ritma\u00a0na normalni ritam (sinusni ritam). To nazivamo\u00a0kontrolom ritma. Kod odabira metode kontrole ritma postoje dvije mogu\u0107nosti uspostavljanja normalnog sinusnog ritma: pomo\u0107u lijekova (farmakolo\u0161ka kardioverzija) [&hellip;]<\/p>\n","protected":false},"author":23,"featured_media":0,"parent":8759,"menu_order":15,"comment_status":"closed","ping_status":"closed","template":"","meta":{"_acf_changed":false,"footnotes":""},"categories":[287],"tags":[],"class_list":["post-8791","page","type-page","status-publish","hentry","category-sto-moj-lijecnik-moze-uciniti-hr"],"acf":[],"_links":{"self":[{"href":"https:\/\/www.afibmatters.org\/hr\/wp-json\/wp\/v2\/pages\/8791","targetHints":{"allow":["GET"]}}],"collection":[{"href":"https:\/\/www.afibmatters.org\/hr\/wp-json\/wp\/v2\/pages"}],"about":[{"href":"https:\/\/www.afibmatters.org\/hr\/wp-json\/wp\/v2\/types\/page"}],"author":[{"embeddable":true,"href":"https:\/\/www.afibmatters.org\/hr\/wp-json\/wp\/v2\/users\/23"}],"replies":[{"embeddable":true,"href":"https:\/\/www.afibmatters.org\/hr\/wp-json\/wp\/v2\/comments?post=8791"}],"version-history":[{"count":1,"href":"https:\/\/www.afibmatters.org\/hr\/wp-json\/wp\/v2\/pages\/8791\/revisions"}],"predecessor-version":[{"id":8792,"href":"https:\/\/www.afibmatters.org\/hr\/wp-json\/wp\/v2\/pages\/8791\/revisions\/8792"}],"up":[{"embeddable":true,"href":"https:\/\/www.afibmatters.org\/hr\/wp-json\/wp\/v2\/pages\/8759"}],"wp:attachment":[{"href":"https:\/\/www.afibmatters.org\/hr\/wp-json\/wp\/v2\/media?parent=8791"}],"wp:term":[{"taxonomy":"category","embeddable":true,"href":"https:\/\/www.afibmatters.org\/hr\/wp-json\/wp\/v2\/categories?post=8791"},{"taxonomy":"post_tag","embeddable":true,"href":"https:\/\/www.afibmatters.org\/hr\/wp-json\/wp\/v2\/tags?post=8791"}],"curies":[{"name":"wp","href":"https:\/\/api.w.org\/{rel}","templated":true}]}}