{"id":8783,"date":"2024-02-06T11:05:58","date_gmt":"2024-02-06T11:05:58","guid":{"rendered":"https:\/\/www.afibmatters.org\/sto-trebam-znati\/zasto-je-fibrilacija-atrija-opasna\/"},"modified":"2024-02-08T16:45:31","modified_gmt":"2024-02-08T16:45:31","slug":"zasto-je-fibrilacija-atrija-opasna","status":"publish","type":"page","link":"https:\/\/www.afibmatters.org\/hr\/sto-trebam-znati\/zasto-je-fibrilacija-atrija-opasna\/","title":{"rendered":"Za\u0161to je fibrilacija atrija opasna?"},"content":{"rendered":"<p>Mnogi bolesnici desetlje\u0107ima \u017eive s aritmijom bez problema. Me\u0111utim, ako se ne lije\u010di, fibrilacija atrija mo\u017ee dovesti do komplikacija, poput mo\u017edanog udara i zatajenja srca, koje mogu imati ozbiljne posljedice za va\u0161 \u017eivot.<\/p>\n<ul>\n<li><a href=\"https:\/\/www.afibmatters.org\/what-can-my-doctor-do\/how-to-prevent-heart-failure\/\">Rizik od zatajenja srca<\/a><\/li>\n<li><a href=\"https:\/\/www.afibmatters.org\/what-can-my-doctor-do\/how-to-prevent-stroke\/\">Rizik od mo\u017edanog udara<\/a><\/li>\n<\/ul>\n<p>&nbsp;<\/p>\n","protected":false},"excerpt":{"rendered":"<p>Mnogi bolesnici desetlje\u0107ima \u017eive s aritmijom bez problema. Me\u0111utim, ako se ne lije\u010di, fibrilacija atrija mo\u017ee dovesti do komplikacija, poput mo\u017edanog udara i zatajenja srca, koje mogu imati ozbiljne posljedice za va\u0161 \u017eivot. Rizik od zatajenja srca Rizik od mo\u017edanog udara &nbsp;<\/p>\n","protected":false},"author":24,"featured_media":0,"parent":8757,"menu_order":10,"comment_status":"closed","ping_status":"closed","template":"","meta":{"_acf_changed":false,"footnotes":""},"categories":[286],"tags":[],"class_list":["post-8783","page","type-page","status-publish","hentry","category-sto-trebam-znati-hr"],"acf":[],"_links":{"self":[{"href":"https:\/\/www.afibmatters.org\/hr\/wp-json\/wp\/v2\/pages\/8783","targetHints":{"allow":["GET"]}}],"collection":[{"href":"https:\/\/www.afibmatters.org\/hr\/wp-json\/wp\/v2\/pages"}],"about":[{"href":"https:\/\/www.afibmatters.org\/hr\/wp-json\/wp\/v2\/types\/page"}],"author":[{"embeddable":true,"href":"https:\/\/www.afibmatters.org\/hr\/wp-json\/wp\/v2\/users\/24"}],"replies":[{"embeddable":true,"href":"https:\/\/www.afibmatters.org\/hr\/wp-json\/wp\/v2\/comments?post=8783"}],"version-history":[{"count":1,"href":"https:\/\/www.afibmatters.org\/hr\/wp-json\/wp\/v2\/pages\/8783\/revisions"}],"predecessor-version":[{"id":8784,"href":"https:\/\/www.afibmatters.org\/hr\/wp-json\/wp\/v2\/pages\/8783\/revisions\/8784"}],"up":[{"embeddable":true,"href":"https:\/\/www.afibmatters.org\/hr\/wp-json\/wp\/v2\/pages\/8757"}],"wp:attachment":[{"href":"https:\/\/www.afibmatters.org\/hr\/wp-json\/wp\/v2\/media?parent=8783"}],"wp:term":[{"taxonomy":"category","embeddable":true,"href":"https:\/\/www.afibmatters.org\/hr\/wp-json\/wp\/v2\/categories?post=8783"},{"taxonomy":"post_tag","embeddable":true,"href":"https:\/\/www.afibmatters.org\/hr\/wp-json\/wp\/v2\/tags?post=8783"}],"curies":[{"name":"wp","href":"https:\/\/api.w.org\/{rel}","templated":true}]}}