{"id":8781,"date":"2024-02-06T09:52:33","date_gmt":"2024-02-06T09:52:33","guid":{"rendered":"https:\/\/www.afibmatters.org\/sto-trebam-znati\/kakav-je-osjecaj-imati-fibrilaciju-atrija\/"},"modified":"2024-02-08T16:44:55","modified_gmt":"2024-02-08T16:44:55","slug":"kakav-je-osjecaj-imati-fibrilaciju-atrija","status":"publish","type":"page","link":"https:\/\/www.afibmatters.org\/hr\/sto-trebam-znati\/kakav-je-osjecaj-imati-fibrilaciju-atrija\/","title":{"rendered":"Kakav je osje\u0107aj imati fibrilaciju atrija?"},"content":{"rendered":"<p><img loading=\"lazy\" decoding=\"async\" class=\"alignnone size-large wp-image-1053\" src=\"https:\/\/cdn-endpoint-afib.azureedge.net\/afibmatters\/2020\/01\/iStock-516900090-1024x680.jpg\" alt=\"Heartbeat\" width=\"1024\" height=\"680\" srcset=\"https:\/\/cdn-endpoint-afib.azureedge.net\/afibmatters\/2020\/01\/iStock-516900090-1024x680.jpg 1024w, https:\/\/cdn-endpoint-afib.azureedge.net\/afibmatters\/2020\/01\/iStock-516900090-300x199.jpg 300w, https:\/\/cdn-endpoint-afib.azureedge.net\/afibmatters\/2020\/01\/iStock-516900090-768x510.jpg 768w, https:\/\/cdn-endpoint-afib.azureedge.net\/afibmatters\/2020\/01\/iStock-516900090-1536x1020.jpg 1536w, https:\/\/cdn-endpoint-afib.azureedge.net\/afibmatters\/2020\/01\/iStock-516900090-2048x1360.jpg 2048w, https:\/\/cdn-endpoint-afib.azureedge.net\/afibmatters\/2020\/01\/iStock-516900090-500x332.jpg 500w\" sizes=\"auto, (max-width: 1024px) 100vw, 1024px\" \/><\/p>\n<p>Osje\u0107aj fibrilacije atrija razlikuje se od osobe do osobe. Neki bolesnici primje\u0107uju\u00a0<a href=\"https:\/\/www.afibmatters.org\/what-do-i-need-to-know\/how-does-it-feel-to-have-atrial-fibrillation\/palpitations\/\">palpitacije<\/a>\u00a0i nepravilne otkucaje i odmah mogu prepoznati po\u010detak fibrilacije atrija. Drugi osje\u0107aju\u00a0<a href=\"https:\/\/www.afibmatters.org\/what-do-i-need-to-know\/how-does-it-feel-to-have-atrial-fibrillation\/chest-pain\/\">nelagodu u prsima<\/a>,\u00a0<a href=\"https:\/\/www.afibmatters.org\/what-do-i-need-to-know\/how-does-it-feel-to-have-atrial-fibrillation\/breathlessness\/\">nedostatak zraka<\/a>,\u00a0<a href=\"https:\/\/www.afibmatters.org\/what-do-i-need-to-know\/how-does-it-feel-to-have-atrial-fibrillation\/fainting-dizziness-and-blackouts\/\">o\u0161amu\u0107enost, vrtoglavicu<\/a>, ili osje\u0107aj op\u0107eg\u00a0<a href=\"https:\/\/www.afibmatters.org\/what-do-i-need-to-know\/how-does-it-feel-to-have-atrial-fibrillation\/fatigue\/\">umora<\/a>, bez\u00a0<a href=\"https:\/\/www.afibmatters.org\/what-do-i-need-to-know\/how-does-it-feel-to-have-atrial-fibrillation\/palpitations\/\">palpitacija<\/a>. Kod nekih osoba simptomi fibrilacije atrija mogu se pojaviti u mirovanju, dok se kod nekih javljaju tijekom tjelovje\u017ebe.<\/p>\n<p>Po\u010detak epizode fibrilacije atrija nije uvijek jasan. U nekim slu\u010dajevima, simptomi se javljaju naglo dok se u drugima javlja smanjena sposobnost vje\u017ebanja. U potonjem slu\u010daju, \u010desto se ne posumnja na fibrilaciju atrija i mo\u017ee pro\u0107i dosta prije nego bolesnik potra\u017ei lije\u010dni\u010dku pomo\u0107.<\/p>\n<p>Naposljetku, mogu\u0107e je da osoba s fibrilacijom atrija nema nikakvih simptoma, a aritmija se otkrije slu\u010dajno, primjerice tijekom rutinskog pregleda ili kori\u0161tenja nosivih elektroni\u010dkih ure\u0111aja.<\/p>\n<p>Nije jasno zbog \u010dega neke osobe s fibrilacijom atrija imaju simptome, dok druge ne. U mnogih bolesnika simptomi su povezano s ubrzanim otkucajima. Me\u0111utim neki bolesnici imaju simptome, iako nemaju ubrzane otkucaje. U nekim slu\u010dajevima, srce kuca presporo tijekom epizode fibrilacije atrija \u0161to tako\u0111er mo\u017ee izazvati simptome.<\/p>\n<p>Epizode fibrilacije atrija mogu nestati bez lije\u010denja, me\u0111utim trebali biste razgovarati sa svojim lije\u010dnikom \u0161to u\u010dinit ako se epizoda ponovi. Ako osjetite neugodne simptome zbog kojih se osje\u0107ate lo\u0161e (poput mu\u010dnine,\u00a0<a href=\"https:\/\/www.afibmatters.org\/what-do-i-need-to-know\/how-does-it-feel-to-have-atrial-fibrillation\/chest-pain\/\">bolova u prsima<\/a>,\u00a0<a href=\"https:\/\/www.afibmatters.org\/what-do-i-need-to-know\/how-does-it-feel-to-have-atrial-fibrillation\/fainting-dizziness-and-blackouts\/\">nesvjestice<\/a>, itd.) trebate potra\u017eiti hitnu medicinsku pomo\u0107 u bolnici.<\/p>\n<p>&nbsp;<\/p>\n","protected":false},"excerpt":{"rendered":"<p>Osje\u0107aj fibrilacije atrija razlikuje se od osobe do osobe. Neki bolesnici primje\u0107uju\u00a0palpitacije\u00a0i nepravilne otkucaje i odmah mogu prepoznati po\u010detak fibrilacije atrija. Drugi osje\u0107aju\u00a0nelagodu u prsima,\u00a0nedostatak zraka,\u00a0o\u0161amu\u0107enost, vrtoglavicu, ili osje\u0107aj op\u0107eg\u00a0umora, bez\u00a0palpitacija. Kod nekih osoba simptomi fibrilacije atrija mogu se pojaviti u mirovanju, dok se kod nekih javljaju tijekom tjelovje\u017ebe. Po\u010detak epizode fibrilacije atrija nije uvijek [&hellip;]<\/p>\n","protected":false},"author":24,"featured_media":0,"parent":8757,"menu_order":9,"comment_status":"closed","ping_status":"closed","template":"","meta":{"_acf_changed":false,"footnotes":""},"categories":[286],"tags":[],"class_list":["post-8781","page","type-page","status-publish","hentry","category-sto-trebam-znati-hr"],"acf":[],"_links":{"self":[{"href":"https:\/\/www.afibmatters.org\/hr\/wp-json\/wp\/v2\/pages\/8781","targetHints":{"allow":["GET"]}}],"collection":[{"href":"https:\/\/www.afibmatters.org\/hr\/wp-json\/wp\/v2\/pages"}],"about":[{"href":"https:\/\/www.afibmatters.org\/hr\/wp-json\/wp\/v2\/types\/page"}],"author":[{"embeddable":true,"href":"https:\/\/www.afibmatters.org\/hr\/wp-json\/wp\/v2\/users\/24"}],"replies":[{"embeddable":true,"href":"https:\/\/www.afibmatters.org\/hr\/wp-json\/wp\/v2\/comments?post=8781"}],"version-history":[{"count":1,"href":"https:\/\/www.afibmatters.org\/hr\/wp-json\/wp\/v2\/pages\/8781\/revisions"}],"predecessor-version":[{"id":8782,"href":"https:\/\/www.afibmatters.org\/hr\/wp-json\/wp\/v2\/pages\/8781\/revisions\/8782"}],"up":[{"embeddable":true,"href":"https:\/\/www.afibmatters.org\/hr\/wp-json\/wp\/v2\/pages\/8757"}],"wp:attachment":[{"href":"https:\/\/www.afibmatters.org\/hr\/wp-json\/wp\/v2\/media?parent=8781"}],"wp:term":[{"taxonomy":"category","embeddable":true,"href":"https:\/\/www.afibmatters.org\/hr\/wp-json\/wp\/v2\/categories?post=8781"},{"taxonomy":"post_tag","embeddable":true,"href":"https:\/\/www.afibmatters.org\/hr\/wp-json\/wp\/v2\/tags?post=8781"}],"curies":[{"name":"wp","href":"https:\/\/api.w.org\/{rel}","templated":true}]}}