{"id":8779,"date":"2024-02-06T10:57:52","date_gmt":"2024-02-06T10:57:52","guid":{"rendered":"https:\/\/www.afibmatters.org\/sto-trebam-znati\/tko-ima-povecani-rizik-od-fibrilacije-atrija\/"},"modified":"2024-02-08T16:44:32","modified_gmt":"2024-02-08T16:44:32","slug":"tko-ima-povecani-rizik-od-fibrilacije-atrija","status":"publish","type":"page","link":"https:\/\/www.afibmatters.org\/hr\/sto-trebam-znati\/tko-ima-povecani-rizik-od-fibrilacije-atrija\/","title":{"rendered":"Tko ima pove\u0107ani rizik od fibrilacije atrija?"},"content":{"rendered":"<p><img loading=\"lazy\" decoding=\"async\" class=\"size-large wp-image-1043\" src=\"https:\/\/cdn-endpoint-afib.azureedge.net\/afibmatters\/2020\/01\/iStock-499570490-1024x683.jpg\" alt=\"\" width=\"1024\" height=\"683\" srcset=\"https:\/\/cdn-endpoint-afib.azureedge.net\/afibmatters\/2020\/01\/iStock-499570490-1024x683.jpg 1024w, https:\/\/cdn-endpoint-afib.azureedge.net\/afibmatters\/2020\/01\/iStock-499570490-300x200.jpg 300w, https:\/\/cdn-endpoint-afib.azureedge.net\/afibmatters\/2020\/01\/iStock-499570490-768x512.jpg 768w, https:\/\/cdn-endpoint-afib.azureedge.net\/afibmatters\/2020\/01\/iStock-499570490-1536x1024.jpg 1536w, https:\/\/cdn-endpoint-afib.azureedge.net\/afibmatters\/2020\/01\/iStock-499570490-2048x1365.jpg 2048w, https:\/\/cdn-endpoint-afib.azureedge.net\/afibmatters\/2020\/01\/iStock-499570490-500x333.jpg 500w\" sizes=\"auto, (max-width: 1024px) 100vw, 1024px\" \/><\/p>\n<p>Nije u potpunosti jasno kako nastaje fibrilacija atrija, ali postoje mnogi \u010dimbenici koji pove\u0107avaju\u00a0<strong>rizik od pojave fibrilacije atrija<\/strong>\u00a0tijekom va\u0161eg \u017eivota, a primjeri su navedeni u tablici u nastavku. Osim bolesti srca, rizici uklju\u010duju i\u00a0<strong>bolesti<\/strong>\u00a0poput dijabetesa ili bolesti bubrega. Va\u017eno je lije\u010diti ove komorbiditete kako bi se postigli optimalni rezultati lije\u010denja fibrilacije atrija.<\/p>\n<p>U pro\u0161losti, pojam \u201eizolirane fibrilacije atrija\u201c koristio se za bolesnike koji nisu imali jasnih faktora rizika ili prate\u0107ih bolesti zbog kojih bi bili skloniji pojavi fibrilacije atrija. Me\u0111utim, sve je vi\u0161e dokaza koji ukazuju da je odre\u0111en uzrok prisutan kod svih bolesnika i stoga je pojam izolirane fibrilacije atrije zbunjuju\u0107i i ne bi trebao vi\u0161e koristiti.<\/p>\n<table style=\"width: 64.7997%; height: 288px;\">\n<tbody>\n<tr>\n<th style=\"width: 47.2876%;\"><strong>Na\u010din \u017eivota<\/strong><\/th>\n<th style=\"height: 24px; width: 52.0983%;\"><strong>Komorbiditeti \/ Druge bolesti<\/strong><\/th>\n<\/tr>\n<tr style=\"height: 24px;\">\n<td style=\"height: 24px; width: 47.2876%;\"><a href=\"https:\/\/www.afibmatters.org\/what-can-i-do\/how-should-i-change-my-life\/alcohol\/\">Zlouporaba alkohola<\/a><\/td>\n<td style=\"height: 24px; width: 52.0983%;\">Visoki krvni tlak \/ dijabetes<\/td>\n<\/tr>\n<tr style=\"height: 48px;\">\n<td style=\"height: 48px; width: 47.2876%;\"><a href=\"https:\/\/www.afibmatters.org\/what-can-i-do\/how-should-i-change-my-life\/obesity\/\">Pretilost<\/a><\/td>\n<td style=\"height: 48px; width: 52.0983%;\">Sr\u010dani udar \/ Koronarna bolest srca<\/td>\n<\/tr>\n<tr style=\"height: 48px;\">\n<td style=\"height: 48px; width: 47.2876%;\"><a href=\"https:\/\/www.afibmatters.org\/what-can-i-do\/how-should-i-change-my-life\/obesity\/\">Fizi\u010dka neaktivnost ili pretjerano bavljenje sportovima izdr\u017eljivosti<\/a><\/td>\n<td style=\"height: 48px; width: 52.0983%;\">Zatajenje srca ili bolest sr\u010danih zalistaka<\/td>\n<\/tr>\n<tr style=\"height: 48px;\">\n<td style=\"height: 48px; width: 47.2876%;\"><a href=\"https:\/\/www.afibmatters.org\/what-can-i-do\/how-should-i-change-my-life\/smoking\/\">Pu\u0161enje<\/a><\/td>\n<td style=\"height: 48px; width: 52.0983%;\">Poreme\u0107aji spavanja \/ Opstruktivna apneja u spavanju<\/td>\n<\/tr>\n<tr style=\"height: 24px;\">\n<td style=\"height: 24px; width: 47.2876%;\"><a href=\"https:\/\/www.afibmatters.org\/what-can-i-do\/how-should-i-change-my-life\/stress\/\">Stres<\/a><\/td>\n<td style=\"height: 24px; width: 52.0983%;\">Kardiolo\u0161ka operacija<\/td>\n<\/tr>\n<tr style=\"height: 24px;\">\n<td style=\"height: 24px; width: 47.2876%;\">Zlouporaba stimulansa (uklju\u010duju\u0107i kofein)<\/td>\n<td style=\"height: 24px; width: 52.0983%;\">Tirotoksikoza (hiperaktivna \u0161titnja\u010da)<\/td>\n<\/tr>\n<tr style=\"height: 24px;\">\n<td style=\"height: 24px; width: 47.2876%;\"><\/td>\n<td style=\"height: 24px; width: 52.0983%;\">Plu\u0107na infekcija<\/td>\n<\/tr>\n<tr style=\"height: 24px;\">\n<td style=\"height: 24px; width: 47.2876%;\"><\/td>\n<td style=\"height: 24px; width: 52.0983%;\">Priro\u0111ena bolest srca<\/td>\n<\/tr>\n<\/tbody>\n<\/table>\n<p>&nbsp;<\/p>\n","protected":false},"excerpt":{"rendered":"<p>Nije u potpunosti jasno kako nastaje fibrilacija atrija, ali postoje mnogi \u010dimbenici koji pove\u0107avaju\u00a0rizik od pojave fibrilacije atrija\u00a0tijekom va\u0161eg \u017eivota, a primjeri su navedeni u tablici u nastavku. Osim bolesti srca, rizici uklju\u010duju i\u00a0bolesti\u00a0poput dijabetesa ili bolesti bubrega. Va\u017eno je lije\u010diti ove komorbiditete kako bi se postigli optimalni rezultati lije\u010denja fibrilacije atrija. U pro\u0161losti, pojam [&hellip;]<\/p>\n","protected":false},"author":24,"featured_media":0,"parent":8757,"menu_order":8,"comment_status":"closed","ping_status":"closed","template":"","meta":{"_acf_changed":false,"footnotes":""},"categories":[286],"tags":[],"class_list":["post-8779","page","type-page","status-publish","hentry","category-sto-trebam-znati-hr"],"acf":[],"_links":{"self":[{"href":"https:\/\/www.afibmatters.org\/hr\/wp-json\/wp\/v2\/pages\/8779","targetHints":{"allow":["GET"]}}],"collection":[{"href":"https:\/\/www.afibmatters.org\/hr\/wp-json\/wp\/v2\/pages"}],"about":[{"href":"https:\/\/www.afibmatters.org\/hr\/wp-json\/wp\/v2\/types\/page"}],"author":[{"embeddable":true,"href":"https:\/\/www.afibmatters.org\/hr\/wp-json\/wp\/v2\/users\/24"}],"replies":[{"embeddable":true,"href":"https:\/\/www.afibmatters.org\/hr\/wp-json\/wp\/v2\/comments?post=8779"}],"version-history":[{"count":1,"href":"https:\/\/www.afibmatters.org\/hr\/wp-json\/wp\/v2\/pages\/8779\/revisions"}],"predecessor-version":[{"id":8780,"href":"https:\/\/www.afibmatters.org\/hr\/wp-json\/wp\/v2\/pages\/8779\/revisions\/8780"}],"up":[{"embeddable":true,"href":"https:\/\/www.afibmatters.org\/hr\/wp-json\/wp\/v2\/pages\/8757"}],"wp:attachment":[{"href":"https:\/\/www.afibmatters.org\/hr\/wp-json\/wp\/v2\/media?parent=8779"}],"wp:term":[{"taxonomy":"category","embeddable":true,"href":"https:\/\/www.afibmatters.org\/hr\/wp-json\/wp\/v2\/categories?post=8779"},{"taxonomy":"post_tag","embeddable":true,"href":"https:\/\/www.afibmatters.org\/hr\/wp-json\/wp\/v2\/tags?post=8779"}],"curies":[{"name":"wp","href":"https:\/\/api.w.org\/{rel}","templated":true}]}}