{"id":8775,"date":"2024-02-06T11:16:23","date_gmt":"2024-02-06T11:16:23","guid":{"rendered":"https:\/\/www.afibmatters.org\/sto-je-fibrilacija-atrija\/razliciti-tipovi-fibrilacije-atrija\/"},"modified":"2024-02-08T16:43:44","modified_gmt":"2024-02-08T16:43:44","slug":"razliciti-tipovi-fibrilacije-atrija","status":"publish","type":"page","link":"https:\/\/www.afibmatters.org\/hr\/sto-je-fibrilacija-atrija\/razliciti-tipovi-fibrilacije-atrija\/","title":{"rendered":"Razli\u010diti tipovi fibrilacije atrija"},"content":{"rendered":"<p><img loading=\"lazy\" decoding=\"async\" class=\"wp-image-5587 size-full aligncenter\" src=\"https:\/\/cdn-endpoint-afib.azureedge.net\/afibmatters\/2022\/01\/iStock-653030504-Converted-e1576842831897-1024x865-min-2.jpg?_t=1643193170\" alt=\"\" width=\"500\" height=\"422\" srcset=\"https:\/\/cdn-endpoint-afib.azureedge.net\/afibmatters\/2022\/01\/iStock-653030504-Converted-e1576842831897-1024x865-min-2.jpg 500w, https:\/\/cdn-endpoint-afib.azureedge.net\/afibmatters\/2022\/01\/iStock-653030504-Converted-e1576842831897-1024x865-min-2-300x253.jpg 300w, https:\/\/cdn-endpoint-afib.azureedge.net\/afibmatters\/2022\/01\/iStock-653030504-Converted-e1576842831897-1024x865-min-2-429x362.jpg 429w\" sizes=\"auto, (max-width: 500px) 100vw, 500px\" \/><\/p>\n<p>&nbsp;<\/p>\n<p>Ako fibrilacija atrija prestane unutar kratkog vremena, tada se naziva\u00a0<strong>paroksizmalnom,\u00a0<\/strong>\u00a0ali ako je stalno prisutna ili traje dulje vrijeme, radi se o\u00a0<strong>perzistentnoj<\/strong>\u00a0fibrilaciji atrija. Kada nije mogu\u0107e povratiti normalni sr\u010dani ritam, takva fibrilacija atrija naziva se\u00a0<strong>permanentnom<\/strong>. Ovi tipovi fibrilacije atrija imaju razli\u010dit odgovor na terapiju te se stoga zbrinjavaju na razli\u010dite na\u010dine.<\/p>\n<p>&nbsp;<\/p>\n<table style=\"width: 771px;\">\n<tbody>\n<tr>\n<th style=\"width: 234px;\"><strong>Paroksizmalna<\/strong><\/th>\n<td style=\"width: 537px;\">Epizode fibrilacije atrija traju kra\u0107e od 7 dana.<\/td>\n<\/tr>\n<tr>\n<th style=\"width: 234px;\"><strong>Perzistentna<\/strong><\/th>\n<td style=\"width: 537px;\">Epizoda fibrilacije atrija traje dulje od 7 dana.<\/td>\n<\/tr>\n<tr>\n<th style=\"width: 234px;\"><strong><i>Long-standing<\/i>\u00a0perzistentna<\/strong><\/th>\n<td style=\"width: 537px;\">Epizoda fibrilacije atrija traje dulje od godinu dana.<\/td>\n<\/tr>\n<tr>\n<th style=\"width: 234px;\"><strong>Permanentna<\/strong><\/th>\n<td style=\"width: 537px;\">Ne poku\u0161ava se ili nije mogu\u0107e povratiti normalan ritam.<\/td>\n<\/tr>\n<\/tbody>\n<\/table>\n<p>&nbsp;<\/p>\n<p>&nbsp;<\/p>\n","protected":false},"excerpt":{"rendered":"<p>&nbsp; Ako fibrilacija atrija prestane unutar kratkog vremena, tada se naziva\u00a0paroksizmalnom,\u00a0\u00a0ali ako je stalno prisutna ili traje dulje vrijeme, radi se o\u00a0perzistentnoj\u00a0fibrilaciji atrija. Kada nije mogu\u0107e povratiti normalni sr\u010dani ritam, takva fibrilacija atrija naziva se\u00a0permanentnom. Ovi tipovi fibrilacije atrija imaju razli\u010dit odgovor na terapiju te se stoga zbrinjavaju na razli\u010dite na\u010dine. &nbsp; Paroksizmalna Epizode fibrilacije [&hellip;]<\/p>\n","protected":false},"author":24,"featured_media":0,"parent":8755,"menu_order":5,"comment_status":"closed","ping_status":"closed","template":"","meta":{"_acf_changed":false,"footnotes":""},"categories":[285],"tags":[],"class_list":["post-8775","page","type-page","status-publish","hentry","category-sto-je-fibrilacija-atrija-hr"],"acf":[],"_links":{"self":[{"href":"https:\/\/www.afibmatters.org\/hr\/wp-json\/wp\/v2\/pages\/8775","targetHints":{"allow":["GET"]}}],"collection":[{"href":"https:\/\/www.afibmatters.org\/hr\/wp-json\/wp\/v2\/pages"}],"about":[{"href":"https:\/\/www.afibmatters.org\/hr\/wp-json\/wp\/v2\/types\/page"}],"author":[{"embeddable":true,"href":"https:\/\/www.afibmatters.org\/hr\/wp-json\/wp\/v2\/users\/24"}],"replies":[{"embeddable":true,"href":"https:\/\/www.afibmatters.org\/hr\/wp-json\/wp\/v2\/comments?post=8775"}],"version-history":[{"count":1,"href":"https:\/\/www.afibmatters.org\/hr\/wp-json\/wp\/v2\/pages\/8775\/revisions"}],"predecessor-version":[{"id":8776,"href":"https:\/\/www.afibmatters.org\/hr\/wp-json\/wp\/v2\/pages\/8775\/revisions\/8776"}],"up":[{"embeddable":true,"href":"https:\/\/www.afibmatters.org\/hr\/wp-json\/wp\/v2\/pages\/8755"}],"wp:attachment":[{"href":"https:\/\/www.afibmatters.org\/hr\/wp-json\/wp\/v2\/media?parent=8775"}],"wp:term":[{"taxonomy":"category","embeddable":true,"href":"https:\/\/www.afibmatters.org\/hr\/wp-json\/wp\/v2\/categories?post=8775"},{"taxonomy":"post_tag","embeddable":true,"href":"https:\/\/www.afibmatters.org\/hr\/wp-json\/wp\/v2\/tags?post=8775"}],"curies":[{"name":"wp","href":"https:\/\/api.w.org\/{rel}","templated":true}]}}