{"id":8773,"date":"2024-02-06T11:19:00","date_gmt":"2024-02-06T11:19:00","guid":{"rendered":"https:\/\/www.afibmatters.org\/sto-je-fibrilacija-atrija\/srce-tijekom-fibrilacije-atrija\/"},"modified":"2024-02-28T12:53:26","modified_gmt":"2024-02-28T12:53:26","slug":"srce-tijekom-fibrilacije-atrija","status":"publish","type":"page","link":"https:\/\/www.afibmatters.org\/hr\/sto-je-fibrilacija-atrija\/srce-tijekom-fibrilacije-atrija\/","title":{"rendered":"Srce tijekom fibrilacije atrija"},"content":{"rendered":"<p>Fibrilacija atrija je poreme\u0107aj sr\u010danog ritma koji nastaje u atriju i uzrokuje nepravilan i \u010desto ubrzan ritam. Zbog nepravilne i ubrzane aktivacije atrija dolazi do izostanka kontrakcije \u0161to uzrokuje usporavanje, pa \u010dak i zastoj protoka krvi.<\/p>\n<p><img loading=\"lazy\" decoding=\"async\" class=\"alignnone wp-image-8411 size-full\" src=\"https:\/\/cdn-endpoint-afib.azureedge.net\/afibmatters\/2024\/02\/afib-hr.png\" alt=\"\" width=\"1024\" height=\"700\" \/><\/p>\n","protected":false},"excerpt":{"rendered":"<p>Fibrilacija atrija je poreme\u0107aj sr\u010danog ritma koji nastaje u atriju i uzrokuje nepravilan i \u010desto ubrzan ritam. Zbog nepravilne i ubrzane aktivacije atrija dolazi do izostanka kontrakcije \u0161to uzrokuje usporavanje, pa \u010dak i zastoj protoka krvi.<\/p>\n","protected":false},"author":24,"featured_media":0,"parent":8755,"menu_order":4,"comment_status":"closed","ping_status":"closed","template":"","meta":{"_acf_changed":false,"footnotes":""},"categories":[285],"tags":[],"class_list":["post-8773","page","type-page","status-publish","hentry","category-sto-je-fibrilacija-atrija-hr"],"acf":[],"_links":{"self":[{"href":"https:\/\/www.afibmatters.org\/hr\/wp-json\/wp\/v2\/pages\/8773","targetHints":{"allow":["GET"]}}],"collection":[{"href":"https:\/\/www.afibmatters.org\/hr\/wp-json\/wp\/v2\/pages"}],"about":[{"href":"https:\/\/www.afibmatters.org\/hr\/wp-json\/wp\/v2\/types\/page"}],"author":[{"embeddable":true,"href":"https:\/\/www.afibmatters.org\/hr\/wp-json\/wp\/v2\/users\/24"}],"replies":[{"embeddable":true,"href":"https:\/\/www.afibmatters.org\/hr\/wp-json\/wp\/v2\/comments?post=8773"}],"version-history":[{"count":2,"href":"https:\/\/www.afibmatters.org\/hr\/wp-json\/wp\/v2\/pages\/8773\/revisions"}],"predecessor-version":[{"id":8936,"href":"https:\/\/www.afibmatters.org\/hr\/wp-json\/wp\/v2\/pages\/8773\/revisions\/8936"}],"up":[{"embeddable":true,"href":"https:\/\/www.afibmatters.org\/hr\/wp-json\/wp\/v2\/pages\/8755"}],"wp:attachment":[{"href":"https:\/\/www.afibmatters.org\/hr\/wp-json\/wp\/v2\/media?parent=8773"}],"wp:term":[{"taxonomy":"category","embeddable":true,"href":"https:\/\/www.afibmatters.org\/hr\/wp-json\/wp\/v2\/categories?post=8773"},{"taxonomy":"post_tag","embeddable":true,"href":"https:\/\/www.afibmatters.org\/hr\/wp-json\/wp\/v2\/tags?post=8773"}],"curies":[{"name":"wp","href":"https:\/\/api.w.org\/{rel}","templated":true}]}}