{"id":8771,"date":"2024-02-06T11:34:39","date_gmt":"2024-02-06T11:34:39","guid":{"rendered":"https:\/\/www.afibmatters.org\/sto-je-fibrilacija-atrija\/normalan-srcani-ritam-i-anatomija\/"},"modified":"2024-02-28T12:50:10","modified_gmt":"2024-02-28T12:50:10","slug":"normalan-srcani-ritam-i-anatomija","status":"publish","type":"page","link":"https:\/\/www.afibmatters.org\/hr\/sto-je-fibrilacija-atrija\/normalan-srcani-ritam-i-anatomija\/","title":{"rendered":"Normalan sr\u010dani ritam i anatomija"},"content":{"rendered":"<p>Srce se sastoji od 4 komore. Gornje komore nazivaju se\u00a0<strong>desna i lijeva pretklijetka (atriji)<\/strong>, a donje komore nazivaju se\u00a0<strong>desna i lijeva klijetka (ventrikuli)<\/strong>.<\/p>\n<p>U pretklijetke dolazi krv koja se vra\u0107a u srce putem vena i koja zatim ispunjava sr\u010dane klijetke.<\/p>\n<p>Sr\u010dani ritam po\u010dinje u\u00a0<strong>sinusnom \u010dvoru<\/strong>, skupini specijaliziranih stanica koje stvaraju elektri\u010dnu aktivnost.<\/p>\n<p><img loading=\"lazy\" decoding=\"async\" class=\"alignnone wp-image-8397 size-full\" src=\"https:\/\/cdn-endpoint-afib.azureedge.net\/afibmatters\/2024\/02\/afib-normal-heartbeat-hr.png\" alt=\"\" width=\"1024\" height=\"731\" \/><\/p>\n<p>Elektri\u010dni impuls se \u0161iri iz sinusnog \u010dvora kroz pretklijetke prema glavnom oda\u0161ilja\u010du u srcu \u201e<strong>atrioventrikularnom \u010dvoru<\/strong>\u201c. Impuls se od ovog \u010dvora \u0161iri prema klijetkama i srce se ste\u017ee kako bi istisnulo krv u tijelo.<\/p>\n<p><strong>Plu\u0107ne vene<\/strong>\u00a0prenose krv iz plu\u0107a prema lijevoj pretklijetki. Ve\u0107ina bolesnika ima 4 vene, a spoj ovih vena s lijevom pretklijetkom mo\u017ee pokazivati abnormalna elektri\u010dna svojstva koja uzroku fibrilaciju atrija.<\/p>\n<p>&nbsp;<\/p>\n<p>&nbsp;<\/p>\n","protected":false},"excerpt":{"rendered":"<p>Srce se sastoji od 4 komore. Gornje komore nazivaju se\u00a0desna i lijeva pretklijetka (atriji), a donje komore nazivaju se\u00a0desna i lijeva klijetka (ventrikuli). U pretklijetke dolazi krv koja se vra\u0107a u srce putem vena i koja zatim ispunjava sr\u010dane klijetke. Sr\u010dani ritam po\u010dinje u\u00a0sinusnom \u010dvoru, skupini specijaliziranih stanica koje stvaraju elektri\u010dnu aktivnost. Elektri\u010dni impuls se [&hellip;]<\/p>\n","protected":false},"author":24,"featured_media":0,"parent":8755,"menu_order":3,"comment_status":"closed","ping_status":"closed","template":"","meta":{"_acf_changed":false,"footnotes":""},"categories":[285],"tags":[],"class_list":["post-8771","page","type-page","status-publish","hentry","category-sto-je-fibrilacija-atrija-hr"],"acf":[],"_links":{"self":[{"href":"https:\/\/www.afibmatters.org\/hr\/wp-json\/wp\/v2\/pages\/8771","targetHints":{"allow":["GET"]}}],"collection":[{"href":"https:\/\/www.afibmatters.org\/hr\/wp-json\/wp\/v2\/pages"}],"about":[{"href":"https:\/\/www.afibmatters.org\/hr\/wp-json\/wp\/v2\/types\/page"}],"author":[{"embeddable":true,"href":"https:\/\/www.afibmatters.org\/hr\/wp-json\/wp\/v2\/users\/24"}],"replies":[{"embeddable":true,"href":"https:\/\/www.afibmatters.org\/hr\/wp-json\/wp\/v2\/comments?post=8771"}],"version-history":[{"count":2,"href":"https:\/\/www.afibmatters.org\/hr\/wp-json\/wp\/v2\/pages\/8771\/revisions"}],"predecessor-version":[{"id":8935,"href":"https:\/\/www.afibmatters.org\/hr\/wp-json\/wp\/v2\/pages\/8771\/revisions\/8935"}],"up":[{"embeddable":true,"href":"https:\/\/www.afibmatters.org\/hr\/wp-json\/wp\/v2\/pages\/8755"}],"wp:attachment":[{"href":"https:\/\/www.afibmatters.org\/hr\/wp-json\/wp\/v2\/media?parent=8771"}],"wp:term":[{"taxonomy":"category","embeddable":true,"href":"https:\/\/www.afibmatters.org\/hr\/wp-json\/wp\/v2\/categories?post=8771"},{"taxonomy":"post_tag","embeddable":true,"href":"https:\/\/www.afibmatters.org\/hr\/wp-json\/wp\/v2\/tags?post=8771"}],"curies":[{"name":"wp","href":"https:\/\/api.w.org\/{rel}","templated":true}]}}