{"id":8767,"date":"2024-02-06T11:49:35","date_gmt":"2024-02-06T11:49:35","guid":{"rendered":"https:\/\/www.afibmatters.org\/autori-i-sadrzaj\/"},"modified":"2024-02-08T16:41:44","modified_gmt":"2024-02-08T16:41:44","slug":"autori-i-sadrzaj","status":"publish","type":"page","link":"https:\/\/www.afibmatters.org\/hr\/autori-i-sadrzaj\/","title":{"rendered":"Autori i sadr\u017eaj"},"content":{"rendered":"<p>Internetska stranica afibmatters.org razvijena je pod vodstvom\u00a0<a href=\"https:\/\/www.escardio.org\/Sub-specialty-communities\/European-Heart-Rhythm-Association-(EHRA)\">Europskog dru\u0161tva za sr\u010dani ritam Europskog kardiolo\u0161kog dru\u0161tva.<\/a><\/p>\n<p>Sadr\u017eaj ove internetske stranice je originalan i temelji se na preporukama u skladu s Europskim smjernicama za praksu.<\/p>\n<h3>Radna skupina:<\/h3>\n<h3>2020.-2022.<\/h3>\n<p><a href=\"#david-duncker\">Dr. David Duncker \/ Predsjednik EHRA-inog Odbora za e-komunikacije<\/a><br \/>\n<a href=\"#rodrigue-garcia\">Dr. Rodrigue Garcia<\/a><br \/>\n<a href=\"#federico-guerra\">Izv. Prof. Federico Guerra<\/a><br \/>\n<a href=\"#barbara-kommata\">Dr. Barbara Kommata<\/a><br \/>\n<a href=\"#dominik-linz\">Izv. Prof. Dominik Linz<\/a><br \/>\n<a href=\"#jean-claude-deharo\">Prof. Jean-Claude Deharo \/ EHRA-in koordinator za bolesnike<\/a><br \/>\n<a href=\"#emma-svennberg\">Dr. Emma Svennberg \/ Predsjednica EHRA-inog Digitalnog odbora<\/a><br \/>\n\u010clanovi ESC-ovog Foruma bolesnika: Jeremy Dwight, Rasa Semiotiene, Noemi De Stoutz, Inga Drossart<\/p>\n<h3>2018.-2020.<\/h3>\n<p><a href=\"#francisco-manuel-moscoso-costa\">Dr. Francisco Manuel Moscoso Costa \/ Presjednik<\/a><br \/>\n<a href=\"#natasja-de-groot\">Izv. prof. Natasja De Groot<\/a><br \/>\n<a href=\"#barbara-kommata\">Dr. Barbara Kommata<\/a><br \/>\n<a href=\"#lidija-poposka\">Izv. prof. Lidija Poposka<\/a><\/p>\n<h3>2017.-2018.<\/h3>\n<p><a href=\"#christian-elsner\">Dr. Christian Elsner \/ Predsjednik<\/a><br \/>\n<a href=\"#natasja-de-groot\">Dr. Natasja de Groot<\/a><br \/>\n<a href=\"#dipen-shah\">Dr. Dipen Shah<\/a><\/p>\n<h3>2015.-2017.<\/h3>\n<p><a href=\"#natasja-de-groot\">Dr. Natasja de Groot \/ Predsjednica<\/a><br \/>\n<a href=\"#maria-grazia-bongiorni\">Dr. Maria Grazia Bongiorni<\/a><br \/>\n<a href=\"#mark-j-earley\">Dr. Mark J Earley<\/a><br \/>\n<a href=\"#reinder-evertz\">Mr. Reinder Evertz<\/a><br \/>\n<a href=\"#martin-martinek\">Izv. prof. Martin Martinek<\/a><br \/>\n<a href=\"#christian-meyer\">Dr. Christian Meyer<\/a><br \/>\n<a href=\"#dipen-shah\">Dr. Dipen Shah<\/a><\/p>\n<h3>2013.-2015.<\/h3>\n<p><a href=\"#maxim-didenko\">Prof. Maxim Didenko \/ Predsjednik<\/a><br \/>\n<a href=\"#helmut-puererfellner\">Prof. Helmut Puererfellner \/ Dopredsjednik<\/a><br \/>\n<a href=\"#natasja-de-groot\">Dr. Natasja de Groot<\/a><br \/>\n<a href=\"#hernandez-madrid-antonio\">Izv. prof. Hernandez Madrid Antonio<\/a><br \/>\n<a href=\"#deirdre-lane\">Dr. Deirdre Lane<\/a><br \/>\n<a href=\"#jean-yves-le-heuzey\">Prof. Jean-Yves Le Heuzey<\/a><br \/>\n<a href=\"#martin-martinek\">Izv. prof. Martin Martinek<\/a><br \/>\n<a href=\"#christian-meyer\">Dr. Christian Meyer<\/a><br \/>\n<a href=\"#alexander-romanov\">Dr. Alexander Romanov<\/a><br \/>\n<a href=\"#richard-schilling\">Prof. Richard Schilling<\/a><br \/>\n<a href=\"#mellanie-true-hills\">g\u0111a Mellanie True Hills<\/a><\/p>\n<h3>2011.-2013.<\/h3>\n<p><a href=\"#gregory-yh-lip\">Prof. Gregory YH Lip \/ Predsjednik<\/a><br \/>\n<a href=\"#jean-yves-le-heuzey\">Prof. Jean-Yves Le Heuzey \/ Dopredsjednik<\/a><br \/>\n<a href=\"#maxim-didenko\">Dr. Maxim Didenko<\/a><br \/>\n<a href=\"#deirdre-lane\">Dr. Deirdre Lane<\/a><br \/>\n<a href=\"#hernandez-madrid-antonio\">Izv. prof. Hernandez Madrid Antonio<\/a><br \/>\n<a href=\"#richard-schilling\">Prof. Richard Schilling<\/a><br \/>\n<a href=\"#christian-sticherling\">Prof. Christian Sticherling<\/a><br \/>\n<a href=\"#mellanie-true-hills\">g\u0111a Mellanie True Hills<\/a><\/p>\n<p>&nbsp;<\/p>\n<hr \/>\n<p>&nbsp;<\/p>\n<h3>DR. MARIA GRAZIA BONGIORNI<\/h3>\n<p>Dr. Maria Grazia Bongiorni je certificirani izvanredni profesor kardiologije i direktor Odjela za aritmologiju na Kardiotorakalnom zavodu Sveu\u010dili\u0161ne bolnice u Pisi. Dr. Bongiorni je pro\u010delnica Me\u0111unarodnog referentnog centra za biventrikularne, ICD i PM implantate, transvensku ekstrakciju elektroda i katetersku ablaciju. \u010clanica EHRA, sudjelovala u radu nekoliko odbora i bila predsjedateljica Europskog kontrolnog registra transvenske ekstrakcije elektroda (ELECTRa).<\/p>\n<p>&nbsp;<\/p>\n<hr \/>\n<p>&nbsp;<\/p>\n<h3>Dr. FRANCISCO MOSCOSO COSTA<\/h3>\n<p>Dr. Francisco Moscoso Costa trenutno radi kao kardiolog-elektrofiziolog u bolnici Sta Cruz i bolnici da Luz u Lisabonu, Portugal. Njegov glavni klini\u010dki interes je mapiranje i ablacija sr\u010danih aritmija. Zavr\u0161io je poslijediplomski studij iz zbrinjavanja sr\u010danih aritmija 2018. godine (Sveu\u010dili\u0161te Maastricht, Europska sr\u010dana akademija i Europsko dru\u0161tvo za sr\u010dani ritam).<\/p>\n<p>Dr. Costa djeluje u Europskom dru\u0161tvu za sr\u010dani ritam (EHRA) kao portugalski ambasador za mlade elektrofiziologe (2016.-2020.), kao predsjednik EHRA-inog odbora za e-komunikacije (2019.-2020.) i kao \u010dlan Odbora za znanstveni program, kongres EHRA-e (2019.-2020.).<\/p>\n<p>U Portugalu je bio rizni\u010dar Portugalskog udru\u017eenja za aritmiju, stimulaciju i elektrofiziologiju (2017.-2019.), predsjednik radne skupine za trombozu i trombocite Portugalskog kardiolo\u0161kog dru\u0161tva (2017.-2019.) i \u010dlan organizacijskog odbora Portugalskog kardiolo\u0161kog kongresa (2018.-2019.).<\/p>\n<p>&nbsp;<\/p>\n<hr \/>\n<p>&nbsp;<\/p>\n<h3>Dr. NATASJA DE GROOT<\/h3>\n<p>Prof. dr. Natasja MS de Groot, radi kao kardiolog-elektrofiziolog u Medicinskom centru Erasmus u Rotterdamu, Nizozemska. Ravnateljica je laboratorija za translacijsku elektrofiziologiju i glavna istra\u017eiva\u010dica Akademskog centra izvrsnosti fibrilacije atrija i Laboratorija za sr\u010danu aritmiju Medical Delta. Osnovala je zajedno s prof. dr. B. Brundelom osnovala je platformu za inovacije u fibrilaciji atrija, Atrial Fibrillation Innovation Platform, zakladu \u010diji je cilj kreiranje istra\u017eiva\u010dkih projekata u suradnji s bolesnicima.<\/p>\n<p>&nbsp;<\/p>\n<hr \/>\n<p>&nbsp;<\/p>\n<h3>Prof. JEAN-CLAUDE DEHARO<\/h3>\n<p>Jean-Claude Deharo je profesor kardiologije na Sveu\u010dili\u0161tu Aix-Marseille (Francuska). Pro\u010delnik je odjel za elektrofiziologiju srca akademske bolnice La Timone (Marseille, Francuska), koja se posebno bavi intervencijskim lije\u010denjem aritmija, uklju\u010duju\u0107i fibrilaciju atrija. Prof. Deharo tako\u0111er godinama predsjeda Kardiolo\u0161om udrugom Provanse, udrugom kardiolo\u0161kih bolesnika \u010diji je rad usmjeren na rehabilitaciju. Koordinator je za bolesnike na razini EHRA-e.<\/p>\n<p>&nbsp;<\/p>\n<hr \/>\n<p>&nbsp;<\/p>\n<h3>Dr. MAXIM DIDENKO<\/h3>\n<p>Dr. med. Maxim Didenko pro\u010delnik je odjela za intervencijsku aritmologiju i izvanredni profesor na Vojnoj medicinskoj akademiji u St. Petersburgu, Rusija; \u010dlan EHRA-inog Odbora za obrazovanje od 2015. Autor je vi\u0161e od 100 \u010dlanaka u \u010dasopisima i poglavlja u knjigama o lije\u010denju aritmija, kardiolo\u0161kim ure\u0111ajima i klini\u010dkoj elektrofiziologiji. Osmislio je i ure\u0111uje internetsku stranicu namijenjenu lije\u010dnicima i bolesnicima \u2013 Cardioschool.ru. Vi\u0161e od 15 godina izvodi vi\u0161e od 150 elektrofiziolo\u0161kih zahvata godi\u0161nje (ablacije i implantacije ugradbenih sr\u010danih elektroni\u010dkih ure\u0111aja).<\/p>\n<p>&nbsp;<\/p>\n<hr \/>\n<p>&nbsp;<\/p>\n<h3>Dr. DAVID DUNCKER<\/h3>\n<p>David Duncker je vi\u0161i konzultant kardiolog i elektrofiziolog. Zamjenik je voditelja Centra za sr\u010dani ritam u Hannoveru na Zavodu za kardiologiju i angiologiju Medicinskog fakulteta u Hannoveru. Dobio je nacionalnu certifikaciju nacionalnog kardiolo\u0161kog dru\u0161tva za \u201especijalnu ritmologiju \u2013 elektrofizilogija i ure\u0111aji\u201d kao i EHRA certifikaciju specijalista za ure\u0111aje. Godine 2018. postao je privatni predava\u010d na Medicinskom fakultetu u Hannoveru.<\/p>\n<p>&nbsp;<\/p>\n<hr \/>\n<p>&nbsp;<\/p>\n<h3>Dr. MARK EARLEY<\/h3>\n<p>Dr. Earley je iskusan elektrofiziolog sa sjedi\u0161tem u Centru za srce bolnice St Bartholomew&#8217;s u Londonu. Osobit klini\u010dki i istra\u017eiva\u010dki interes mu je mapiranje i ablacija fibrilacije atrija. Dio je tima koji je razvio aplikaciju AF Companion kao pomo\u0107 bolesnicima s fibrilacijom atrija pri dono\u0161enju odluke o najboljem na\u010dinu lije\u010denja.<\/p>\n<p>&nbsp;<\/p>\n<hr \/>\n<p>&nbsp;<\/p>\n<h3>Dr. CHRISTIAN ELSNER<\/h3>\n<p>Christian Elsner je doktor medicine, a studirao je poslovno upravljanje i medicinu u Leipzigu i Chicagu. Christian je objavio preko 100 znanstvenih radova iz podru\u010dja zdravstvene ekonomije i e-zdravstva. Radio je preko 15 godina na razli\u010ditim rukovode\u0107im pozicijama te je financijski direktor i \u010dlan uprave sveu\u010dili\u0161ne klinike u Mainzu u Njema\u010dkoj.<\/p>\n<p>&nbsp;<\/p>\n<hr \/>\n<p>&nbsp;<\/p>\n<h3>G. REINDER EVERTZ<\/h3>\n<p>Dr. R. Evertz je kardiolog koji radi puno radno vrijeme kao elektrofiziolog u Sveu\u010dili\u0161nom medicinskom centru Radboud, u Nizozemskoj. \u010clan je Nizozemskog kardiolo\u0161kog dru\u0161tva i Europskog dru\u0161tva za srce i ritam.<\/p>\n<p>&nbsp;<\/p>\n<hr \/>\n<h3>Dr. RODRIGUE GARCIA<\/h3>\n<p>Dr. Rodrigue Garcia je kardiolog u Sveu\u010dili\u0161noj bolnici u Poitiersu, Francuska. Klini\u010dki i istra\u017eiva\u010dki interes mu je fibrilacija atrija.<\/p>\n<p>&nbsp;<\/p>\n<hr \/>\n<p>&nbsp;<\/p>\n<h3>Dr. FEDERICO GUERRA<\/h3>\n<p>Dr. Federico Guerra je izvanredni profesor kardiologije na Veleu\u010dili\u0161tu Marche, a radi i kao konzultant kardiolog u Sveu\u010dili\u0161noj bolnici u Anconi, Italija. Njegovo glavno podru\u010dje interesa je me\u0111udjelovanje sr\u010danih aritmija i zatajenja srca.<\/p>\n<p>&nbsp;<\/p>\n<hr \/>\n<p>&nbsp;<\/p>\n<h3>Dr. BARBARA KOMMATA<\/h3>\n<p>Dr. Barbara Kommata je kardiolog-elektrofiziolog u Centru za aritmiju Odjela za kardiologiju Sveu\u010dili\u0161ne bolnice Uppsala, \u0160vedska. Poseban klini\u010dki i istra\u017eiva\u010dki interes su joj kardiolo\u0161ka genetika i aritmogeni sindromi.<\/p>\n<p>&nbsp;<\/p>\n<hr \/>\n<p>&nbsp;<\/p>\n<h3>Dr. DEIRDRE LANE<\/h3>\n<p>Dr. Deirdre Lane je docent na katedri za kardiovaskularno zdravlje Sveu\u010dili\u0161ta u Birminghamu, UK. Njezin glavni istra\u017eiva\u010dki interes je fibrilacija atrija, s posebnim naglaskom na edukaciju i percepciju bolesnika o stanju i antikoagulacijskom lije\u010denju te na to kako fibrilacija atrija utje\u010de na kvalitetu \u017eivota i emocionalnu dobrobit.<\/p>\n<p>&nbsp;<\/p>\n<hr \/>\n<p>&nbsp;<\/p>\n<h3>Prof. JEAN-YVES LE HEUZEY<\/h3>\n<p>Prof. Jean-Yves Le Heuzey je profesor kardiologije u bolnici Georges Pompidou, Sveu\u010dili\u0161te Ren\u00e9 Descartes u Parizu. Aritmolog, njegov glavni interes je fibrilacija atrija, posebno u podru\u010dju farmakolo\u0161kih metoda lije\u010denja, antiaritmika i antitrombotika. Prof. Le Heuzey nekada\u0161nji je predsjednik Francuskog kardiolo\u0161kog dru\u0161tva (2016. -2017.). Odr\u017eao je vi\u0161e od 450 predavanja, uklju\u010duju\u0107i 160 za me\u0111unarodnu publiku te je autor gotovo 250 radova.<\/p>\n<p>&nbsp;<\/p>\n<hr \/>\n<p>&nbsp;<\/p>\n<h3>Prof. GREGORY YH LIP<\/h3>\n<p>Prof. Lip je profesor u liverpoolskom Centru za kardiovaskularnu znanost, na Sveu\u010dili\u0161tu u Liverpoolu i u Bolnici za srce i prsni ko\u0161, Liverpool, Ujedinjeno Kraljevstvo. Njegov je dugogodi\u0161nji klini\u010dki i istra\u017eiva\u010dki interes fibrilacija atrija.<\/p>\n<p>&nbsp;<\/p>\n<hr \/>\n<p>&nbsp;<\/p>\n<h3>Prof. DOMINIK LINZ<\/h3>\n<p>Dominik Linz je klini\u010dar (Academisch Ziekenhuis Maastricht), klini\u010dki znanstvenik (izvanredni profesor na Sveu\u010dili\u0161tu u Adelaideu) i gostuju\u0107i profesor na Sveu\u010dili\u0161tu u Kopenhagenu s fokusom na razumijevanje mehanizama u osnovi fibrilacije atrija i \u010dimbenika kardiovaskularnog rizika.<\/p>\n<p>&nbsp;<\/p>\n<hr \/>\n<p>&nbsp;<\/p>\n<h3>PROFESOR ANTONIO HERNANDEZ MADRID<\/h3>\n<p>Profesor Antonio Hernandez Madrid je vi\u0161i kardiolog i elektrofiziolog. Trenutno je izvanredni profesor kardiologije na Sveu\u010dili\u0161tu Alcala i elektrofiziolog u bolnici Ramon y Cajal u Madridu, \u0160panjolska.<\/p>\n<p>Ima veliko iskustvo u vi\u0161e klini\u010dkih evaluacija i randomiziranih klini\u010dkih ispitivanja.<\/p>\n<p>&nbsp;<\/p>\n<hr \/>\n<p>&nbsp;<\/p>\n<h3>Dr. MARTIN MARTINEK<\/h3>\n<p>Vi\u0161i savjetnik za internu medicinu, kardiologiju, angiologiju i intenzivnu medicinu. Europska akreditacija za elektrofiziologiju, pacemaker i ugradbene sr\u010dane ure\u0111aje (EHRA).<\/p>\n<p>Voditelj odjela za terapiju ure\u0111ajima, Ordensklinikum Linz Elisabethinen, Linz, Austrija. Elektrofiziolog u klinici Ordensklinikum Linz Elisabethinen i Sveu\u010dili\u0161noj bolnici St. P\u00f6lten, Austrija.<\/p>\n<p>Glavna podru\u010dja istra\u017eivanja: Fibrilacija atrija i ablacija ventrikularnih tahikardija.<\/p>\n<p>&nbsp;<\/p>\n<hr \/>\n<p>&nbsp;<\/p>\n<h3>Dr. CHRISTIAN MEYER<\/h3>\n<p>Mag. Christian Meyer, dr. med., profesor je klini\u010dke elektrofiziologije srca na Sveu\u010dili\u0161nom centru za srce u Hamburgu, gdje se godi\u0161nje izvodi oko 2000 postupaka ablacije u lije\u010denju bolesnika sa sr\u010danim aritmijama. Njegov glavni klini\u010dki i istra\u017eiva\u010dki interes su na\u010din \u017eivota i mogu\u0107nosti intervencije za postizanje zdravog sr\u010danog ritma, osobito kod bolesnika sa strukturnim sr\u010danim bolestima. Dio je tima koji je razvio aplikaciju \u201eAFib Companion\u201d za podr\u0161ku bolesnicima s fibrilacijom atrija.<\/p>\n<p>&nbsp;<\/p>\n<hr \/>\n<p>&nbsp;<\/p>\n<h3>Izv. prof. LIDIJA POPOSKA<\/h3>\n<p>Dr. Poposka je kardiolog na odjelu za aritmije Sveu\u010dili\u0161ne klinike za kardiologiju u Skoplju, Republika Sjeverna Makedonija. Izvanredni profesor Interne medicine, Kardiologije i Osnova znanstvenog rada na Medicinskom fakultetu.<\/p>\n<p>&nbsp;<\/p>\n<hr \/>\n<p>&nbsp;<\/p>\n<h3>Prof. HELMUT PUERERFELLNER<\/h3>\n<p>Dr. P\u00fcrerfellner je kardiolog na \u010delu Odjela za elektrofiziologiju u Ordensklinikum KH der Elisabethinen u Linzu, Austrija. Odjel je poznata ustanova u kojoj se lije\u010de sve vrste aritmija koja prima pacijente iz Austrije i inozemstva. Vrlo je uklju\u010den u rad EHRA-e, trenuta\u010dno na poziciji rizni\u010dara u Izvr\u0161nom odboru.<\/p>\n<p>&nbsp;<\/p>\n<hr \/>\n<p>&nbsp;<\/p>\n<h3>Prof. RICHARD SCHILLING<\/h3>\n<p>Profesor Schilling uspostavio je program istra\u017eivanja aritmije u bolnici St. Bartholomew. Vodi u\u017eurbanu klini\u010dku praksu specijaliziranu za intervencijsku ablaciju slo\u017eenih aritmija. Bio je \u010dlan tima koji je vodio uspje\u0161no spajanje Sr\u010dane bolnice i kardiovaskularnih jedinica bolnice St. Bartholomew u najve\u0107i kardiovaskularni centar u Ujedinjenom Kraljevstvu. Sada radi kao klini\u010dki direktor za strategiju i komercijalne poslove bolnice St. Bartholomew. Medicinski direktor saveza Arrhythmia Alliance i Dru\u0161tva za fibrilaciju atrija, dvije me\u0111unarodne dobrotvorne organizacije koje pru\u017eaju podr\u0161ku bolesnicima s problemima sr\u010danog ritma kroz obrazovanje i utjecaj na vladinu politiku.<\/p>\n<p>&nbsp;<\/p>\n<hr \/>\n<p>&nbsp;<\/p>\n<h3>Dr. DIPEN SHAH<\/h3>\n<p>Profesor Dipen Shah je direktor kardijalne elektrofiziologije na Sveu\u010dili\u0161noj bolnici u \u017denevi. Specijalizirao se za katetersku ablaciju slo\u017eenih aritmija kao \u0161to je fibrilacija atrija, atipi\u010dna treperenja i ventrikularnu tahikardiju sa strukturnim bolestima srca, kao i za klini\u010dka istra\u017eivanja ovih aritmija i razvoj novih tehnologija ablacije.<\/p>\n<p>&nbsp;<\/p>\n<hr \/>\n<p>&nbsp;<\/p>\n<h3>Prof. CHRISTIAN STICHERLING<\/h3>\n<p>Dr. Sticherling je voditelj jedinice za aritmiju u Sveu\u010dili\u0161noj bolnici u Baselu u \u0160vicarskoj. Voditelj je klinike za fibrilaciju atrija i nadgleda jedan od najtra\u017eenijih programa ablacije u zemlji. Drugo podru\u010dje interesa su mu pacemaker, defibrilator i resinkronizacijska (CRT) terapija te prevencija iznenadne sr\u010dane smrti.<\/p>\n<p>&nbsp;<\/p>\n<hr \/>\n<p>&nbsp;<\/p>\n<h3>Dr. EMMA SVENBERG<\/h3>\n<p>Dr. Svennberg trenutno radi na kombiniranoj istra\u017eiva\u010dkoj i klini\u010dkoj poziciji na Odjelu za kardiologiju Sveu\u010dili\u0161ne bolnice Karolinska u Stockholmu, \u0160vedska. Njezin glavni klini\u010dki i istra\u017eiva\u010dki interes le\u017ei je digitalni probir fibrilacije atrija.<\/p>\n<hr \/>\n<p>&nbsp;<\/p>\n<h3>MELLANIE TRUE HILLS<\/h3>\n<p>Mellanie True Hills je bolesnica s fibrilacijom atrija, me\u0111unarodno poznata autorica, osniva\u010dica neprofitne organizacije i izvr\u0161na direktorica te strastvena zagovornica bolesnika. Osniva\u010dica je i glavna izvr\u0161na direktorica StopAfib.org, globalne organizacije koja zagovara bolesnike s fibrilacijom atrija \u010dija je misija iskorijeniti mo\u017edani udar.<\/p>\n<p>&nbsp;<\/p>\n<hr \/>\n<p>&nbsp;<\/p>\n<h3>MELLANIE TRUE HILLS<\/h3>\n<p>Mellanie True Hills je bolesnica s fibrilacijom atrija, me\u0111unarodno poznata autorica, osniva\u010dica neprofitne organizacije i izvr\u0161na direktorica te strastvena zagovornica bolesnika. Osniva\u010dica je i glavna izvr\u0161na direktorica StopAfib.org, globalne organizacije koja zagovara bolesnike s fibrilacijom atrija \u010dija je misija iskorijeniti mo\u017edani udar.<\/p>\n<p>&nbsp;<\/p>\n<hr \/>\n<h3>PRIJEVOD OVE INTERNETSKE STRANICE NAMIJENJENE BOLESNICIMA PREGLEDALI SU:<\/h3>\n<p>Engleski: Dr. Heather Edwards (koju je imenovalo Britansko dru\u0161tvo za sr\u010dani ritam (BHRS))<br \/>\nFrancuski: Groupe de travail de Rythmologie et stimulation cardiaque \u2013 Prof. Jacques Mansourati &amp; Dr. J\u00e9r\u00f4me Taieb<br \/>\nTalijanski: Associazione Italiana Aritmologia e Cardiostimolazione (AIAC) \u2013 Dr. Renato Ricci<br \/>\n\u0160panjolski: Sociedad Espanola de Cardiologia \/ Seccion de Electrofisiologia y Arritmias \u2013 Prof. Jos\u00e9 M Guerra Ramos<br \/>\nNjema\u010dki: Njema\u010dka radna skupina za celularnu elektrofiziologiju \u2013 Prof. Niels Voigt<br \/>\nPortugalski: Associa\u00e7\u00e3o Portuguesa de Arritmologia, Pacing e Electrofisiologia (APAPE) \u2013 Prof. Mario M. Oliveira<br \/>\n\u0160vedski: Arbetsgruppen f\u00f6r arytmi \u2013 Dr. Dritan Poci<br \/>\nRuski: Rusko dru\u0161tvo za aritmiju, klini\u010dku elektrofiziologiju, aritmologiju i elektrostimulaciju srca \u2013 Dr. Vladislav Kuptsov<br \/>\nPoljski: Sekcja Rytmu Serca Polskiego Towarzystwa Kardiologicznego \u2013 Prof. Maciej Sterlinsk<br \/>\nKineski: Dru\u0161tvo za sr\u010dani ritam Azije i Pacifika i kinesko Dru\u0161tvo za elektrostimulaciju i elektrofiziologiju &#8211; dr. Fengxiang Zhang<br \/>\nNizozemski: Nizozemsko dru\u0161tvo za sr\u010dani ritam (NHRA) \u2013 Dr. Cor Allaart<br \/>\nGr\u010dki: Dr. Kostantinos Triantafyllou \/ Mladi ambasador 2020.-2022. I predstavnik gr\u010dke radne skupine za elektrofiziologiju i elektrostimulaciju Gr\u010dkog kardiolo\u0161kog dru\u0161tva<br \/>\nArapski : Dr. Mario Njeim \/ Mladi ambasador 2020.-2022. I predstavnik radne skupine za aritmiju i elektrostimulaciju Libanonskog kardiolo\u0161kog dru\u0161tva.<\/p>\n<hr \/>\n<h3>Savjetnik za znanstvenu to\u010dnost:<\/h3>\n<ul>\n<li>Prof. Fiorenzo Gaita<\/li>\n<\/ul>\n<hr \/>\n<h3>Odr\u017eavanje internetske stranice:<\/h3>\n<ul>\n<li>IT odjel Europskog kardiolo\u0161kog dru\u0161tva<\/li>\n<\/ul>\n","protected":false},"excerpt":{"rendered":"<p>Internetska stranica afibmatters.org razvijena je pod vodstvom\u00a0Europskog dru\u0161tva za sr\u010dani ritam Europskog kardiolo\u0161kog dru\u0161tva. Sadr\u017eaj ove internetske stranice je originalan i temelji se na preporukama u skladu s Europskim smjernicama za praksu. Radna skupina: 2020.-2022. Dr. David Duncker \/ Predsjednik EHRA-inog Odbora za e-komunikacije Dr. Rodrigue Garcia Izv. Prof. Federico Guerra Dr. Barbara Kommata Izv. [&hellip;]<\/p>\n","protected":false},"author":24,"featured_media":0,"parent":0,"menu_order":29,"comment_status":"closed","ping_status":"closed","template":"","meta":{"_acf_changed":false,"footnotes":""},"categories":[],"tags":[],"class_list":["post-8767","page","type-page","status-publish","hentry"],"acf":[],"_links":{"self":[{"href":"https:\/\/www.afibmatters.org\/hr\/wp-json\/wp\/v2\/pages\/8767","targetHints":{"allow":["GET"]}}],"collection":[{"href":"https:\/\/www.afibmatters.org\/hr\/wp-json\/wp\/v2\/pages"}],"about":[{"href":"https:\/\/www.afibmatters.org\/hr\/wp-json\/wp\/v2\/types\/page"}],"author":[{"embeddable":true,"href":"https:\/\/www.afibmatters.org\/hr\/wp-json\/wp\/v2\/users\/24"}],"replies":[{"embeddable":true,"href":"https:\/\/www.afibmatters.org\/hr\/wp-json\/wp\/v2\/comments?post=8767"}],"version-history":[{"count":1,"href":"https:\/\/www.afibmatters.org\/hr\/wp-json\/wp\/v2\/pages\/8767\/revisions"}],"predecessor-version":[{"id":8768,"href":"https:\/\/www.afibmatters.org\/hr\/wp-json\/wp\/v2\/pages\/8767\/revisions\/8768"}],"wp:attachment":[{"href":"https:\/\/www.afibmatters.org\/hr\/wp-json\/wp\/v2\/media?parent=8767"}],"wp:term":[{"taxonomy":"category","embeddable":true,"href":"https:\/\/www.afibmatters.org\/hr\/wp-json\/wp\/v2\/categories?post=8767"},{"taxonomy":"post_tag","embeddable":true,"href":"https:\/\/www.afibmatters.org\/hr\/wp-json\/wp\/v2\/tags?post=8767"}],"curies":[{"name":"wp","href":"https:\/\/api.w.org\/{rel}","templated":true}]}}