{"id":8765,"date":"2019-12-04T13:20:54","date_gmt":"2019-12-04T13:20:54","guid":{"rendered":"https:\/\/www.afibmatters.org\/o-europskom-drustvu-za-srcani-ritam-europskom-kardioloskom-drustvu\/"},"modified":"2024-02-08T16:41:19","modified_gmt":"2024-02-08T16:41:19","slug":"o-europskom-drustvu-za-srcani-ritam-europskom-kardioloskom-drustvu","status":"publish","type":"page","link":"https:\/\/www.afibmatters.org\/hr\/o-europskom-drustvu-za-srcani-ritam-europskom-kardioloskom-drustvu\/","title":{"rendered":"O Europskom dru\u0161tvu za sr\u010dani ritam \/ Europskom kardiolo\u0161kom dru\u0161tvu"},"content":{"rendered":"<h3>O internetskoj stranici afibmatters.org<\/h3>\n<p>Internetska stranica afibmatters.org razvijena je pod vodstvom Europskog dru\u0161tva za sr\u010dani ritam (engl. European Heart Rhythm Association, EHRA) Europskog kardiolo\u0161kog dru\u0161tva (engl. European Society of Cardiology, ESC). Svrha ove internetske stranice je pru\u017eiti jasne i pouzdane informacije i prakti\u010dne savjete osobama s fibrilacijom atrija, njihovim obiteljima i njegovateljima. Unapre\u0111uju\u0107i znanja i shva\u0107anje fibrilacije atrija nadamo se da \u0107emo osobama koje \u017eive s ovom bole\u0161\u0107u omogu\u0107iti u\u010dinkovitije upravljanje zdravljem kako bi mogli \u017eivjeti du\u017ee i aktivnije.<\/p>\n<p>Informacije i savjeti sadr\u017eani na ovoj internetskoj stranici osmi\u0161ljeni su kao dopuna potpori i skrbi koju dobivate od svog lije\u010dnika ili drugog zdravstvenog djelatnika. Ni u kojem slu\u010daju ne zamjenjuje navedenu skrb.<\/p>\n<p>Javite nam se ako imate komentare ili povratne informacije o internetskoj stranici.<\/p>\n<h3>O Europskom dru\u0161tvu za sr\u010dani ritam<\/h3>\n<p>Europsko dru\u0161tvo za sr\u010dani ritam (EHRA) ogranak je Europskog kardiolo\u0161kog dru\u0161tva (ESC). Slu\u017ebeno je osnovano 2003. godine, a \u010dlanstvo broji preko 2000 kardiologa i drugih stru\u010dnjaka.<\/p>\n<p>Zada\u0107a EHRA-e je pobolj\u0161ati kvalitetu \u017eivota i smanjiti iznenadnu sr\u010danu smrt kroz ubla\u017eavanje u\u010dinaka poreme\u0107aja sr\u010danog ritma.<\/p>\n<p>Za vi\u0161e informacija o EHRA-i pogledajte\u00a0<a href=\"https:\/\/www.escardio.org\/Sub-specialty-communities\/European-Heart-Rhythm-Association-%28EHRA%29\">slu\u017ebenu internetsku stranicu ESC-a<\/a><\/p>\n<h3>O Europskom kardiolo\u0161kom dru\u0161tvu (ESC)<\/h3>\n<p>Europsko kardiolo\u0161ko dru\u0161tvo (ESC) okuplja vi\u0161e od 95.000 stru\u010dnjaka iz podru\u010dja kardiologije, prvenstveno iz cijele Europe i podru\u010dja Sredozemlja, ali i iz ostatka svijeta. Njegova je zada\u0107a smanjiti teret kardiovaskularnih bolesti.<\/p>\n<p>ESC to posti\u017ee nizom znanstvenih i obrazovnih aktivnosti uklju\u010duju\u0107i koordinaciju smjernica klini\u010dke prakse, edukacija i inicijativa, pan-europskih istra\u017eivanja o odre\u0111enim podru\u010djima bolesti i ESC kongresa, najve\u0107eg godi\u0161njeg medicinskog skupa u Europi.<\/p>\n<p>Za vi\u0161e informacija o ESC-u pogledajte\u00a0<a href=\"https:\/\/www.escardio.org\/\">slu\u017ebenu internetsku stranicu ESC-a<\/a><\/p>\n","protected":false},"excerpt":{"rendered":"<p>O internetskoj stranici afibmatters.org Internetska stranica afibmatters.org razvijena je pod vodstvom Europskog dru\u0161tva za sr\u010dani ritam (engl. European Heart Rhythm Association, EHRA) Europskog kardiolo\u0161kog dru\u0161tva (engl. European Society of Cardiology, ESC). Svrha ove internetske stranice je pru\u017eiti jasne i pouzdane informacije i prakti\u010dne savjete osobama s fibrilacijom atrija, njihovim obiteljima i njegovateljima. Unapre\u0111uju\u0107i znanja i [&hellip;]<\/p>\n","protected":false},"author":1,"featured_media":0,"parent":0,"menu_order":28,"comment_status":"closed","ping_status":"closed","template":"","meta":{"_acf_changed":false,"footnotes":""},"categories":[],"tags":[],"class_list":["post-8765","page","type-page","status-publish","hentry"],"acf":[],"_links":{"self":[{"href":"https:\/\/www.afibmatters.org\/hr\/wp-json\/wp\/v2\/pages\/8765","targetHints":{"allow":["GET"]}}],"collection":[{"href":"https:\/\/www.afibmatters.org\/hr\/wp-json\/wp\/v2\/pages"}],"about":[{"href":"https:\/\/www.afibmatters.org\/hr\/wp-json\/wp\/v2\/types\/page"}],"author":[{"embeddable":true,"href":"https:\/\/www.afibmatters.org\/hr\/wp-json\/wp\/v2\/users\/1"}],"replies":[{"embeddable":true,"href":"https:\/\/www.afibmatters.org\/hr\/wp-json\/wp\/v2\/comments?post=8765"}],"version-history":[{"count":1,"href":"https:\/\/www.afibmatters.org\/hr\/wp-json\/wp\/v2\/pages\/8765\/revisions"}],"predecessor-version":[{"id":8766,"href":"https:\/\/www.afibmatters.org\/hr\/wp-json\/wp\/v2\/pages\/8765\/revisions\/8766"}],"wp:attachment":[{"href":"https:\/\/www.afibmatters.org\/hr\/wp-json\/wp\/v2\/media?parent=8765"}],"wp:term":[{"taxonomy":"category","embeddable":true,"href":"https:\/\/www.afibmatters.org\/hr\/wp-json\/wp\/v2\/categories?post=8765"},{"taxonomy":"post_tag","embeddable":true,"href":"https:\/\/www.afibmatters.org\/hr\/wp-json\/wp\/v2\/tags?post=8765"}],"curies":[{"name":"wp","href":"https:\/\/api.w.org\/{rel}","templated":true}]}}