{"id":8763,"date":"2024-02-06T12:39:11","date_gmt":"2024-02-06T12:39:11","guid":{"rendered":"https:\/\/www.afibmatters.org\/financijska-potpora\/"},"modified":"2024-03-11T09:55:05","modified_gmt":"2024-03-11T09:55:05","slug":"financijska-potpora","status":"publish","type":"page","link":"https:\/\/www.afibmatters.org\/hr\/financijska-potpora\/","title":{"rendered":"Financijska potpora"},"content":{"rendered":"<h2>Istra\u017eite internetsku stranicu i podijelite je sa svojim pacijentima<\/h2>\n<blockquote><p><strong>Pomozite svojim pacijentima da bolje razumiju fibrilaciju atrija, znakove, simptome i terapije na arapskom, kineskom, nizozemskom, engleskom, francuskom, njema\u010dkom, talijanskom, \u0161panjolskom, \u0161vedskom, poljskom, portugalskom i ruskom jeziku.<\/strong><\/p><\/blockquote>\n<p>Afibmatters.org je edukativna internetska stranica koju su osmislili zdravstveni djelatnici i bolesnici za osobe koje pate od fibrilacije atrija, kao i za njihove obitelji i njegovatelje.<\/p>\n<p>Ova informativna i jednostavna stranica osmi\u0161ljena je kako bi podigla svijest o fibrilaciji atrija i va\u017enosti njezina pravovremenog otkrivanja i lije\u010denja. Predstavlja pouzdan izvor informacija za bolesnike i lije\u010dnike koji se mo\u017ee koristiti kao dio programa lije\u010denja.<\/p>\n<p>Stranica je jednostavna i lako razumljiva te je istovremeno laka za kori\u0161tenje i kompatibilna za mobilne ure\u0111aje.<\/p>\n<p>Mo\u017eete pogledati i prezentaciju o\u00a0<a href=\"https:\/\/www.escardio.org\/static_file\/Escardio\/Subspecialty\/EHRA\/Publications\/NOAC\/Slideset%20Patient%20value.pdf\">Sr\u010danim tahiaritmijama te vrijednostima i preferencijama bolesnika vezano za njihovo lije\u010denje.<\/a><\/p>\n\t\t\t\t\t\n","protected":false},"excerpt":{"rendered":"<p>Istra\u017eite internetsku stranicu i podijelite je sa svojim pacijentima Pomozite svojim pacijentima da bolje razumiju fibrilaciju atrija, znakove, simptome i terapije na arapskom, kineskom, nizozemskom, engleskom, francuskom, njema\u010dkom, talijanskom, \u0161panjolskom, \u0161vedskom, poljskom, portugalskom i ruskom jeziku. Afibmatters.org je edukativna internetska stranica koju su osmislili zdravstveni djelatnici i bolesnici za osobe koje pate od fibrilacije atrija, [&hellip;]<\/p>\n","protected":false},"author":24,"featured_media":0,"parent":0,"menu_order":27,"comment_status":"closed","ping_status":"closed","template":"","meta":{"_acf_changed":false,"footnotes":""},"categories":[],"tags":[],"class_list":["post-8763","page","type-page","status-publish","hentry"],"acf":[],"_links":{"self":[{"href":"https:\/\/www.afibmatters.org\/hr\/wp-json\/wp\/v2\/pages\/8763","targetHints":{"allow":["GET"]}}],"collection":[{"href":"https:\/\/www.afibmatters.org\/hr\/wp-json\/wp\/v2\/pages"}],"about":[{"href":"https:\/\/www.afibmatters.org\/hr\/wp-json\/wp\/v2\/types\/page"}],"author":[{"embeddable":true,"href":"https:\/\/www.afibmatters.org\/hr\/wp-json\/wp\/v2\/users\/24"}],"replies":[{"embeddable":true,"href":"https:\/\/www.afibmatters.org\/hr\/wp-json\/wp\/v2\/comments?post=8763"}],"version-history":[{"count":2,"href":"https:\/\/www.afibmatters.org\/hr\/wp-json\/wp\/v2\/pages\/8763\/revisions"}],"predecessor-version":[{"id":9138,"href":"https:\/\/www.afibmatters.org\/hr\/wp-json\/wp\/v2\/pages\/8763\/revisions\/9138"}],"wp:attachment":[{"href":"https:\/\/www.afibmatters.org\/hr\/wp-json\/wp\/v2\/media?parent=8763"}],"wp:term":[{"taxonomy":"category","embeddable":true,"href":"https:\/\/www.afibmatters.org\/hr\/wp-json\/wp\/v2\/categories?post=8763"},{"taxonomy":"post_tag","embeddable":true,"href":"https:\/\/www.afibmatters.org\/hr\/wp-json\/wp\/v2\/tags?post=8763"}],"curies":[{"name":"wp","href":"https:\/\/api.w.org\/{rel}","templated":true}]}}