{"id":8759,"date":"2024-02-06T10:55:51","date_gmt":"2024-02-06T10:55:51","guid":{"rendered":"https:\/\/www.afibmatters.org\/sto-moj-lijecnik-moze-uciniti\/"},"modified":"2024-02-08T16:39:52","modified_gmt":"2024-02-08T16:39:52","slug":"sto-moj-lijecnik-moze-uciniti","status":"publish","type":"page","link":"https:\/\/www.afibmatters.org\/hr\/sto-moj-lijecnik-moze-uciniti\/","title":{"rendered":"\u0160to moj lije\u010dnik mo\u017ee u\u010diniti?"},"content":{"rendered":"<p>Va\u0161 lije\u010dnik op\u0107e prakse trebao bi biti prva osoba kojoj se trebate obratiti kada je u pitanju va\u0161e op\u0107e zdravlje. Me\u0111utim, ako su va\u0161i simptomi vezani uz stanje va\u0161eg srca, vjerojatno \u0107e vas uputiti specijalistu za srce, odnosno kardiologu. Tako\u0111er vas mo\u017ee uputiti elektrofiziologu \u2013 kardiologu koji je specijaliziran za lije\u010denje problema sr\u010danog ritma.<\/p>\n<p>&nbsp;<\/p>\n<h2><a href=\"https:\/\/www.afibmatters.org\/what-can-my-doctor-do\/useful-tests\/\">Korisne pretrage<\/a><\/h2>\n<p>Prvo \u0161to je potrebno utvrditi je postoji li uzrok fibrilacije atrija. To se mo\u017ee u\u010diniti nizom pretraga, ovisno o va\u0161em fizi\u010dkom stanju.<\/p>\n<p>Elektrokardiogram ili EKG pretraga je koja bilje\u017ei elektri\u010dnu aktivnost kao i ritam va\u0161eg srca. EKG je neinvazivna, bezbolna pretraga koja se mo\u017ee obaviti u bolnici ili kod va\u0161eg lije\u010dnika op\u0107e prakse i obi\u010dno traje oko pet minuta. Male naljepnice ili elektrode stavljaju se na va\u0161e ruke, prsa i noge, a EKG bilje\u017ei ritam va\u0161eg srca i prikazuje ga kao valove na monitoru ili na papiru.<\/p>\n<p>Pra\u0107enje srca obi\u010dno se provodi ako se sumnja na fibrilaciju atrija, ali traje samo kratko vrijeme. \u010cetiri naljepnice stavljaju se na va\u0161a prsa i \u017eicama povezuju s malim prijenosnim ure\u0111ajem za pra\u0107enje koji se pri\u010dvr\u0161\u0107uje na remen ili nosi na remenu oko vrata. Ure\u0111aj prati rad va\u0161eg srca u razdoblju od 24 do 48 sati. U novije vrijeme, neke bolnice koriste EKG flastere s vodootpornim ljepilom koji se mo\u017ee nositi 7-14 dana.<\/p>\n<p>Ultrazvuk srca (transtorakalni ehokardiogram) mo\u017ee se koristiti za snimanje pokretnih slika va\u0161eg srca, pri \u010demu se promatra veli\u010dina i snaga sr\u010danih komora i koliko dobro rade zalisci. Bezbolan je i traje 15-20 minuta.<\/p>\n<p>S druge strane, lije\u010dnik \u0107e mo\u017eda \u017eeljeti druga\u010diji pogled na va\u0161e srce koji pru\u017ea transezofagealni utrazvuk ili \u201eTEE\u201c. Ovaj ure\u0111aj ima oblik savitljive cijevi koja se ume\u0107e kroz usta i jednjak gutanjem i koristi ultrazvuk kako bi generirao detaljne slike srca.<\/p>\n<p>Ako va\u0161 lije\u010dnik posumnja na dijabetes, mo\u017eda \u0107ete morati napraviti krvne pretrage krvi kako biste provjerili radi li se o dijabetesu. Mo\u017eda \u0107ete trebati pa\u017eljivo pratiti krvni tlak. Ako jako hr\u010dete, nakratko prestanete disati tijekom no\u0107i i zaspite tijekom dana, lije\u010dnik bi vas mogao uputiti na ispitivanje sna kako bi potra\u017eio opstruktivnu apneju u snu. Ako imate prekomjernu tjelesnu te\u017einu, va\u0161 lije\u010dnik vam mo\u017ee predlo\u017eiti programe vje\u017ebanja, prehrane i mr\u0161avljenja.<\/p>\n<p>&nbsp;<\/p>\n<h2><a href=\"https:\/\/www.afibmatters.org\/what-can-my-doctor-do\/restore-a-normal-heart-rhythm\/\">Lijekovi<\/a><\/h2>\n<p>Za kontrolu fibrilacije atrija koriste se lijekovi koji se nazivaju antiaritmici koji vra\u0107aju prirodni sr\u010dani ritam i kontroliraju broj otkucaja srca. Tip antiaritmika koji se preporu\u010duje ovisi o vrsti fibrilacije atrija koju imate, o tome koliko je zdravo va\u0161e srce, koji drugi lijekovi su vam propisani i svim nuspojavama tih lijekova.<\/p>\n<p>&nbsp;<\/p>\n<h2><a href=\"https:\/\/www.afibmatters.org\/what-can-my-doctor-do\/what-is-a-cardioversion\/\">\u0160to je kardioverzija?<\/a><\/h2>\n<p>Kardioverzija, tako\u0111er poznata kao elektri\u010dna kardioverzija, je postupak koji se provodi kako bi se abnormalni sr\u010dani ritam vratio u normalu. Radi se samo na osobama kod kojih je prisutna fibrilacija atrija i potrebno im je sr\u010dani ritam vrlo brzo vratiti u normalu jer je izuzetno neugodan, ili kod kojih fibrilacija traje ve\u0107i broj dana i ritam se ne\u0107e sam od sebe vratiti u normalu. Strujni udar se isporu\u010duje defibrilatorom kroz dvije naljepnice, jednu postavljenu na prednjoj i jednu na bo\u010dnoj ili stra\u017enjoj strani prsnog ko\u0161a. Prije strujnog udara bolesniku se daje op\u0107a anestezija ili jak sedativ tako da ne osjeti udar.<\/p>\n<p>&nbsp;<\/p>\n<h2><a href=\"https:\/\/www.afibmatters.org\/what-can-my-doctor-do\/atrial-fibrillation-ablation\/\">Ablacija fibrilacije atrija<\/a><\/h2>\n<p>Ablacija je metoda lije\u010denja fibrilacije atrija koji koristi pa\u017eljivo usmjereno spaljivanje ili zamrzavanje kako bi se namjerno stvorili o\u017eiljci u atriju koji djeluju kao izolacija i sprje\u010davaju \u0161irenje abnormalnih elektri\u010dnih impulsa koji uzrokuju abnormalni ritam. Ablacija fibrilacije atrija obi\u010dno se koristi kada se lijekovi ili druge metode lije\u010denja poka\u017eu neu\u010dinkovitima. Me\u0111utim, ovisno o bolesniku, mo\u017ee se koristiti i kao prva metoda lije\u010denja. Postupak se provodi umetanjem tankih \u017eica, odnosno katerera, u venu na preponi i njihovim dovo\u0111enjem do unutra\u0161njosti srca. Postupak traje nekoliko sati i mo\u017ee se obaviti uz lokalnu anesteziju i sedaciju ili uz op\u0107u anesteziju. Postupak ablacije provode kardiolozi &#8211; elektrofiziolozi u specijaliziranim bolnicama.<\/p>\n<p>&nbsp;<\/p>\n<h2><a href=\"https:\/\/www.afibmatters.org\/what-can-my-doctor-do\/how-to-prevent-stroke\/\">Kako sprije\u010diti mo\u017edani udar<\/a><\/h2>\n<p>Mo\u017edani udar nastaje kada je dotok krvi u mozak ometen ili prekinut, a mo\u017edane stanice o\u0161te\u0107ene ili odumiru. Kako bi se odr\u017ealo dobro zdravlje mozga, mozak zahtijeva kontinuirani protok krvi koja prenosi kisik i vitalne hranjive tvari.<\/p>\n<p>Da bi se izbjegao mo\u017edani udar, preporu\u010duje se kombinacija redovite tjelovje\u017ebe, zdrave prehrane, izbjegavanja pu\u0161enja i konzumacije alkohola te zbrinjavanja zdravstvenih stanja kao \u0161to su krvni tlak i dijabetes.<\/p>\n<p>Fibrilacija atrija mo\u017ee izravno uzrokovati mo\u017edani udar. Fibrilacija atrija mo\u017ee toliko usporiti protok krvi u lijevom atriju da se krv po\u010dne zgru\u0161avati. Ako se napravi ugru\u0161ak te se odvoji i istisne krvlju iz srca, on obi\u010dno cirkulacijom dopire do mozga gdje za\u010depljuje arteriju i uzrokuje mo\u017edani udar. Osobe s fibrilacijom atrija koji imaju visok rizik od mo\u017edanog udara uzimaju lijekove koji se obi\u010dno nazivaju \u201eantikoagulansi\u201c koji se koriste da bi se smanjio rizik tako \u0161to spre\u010davaju stvaranje ugru\u0161aka. To mo\u017ee biti varfarin (antagonist vitamina K) ili izravni oralni antikoagulansi (DOAC, tako\u0111er poznati i kao NOAC) kao \u0161to su apiksaban, dabigatran, rivaroksaban i edoksaban. Va\u0161 \u0107e vam lije\u010dnik pomo\u0107i da utvrdite imate li visok rizik i trebate li za\u0161titu pomo\u0107u rezultata CHADS-VASc te \u0107e vas savjetovati o tome koji je antikoagulans najbolje uzimati.<\/p>\n<p>&nbsp;<\/p>\n<h2><a href=\"https:\/\/www.afibmatters.org\/what-can-my-doctor-do\/how-to-prevent-heart-failure\/\">Kako sprije\u010diti zatajenje srca<\/a><\/h2>\n<p>Kod osoba koje cijelo vrijeme imaju fibrilaciji atrija (perzistentna ili permanentna fibrilacija atrija) va\u017eno je paziti da otkucaji srca nisu stalno ubrzani. Lije\u010dnik \u0107e vam ispitati broj otkucaja srca u mirovanju i, ako je potrebno, propisati lijekove za njegovo usporavanje.<\/p>\n","protected":false},"excerpt":{"rendered":"<p>Va\u0161 lije\u010dnik op\u0107e prakse trebao bi biti prva osoba kojoj se trebate obratiti kada je u pitanju va\u0161e op\u0107e zdravlje. Me\u0111utim, ako su va\u0161i simptomi vezani uz stanje va\u0161eg srca, vjerojatno \u0107e vas uputiti specijalistu za srce, odnosno kardiologu. Tako\u0111er vas mo\u017ee uputiti elektrofiziologu \u2013 kardiologu koji je specijaliziran za lije\u010denje problema sr\u010danog ritma. &nbsp; [&hellip;]<\/p>\n","protected":false},"author":23,"featured_media":0,"parent":0,"menu_order":13,"comment_status":"closed","ping_status":"closed","template":"templates\/parent.php","meta":{"_acf_changed":false,"footnotes":""},"categories":[287],"tags":[],"class_list":["post-8759","page","type-page","status-publish","hentry","category-sto-moj-lijecnik-moze-uciniti-hr"],"acf":[],"_links":{"self":[{"href":"https:\/\/www.afibmatters.org\/hr\/wp-json\/wp\/v2\/pages\/8759","targetHints":{"allow":["GET"]}}],"collection":[{"href":"https:\/\/www.afibmatters.org\/hr\/wp-json\/wp\/v2\/pages"}],"about":[{"href":"https:\/\/www.afibmatters.org\/hr\/wp-json\/wp\/v2\/types\/page"}],"author":[{"embeddable":true,"href":"https:\/\/www.afibmatters.org\/hr\/wp-json\/wp\/v2\/users\/23"}],"replies":[{"embeddable":true,"href":"https:\/\/www.afibmatters.org\/hr\/wp-json\/wp\/v2\/comments?post=8759"}],"version-history":[{"count":1,"href":"https:\/\/www.afibmatters.org\/hr\/wp-json\/wp\/v2\/pages\/8759\/revisions"}],"predecessor-version":[{"id":8760,"href":"https:\/\/www.afibmatters.org\/hr\/wp-json\/wp\/v2\/pages\/8759\/revisions\/8760"}],"wp:attachment":[{"href":"https:\/\/www.afibmatters.org\/hr\/wp-json\/wp\/v2\/media?parent=8759"}],"wp:term":[{"taxonomy":"category","embeddable":true,"href":"https:\/\/www.afibmatters.org\/hr\/wp-json\/wp\/v2\/categories?post=8759"},{"taxonomy":"post_tag","embeddable":true,"href":"https:\/\/www.afibmatters.org\/hr\/wp-json\/wp\/v2\/tags?post=8759"}],"curies":[{"name":"wp","href":"https:\/\/api.w.org\/{rel}","templated":true}]}}