{"id":8753,"date":"2024-02-06T12:43:17","date_gmt":"2024-02-06T12:43:17","guid":{"rendered":"https:\/\/www.afibmatters.org\/misija-i-uvjeti-koristenja\/"},"modified":"2024-02-08T16:37:30","modified_gmt":"2024-02-08T16:37:30","slug":"misija-i-uvjeti-koristenja","status":"publish","type":"page","link":"https:\/\/www.afibmatters.org\/hr\/misija-i-uvjeti-koristenja\/","title":{"rendered":"Misija i uvjeti kori\u0161tenja"},"content":{"rendered":"<h2>MISIJA IZA OVE INTERNETSKE STRANICE:<\/h2>\n<p>Doprinijeti pobolj\u0161anju kvalitete \u017eivota i zdravlja bolesnika s fibrilacijom atrija.<br \/>\nPomo\u0107i bolesnicima, njihovim obiteljima i njegovateljima da bolje razumiju fibrilaciju atrija.<br \/>\nSve preporuke dane na ovoj stranici u skladu su s Europskim smjernicama\u00a0<a href=\"https:\/\/www.escardio.org\/Guidelines\/Clinical-Practice-Guidelines\/Atrial-Fibrillation-Management\">(ovdje pogledati Prakti\u010dne smjernice za fibrilaciju atrija Europskog kardiolo\u0161kog dru\u0161tva).<\/a><\/p>\n<h3>1. Uvjeti kori\u0161tenja<\/h3>\n<p>Internetska stranica afibmatters.org razvijena je pod vodstvom Europskog dru\u0161tva za sr\u010dani ritam (engl. European Heart Rhythm Association, EHRA) Europskog kardiolo\u0161kog dru\u0161tva (engl. European Society of Cardiology, ESC). Europsko dru\u0161tvo za sr\u010dani ritam (ESC) ogranak je Europskog kardiolo\u0161kog dru\u0161tva (ESC). Pristup i kori\u0161tenje ove internetske stranice omogu\u0107uje ESC podlo\u017eno sljede\u0107im uvjetima kori\u0161tenja:<\/p>\n<p>1. Kori\u0161tenjem ove internetske stranice pristajete na ove Uvjete kori\u0161tenja od datuma va\u0161eg prvog posjeta stranice.<\/p>\n<p>2. ESC zadr\u017eava pravo izmjene ovih Uvjeta kori\u0161tenja u bilo kojem trenutku objavom izmjena online. Va\u0161e daljnje kori\u0161tenje ove internetske stranice nakon objavljivanja izmjena zna\u010di da prihva\u0107ate ovaj sporazum u izmijenjenom obliku.<\/p>\n<p>3. Suglasni ste da \u0107ete ovu internetsku stranicu koristiti samo u zakonite svrhe i na na\u010din koji ne kr\u0161i prava ili ograni\u010dava odnosno sprje\u010dava bilo kojoj tre\u0107oj strani kori\u0161tenje ove stranice.<\/p>\n<h3>2. Odricanje od odgovornosti<\/h3>\n<p>1. Ni u kojem slu\u010daju ESC ne\u0107e biti odgovoran korisniku ili bilo kojoj tre\u0107oj strani za bilo koju odluku ili radnju poduzetu na temelju informacija sadr\u017eanih ili pru\u017eenih putem ove internetske stranice, kao ni za bilo kakvu slu\u010dajnu, neizravnu, posebnu ili posljedi\u010dnu \u0161tetu.<\/p>\n<p>2. Informacije koje se nalaze na ovoj internetskoj stranici namijenjene su kao dopuna podr\u0161ci i skrbi koju pru\u017eaju kvalificirani medicinski stru\u010dnjaci. Ova web stranica nije namijenjena niti se smatra zamjenom za stru\u010dni medicinski savjet ili medicinsku skrb. Uvijek treba potra\u017eiti savjet medicinskog stru\u010dnjaka prije po\u010detka (ili prekida) bilo kojeg oblika lije\u010denja. U tu svrhu, sve informacije sadr\u017eane na ovoj internetskoj stranici slu\u017ee isklju\u010divo u obrazovne svrhe.<\/p>\n<p>3. Iako je ESC poduzeo sve mjere opreza pri sastavljanju ove internetske stranice, nije u mogu\u0107nosti pregledati sve informacije kako bi utvrdio njihovu istinitost, to\u010dnost, pouzdanost, potpunost ili relevantnost. Ni u kojem slu\u010daju ESC ne\u0107e biti odgovoran za bilo kakvu \u0161tetu uklju\u010duju\u0107i, bez ograni\u010denja, neizravnu ili posljedi\u010dnu \u0161tetu, ili bilo kakvu \u0161tetu ili izmaklu dobit koji proizlaze iz kori\u0161tenja ili u vezi s kori\u0161tenjem ili nemogu\u0107no\u0161\u0107u kori\u0161tenja stranice, bilo ugovorno ili uzrokovano nemarom.<\/p>\n<p>4. Ni pod kojim okolnostima ESC ili bilo koje povezano osoblje ili autori internetske stranice ne\u0107e snositi odgovornost prema vama, kao posjetitelju internetske stranice ili bilo kojoj drugoj osobi ili tijelu, za bilo koju odluku koja je donesena ili prema kojoj se postupilo kao rezultat oslanjanja na informacije koje se nalaze na internetskoj stranici. Suglasni ste da ESC ni bilo koje povezano osoblje ili autori internetske stranice ne\u0107e biti odgovorni za bilo kakvu \u0161tetu (uklju\u010duju\u0107i bez ograni\u010denja izravnu, neizravnu, slu\u010dajnu, posebnu ili posljedi\u010dnu \u0161tetu), gubitak podataka ili izmaklu dobit, \u010dak i ako su ESC-ova EHRA ili bilo koje povezano osoblje ili autori internetske stranice obavije\u0161teni o mogu\u0107nosti takvog gubitka.<\/p>\n<p>5. ESC ne jam\u010di da \u0107e tehni\u010dke funkcije ugra\u0111ene u materijal na ovoj internetskoj stranici raditi bez prekida ili gre\u0161aka, da \u0107e nedostaci biti ispravljeni ili da ova internetska stranica ili poslu\u017eitelj na kojoj se stranica nalazi nema virusa ili programskih gre\u0161aka ili da zna\u010di potpunu funkcionalnost, to\u010dnost i pouzdanost materijala.<\/p>\n<h3>3. Ograni\u010denja u vezi s autorskim pravima<\/h3>\n<p>1. Vlasnik internetske stranice afibmatters.org je Europsko kardiolo\u0161ko dru\u0161tvo (ESC). Strogo je zabranjena komercijalna upotreba ili objavljivanje svih ili bilo kojeg prikazanog elementa bez prethodnog pismenog odobrenja ESC-a.<\/p>\n<p>Dokumenti na ovoj web stranici mogu se kopirati za osobnu, nekomercijalnu upotrebu samo pod uvjetom da se kopiraju i oznake autorskog prava i izvora, da se ne rade nikakve izmjene i da se dokument kopira u cijelosti. Me\u0111utim, neki dokumenti i fotografije objavljeni su na ovoj web stranici uz dopu\u0161tenje vlasnika autorskih prava (a koji nisu ESC). Pridr\u017eana su sva prava u vezi s ovim dokumentima i za njihovo kopiranje potrebno je zatra\u017eiti dozvolu vlasnika autorskih prava (izvori su navedeni unutar ovih dokumenata\/fotografija).<\/p>\n<p>2. Za svaku neodobrenu upotrebu ESC mo\u017ee poduzeti radnje kojima se tra\u017ei uklanjanje predmetnog materijala iz prikazivanja\/distribucije i mogu\u0107e pravne postupke.<\/p>\n<p>3. Internetska stranica sadr\u017ei poveznice na druge internetske stranice kojima upravljaju tre\u0107e strane koje nisu ESC. Takve poveznice navedene su samo radi lak\u0161eg snala\u017eenja Korisnika. ESC ne kontrolira takve internetske stranice i nije odgovoran za njihov sadr\u017eaj. ESC-ovo uklju\u010divanje poveznica na takve internetske stranice ne zna\u010di da ESC podr\u017eava sadr\u017eaj tih internetskih stranica ili predstavlja bilo kakvu povezanost s operaterima stranica. Korisnik je isklju\u010divo odgovoran za procjenu to\u010dnosti i potpunosti bilo koje informacije koje se nalaze na internetskim stranicama tre\u0107ih strana, kao i vrijednosti i cjelovitosti roba i usluga koje takve stranice nude.<\/p>\n<p>Ako ove Uvjete kori\u0161tenja ne prihva\u0107ate u cijelosti, du\u017eni ste odmah prekinuti kori\u0161tenje ove stranice.<\/p>\n","protected":false},"excerpt":{"rendered":"<p>MISIJA IZA OVE INTERNETSKE STRANICE: Doprinijeti pobolj\u0161anju kvalitete \u017eivota i zdravlja bolesnika s fibrilacijom atrija. Pomo\u0107i bolesnicima, njihovim obiteljima i njegovateljima da bolje razumiju fibrilaciju atrija. Sve preporuke dane na ovoj stranici u skladu su s Europskim smjernicama\u00a0(ovdje pogledati Prakti\u010dne smjernice za fibrilaciju atrija Europskog kardiolo\u0161kog dru\u0161tva). 1. Uvjeti kori\u0161tenja Internetska stranica afibmatters.org razvijena je [&hellip;]<\/p>\n","protected":false},"author":24,"featured_media":0,"parent":0,"menu_order":0,"comment_status":"closed","ping_status":"closed","template":"","meta":{"_acf_changed":false,"footnotes":""},"categories":[],"tags":[],"class_list":["post-8753","page","type-page","status-publish","hentry"],"acf":[],"_links":{"self":[{"href":"https:\/\/www.afibmatters.org\/hr\/wp-json\/wp\/v2\/pages\/8753","targetHints":{"allow":["GET"]}}],"collection":[{"href":"https:\/\/www.afibmatters.org\/hr\/wp-json\/wp\/v2\/pages"}],"about":[{"href":"https:\/\/www.afibmatters.org\/hr\/wp-json\/wp\/v2\/types\/page"}],"author":[{"embeddable":true,"href":"https:\/\/www.afibmatters.org\/hr\/wp-json\/wp\/v2\/users\/24"}],"replies":[{"embeddable":true,"href":"https:\/\/www.afibmatters.org\/hr\/wp-json\/wp\/v2\/comments?post=8753"}],"version-history":[{"count":1,"href":"https:\/\/www.afibmatters.org\/hr\/wp-json\/wp\/v2\/pages\/8753\/revisions"}],"predecessor-version":[{"id":8754,"href":"https:\/\/www.afibmatters.org\/hr\/wp-json\/wp\/v2\/pages\/8753\/revisions\/8754"}],"wp:attachment":[{"href":"https:\/\/www.afibmatters.org\/hr\/wp-json\/wp\/v2\/media?parent=8753"}],"wp:term":[{"taxonomy":"category","embeddable":true,"href":"https:\/\/www.afibmatters.org\/hr\/wp-json\/wp\/v2\/categories?post=8753"},{"taxonomy":"post_tag","embeddable":true,"href":"https:\/\/www.afibmatters.org\/hr\/wp-json\/wp\/v2\/tags?post=8753"}],"curies":[{"name":"wp","href":"https:\/\/api.w.org\/{rel}","templated":true}]}}