{"id":8751,"date":"2024-02-06T12:47:43","date_gmt":"2024-02-06T12:47:43","guid":{"rendered":"https:\/\/www.afibmatters.org\/politika-zastite-privatnosti\/"},"modified":"2024-02-08T16:37:01","modified_gmt":"2024-02-08T16:37:01","slug":"politika-zastite-privatnosti","status":"publish","type":"page","link":"https:\/\/www.afibmatters.org\/hr\/politika-zastite-privatnosti\/","title":{"rendered":"Politika za\u0161tite privatnosti"},"content":{"rendered":"<p>Europsko kardiolo\u0161ko dru\u0161tvo (ESC) predano je za\u0161titi va\u0161e privatnosti na internetu. Podatke koje prikupimo koristimo kako bismo bolje razumjeli kako se na\u0161a stranica koristi i kako bismo je sukladno tome pobolj\u0161ali. Pro\u010ditajte sljede\u0107a pravila da biste razumjeli kako \u0107e se postupati s ovim podacima. Ova se politika mo\u017ee s vremena na vrijeme promijeniti pa vas molimo da je povremeno provjeravate.<\/p>\n<h3>Koje podatke prikuplja ESC?<\/h3>\n<p>ESC prikuplja sljede\u0107e podatke o posjetiteljima na\u0161e internetske stranice: podatke o tome kojim se stranicama pristupa i kada, podatke koje ste dobrovoljno dali (kao \u0161to su podaci dani u anketama).<\/p>\n<h3>Kako ESC koristi ove podatke?<\/h3>\n<p>ESC koristi prikupljene podatke kako bismo bolje razumjeli kako se koristi na\u0161a stranica i kako bismo je sukladno tome pobolj\u0161ali. ESC mo\u017ee anonimizirane podatke (kao \u0161to su rezultati anketa) povremeno ustupiti tre\u0107im stranama.<\/p>\n<h3>Koje se sigurnosne mjere primjenjuju za za\u0161titu podataka od gubitka, zlouporabe ili izmjene?<\/h3>\n<p>Na\u017ealost, nijedan prijenos podataka putem interneta ne mo\u017ee biti 100% siguran. ESC ne mo\u017ee osigurati niti jam\u010diti sigurnost bilo kojeg podatka kojeg nam prenesete te to \u010dinite na vlastiti rizik. Nakon \u0161to primimo va\u0161e prenesene podatke, \u010dinimo sve kako bismo jam\u010dili njihovu sigurnost u na\u0161im sustavima.<\/p>\n<h3>Upotreba kola\u010di\u0107a<\/h3>\n<p>Kola\u010di\u0107i su dijelovi informacija koje internetska stranica prenosi na tvrdi disk va\u0161eg ra\u010dunala u svrhu vo\u0111enja evidencije. To su male tekstualne datoteke koje internetska stranica koristi kako bi prepoznala postoje\u0107e korisnike i olak\u0161ala im kontinuirani pristup i kori\u0161tenje stranice. Oni ne predstavljaju prijetnju va\u0161em sustavu ili datotekama. Kori\u0161tenje kola\u010di\u0107a industrijski je standard i mnoge ih internetske stranice koriste za pru\u017eanje korisnih zna\u010dajki. Kola\u010di\u0107i sami po sebi ne identificiraju osobno korisnika, iako identificiraju ra\u010dunalo. Ve\u0107ina preglednika inicijalno je postavljena da prihva\u0107a kola\u010di\u0107e. Mo\u017eete urediti postavke na svom ra\u010dunalu tako da odbija kola\u010di\u0107e.<\/p>\n<p><!-- OneTrust Cookies Settings button start --><br \/>\n<button id=\"ot-sdk-btn\" class=\"ot-sdk-show-settings\">Postavke kola\u010di\u0107a<\/button><br \/>\n<!-- OneTrust Cookies Settings button end --><\/p>\n<p><!-- OneTrust Cookies List start --><\/p>\n<div id=\"ot-sdk-cookie-policy\"><\/div>\n<p><!-- OneTrust Cookies List end --><\/p>\n","protected":false},"excerpt":{"rendered":"<p>Europsko kardiolo\u0161ko dru\u0161tvo (ESC) predano je za\u0161titi va\u0161e privatnosti na internetu. Podatke koje prikupimo koristimo kako bismo bolje razumjeli kako se na\u0161a stranica koristi i kako bismo je sukladno tome pobolj\u0161ali. Pro\u010ditajte sljede\u0107a pravila da biste razumjeli kako \u0107e se postupati s ovim podacima. Ova se politika mo\u017ee s vremena na vrijeme promijeniti pa vas [&hellip;]<\/p>\n","protected":false},"author":24,"featured_media":0,"parent":0,"menu_order":0,"comment_status":"closed","ping_status":"open","template":"","meta":{"_acf_changed":false,"footnotes":""},"categories":[],"tags":[],"class_list":["post-8751","page","type-page","status-publish","hentry"],"acf":[],"_links":{"self":[{"href":"https:\/\/www.afibmatters.org\/hr\/wp-json\/wp\/v2\/pages\/8751","targetHints":{"allow":["GET"]}}],"collection":[{"href":"https:\/\/www.afibmatters.org\/hr\/wp-json\/wp\/v2\/pages"}],"about":[{"href":"https:\/\/www.afibmatters.org\/hr\/wp-json\/wp\/v2\/types\/page"}],"author":[{"embeddable":true,"href":"https:\/\/www.afibmatters.org\/hr\/wp-json\/wp\/v2\/users\/24"}],"replies":[{"embeddable":true,"href":"https:\/\/www.afibmatters.org\/hr\/wp-json\/wp\/v2\/comments?post=8751"}],"version-history":[{"count":1,"href":"https:\/\/www.afibmatters.org\/hr\/wp-json\/wp\/v2\/pages\/8751\/revisions"}],"predecessor-version":[{"id":8752,"href":"https:\/\/www.afibmatters.org\/hr\/wp-json\/wp\/v2\/pages\/8751\/revisions\/8752"}],"wp:attachment":[{"href":"https:\/\/www.afibmatters.org\/hr\/wp-json\/wp\/v2\/media?parent=8751"}],"wp:term":[{"taxonomy":"category","embeddable":true,"href":"https:\/\/www.afibmatters.org\/hr\/wp-json\/wp\/v2\/categories?post=8751"},{"taxonomy":"post_tag","embeddable":true,"href":"https:\/\/www.afibmatters.org\/hr\/wp-json\/wp\/v2\/tags?post=8751"}],"curies":[{"name":"wp","href":"https:\/\/api.w.org\/{rel}","templated":true}]}}