{"id":8749,"date":"2024-02-06T12:50:53","date_gmt":"2024-02-06T12:50:53","guid":{"rendered":"https:\/\/www.afibmatters.org\/korisni-linkovi\/"},"modified":"2024-03-04T09:52:36","modified_gmt":"2024-03-04T09:52:36","slug":"korisni-linkovi","status":"publish","type":"page","link":"https:\/\/www.afibmatters.org\/hr\/korisni-linkovi\/","title":{"rendered":"Korisne poveznice"},"content":{"rendered":"<h3><a href=\"https:\/\/www.escardio.org\/Sub-specialty-communities\/European-Heart-Rhythm-Association-(EHRA)\/Advocacy\/find-my-ep\" target=\"_blank\" rel=\"noopener\">Prona\u0111i mog lije\u010dnika specijalista<\/a><\/h3>\n<p>Pregledajte direktorij lije\u010dnika specijalista za elektrofiziologiju udruge EHRA.<\/p>\n<p>&nbsp;<\/p>\n<h3><a href=\"https:\/\/www.myrhythmdevice.org\/\" target=\"_blank\" rel=\"noopener\">www.MyRhythmDevice.org<\/a><\/h3>\n<p>Posjetite mre\u017enu stranicu udruge EHRA za pacijente s ugra\u0111enim sr\u010danim ure\u0111ajima.<\/p>\n<p>&nbsp;<\/p>\n<h3><a href=\"https:\/\/www.healthy-heart.org\" target=\"_blank\" rel=\"noopener noreferrer\">www.Healthy-Heart.org<\/a><\/h3>\n<p>Pouzdani odgovori i savjeti pacijentima o tome kako za\u0161tititi svoje srce koje pru\u017ea Europsko kardiolo\u0161ko dru\u0161tvo.<\/p>\n<p>&nbsp;<\/p>\n<h3><a href=\"https:\/\/www.heartfailurematters.org\" target=\"_blank\" rel=\"noopener noreferrer\">www.HeartFailureMatters.org<\/a><\/h3>\n<p>Prakti\u010dne informacije o zatajivanju srca za pacijente, obitelji i njegovatelje pru\u017ea Udruga za zatajivanje srca Europskog kardiolo\u0161kog dru\u0161tva.<\/p>\n<p>&nbsp;<\/p>\n<h3><a href=\"https:\/\/www.heartrhythmalliance.org\/aa\/uk\/news\/coronavirus-information-uk\" target=\"_blank\" rel=\"noopener noreferrer\">www.HeartRhythmAlliance.org<\/a><\/h3>\n<p>Udru\u017eenje za aritmiju i njegove sestrinske dobrotvorne organizacije (Udruga AF i STARS \u2013 zaklada za sinkopu) razvili su resurse specifi\u010dne za bolest COVID-19 za pacijente i zdravstvene djelatnike kako bi nadopunili svoje postoje\u0107e resurse za sve aritmije, tretmane i lije\u010denja, a posebno za atrijsku fibrilaciju (AF) i sinkopu.<\/p>\n<p>&nbsp;<\/p>\n<h3><a href=\"https:\/\/www.escardio.org\/Sub-specialty-communities\/European-Heart-Rhythm-Association-(EHRA)\/Advocacy\/pulse-day\" target=\"_blank\" rel=\"noopener\">Dan pulsa<\/a><\/h3>\n<p>Svjetski dan svjesnosti o aritmiji<\/p>\n<p>&nbsp;<\/p>\n","protected":false},"excerpt":{"rendered":"<p>Prona\u0111i mog lije\u010dnika specijalista Pregledajte direktorij lije\u010dnika specijalista za elektrofiziologiju udruge EHRA. &nbsp; www.MyRhythmDevice.org Posjetite mre\u017enu stranicu udruge EHRA za pacijente s ugra\u0111enim sr\u010danim ure\u0111ajima. &nbsp; www.Healthy-Heart.org Pouzdani odgovori i savjeti pacijentima o tome kako za\u0161tititi svoje srce koje pru\u017ea Europsko kardiolo\u0161ko dru\u0161tvo. &nbsp; www.HeartFailureMatters.org Prakti\u010dne informacije o zatajivanju srca za pacijente, obitelji i njegovatelje [&hellip;]<\/p>\n","protected":false},"author":1,"featured_media":0,"parent":0,"menu_order":0,"comment_status":"closed","ping_status":"closed","template":"","meta":{"_acf_changed":false,"footnotes":""},"categories":[],"tags":[],"class_list":["post-8749","page","type-page","status-publish","hentry"],"acf":[],"_links":{"self":[{"href":"https:\/\/www.afibmatters.org\/hr\/wp-json\/wp\/v2\/pages\/8749","targetHints":{"allow":["GET"]}}],"collection":[{"href":"https:\/\/www.afibmatters.org\/hr\/wp-json\/wp\/v2\/pages"}],"about":[{"href":"https:\/\/www.afibmatters.org\/hr\/wp-json\/wp\/v2\/types\/page"}],"author":[{"embeddable":true,"href":"https:\/\/www.afibmatters.org\/hr\/wp-json\/wp\/v2\/users\/1"}],"replies":[{"embeddable":true,"href":"https:\/\/www.afibmatters.org\/hr\/wp-json\/wp\/v2\/comments?post=8749"}],"version-history":[{"count":2,"href":"https:\/\/www.afibmatters.org\/hr\/wp-json\/wp\/v2\/pages\/8749\/revisions"}],"predecessor-version":[{"id":9094,"href":"https:\/\/www.afibmatters.org\/hr\/wp-json\/wp\/v2\/pages\/8749\/revisions\/9094"}],"wp:attachment":[{"href":"https:\/\/www.afibmatters.org\/hr\/wp-json\/wp\/v2\/media?parent=8749"}],"wp:term":[{"taxonomy":"category","embeddable":true,"href":"https:\/\/www.afibmatters.org\/hr\/wp-json\/wp\/v2\/categories?post=8749"},{"taxonomy":"post_tag","embeddable":true,"href":"https:\/\/www.afibmatters.org\/hr\/wp-json\/wp\/v2\/tags?post=8749"}],"curies":[{"name":"wp","href":"https:\/\/api.w.org\/{rel}","templated":true}]}}