{"id":6717,"date":"2022-03-24T10:50:16","date_gmt":"2022-03-24T10:50:16","guid":{"rendered":"https:\/\/www.afibmatters.org\/que-puis-je-faire\/comment-changer-ma-vie\/obesite\/"},"modified":"2022-03-24T10:50:16","modified_gmt":"2022-03-24T10:50:16","slug":"obesite","status":"publish","type":"page","link":"https:\/\/www.afibmatters.org\/fr\/que-puis-je-faire\/comment-changer-ma-vie\/obesite\/","title":{"rendered":"Ob\u00e9sit\u00e9"},"content":{"rendered":"<p><img loading=\"lazy\" decoding=\"async\" class=\"alignnone wp-image-6457 size-full\" src=\"https:\/\/cdn-endpoint-afib.azureedge.net\/afibmatters\/2022\/03\/shutterstock_1018836169-1-min.jpg?_t=1646320548\" alt=\"\" width=\"900\" height=\"600\" srcset=\"https:\/\/cdn-endpoint-afib.azureedge.net\/afibmatters\/2022\/03\/shutterstock_1018836169-1-min.jpg 900w, https:\/\/cdn-endpoint-afib.azureedge.net\/afibmatters\/2022\/03\/shutterstock_1018836169-1-min-300x200.jpg 300w, https:\/\/cdn-endpoint-afib.azureedge.net\/afibmatters\/2022\/03\/shutterstock_1018836169-1-min-768x512.jpg 768w, https:\/\/cdn-endpoint-afib.azureedge.net\/afibmatters\/2022\/03\/shutterstock_1018836169-1-min-500x333.jpg 500w\" sizes=\"auto, (max-width: 900px) 100vw, 900px\" \/><\/p>\n<p>Il existe clairement un lien entre l&#8217;ob\u00e9sit\u00e9 et l&#8217;apparition de la fibrillation auriculaire. Le risque augmente avec l&#8217;indice de masse corporelle (IMC = poids en kilogrammes divis\u00e9 par le carr\u00e9 de la taille en m\u00e8tres).<\/p>\n<p>En outre, l&#8217;ob\u00e9sit\u00e9 peut augmenter le risque de complications li\u00e9es \u00e0 la fibrillation auriculaire, comme les \u00e9v\u00e9nements thromboemboliques et les accidents vasculaires c\u00e9r\u00e9braux. L&#8217;ob\u00e9sit\u00e9 a \u00e9galement une influence n\u00e9gative sur le traitement de la fibrillation auriculaire par ablation. Le risque de r\u00e9cidive de la fibrillation auriculaire est plus \u00e9lev\u00e9 apr\u00e8s une intervention r\u00e9ussie.<\/p>\n<p>Le surpoids augmente \u00e9galement le risque de d\u00e9velopper des facteurs de risque qui sont individuellement li\u00e9s au risque de d\u00e9velopper une fibrillation auriculaire :<\/p>\n<ul>\n<li><strong>Augmentation de la pression art\u00e9rielle (hypertension)<\/strong><\/li>\n<\/ul>\n<p style=\"padding-left: 40px;\">Les patients souffrant d&#8217;hypertension pr\u00e9sentent un risque 1,7 fois plus \u00e9lev\u00e9 de d\u00e9velopper une fibrillation auriculaire. En outre, il s&#8217;agit d&#8217;un facteur de risque ind\u00e9pendant de d\u00e9velopper une thromboembolie \u00e0 la suite d&#8217;une arythmie. Le traitement de l&#8217;hypertension est non seulement important pour pr\u00e9venir la fibrillation auriculaire mais \u00e9galement pour r\u00e9duire le risque de thromboembolie. La perte de poids fait partie de la prise en charge de l&#8217;hypertension art\u00e9rielle.<\/p>\n<ul>\n<li><strong>Maladies vasculaires et infarctus du myocarde<\/strong><\/li>\n<\/ul>\n<p style=\"padding-left: 40px;\">Le risque de d\u00e9velopper une fibrillation auriculaire augmente de 60 \u00e0 77 % chez les patients ayant subi une crise cardiaque.<\/p>\n<ul>\n<li><strong>Diab\u00e8te sucr\u00e9<\/strong><\/li>\n<\/ul>\n<p style=\"padding-left: 40px;\">Les cas de fibrillation auriculaire sont deux fois plus nombreux chez les patients diab\u00e9tiques. Comme l&#8217;hypertension, le diab\u00e8te augmente \u00e9galement le risque de d\u00e9velopper une thromboembolie.<\/p>\n<ul>\n<li><strong>Apn\u00e9e du sommeil<\/strong><\/li>\n<\/ul>\n<p style=\"padding-left: 40px;\">Les patients en surpoids pr\u00e9sentent un risque accru de d\u00e9velopper une apn\u00e9e obstructive du sommeil (AOS). En raison de la fermeture de la gorge par un exc\u00e8s de masse graisseuse, une pause respiratoire est cr\u00e9\u00e9e pendant le sommeil. Cela a ensuite une influence n\u00e9gative sur la qualit\u00e9 du sommeil. Elle est \u00e9galement associ\u00e9e \u00e0 un risque accru de mortalit\u00e9, d&#8217;\u00e9v\u00e9nements cardiovasculaires et \u00e0 un risque accru de fibrillation auriculaire. Les chances de r\u00e9ussite du traitement de la fibrillation auriculaire (m\u00e9dicaments ou ablation) sont plus faibles chez les patients pr\u00e9sentant une AOS. Par cons\u00e9quent, le traitement de l&#8217;AOS consiste \u00e0 associer la PPC (pression positive continue) et la perte de poids.<\/p>\n<p>Compte tenu du lien \u00e9vident entre l&#8217;ob\u00e9sit\u00e9 et le risque de fibrillation auriculaire, la perte de poids constitue un pilier important dans le traitement de cette arythmie. Elle peut contribuer \u00e0 \u00e9viter ou \u00e0 diminuer les traitements de la fibrillation auriculaire. Chez les patients subissant une ablation, elle diminue le risque de l&#8217;intervention et augmente le taux de r\u00e9ussite.<\/p>\n","protected":false},"excerpt":{"rendered":"<p>Il existe clairement un lien entre l&#8217;ob\u00e9sit\u00e9 et l&#8217;apparition de la fibrillation auriculaire. Le risque augmente avec l&#8217;indice de masse corporelle (IMC = poids en kilogrammes divis\u00e9 par le carr\u00e9 de la taille en m\u00e8tres). En outre, l&#8217;ob\u00e9sit\u00e9 peut augmenter le risque de complications li\u00e9es \u00e0 la fibrillation auriculaire, comme les \u00e9v\u00e9nements thromboemboliques et les [&hellip;]<\/p>\n","protected":false},"author":1,"featured_media":0,"parent":1545,"menu_order":11,"comment_status":"closed","ping_status":"closed","template":"","meta":{"_acf_changed":false,"footnotes":""},"categories":[67],"tags":[],"class_list":["post-6717","page","type-page","status-publish","hentry","category-que-puis-je-faire"],"acf":[],"_links":{"self":[{"href":"https:\/\/www.afibmatters.org\/fr\/wp-json\/wp\/v2\/pages\/6717","targetHints":{"allow":["GET"]}}],"collection":[{"href":"https:\/\/www.afibmatters.org\/fr\/wp-json\/wp\/v2\/pages"}],"about":[{"href":"https:\/\/www.afibmatters.org\/fr\/wp-json\/wp\/v2\/types\/page"}],"author":[{"embeddable":true,"href":"https:\/\/www.afibmatters.org\/fr\/wp-json\/wp\/v2\/users\/1"}],"replies":[{"embeddable":true,"href":"https:\/\/www.afibmatters.org\/fr\/wp-json\/wp\/v2\/comments?post=6717"}],"version-history":[{"count":0,"href":"https:\/\/www.afibmatters.org\/fr\/wp-json\/wp\/v2\/pages\/6717\/revisions"}],"up":[{"embeddable":true,"href":"https:\/\/www.afibmatters.org\/fr\/wp-json\/wp\/v2\/pages\/1545"}],"wp:attachment":[{"href":"https:\/\/www.afibmatters.org\/fr\/wp-json\/wp\/v2\/media?parent=6717"}],"wp:term":[{"taxonomy":"category","embeddable":true,"href":"https:\/\/www.afibmatters.org\/fr\/wp-json\/wp\/v2\/categories?post=6717"},{"taxonomy":"post_tag","embeddable":true,"href":"https:\/\/www.afibmatters.org\/fr\/wp-json\/wp\/v2\/tags?post=6717"}],"curies":[{"name":"wp","href":"https:\/\/api.w.org\/{rel}","templated":true}]}}