{"id":6692,"date":"2022-03-24T10:49:52","date_gmt":"2022-03-24T10:49:52","guid":{"rendered":"https:\/\/www.afibmatters.org\/que-puis-je-faire\/comment-changer-ma-vie\/tabagisme\/"},"modified":"2022-03-24T10:49:52","modified_gmt":"2022-03-24T10:49:52","slug":"tabagisme","status":"publish","type":"page","link":"https:\/\/www.afibmatters.org\/fr\/que-puis-je-faire\/comment-changer-ma-vie\/tabagisme\/","title":{"rendered":"Tabagisme"},"content":{"rendered":"<h3><img loading=\"lazy\" decoding=\"async\" class=\"alignnone wp-image-6429 size-full\" src=\"https:\/\/cdn-endpoint-afib.azureedge.net\/afibmatters\/2022\/03\/shutterstock_1252774594-1-min.jpg?_t=1646320517\" alt=\"\" width=\"900\" height=\"600\" srcset=\"https:\/\/cdn-endpoint-afib.azureedge.net\/afibmatters\/2022\/03\/shutterstock_1252774594-1-min.jpg 900w, https:\/\/cdn-endpoint-afib.azureedge.net\/afibmatters\/2022\/03\/shutterstock_1252774594-1-min-300x200.jpg 300w, https:\/\/cdn-endpoint-afib.azureedge.net\/afibmatters\/2022\/03\/shutterstock_1252774594-1-min-768x512.jpg 768w, https:\/\/cdn-endpoint-afib.azureedge.net\/afibmatters\/2022\/03\/shutterstock_1252774594-1-min-500x333.jpg 500w\" sizes=\"auto, (max-width: 900px) 100vw, 900px\" \/><\/h3>\n<h3>Cigarette de tabac<\/h3>\n<p>Le tabagisme constitue le principal facteur de risque \u00e9vitable pour la sant\u00e9 li\u00e9 aux maladies cardiaques. Il provoque l&#8217;ath\u00e9roscl\u00e9rose (calcification vasculaire) et le r\u00e9tr\u00e9cissement des art\u00e8res cardiaques (coronaires), ce qui entra\u00eene finalement des crises cardiaques et une mort subite d&#8217;origine cardiaque.<\/p>\n<p>En outre, le tabagisme est responsable de 27 % de tous les cancers et est directement li\u00e9 \u00e0 700 000 d\u00e9c\u00e8s pr\u00e9matur\u00e9s en Europe chaque ann\u00e9e. Dans la plupart des pays europ\u00e9ens, le nombre de fumeurs a stagn\u00e9 ou diminu\u00e9 au cours des derni\u00e8res d\u00e9cennies. Toutefois, en 2020, 25 % de la population europ\u00e9enne dans son ensemble et jusqu&#8217;\u00e0 29 % des 15\u201324 ans \u00e9taient fumeurs.<\/p>\n<p>Aujourd&#8217;hui, personne n&#8217;a besoin d&#8217;\u00eatre convaincu de ces effets n\u00e9fastes du tabagisme. Moins connu de la population en g\u00e9n\u00e9ral, le risque de fibrillation auriculaire est nettement plus \u00e9lev\u00e9 chez les fumeurs. Contrairement au d\u00e9veloppement d&#8217;une maladie vasculaire, le m\u00e9canisme par lequel le tabagisme est responsable de ce ph\u00e9nom\u00e8ne est moins bien connu. Mais il est clair que les fumeurs pr\u00e9sentent un risque 1,5 \u00e0 2 fois plus \u00e9lev\u00e9 de d\u00e9velopper une fibrillation auriculaire au cours de leur vie par rapport aux non-fumeurs.<\/p>\n<p>Le risque augmente en fonction de la quantit\u00e9 de tabac et du nombre d&#8217;ann\u00e9es de tabagisme. Cesser de fumer r\u00e9duit le risque, mais celui-ci demeure nettement plus \u00e9lev\u00e9 par rapport \u00e0 quelqu&#8217;un qui n&#8217;a jamais fum\u00e9. Le message sous-jacent est donc le suivant : <strong>ne commencez jamais \u00e0 fumer ! <\/strong> <\/p>\n<p>En outre, le tabagisme contribue \u00e0 des pathologies qui augmentent le risque de fibrillation auriculaire, telles que certaines maladies pulmonaires (par exemple, BPCO ou bronchopneumopathie chronique obstructive), l&#8217;apn\u00e9e du sommeil, les cardiopathies isch\u00e9miques et l&#8217;insuffisance cardiaque.<\/p>\n<p>Le traitement de ces facteurs de risque fait partie de la prise en charge de la fibrillation auriculaire. Le sevrage tabagique a un effet b\u00e9n\u00e9fique sur ces facteurs de risque et, par cons\u00e9quent, un effet b\u00e9n\u00e9fique indirect sur la pr\u00e9vention de la fibrillation auriculaire.<\/p>\n<p>Le tabagisme passif est \u00e9galement connu pour augmenter le risque de fibrillation auriculaire. Le risque augmente de mani\u00e8re significative, surtout lorsque l&#8217;exposition a lieu \u00e0 un plus jeune \u00e2ge. Le tabagisme passif pendant la grossesse et l&#8217;enfance est associ\u00e9 \u00e0 une augmentation du risque de fibrillation auriculaire pouvant atteindre 40 %.<\/p>\n<p>&nbsp;<\/p>\n<h3>Cigarette \u00e9lectronique<\/h3>\n<p>Depuis 2007, le nombre de fumeurs de cigarettes \u00e9lectroniques a consid\u00e9rablement augment\u00e9. Cette fa\u00e7on de fumer devrait aider les gens \u00e0 arr\u00eater compl\u00e8tement de fumer et elle est consid\u00e9r\u00e9e comme plus s\u00fbre que la cigarette classique. Ces dispositifs ne contiennent pas les produits de combustion typiques, tels que le monoxyde de carbone nocif et de nombreux canc\u00e9rog\u00e8nes importants.<\/p>\n<p>Cependant, de vastes \u00e9tudes examinant l&#8217;effet \u00e0 long terme de la cigarette \u00e9lectronique sur la sant\u00e9 cardiovasculaire, y compris un risque accru possible de fibrillation auriculaire, font toujours d\u00e9faut.<\/p>\n<p>Quelques cas ont \u00e9t\u00e9 d\u00e9crits dans la litt\u00e9rature dans lesquels l&#8217;utilisation de la cigarette \u00e9lectronique peut \u00eatre associ\u00e9e \u00e0 la survenue d&#8217;une fibrillation auriculaire. Toutefois, les donn\u00e9es sont encore limit\u00e9es et il n&#8217;a certainement pas encore \u00e9t\u00e9 d\u00e9montr\u00e9 si cette \u00e9ventuelle augmentation du risque \u00e9tait li\u00e9e \u00e0 la nicotine ou \u00e0 d&#8217;autres substances d&#8217;\u00e9chappement de la cigarette \u00e9lectronique.<\/p>\n<p>De nombreuses \u00e9missions g\u00e9n\u00e9r\u00e9es par la cigarette \u00e9lectronique en chauffant la m\u00e9lange d&#8217;eau, d&#8217;ar\u00f4mes, de solvants et de nicotine n&#8217;ont pas encore \u00e9t\u00e9 \u00e9tudi\u00e9es.<\/p>\n<p>&nbsp;<\/p>\n<h3>Traitement de substitution de la nicotine<\/h3>\n<p>La nicotine est le composant le plus \u00e9tudi\u00e9 \u00e0 ce jour, mais le lien entre la nicotine et la fibrillation auriculaire n&#8217;est pas encore clair. Il existe quelques \u00e9tudes \u00e0 court terme sur les traitements de substitution de la nicotine, tels que les patchs \u00e0 la nicotine. Mais cela ne semble pas indiquer un risque clairement accru de d\u00e9veloppement de la fibrillation auriculaire.<\/p>\n","protected":false},"excerpt":{"rendered":"<p>Cigarette de tabac Le tabagisme constitue le principal facteur de risque \u00e9vitable pour la sant\u00e9 li\u00e9 aux maladies cardiaques. Il provoque l&#8217;ath\u00e9roscl\u00e9rose (calcification vasculaire) et le r\u00e9tr\u00e9cissement des art\u00e8res cardiaques (coronaires), ce qui entra\u00eene finalement des crises cardiaques et une mort subite d&#8217;origine cardiaque. En outre, le tabagisme est responsable de 27 % de tous [&hellip;]<\/p>\n","protected":false},"author":1,"featured_media":0,"parent":1545,"menu_order":9,"comment_status":"closed","ping_status":"closed","template":"","meta":{"_acf_changed":false,"footnotes":""},"categories":[67],"tags":[],"class_list":["post-6692","page","type-page","status-publish","hentry","category-que-puis-je-faire"],"acf":[],"_links":{"self":[{"href":"https:\/\/www.afibmatters.org\/fr\/wp-json\/wp\/v2\/pages\/6692","targetHints":{"allow":["GET"]}}],"collection":[{"href":"https:\/\/www.afibmatters.org\/fr\/wp-json\/wp\/v2\/pages"}],"about":[{"href":"https:\/\/www.afibmatters.org\/fr\/wp-json\/wp\/v2\/types\/page"}],"author":[{"embeddable":true,"href":"https:\/\/www.afibmatters.org\/fr\/wp-json\/wp\/v2\/users\/1"}],"replies":[{"embeddable":true,"href":"https:\/\/www.afibmatters.org\/fr\/wp-json\/wp\/v2\/comments?post=6692"}],"version-history":[{"count":0,"href":"https:\/\/www.afibmatters.org\/fr\/wp-json\/wp\/v2\/pages\/6692\/revisions"}],"up":[{"embeddable":true,"href":"https:\/\/www.afibmatters.org\/fr\/wp-json\/wp\/v2\/pages\/1545"}],"wp:attachment":[{"href":"https:\/\/www.afibmatters.org\/fr\/wp-json\/wp\/v2\/media?parent=6692"}],"wp:term":[{"taxonomy":"category","embeddable":true,"href":"https:\/\/www.afibmatters.org\/fr\/wp-json\/wp\/v2\/categories?post=6692"},{"taxonomy":"post_tag","embeddable":true,"href":"https:\/\/www.afibmatters.org\/fr\/wp-json\/wp\/v2\/tags?post=6692"}],"curies":[{"name":"wp","href":"https:\/\/api.w.org\/{rel}","templated":true}]}}