{"id":6685,"date":"2022-03-24T10:49:41","date_gmt":"2022-03-24T10:49:41","guid":{"rendered":"https:\/\/www.afibmatters.org\/que-puis-je-faire\/comment-changer-ma-vie\/alcool\/"},"modified":"2022-03-24T10:49:41","modified_gmt":"2022-03-24T10:49:41","slug":"alcool","status":"publish","type":"page","link":"https:\/\/www.afibmatters.org\/fr\/que-puis-je-faire\/comment-changer-ma-vie\/alcool\/","title":{"rendered":"Alcool"},"content":{"rendered":"<p><img loading=\"lazy\" decoding=\"async\" class=\"alignnone wp-image-6400 size-full\" src=\"https:\/\/cdn-endpoint-afib.azureedge.net\/afibmatters\/2022\/03\/shutterstock_1671285592-1-min.jpg?_t=1646320271\" alt=\"\" width=\"900\" height=\"450\" srcset=\"https:\/\/cdn-endpoint-afib.azureedge.net\/afibmatters\/2022\/03\/shutterstock_1671285592-1-min.jpg 900w, https:\/\/cdn-endpoint-afib.azureedge.net\/afibmatters\/2022\/03\/shutterstock_1671285592-1-min-300x150.jpg 300w, https:\/\/cdn-endpoint-afib.azureedge.net\/afibmatters\/2022\/03\/shutterstock_1671285592-1-min-768x384.jpg 768w, https:\/\/cdn-endpoint-afib.azureedge.net\/afibmatters\/2022\/03\/shutterstock_1671285592-1-min-500x250.jpg 500w\" sizes=\"auto, (max-width: 900px) 100vw, 900px\" \/><\/p>\n<p>Beaucoup de gens aiment prendre un verre d&#8217;alcool pour se d\u00e9tendre, que ce soit en soci\u00e9t\u00e9 ou \u00e0 la maison. Si la consommation occasionnelle ou mod\u00e9r\u00e9e d&#8217;alcool fait partie du mode de vie de nombreuses personnes, une consommation excessive est extr\u00eamement nocive pour la sant\u00e9 et le bien-\u00eatre.<\/p>\n<p>Quel est l&#8217;effet de l&#8217;alcool sur votre c\u0153ur ? L&#8217;alcool est un d\u00e9presseur, ce qui signifie qu&#8217;il ralentit le contr\u00f4le de votre corps par votre cerveau. La consommation fr\u00e9quente d&#8217;une quantit\u00e9 excessive d&#8217;alcool peut provoquer des arythmies cardiaques, notamment une fibrillation auriculaire, et peut d\u00e9primer le muscle cardiaque, entra\u00eenant une insuffisance cardiaque. Elle peut \u00e9galement augmenter votre pression art\u00e9rielle (c&#8217;est-\u00e0-dire provoquer une hypertension).<\/p>\n<p>En outre, comme l&#8217;alcool est riche en sucre, il peut \u00e9galement entra\u00eener une prise de poids qui, \u00e0 son tour, augmente la charge de travail de votre c\u0153ur. La prise de poids peut \u00e9galement entra\u00eener du diab\u00e8te et d&#8217;autres complications.<br \/>\nSi vous \u00eates atteint(e) de fibrillation auriculaire et que vous aimez boire un verre ou deux, vous devriez envisager de modifier votre consommation d&#8217;alcool.<\/p>\n<p>&nbsp;<\/p>\n<h3>Renoncer \u00e0 l&#8217;alcool<\/h3>\n<p>Bien qu&#8217;il puisse \u00eatre tentant de recourir \u00e0 l&#8217;alcool comme m\u00e9canisme d&#8217;adaptation ou comme moyen de d\u00e9stresser (en particulier si vous avez re\u00e7u des nouvelles p\u00e9nibles), il vaut mieux trouver un autre moyen de se d\u00e9tendre et de se relaxer. Par exemple, des exercices de respiration profonde, des \u00e9tirements, du yoga ou du Pilates.<\/p>\n<p>Si vous vous en sentez capable, il est pr\u00e9f\u00e9rable de renoncer \u00e0 l&#8217;alcool pendant la prise en charge de votre maladie cardiaque. Si vous ne vous en sentez pas capable, essayez au moins de r\u00e9duire votre consommation d&#8217;alcool.<\/p>\n<p>Si le go\u00fbt de l&#8217;alcool ou le rituel du \u00ab verre pour se d\u00e9tendre \u00bb vous manque, pourquoi ne pas essayer des alternatives \u00e0 votre boisson habituelle, comme la bi\u00e8re et le vin sans alcool ou les \u00ab&nbsp;mocktails&nbsp;\u00bb&nbsp;?<\/p>\n<p>Plusieurs supermarch\u00e9s proposent d\u00e9sormais une large gamme de boissons sans alcool et vous pouvez trouver en ligne un grand nombre de d\u00e9licieuses recettes de mocktails (ou cocktails sans alcool). Si le fait de renoncer \u00e0 l&#8217;alcool est difficile pour vous et que vous vivez avec d&#8217;autres personnes, telles qu&#8217;un conjoint, des amis proches ou de la famille, vous pouvez leur demander de vous soutenir en vous accompagnant dans l&#8217;abandon ou la r\u00e9duction de votre consommation d&#8217;alcool pendant un certain temps. Vous pouvez \u00e9galement discuter avec votre m\u00e9decin de famille des services propos\u00e9s dans votre r\u00e9gion pour aider \u00e0 arr\u00eater l&#8217;alcool.<\/p>\n<p>Si votre arythmie cardiaque peut \u00eatre r\u00e9solue par des m\u00e9dicaments ou des interventions appel\u00e9es cardioversion ou ablation, vous pouvez continuer \u00e0 boire avec mod\u00e9ration ou pas du tout.<\/p>\n<p>Pour en savoir plus sur ces interventions, cliquez sur le lien vers les pages suivantes :<\/p>\n<ul>\n<li><a href=\"https:\/\/www.afibmatters.org\/what-can-my-doctor-do\/what-is-a-cardioversion\/\">\u00ab Qu&#8217;est-ce qu&#8217;une cardioversion ? \u00bb<\/a><\/li>\n<li><a href=\"https:\/\/www.afibmatters.org\/what-can-my-doctor-do\/atrial-fibrillation-ablation\/\">\u00ab Qu&#8217;est-ce qu&#8217;une ablation ? \u00bb<\/a><\/li>\n<\/ul>\n<p>&nbsp;<\/p>\n<h3>Recommandations relatives \u00e0 la consommation d&#8217;alcool<\/h3>\n<p>Selon les recommandations m\u00e9dicales actuelles, les hommes et les femmes ne doivent pas boire plus de 14 unit\u00e9s d&#8217;alcool par semaine (environ 6 pintes de bi\u00e8re moyennement forte, 10 petits verres de vin \u00e0 faible taux d&#8217;alcool ou 14 mesures individuelles de spiritueux).<\/p>\n<p>Si vous souhaitez continuer \u00e0 boire une fois votre probl\u00e8me cardiaque r\u00e9solu ou ma\u00eetris\u00e9, veillez \u00e0 le faire de mani\u00e8re responsable et dans le cadre d&#8217;une alimentation saine et \u00e9quilibr\u00e9e et d&#8217;un mode de vie actif.<\/p>\n<p>Dans la plupart des cas, les patients atteints de fibrillation auriculaire doivent prendre un fluidifiant sanguin (ou anticoagulant) pour pr\u00e9venir les accidents vasculaires c\u00e9r\u00e9braux. Si l&#8217;on vous prescrit un anticoagulant tel que la warfarine, l&#8217;h\u00e9parine, l&#8217;apixaban, le dabigatran, l&#8217;\u00e9doxaban ou le rivaroxaban pour la fibrillation auriculaire, votre m\u00e9decin pourra \u00e9galement vous conseiller de r\u00e9duire votre consommation d&#8217;alcool ou d&#8217;arr\u00eater compl\u00e8tement de boire.<\/p>\n<p>En effet, l&#8217;alcool interagit avec les anticoagulants, les rendant moins efficaces ou au contraire trop efficaces. La consommation d&#8217;alcool peut \u00e9galement amener votre organisme \u00e0 produire moins de plaquettes (les cellules sanguines qui permettent \u00e0 votre sang de coaguler), augmentant ainsi l&#8217;effet anticoagulant de la warfarine, ce qui entra\u00eene un risque de saignement interne ou externe.<\/p>\n","protected":false},"excerpt":{"rendered":"<p>Beaucoup de gens aiment prendre un verre d&#8217;alcool pour se d\u00e9tendre, que ce soit en soci\u00e9t\u00e9 ou \u00e0 la maison. Si la consommation occasionnelle ou mod\u00e9r\u00e9e d&#8217;alcool fait partie du mode de vie de nombreuses personnes, une consommation excessive est extr\u00eamement nocive pour la sant\u00e9 et le bien-\u00eatre. Quel est l&#8217;effet de l&#8217;alcool sur votre [&hellip;]<\/p>\n","protected":false},"author":1,"featured_media":0,"parent":1545,"menu_order":7,"comment_status":"closed","ping_status":"closed","template":"","meta":{"_acf_changed":false,"footnotes":""},"categories":[67],"tags":[],"class_list":["post-6685","page","type-page","status-publish","hentry","category-que-puis-je-faire"],"acf":[],"_links":{"self":[{"href":"https:\/\/www.afibmatters.org\/fr\/wp-json\/wp\/v2\/pages\/6685","targetHints":{"allow":["GET"]}}],"collection":[{"href":"https:\/\/www.afibmatters.org\/fr\/wp-json\/wp\/v2\/pages"}],"about":[{"href":"https:\/\/www.afibmatters.org\/fr\/wp-json\/wp\/v2\/types\/page"}],"author":[{"embeddable":true,"href":"https:\/\/www.afibmatters.org\/fr\/wp-json\/wp\/v2\/users\/1"}],"replies":[{"embeddable":true,"href":"https:\/\/www.afibmatters.org\/fr\/wp-json\/wp\/v2\/comments?post=6685"}],"version-history":[{"count":0,"href":"https:\/\/www.afibmatters.org\/fr\/wp-json\/wp\/v2\/pages\/6685\/revisions"}],"up":[{"embeddable":true,"href":"https:\/\/www.afibmatters.org\/fr\/wp-json\/wp\/v2\/pages\/1545"}],"wp:attachment":[{"href":"https:\/\/www.afibmatters.org\/fr\/wp-json\/wp\/v2\/media?parent=6685"}],"wp:term":[{"taxonomy":"category","embeddable":true,"href":"https:\/\/www.afibmatters.org\/fr\/wp-json\/wp\/v2\/categories?post=6685"},{"taxonomy":"post_tag","embeddable":true,"href":"https:\/\/www.afibmatters.org\/fr\/wp-json\/wp\/v2\/tags?post=6685"}],"curies":[{"name":"wp","href":"https:\/\/api.w.org\/{rel}","templated":true}]}}