{"id":6667,"date":"2022-03-24T10:49:25","date_gmt":"2022-03-24T10:49:25","guid":{"rendered":"https:\/\/www.afibmatters.org\/que-dois-je-savoir\/quest-ce-que-cela-fait-de-vivre-avec-la-fibrillation-atriale\/flottement\/"},"modified":"2022-03-24T10:49:25","modified_gmt":"2022-03-24T10:49:25","slug":"flottement","status":"publish","type":"page","link":"https:\/\/www.afibmatters.org\/fr\/que-dois-je-savoir\/quest-ce-que-cela-fait-de-vivre-avec-la-fibrillation-atriale\/flottement\/","title":{"rendered":"Flottement"},"content":{"rendered":"<p><img loading=\"lazy\" decoding=\"async\" class=\"alignnone wp-image-6373 size-full\" src=\"https:\/\/cdn-endpoint-afib.azureedge.net\/afibmatters\/2022\/03\/shutterstock_1292580628-1-min.jpg?_t=1646320255\" alt=\"\" width=\"900\" height=\"600\" srcset=\"https:\/\/cdn-endpoint-afib.azureedge.net\/afibmatters\/2022\/03\/shutterstock_1292580628-1-min.jpg 900w, https:\/\/cdn-endpoint-afib.azureedge.net\/afibmatters\/2022\/03\/shutterstock_1292580628-1-min-300x200.jpg 300w, https:\/\/cdn-endpoint-afib.azureedge.net\/afibmatters\/2022\/03\/shutterstock_1292580628-1-min-768x512.jpg 768w, https:\/\/cdn-endpoint-afib.azureedge.net\/afibmatters\/2022\/03\/shutterstock_1292580628-1-min-500x333.jpg 500w\" sizes=\"auto, (max-width: 900px) 100vw, 900px\" \/><\/p>\n<p>Une sensation de flottement dans la poitrine correspond \u00e0 un battement de c\u0153ur tr\u00e8s rapide, parfois d\u00e9crit comme une&nbsp;acc\u00e9l\u00e9ration du c\u0153ur. Elle peut entra\u00eener des difficult\u00e9s \u00e0 reprendre son souffle, des douleurs thoraciques et des sensations vertigineuses. Si vous avez fr\u00e9quemment un rythme cardiaque rapide, il peut \u00eatre utile d&#8217;envisager quelque chose de plus grave.<\/p>\n<p>Un rythme cardiaque rapide (souvent appel\u00e9 tachycardie par les professionnels de la sant\u00e9) est g\u00e9n\u00e9ralement d\u00e9fini comme un battement de c\u0153ur sup\u00e9rieur \u00e0 100 battements par minute. Normalement, en fonction de votre condition physique, votre c\u0153ur s&#8217;acc\u00e9l\u00e8re lorsque vous faites de l&#8217;exercice et ralentit progressivement lorsque vous vous reposez apr\u00e8s quelques minutes.<\/p>\n<p>Si vous constatez que votre c\u0153ur bat vite au repos ou plus vite que la moyenne pendant l&#8217;exercice ou l&#8217;effort, vous devez prendre rendez-vous avec votre m\u00e9decin de famille pour discuter plus en d\u00e9tail de ces sympt\u00f4mes. Votre m\u00e9decin pourra vous demander de noter dans un journal les moments o\u00f9 ces battements rapides se produisent. Si une arythmie cardiaque telle qu&#8217;une fibrillation auriculaire est suspect\u00e9e, votre m\u00e9decin vous fera probablement passer un ECG (\u00e9lectrocardiogramme) de repos ou un enregistrement ECG de longue dur\u00e9e (\u00e0 l&#8217;aide d&#8217;un enregistreur ECG portable).<\/p>\n<p>Si les r\u00e9sultats des examens indiquent que vous souffrez de fibrillation auriculaire, votre m\u00e9decin pourra d\u00e9cider de vous prescrire des m\u00e9dicaments pour contr\u00f4ler vos sympt\u00f4mes, en particulier s&#8217;ils s&#8217;accompagnent d&#8217;une douleur ou d&#8217;une g\u00eane thoracique.<\/p>\n<p>En raison du risque de formation de caillots sanguins, pouvant entra\u00eener un accident vasculaire c\u00e9r\u00e9bral, un fluidifiant sanguin (\u00e9galement appel\u00e9 <a href=\"https:\/\/www.afibmatters.org\/what-can-my-doctor-do\/how-to-prevent-stroke\/\">anticoagulant<\/a>) pourra \u00e9galement vous \u00eatre prescrit.<\/p>\n<p>Dans de nombreux cas, la fibrillation auriculaire peut \u00eatre prise en charge \u00e0 l&#8217;aide de m\u00e9dicaments appropri\u00e9s. Cependant, dans certains cas, elle peut n\u00e9cessiter un traitement suppl\u00e9mentaire sous la forme d&#8217;interventions m\u00e9dicales, notamment la cardioversion et l&#8217;ablation.<\/p>\n<p>Pour en savoir plus sur ces interventions, cliquez sur le lien vers les pages suivantes : <a href=\"https:\/\/www.afibmatters.org\/what-can-my-doctor-do\/what-is-a-cardioversion\/\">\u00ab Qu&#8217;est-ce qu&#8217;une cardioversion ? \u00bb<\/a> et <a href=\"https:\/\/www.afibmatters.org\/what-can-my-doctor-do\/atrial-fibrillation-ablation\/\">\u00ab Qu&#8217;est-ce qu&#8217;une ablation ? \u00bb<\/a>.<\/p>\n<p>Si le diagnostic de fibrillation auriculaire est pos\u00e9 par votre m\u00e9decin et que des m\u00e9dicaments appropri\u00e9s vous sont prescrits, vous constaterez probablement que vos sympt\u00f4mes, tels que palpitations, c\u0153ur qui bat la chamade\/qui s&#8217;emballe et\/ou rythme cardiaque irr\u00e9gulier, disparaissent rapidement ou au fil du temps.<\/p>\n<p>Si votre \u00e9tat n\u00e9cessite une cardioversion ou une ablation, et que celle-ci est r\u00e9ussie, vous constaterez \u00e9galement que ces sympt\u00f4mes sont susceptibles de dispara\u00eetre apr\u00e8s l&#8217;intervention.<\/p>\n","protected":false},"excerpt":{"rendered":"<p>Une sensation de flottement dans la poitrine correspond \u00e0 un battement de c\u0153ur tr\u00e8s rapide, parfois d\u00e9crit comme une&nbsp;acc\u00e9l\u00e9ration du c\u0153ur. Elle peut entra\u00eener des difficult\u00e9s \u00e0 reprendre son souffle, des douleurs thoraciques et des sensations vertigineuses. Si vous avez fr\u00e9quemment un rythme cardiaque rapide, il peut \u00eatre utile d&#8217;envisager quelque chose de plus grave. [&hellip;]<\/p>\n","protected":false},"author":1,"featured_media":0,"parent":1438,"menu_order":6,"comment_status":"closed","ping_status":"closed","template":"","meta":{"_acf_changed":false,"footnotes":""},"categories":[49],"tags":[],"class_list":["post-6667","page","type-page","status-publish","hentry","category-que-dois-je-savoir"],"acf":[],"_links":{"self":[{"href":"https:\/\/www.afibmatters.org\/fr\/wp-json\/wp\/v2\/pages\/6667","targetHints":{"allow":["GET"]}}],"collection":[{"href":"https:\/\/www.afibmatters.org\/fr\/wp-json\/wp\/v2\/pages"}],"about":[{"href":"https:\/\/www.afibmatters.org\/fr\/wp-json\/wp\/v2\/types\/page"}],"author":[{"embeddable":true,"href":"https:\/\/www.afibmatters.org\/fr\/wp-json\/wp\/v2\/users\/1"}],"replies":[{"embeddable":true,"href":"https:\/\/www.afibmatters.org\/fr\/wp-json\/wp\/v2\/comments?post=6667"}],"version-history":[{"count":0,"href":"https:\/\/www.afibmatters.org\/fr\/wp-json\/wp\/v2\/pages\/6667\/revisions"}],"up":[{"embeddable":true,"href":"https:\/\/www.afibmatters.org\/fr\/wp-json\/wp\/v2\/pages\/1438"}],"wp:attachment":[{"href":"https:\/\/www.afibmatters.org\/fr\/wp-json\/wp\/v2\/media?parent=6667"}],"wp:term":[{"taxonomy":"category","embeddable":true,"href":"https:\/\/www.afibmatters.org\/fr\/wp-json\/wp\/v2\/categories?post=6667"},{"taxonomy":"post_tag","embeddable":true,"href":"https:\/\/www.afibmatters.org\/fr\/wp-json\/wp\/v2\/tags?post=6667"}],"curies":[{"name":"wp","href":"https:\/\/api.w.org\/{rel}","templated":true}]}}