{"id":6652,"date":"2022-03-24T10:49:10","date_gmt":"2022-03-24T10:49:10","guid":{"rendered":"https:\/\/www.afibmatters.org\/que-dois-je-savoir\/quest-ce-que-cela-fait-de-vivre-avec-la-fibrillation-atriale\/douleur-dans-la-poitrine\/"},"modified":"2022-03-24T10:49:10","modified_gmt":"2022-03-24T10:49:10","slug":"douleur-dans-la-poitrine","status":"publish","type":"page","link":"https:\/\/www.afibmatters.org\/fr\/que-dois-je-savoir\/quest-ce-que-cela-fait-de-vivre-avec-la-fibrillation-atriale\/douleur-dans-la-poitrine\/","title":{"rendered":"Douleur dans la poitrine"},"content":{"rendered":"<p><img loading=\"lazy\" decoding=\"async\" class=\"alignnone wp-image-3635 size-large\" src=\"https:\/\/cdn-endpoint-afib.azureedge.net\/afibmatters\/2021\/06\/shutterstock_1720383349-2-1024x667.jpg?_t=1646320234\" alt=\"\" width=\"1024\" height=\"667\" srcset=\"https:\/\/cdn-endpoint-afib.azureedge.net\/afibmatters\/2021\/06\/shutterstock_1720383349-2-1024x667.jpg 1024w, https:\/\/cdn-endpoint-afib.azureedge.net\/afibmatters\/2021\/06\/shutterstock_1720383349-2-300x196.jpg 300w, https:\/\/cdn-endpoint-afib.azureedge.net\/afibmatters\/2021\/06\/shutterstock_1720383349-2-768x501.jpg 768w, https:\/\/cdn-endpoint-afib.azureedge.net\/afibmatters\/2021\/06\/shutterstock_1720383349-2-1536x1001.jpg 1536w, https:\/\/cdn-endpoint-afib.azureedge.net\/afibmatters\/2021\/06\/shutterstock_1720383349-2-2048x1335.jpg 2048w, https:\/\/cdn-endpoint-afib.azureedge.net\/afibmatters\/2021\/06\/shutterstock_1720383349-2-500x326.jpg 500w\" sizes=\"auto, (max-width: 1024px) 100vw, 1024px\" \/><\/p>\n<p>La douleur thoracique r\u00e9sultant d&#8217;un probl\u00e8me cardiaque est g\u00e9n\u00e9ralement d\u00e9crite par les patients comme une douleur \u00e9crasante ou sourde dans la poitrine ou comme si quelque chose de lourd \u00e9tait plac\u00e9 au milieu de leur poitrine. Elle peut parfois irradier vers la m\u00e2choire et\/ou le bras gauche et est \u00e9galement appel\u00e9e angine de poitrine.<\/p>\n<p>Moins fr\u00e9quemment, il peut s&#8217;agir d&#8217;une sensation de br\u00fblure dans la partie sup\u00e9rieure du ventre, que l&#8217;on confond facilement avec un mal de ventre ou une indigestion. Par ailleurs, la sensation d&#8217;une douleur thoracique lancinante ou aigu\u00eb, surtout si elle est exacerb\u00e9e lors de l&#8217;inspiration et de l&#8217;expiration, est rarement li\u00e9e \u00e0 un probl\u00e8me cardiaque.<\/p>\n<p>Le plus souvent, la douleur thoracique li\u00e9e au c\u0153ur est un sympt\u00f4me de maladie coronarienne, dans laquelle les vaisseaux qui apportent le sang au muscle cardiaque sont r\u00e9tr\u00e9cis et l&#8217;oxyg\u00e8ne n&#8217;arrive pas en quantit\u00e9 suffisante aux tissus cardiaques. Dans ce cas, la douleur thoracique survient initialement et principalement apr\u00e8s un effort consid\u00e9rable. Au fil du temps, elle est provoqu\u00e9e par des efforts de moins en moins importants.<\/p>\n<p>Si elle persiste malgr\u00e9 le repos, elle peut \u00eatre le signe d&#8217;une crise cardiaque. Dans ce cas, il est n\u00e9cessaire d&#8217;appeler une ambulance.<\/p>\n<p>La douleur thoracique qui survient lors d&#8217;une fibrillation auriculaire pr\u00e9sente les m\u00eames caract\u00e9ristiques. Cependant, elle survient pendant les \u00e9pisodes de fibrillation auriculaire lorsqu&#8217;elle n&#8217;est pas provoqu\u00e9e par l&#8217;exercice physique. La douleur thoracique peut \u00eatre le seul sympt\u00f4me de la fibrillation auriculaire, mais le plus souvent, elle est associ\u00e9e \u00e0 des palpitations, \u00e0 un essoufflement et \u00e0 une sensation d&#8217;acc\u00e9l\u00e9ration du c\u0153ur, parfois m\u00eame \u00e0 des vertiges et \u00e0 des \u00e9vanouissements.<\/p>\n<p>Cette sensation peut \u00eatre tr\u00e8s d\u00e9sagr\u00e9able et vous devez consulter un m\u00e9decin de toute urgence, id\u00e9alement en appelant une ambulance. Si la douleur thoracique survient de fa\u00e7on intermittente et n&#8217;est pas associ\u00e9e \u00e0 d&#8217;autres sympt\u00f4mes, vous devez consulter votre m\u00e9decin de famille. Il\/Elle pourra vous conseiller de passer un ECG (\u00e9lectrocardiogramme) ou une bande Holter (\u00e9galement appel\u00e9e bande\/ECG de 24 heures).<\/p>\n<p>Si elle est trait\u00e9e rapidement, la fibrillation auriculaire peut souvent \u00eatre ma\u00eetris\u00e9e par des m\u00e9dicaments et, dans de nombreux cas, r\u00e9solue de fa\u00e7on temporaire ou permanente par des interventions m\u00e9dicales appel\u00e9es cardioversion et ablation. La plupart des patients peuvent b\u00e9n\u00e9ficier de ce traitement, mais certaines circonstances ou comorbidit\u00e9s rendent ces tentatives futiles et elles sont donc g\u00e9n\u00e9ralement \u00e9vit\u00e9es.<\/p>\n<p>Pour en savoir plus sur ces interventions, cliquez sur le lien vers les pages suivantes : <a href=\"https:\/\/www.afibmatters.org\/what-can-my-doctor-do\/what-is-a-cardioversion\/\">\u00ab Qu&#8217;est-ce qu&#8217;une cardioversion ? \u00bb<\/a> et <a href=\"https:\/\/www.afibmatters.org\/what-can-my-doctor-do\/atrial-fibrillation-ablation\/\">\u00ab Qu&#8217;est-ce qu&#8217;une ablation ? \u00bb<\/a>.<\/p>\n","protected":false},"excerpt":{"rendered":"<p>La douleur thoracique r\u00e9sultant d&#8217;un probl\u00e8me cardiaque est g\u00e9n\u00e9ralement d\u00e9crite par les patients comme une douleur \u00e9crasante ou sourde dans la poitrine ou comme si quelque chose de lourd \u00e9tait plac\u00e9 au milieu de leur poitrine. Elle peut parfois irradier vers la m\u00e2choire et\/ou le bras gauche et est \u00e9galement appel\u00e9e angine de poitrine. Moins [&hellip;]<\/p>\n","protected":false},"author":1,"featured_media":0,"parent":1438,"menu_order":5,"comment_status":"closed","ping_status":"closed","template":"","meta":{"_acf_changed":false,"footnotes":""},"categories":[49],"tags":[],"class_list":["post-6652","page","type-page","status-publish","hentry","category-que-dois-je-savoir"],"acf":[],"_links":{"self":[{"href":"https:\/\/www.afibmatters.org\/fr\/wp-json\/wp\/v2\/pages\/6652","targetHints":{"allow":["GET"]}}],"collection":[{"href":"https:\/\/www.afibmatters.org\/fr\/wp-json\/wp\/v2\/pages"}],"about":[{"href":"https:\/\/www.afibmatters.org\/fr\/wp-json\/wp\/v2\/types\/page"}],"author":[{"embeddable":true,"href":"https:\/\/www.afibmatters.org\/fr\/wp-json\/wp\/v2\/users\/1"}],"replies":[{"embeddable":true,"href":"https:\/\/www.afibmatters.org\/fr\/wp-json\/wp\/v2\/comments?post=6652"}],"version-history":[{"count":0,"href":"https:\/\/www.afibmatters.org\/fr\/wp-json\/wp\/v2\/pages\/6652\/revisions"}],"up":[{"embeddable":true,"href":"https:\/\/www.afibmatters.org\/fr\/wp-json\/wp\/v2\/pages\/1438"}],"wp:attachment":[{"href":"https:\/\/www.afibmatters.org\/fr\/wp-json\/wp\/v2\/media?parent=6652"}],"wp:term":[{"taxonomy":"category","embeddable":true,"href":"https:\/\/www.afibmatters.org\/fr\/wp-json\/wp\/v2\/categories?post=6652"},{"taxonomy":"post_tag","embeddable":true,"href":"https:\/\/www.afibmatters.org\/fr\/wp-json\/wp\/v2\/tags?post=6652"}],"curies":[{"name":"wp","href":"https:\/\/api.w.org\/{rel}","templated":true}]}}