{"id":6639,"date":"2022-03-24T10:48:57","date_gmt":"2022-03-24T10:48:57","guid":{"rendered":"https:\/\/www.afibmatters.org\/que-dois-je-savoir\/quest-ce-que-cela-fait-de-vivre-avec-la-fibrillation-atriale\/fatigue\/"},"modified":"2022-03-24T10:48:57","modified_gmt":"2022-03-24T10:48:57","slug":"fatigue","status":"publish","type":"page","link":"https:\/\/www.afibmatters.org\/fr\/que-dois-je-savoir\/quest-ce-que-cela-fait-de-vivre-avec-la-fibrillation-atriale\/fatigue\/","title":{"rendered":"Fatigue"},"content":{"rendered":"<p><img loading=\"lazy\" decoding=\"async\" class=\"alignnone wp-image-6357 size-full\" src=\"https:\/\/cdn-endpoint-afib.azureedge.net\/afibmatters\/2022\/03\/shutterstock_1018438789-1-min.jpg?_t=1646320214\" alt=\"\" width=\"900\" height=\"600\" srcset=\"https:\/\/cdn-endpoint-afib.azureedge.net\/afibmatters\/2022\/03\/shutterstock_1018438789-1-min.jpg 900w, https:\/\/cdn-endpoint-afib.azureedge.net\/afibmatters\/2022\/03\/shutterstock_1018438789-1-min-300x200.jpg 300w, https:\/\/cdn-endpoint-afib.azureedge.net\/afibmatters\/2022\/03\/shutterstock_1018438789-1-min-768x512.jpg 768w, https:\/\/cdn-endpoint-afib.azureedge.net\/afibmatters\/2022\/03\/shutterstock_1018438789-1-min-500x333.jpg 500w\" sizes=\"auto, (max-width: 900px) 100vw, 900px\" \/><\/p>\n<p>L&#8217;un des sympt\u00f4mes de la fibrillation auriculaire est la fatigue. Il est tout \u00e0 fait normal de se sentir fatigu\u00e9(e) de temps en temps, mais si vous vous sentez \u00e9puis\u00e9(e) ou fatigu\u00e9(e) tout le temps, de fa\u00e7on soudaine ou persistante, cela m\u00e9rite des examens plus approfondis.<\/p>\n<p>Les sensations de fatigue, d&#8217;\u00e9puisement, de lassitude ou d&#8217;un manque g\u00e9n\u00e9ral d&#8217;\u00e9nergie peuvent \u00eatre attribu\u00e9es \u00e0 un large \u00e9ventail de pathologies sous-jacentes dont vous n&#8217;avez peut-\u00eatre pas conscience. Les pathologies courantes incluent l&#8217;an\u00e9mie, les carences en vitamine D, les probl\u00e8mes de thyro\u00efde et la fibrillation auriculaire.<\/p>\n<p>La fatigue r\u00e9sultant de la fibrillation auriculaire est caus\u00e9e par un rythme cardiaque plus rapide que d&#8217;habitude et irr\u00e9gulier. Cela entra\u00eene un manque de coordination entre les diff\u00e9rentes cavit\u00e9s cardiaques, ce qui rend le pompage du sang moins efficace. L&#8217;apport d&#8217;oxyg\u00e8ne aux organes est amoindri, ce qui provoque une sensation d&#8217;\u00e9puisement.<\/p>\n<p>Certains m\u00e9dicaments prescrits par votre m\u00e9decin peuvent aider \u00e0 diminuer la fatigue due \u00e0 la fibrillation auriculaire, mais le traitement le plus efficace consiste \u00e0 r\u00e9tablir un rythme cardiaque normal. La fibrillation auriculaire peut parfois \u00eatre ma\u00eetris\u00e9e \u00e0 l&#8217;aide de m\u00e9dicaments et\/ou d&#8217;interventions m\u00e9dicales appel\u00e9es cardioversion et ablation. La plupart des patients peuvent b\u00e9n\u00e9ficier de ce traitement, mais certaines circonstances ou comorbidit\u00e9s rendent ces tentatives futiles et elles sont donc g\u00e9n\u00e9ralement \u00e9vit\u00e9es.<\/p>\n<p>Pour en savoir plus sur ces interventions, cliquez sur le lien vers les pages suivantes :<\/p>\n<ul>\n<li><a href=\"https:\/\/www.afibmatters.org\/what-can-my-doctor-do\/what-is-a-cardioversion\/\">\u00ab Qu&#8217;est-ce qu&#8217;une cardioversion ? \u00bb<\/a><\/li>\n<li><a href=\"https:\/\/www.afibmatters.org\/what-can-my-doctor-do\/atrial-fibrillation-ablation\/\">\u00ab Qu&#8217;est-ce qu&#8217;une ablation ? \u00bb<\/a><\/li>\n<\/ul>\n","protected":false},"excerpt":{"rendered":"<p>L&#8217;un des sympt\u00f4mes de la fibrillation auriculaire est la fatigue. Il est tout \u00e0 fait normal de se sentir fatigu\u00e9(e) de temps en temps, mais si vous vous sentez \u00e9puis\u00e9(e) ou fatigu\u00e9(e) tout le temps, de fa\u00e7on soudaine ou persistante, cela m\u00e9rite des examens plus approfondis. Les sensations de fatigue, d&#8217;\u00e9puisement, de lassitude ou d&#8217;un [&hellip;]<\/p>\n","protected":false},"author":1,"featured_media":0,"parent":1438,"menu_order":0,"comment_status":"closed","ping_status":"closed","template":"","meta":{"_acf_changed":false,"footnotes":""},"categories":[49],"tags":[],"class_list":["post-6639","page","type-page","status-publish","hentry","category-que-dois-je-savoir"],"acf":[],"_links":{"self":[{"href":"https:\/\/www.afibmatters.org\/fr\/wp-json\/wp\/v2\/pages\/6639","targetHints":{"allow":["GET"]}}],"collection":[{"href":"https:\/\/www.afibmatters.org\/fr\/wp-json\/wp\/v2\/pages"}],"about":[{"href":"https:\/\/www.afibmatters.org\/fr\/wp-json\/wp\/v2\/types\/page"}],"author":[{"embeddable":true,"href":"https:\/\/www.afibmatters.org\/fr\/wp-json\/wp\/v2\/users\/1"}],"replies":[{"embeddable":true,"href":"https:\/\/www.afibmatters.org\/fr\/wp-json\/wp\/v2\/comments?post=6639"}],"version-history":[{"count":0,"href":"https:\/\/www.afibmatters.org\/fr\/wp-json\/wp\/v2\/pages\/6639\/revisions"}],"up":[{"embeddable":true,"href":"https:\/\/www.afibmatters.org\/fr\/wp-json\/wp\/v2\/pages\/1438"}],"wp:attachment":[{"href":"https:\/\/www.afibmatters.org\/fr\/wp-json\/wp\/v2\/media?parent=6639"}],"wp:term":[{"taxonomy":"category","embeddable":true,"href":"https:\/\/www.afibmatters.org\/fr\/wp-json\/wp\/v2\/categories?post=6639"},{"taxonomy":"post_tag","embeddable":true,"href":"https:\/\/www.afibmatters.org\/fr\/wp-json\/wp\/v2\/tags?post=6639"}],"curies":[{"name":"wp","href":"https:\/\/api.w.org\/{rel}","templated":true}]}}