{"id":6638,"date":"2022-03-24T10:48:53","date_gmt":"2022-03-24T10:48:53","guid":{"rendered":"https:\/\/www.afibmatters.org\/que-dois-je-savoir\/quest-ce-que-cela-fait-de-vivre-avec-la-fibrillation-atriale\/palpitations\/"},"modified":"2022-03-29T15:11:02","modified_gmt":"2022-03-29T14:11:02","slug":"palpitations","status":"publish","type":"page","link":"https:\/\/www.afibmatters.org\/fr\/que-dois-je-savoir\/quest-ce-que-cela-fait-de-vivre-avec-la-fibrillation-atriale\/palpitations\/","title":{"rendered":"Palpitations"},"content":{"rendered":"<p><img loading=\"lazy\" decoding=\"async\" class=\"alignnone wp-image-3635 size-large\" src=\"https:\/\/cdn-endpoint-afib.azureedge.net\/afibmatters\/2021\/06\/shutterstock_1720383349-2-1024x667.jpg?_t=1646320170\" alt=\"\" width=\"1024\" height=\"667\" srcset=\"https:\/\/cdn-endpoint-afib.azureedge.net\/afibmatters\/2021\/06\/shutterstock_1720383349-2-1024x667.jpg 1024w, https:\/\/cdn-endpoint-afib.azureedge.net\/afibmatters\/2021\/06\/shutterstock_1720383349-2-300x196.jpg 300w, https:\/\/cdn-endpoint-afib.azureedge.net\/afibmatters\/2021\/06\/shutterstock_1720383349-2-768x501.jpg 768w, https:\/\/cdn-endpoint-afib.azureedge.net\/afibmatters\/2021\/06\/shutterstock_1720383349-2-1536x1001.jpg 1536w, https:\/\/cdn-endpoint-afib.azureedge.net\/afibmatters\/2021\/06\/shutterstock_1720383349-2-2048x1335.jpg 2048w, https:\/\/cdn-endpoint-afib.azureedge.net\/afibmatters\/2021\/06\/shutterstock_1720383349-2-500x326.jpg 500w\" sizes=\"auto, (max-width: 1024px) 100vw, 1024px\" \/><\/p>\n<p>L&#8217;une des raisons les plus courantes pour lesquelles les personnes consultent leur m\u00e9decin est la sensation de sentir leur c\u0153ur battre ou les palpitations. Nous sentons tous les battements de notre c\u0153ur de temps en temps, le plus souvent apr\u00e8s un exercice physique, lorsque nous sommes nerveux, ou peut-\u00eatre lorsque nous souffrons d&#8217;une infection. Il est compr\u00e9hensible que ces sympt\u00f4mes soient inqui\u00e9tants, mais il est important de se rappeler qu&#8217;ils ne sont pas toujours le signe d&#8217;une maladie cardiaque.<\/p>\n<p>Le terme \u00ab palpitation \u00bb couvre un large \u00e9ventail de rythmes cardiaques, y compris la conscience d&#8217;un rythme cardiaque normal qui peut \u00eatre ressenti comme plus fort ou l\u00e9g\u00e8rement plus rapide que la normale. Parmi les autres sympt\u00f4mes fr\u00e9quents, citons la conscience d&#8217;un rythme cardiaque irr\u00e9gulier (battements manqu\u00e9s, saut\u00e9s, interrompus ou in\u00e9gaux).<\/p>\n<p>Plus rarement, il peut y avoir une sensation de battements cardiaques tr\u00e8s rapides (un c\u0153ur qui palpite ou qui s&#8217;emballe). Ces manifestations peuvent avoir diff\u00e9rentes causes, mais nous nous concentrerons ici sur celles associ\u00e9es \u00e0 la fibrillation auriculaire.<\/p>\n<p>Bien que la conscience d&#8217;un changement du rythme cardiaque soit une caract\u00e9ristique majeure de la fibrillation auriculaire, de nombreuses personnes ne remarquent pas forc\u00e9ment de changement au niveau de leur rythme cardiaque. Elles peuvent m\u00eame \u00eatre asymptomatiques ou ressentir d&#8217;autres sympt\u00f4mes tels qu&#8217;essoufflement, fatigue, g\u00eane thoracique ou vertiges.<\/p>\n<p>\u00c0 l&#8217;\u00e8re moderne des montres intelligentes et des outils qui surveillent votre forme physique (ou lorsque vous fr\u00e9quentez une salle de sport), vous avez peut-\u00eatre \u00e9t\u00e9 alert\u00e9(e) d&#8217;une anomalie potentielle du rythme cardiaque dont vous n&#8217;\u00e9tiez pas conscient(e). Cela provoque souvent une grande anxi\u00e9t\u00e9 et il faut savoir que ces appareils ne sont pas toujours pr\u00e9cis et que le seuil de signalement des anomalies est bas.<\/p>\n<p>&nbsp;<\/p>\n<h3>Palpitations en cas de fibrillation auriculaire<\/h3>\n<p>La principale caract\u00e9ristique de la fibrillation auriculaire est que le rythme cardiaque est irr\u00e9gulier : la pause entre chaque battement varie de mani\u00e8re impr\u00e9visible, d&#8217;o\u00f9 l&#8217;expression \u00ab irr\u00e9guli\u00e8rement irr\u00e9gulier \u00bb. Vous pouvez vous en rendre compte gr\u00e2ce \u00e0 une sensation de flottement ou \u00e0 un sentiment d&#8217;irr\u00e9gularit\u00e9 des battements \u2014 avec une conscience particuli\u00e8re des battements plus forts qui se produisent de mani\u00e8re irr\u00e9guli\u00e8re. Cette sensation peut \u00eatre plus \u00e9vidente lors d&#8217;un exercice physique ou lors d&#8217;un repos nocturne au lit.<\/p>\n<p>Vous ou votre m\u00e9decin pouvez d\u00e9tecter cette irr\u00e9gularit\u00e9 en prenant votre pouls. Cependant, cette sensation peut avoir d&#8217;autres causes. Par exemple, des battements suppl\u00e9mentaires ou ectopiques qui rendent souvent difficile l&#8217;\u00e9tablissement d&#8217;un diagnostic d\u00e9finitif sans un enregistrement du c\u0153ur (\u00e9galement connu sous le nom d&#8217;\u00e9lectrocardiogramme ou ECG) lorsque les sympt\u00f4mes apparaissent.<\/p>\n<p>Cela peut \u00e9galement \u00eatre le cas lorsque la fr\u00e9quence cardiaque est particuli\u00e8rement rapide et qu&#8217;il peut \u00eatre impossible pour vous ou votre m\u00e9decin de d\u00e9terminer si le rythme est irr\u00e9gulier \u00e0 partir du seul examen du pouls (voir les rubriques sur la tachycardie supraventriculaire).<\/p>\n<p>Les palpitations dues \u00e0 la fibrillation auriculaire peuvent \u00eatre \u00ab\u00a0persistantes\u00a0\u00bb. Cela signifie que les palpitations se poursuivent pendant sept jours ou plus (souvent jusqu&#8217;\u00e0 ce qu&#8217;une intervention m\u00e9dicale, telle qu&#8217;une cardioversion, soit effectu\u00e9e afin de r\u00e9tablir le rythme cardiaque normal), ou\u00a0que des palpitations\u00a0\u00ab paroxystiques \u00bb se produisent, ce qui signifie que les palpitations se poursuivent pendant un certain temps avant que le c\u0153ur ne reprenne spontan\u00e9ment un rythme normal.<\/p>\n<p>Les \u00e9pisodes de fibrillation auriculaire, en particulier lorsque la fr\u00e9quence cardiaque est rapide, peuvent \u00eatre tr\u00e8s g\u00eanants et invalidants, soit en raison de la conscience du rythme seul, soit en raison des sympt\u00f4mes associ\u00e9s (essoufflement, vertiges, pertes de connaissance ou douleurs thoraciques). De tels \u00e9pisodes n\u00e9cessitent une intervention m\u00e9dicale rapide.<\/p>\n<p>La conscience de l&#8217;irr\u00e9gularit\u00e9 cardiaque chez les patients pr\u00e9sentant une fibrillation auriculaire de longue dur\u00e9e et d&#8217;un rythme cardiaque \u00ab permanent \u00bb peut diminuer sur une p\u00e9riode de quelques semaines \u00e0 quelques mois, spontan\u00e9ment ou \u00e0 l&#8217;aide d&#8217;un traitement visant \u00e0 contr\u00f4ler la fr\u00e9quence cardiaque.<br \/>\nConsultation de votre m\u00e9decin<\/p>\n<p>Avant de consulter votre m\u00e9decin, il est utile de tenir un journal de vos sympt\u00f4mes, en notant en particulier toutes les caract\u00e9ristiques associ\u00e9es, comme une douleur thoracique ou un essoufflement, leur dur\u00e9e et tout facteur de d\u00e9clenchement (par exemple, exercice physique, alcool ou caf\u00e9ine).<\/p>\n<p>Lorsque la sensation de palpitations est continue, un diagnostic peut souvent \u00eatre \u00e9tabli par un enregistrement ECG au repos \u00e0 la clinique. Toutefois, lorsque les sympt\u00f4mes sont intermittents et absents lors de la consultation, il peut \u00eatre impossible de poser un diagnostic d\u00e9finitif de cette mani\u00e8re.<\/p>\n<p><img loading=\"lazy\" decoding=\"async\" class=\"alignnone wp-image-6338 size-full\" src=\"https:\/\/cdn-endpoint-afib.azureedge.net\/afibmatters\/2022\/03\/shutterstock_1382268998-1-min.jpg?_t=1646320183\" alt=\"\" width=\"900\" height=\"601\" srcset=\"https:\/\/cdn-endpoint-afib.azureedge.net\/afibmatters\/2022\/03\/shutterstock_1382268998-1-min.jpg 900w, https:\/\/cdn-endpoint-afib.azureedge.net\/afibmatters\/2022\/03\/shutterstock_1382268998-1-min-300x200.jpg 300w, https:\/\/cdn-endpoint-afib.azureedge.net\/afibmatters\/2022\/03\/shutterstock_1382268998-1-min-768x513.jpg 768w, https:\/\/cdn-endpoint-afib.azureedge.net\/afibmatters\/2022\/03\/shutterstock_1382268998-1-min-500x334.jpg 500w\" sizes=\"auto, (max-width: 900px) 100vw, 900px\" \/><\/p>\n<p>La solution pour d\u00e9terminer la cause des palpitations consiste \u00e0 r\u00e9aliser un trac\u00e9 cardiaque au moment o\u00f9 vous ressentez les sympt\u00f4mes. Un appareil d&#8217;enregistrement permettant de documenter l&#8217;ECG lorsque vous \u00eates symptomatique pourrait donc vous \u00eatre fourni ou mis en place.<\/p>\n<p>Lorsque les sympt\u00f4mes sont plus rares, un petit moniteur implant\u00e9 sous la peau (appel\u00e9 enregistreur \u00e0 boucle implantable ou ILR) peut \u00eatre n\u00e9cessaire pour surveiller la fr\u00e9quence cardiaque pendant plusieurs ann\u00e9es ou jusqu&#8217;\u00e0 ce que les sympt\u00f4mes r\u00e9apparaissent.<\/p>\n","protected":false},"excerpt":{"rendered":"<p>L&#8217;une des raisons les plus courantes pour lesquelles les personnes consultent leur m\u00e9decin est la sensation de sentir leur c\u0153ur battre ou les palpitations. Nous sentons tous les battements de notre c\u0153ur de temps en temps, le plus souvent apr\u00e8s un exercice physique, lorsque nous sommes nerveux, ou peut-\u00eatre lorsque nous souffrons d&#8217;une infection. Il [&hellip;]<\/p>\n","protected":false},"author":1,"featured_media":0,"parent":1438,"menu_order":3,"comment_status":"closed","ping_status":"closed","template":"","meta":{"_acf_changed":false,"footnotes":""},"categories":[49],"tags":[],"class_list":["post-6638","page","type-page","status-publish","hentry","category-que-dois-je-savoir"],"acf":[],"_links":{"self":[{"href":"https:\/\/www.afibmatters.org\/fr\/wp-json\/wp\/v2\/pages\/6638","targetHints":{"allow":["GET"]}}],"collection":[{"href":"https:\/\/www.afibmatters.org\/fr\/wp-json\/wp\/v2\/pages"}],"about":[{"href":"https:\/\/www.afibmatters.org\/fr\/wp-json\/wp\/v2\/types\/page"}],"author":[{"embeddable":true,"href":"https:\/\/www.afibmatters.org\/fr\/wp-json\/wp\/v2\/users\/1"}],"replies":[{"embeddable":true,"href":"https:\/\/www.afibmatters.org\/fr\/wp-json\/wp\/v2\/comments?post=6638"}],"version-history":[{"count":2,"href":"https:\/\/www.afibmatters.org\/fr\/wp-json\/wp\/v2\/pages\/6638\/revisions"}],"predecessor-version":[{"id":6880,"href":"https:\/\/www.afibmatters.org\/fr\/wp-json\/wp\/v2\/pages\/6638\/revisions\/6880"}],"up":[{"embeddable":true,"href":"https:\/\/www.afibmatters.org\/fr\/wp-json\/wp\/v2\/pages\/1438"}],"wp:attachment":[{"href":"https:\/\/www.afibmatters.org\/fr\/wp-json\/wp\/v2\/media?parent=6638"}],"wp:term":[{"taxonomy":"category","embeddable":true,"href":"https:\/\/www.afibmatters.org\/fr\/wp-json\/wp\/v2\/categories?post=6638"},{"taxonomy":"post_tag","embeddable":true,"href":"https:\/\/www.afibmatters.org\/fr\/wp-json\/wp\/v2\/tags?post=6638"}],"curies":[{"name":"wp","href":"https:\/\/api.w.org\/{rel}","templated":true}]}}