{"id":6598,"date":"2022-03-24T10:48:09","date_gmt":"2022-03-24T10:48:09","guid":{"rendered":"https:\/\/www.afibmatters.org\/que-dois-je-savoir\/quest-ce-que-cela-fait-de-vivre-avec-la-fibrillation-atriale\/essoufflement\/"},"modified":"2022-03-29T11:51:22","modified_gmt":"2022-03-29T10:51:22","slug":"essoufflement","status":"publish","type":"page","link":"https:\/\/www.afibmatters.org\/fr\/que-dois-je-savoir\/quest-ce-que-cela-fait-de-vivre-avec-la-fibrillation-atriale\/essoufflement\/","title":{"rendered":"Essoufflement"},"content":{"rendered":"<p><img loading=\"lazy\" decoding=\"async\" class=\"alignnone wp-image-6297 size-full\" src=\"https:\/\/cdn-endpoint-afib.azureedge.net\/afibmatters\/2022\/03\/shutterstock_2063929043-1-min.jpg?_t=1646320123\" alt=\"\" width=\"900\" height=\"600\" srcset=\"https:\/\/cdn-endpoint-afib.azureedge.net\/afibmatters\/2022\/03\/shutterstock_2063929043-1-min.jpg 900w, https:\/\/cdn-endpoint-afib.azureedge.net\/afibmatters\/2022\/03\/shutterstock_2063929043-1-min-300x200.jpg 300w, https:\/\/cdn-endpoint-afib.azureedge.net\/afibmatters\/2022\/03\/shutterstock_2063929043-1-min-768x512.jpg 768w, https:\/\/cdn-endpoint-afib.azureedge.net\/afibmatters\/2022\/03\/shutterstock_2063929043-1-min-500x333.jpg 500w\" sizes=\"auto, (max-width: 900px) 100vw, 900px\" \/><\/p>\n<p>L&#8217;essoufflement est un sympt\u00f4me tr\u00e8s fr\u00e9quent chez les personnes souffrant d&#8217;une maladie cardiaque. La sensation peut \u00eatre d\u00e9crite diff\u00e9remment en fonction de l&#8217;individu et de ses circonstances, et peut inclure un essoufflement, des difficult\u00e9s \u00e0 respirer, une sensation de pesanteur \u00e0 la respiration et, dans les cas plus graves, une lutte respiratoire, une dyspn\u00e9e de K\u00fcssmaul ou une sensation de noyade. Le terme m\u00e9dical \u00ab\u00a0dyspn\u00e9e\u00a0\u00bb peut \u00e9galement \u00eatre utilis\u00e9 par votre m\u00e9decin pour d\u00e9crire l&#8217;essoufflement.<\/p>\n<p>La sensation d&#8217;oppression de la poitrine, de g\u00eane ou de constriction thoracique peut \u00eatre une caract\u00e9ristique de l&#8217;essoufflement, mais elle n&#8217;est pas tr\u00e8s sp\u00e9cifique et \u00e9voque la possibilit\u00e9 d&#8217;une angine de poitrine (un type de douleur thoracique caus\u00e9e par une r\u00e9duction de la circulation sanguine dans le muscle cardiaque). Il est important que vous puissiez d\u00e9crire les circonstances dans lesquelles vous vous sentez essouffl\u00e9(e).<\/p>\n<p>La sensation d&#8217;essoufflement lors d&#8217;un effort physique constitue une exp\u00e9rience fr\u00e9quente. Des activit\u00e9s que vous r\u00e9aliseriez normalement sans difficult\u00e9 provoquent une sensation d&#8217;essoufflement comme celle que vous ressentiriez apr\u00e8s un effort physique plus vigoureux. Par exemple, monter des escaliers ou des collines, jardiner ou m\u00eame vous habiller.<\/p>\n<p>L&#8217;apparition peut \u00eatre tr\u00e8s progressive et il se peut que vous ne fassiez plus attention \u00e0 cette difficult\u00e9 respiratoire en vieillissant, en cas de d\u00e9gradation de votre condition physique ou en cas de surpoids. Cependant, un changement dans votre respiration remarqu\u00e9 par votre famille ou lorsque vous vous comparez \u00e0 vos pairs peut avoir de l&#8217;importance.<\/p>\n<h3>Essoufflement au repos et la nuit<\/h3>\n<p>Il est important de savoir reconna\u00eetre un essoufflement s\u00e9v\u00e8re qui survient m\u00eame au repos et qui peut \u00eatre associ\u00e9 \u00e0 une oppression thoracique ou \u00e0 une respiration sifflante (un sympt\u00f4me plus souvent associ\u00e9 \u00e0 l&#8217;asthme ou \u00e0 une maladie pulmonaire).<\/p>\n<p>Une sensation d&#8217;essoufflement en position couch\u00e9e, n\u00e9cessitant l&#8217;utilisation de plusieurs oreillers ou le fait de dormir dans un fauteuil la nuit (\u00e9galement connue sous le nom d&#8217;orthopn\u00e9e), indique que la fonction cardiaque a \u00e9t\u00e9 consid\u00e9rablement compromise et que vous devez consulter un m\u00e9decin d&#8217;urgence.<\/p>\n<p>Les r\u00e9veils nocturnes accompagn\u00e9s d&#8217;\u00e9pisodes d&#8217;essoufflement s\u00e9v\u00e8res qui s&#8217;am\u00e9liorent \u00e9galement lorsque l&#8217;on se l\u00e8ve ou que l&#8217;on s&#8217;assoit au bord du lit (\u00e9galement appel\u00e9s dyspn\u00e9e paroxystique nocturne) sont des exp\u00e9riences \u00e9troitement li\u00e9es et indiquent que les poumons peuvent \u00eatre encombr\u00e9s et accumuler du liquide (\u00e9galement appel\u00e9 liquide dans les poumons).<\/p>\n<p>Cette congestion peut \u00eatre d\u00e9tect\u00e9e par votre m\u00e9decin en \u00e9coutant vos poumons ou en examinant une radiographie pulmonaire. Ces sympt\u00f4mes ne sont pas exclusivement associ\u00e9s \u00e0 la fibrillation auriculaire et peuvent traduire n&#8217;importe quelle pathologie dans laquelle la fonction cardiaque est compromise.<\/p>\n<p>Une augmentation soudaine de l&#8217;essoufflement peut \u00e9galement \u00eatre observ\u00e9e lorsque le c\u0153ur passe d&#8217;un rythme normal \u00e0 la fibrillation auriculaire. Cela peut se produire sur une p\u00e9riode de quelques minutes \u00e0 quelques heures et peut \u00eatre associ\u00e9 \u00e0 des palpitations ou \u00e0 une sensation d&#8217;acc\u00e9l\u00e9ration du c\u0153ur.<\/p>\n<p>Un essoufflement survenant au repos peut \u00eatre \u00e9prouvant et vous incitera normalement \u00e0 demander une aide urgente \u00e0 votre m\u00e9decin. Lorsque la fibrillation auriculaire est intermittente, qu&#8217;elle dure quelques minutes ou quelques heures avant de revenir spontan\u00e9ment \u00e0 un rythme normal, le sympt\u00f4me d&#8217;essoufflement peut suivre un sch\u00e9ma similaire et, entre ces \u00e9pisodes, la respiration peut \u00eatre normale.<\/p>\n<p>Lorsque vous signalez ce sympt\u00f4me \u00e0 votre m\u00e9decin, vous devez noter les facteurs susceptibles de pr\u00e9cipiter l&#8217;essoufflement et toute caract\u00e9ristique associ\u00e9e, comme une respiration sifflante, des palpitations, une sensation d&#8217;acc\u00e9l\u00e9ration du c\u0153ur ou une douleur thoracique.<\/p>\n<p>Il est important de savoir que l&#8217;essoufflement est un sympt\u00f4me de nombreuses pathologies et que votre m\u00e9decin devra exclure d&#8217;autres causes telles qu&#8217;une valvulopathie, une maladie du muscle cardiaque, une angine de poitrine ou d&#8217;autres pathologies, m\u00eame s&#8217;il a \u00e9t\u00e9 \u00e9tabli que vous souffrez de fibrillation auriculaire.<\/p>\n<p>C&#8217;est pourquoi plusieurs <a href=\"https:\/\/www.afibmatters.org\/what-can-my-doctor-do\/useful-tests\/\">examens compl\u00e9mentaires<\/a> peuvent \u00eatre n\u00e9cessaires, notamment des analyses de sang, une \u00e9chocardiographie, des tests d&#8217;effort et des tests de la fonction pulmonaire.<\/p>\n","protected":false},"excerpt":{"rendered":"<p>L&#8217;essoufflement est un sympt\u00f4me tr\u00e8s fr\u00e9quent chez les personnes souffrant d&#8217;une maladie cardiaque. La sensation peut \u00eatre d\u00e9crite diff\u00e9remment en fonction de l&#8217;individu et de ses circonstances, et peut inclure un essoufflement, des difficult\u00e9s \u00e0 respirer, une sensation de pesanteur \u00e0 la respiration et, dans les cas plus graves, une lutte respiratoire, une dyspn\u00e9e de [&hellip;]<\/p>\n","protected":false},"author":1,"featured_media":0,"parent":1438,"menu_order":1,"comment_status":"closed","ping_status":"closed","template":"","meta":{"_acf_changed":false,"footnotes":""},"categories":[49],"tags":[],"class_list":["post-6598","page","type-page","status-publish","hentry","category-que-dois-je-savoir"],"acf":[],"_links":{"self":[{"href":"https:\/\/www.afibmatters.org\/fr\/wp-json\/wp\/v2\/pages\/6598","targetHints":{"allow":["GET"]}}],"collection":[{"href":"https:\/\/www.afibmatters.org\/fr\/wp-json\/wp\/v2\/pages"}],"about":[{"href":"https:\/\/www.afibmatters.org\/fr\/wp-json\/wp\/v2\/types\/page"}],"author":[{"embeddable":true,"href":"https:\/\/www.afibmatters.org\/fr\/wp-json\/wp\/v2\/users\/1"}],"replies":[{"embeddable":true,"href":"https:\/\/www.afibmatters.org\/fr\/wp-json\/wp\/v2\/comments?post=6598"}],"version-history":[{"count":3,"href":"https:\/\/www.afibmatters.org\/fr\/wp-json\/wp\/v2\/pages\/6598\/revisions"}],"predecessor-version":[{"id":6877,"href":"https:\/\/www.afibmatters.org\/fr\/wp-json\/wp\/v2\/pages\/6598\/revisions\/6877"}],"up":[{"embeddable":true,"href":"https:\/\/www.afibmatters.org\/fr\/wp-json\/wp\/v2\/pages\/1438"}],"wp:attachment":[{"href":"https:\/\/www.afibmatters.org\/fr\/wp-json\/wp\/v2\/media?parent=6598"}],"wp:term":[{"taxonomy":"category","embeddable":true,"href":"https:\/\/www.afibmatters.org\/fr\/wp-json\/wp\/v2\/categories?post=6598"},{"taxonomy":"post_tag","embeddable":true,"href":"https:\/\/www.afibmatters.org\/fr\/wp-json\/wp\/v2\/tags?post=6598"}],"curies":[{"name":"wp","href":"https:\/\/api.w.org\/{rel}","templated":true}]}}