{"id":1598,"date":"2020-03-03T12:01:08","date_gmt":"2020-03-03T12:01:08","guid":{"rendered":"https:\/\/www.afibmatters.org\/auteurs-et-contenu\/"},"modified":"2022-07-06T12:33:31","modified_gmt":"2022-07-06T11:33:31","slug":"auteurs-et-contenu","status":"publish","type":"page","link":"https:\/\/www.afibmatters.org\/fr\/auteurs-et-contenu\/","title":{"rendered":"Auteurs et contenu"},"content":{"rendered":"<p>Le site Web afibmatters.org a \u00e9t\u00e9 con\u00e7u sous la direction de <a href=\"https:\/\/www.escardio.org\/Sub-specialty-communities\/European-Heart-Rhythm-Association-(EHRA)\">l\u2019European Heart Rhythm Association de l\u2019European Society of Cardiology.<\/a><\/p>\n<p>Le contenu de ce site Web n\u2019est pas une copie et repose sur des recommandations conformes aux directives pratiques europ\u00e9ennes.<\/p>\n<h3>Force d\u2019intervention\u00a0:<\/h3>\n<h3>2020-2022<\/h3>\n<p><a href=\"#david-duncker\">Dr. David Dunker \/ Pr\u00e9sident du comit\u00e9 e-Communication EHRA<\/a><br \/>\n<a href=\"#rodrigue-garcia\">Dr. Rodrigue Garcia<\/a><br \/>\n<a href=\"#federico-guerra\">Associ\u00e9 Prof. Federico Guerra<\/a><br \/>\n<a href=\"#barbara-kommata\">Dre. Barbara Kommata<\/a><br \/>\n<a href=\"#dominik-linz\">Associ\u00e9e Prof. Dominik Linz<\/a><br \/>\n<a href=\"#jean-claude-deharo\">Prof. Jean-Claude Deharo \/ Coordinateur Patient EHRA<\/a><br \/>\n<a href=\"#emma-svennberg\">Dre. Emma Svennberg \/ Pr\u00e9sidente du comit\u00e9 Digital EHRA<\/a><br \/>\nMembres du forum des patients ESC\u00a0: Jeremy Dwight, Rasa Semiotiene, Noemi De Stoutz, Inga Drossart<\/p>\n<h3>2018-2020<\/h3>\n<p><a href=\"#francisco-manuel-moscoso-costa\">Dr. Francisco Manuel Moscoso Costa \/ Pr\u00e9sident<\/a><br \/>\n<a href=\"#natasja-de-groot\">Associ\u00e9 Prof. Natasja De Groot<\/a><br \/>\n<a href=\"#barbara-kommata\">Dre. Barbara Kommata<\/a><br \/>\n<a href=\"#lidija-poposka\">Associ\u00e9e Prof. Lidija Poposka<\/a><\/p>\n<h3>2017-2018<\/h3>\n<p><a href=\"#christian-elsner\">Dr. Christian Elsner \/ Pr\u00e9sident<\/a><br \/>\n<a href=\"#natasja-de-groot\">Dre. Natasja de Groot<\/a><br \/>\n<a href=\"#dipen-shah\">Dr. Dipen Shah<\/a><\/p>\n<h3>2015-2017<\/h3>\n<p><a href=\"#natasja-de-groot\">Dre. Natasja de Groot \/ Pr\u00e9sidente<\/a><br \/>\n<a href=\"#maria-grazia-bongiorni\">Dre. Maria Grazia Bongiorni<\/a><br \/>\n<a href=\"#mark-j-earley\">Dr. Mark Earley<\/a><br \/>\n<a href=\"#reinder-evertz\">M. Reinder Evertz<\/a><br \/>\n<a href=\"#martin-martinek\">Associ\u00e9 Prof. Martin Martinek<\/a><br \/>\n<a href=\"#christian-meyer\">Dr. Christian Meyer<\/a><br \/>\n<a href=\"#dipen-shah\">Dr. Dipen Shah<\/a><\/p>\n<h3>2013-2015<\/h3>\n<p><a href=\"#maxim-didenko\">Prof. Maxim Didenko \/ Pr\u00e9sident<\/a><br \/>\n<a href=\"#helmut-puererfellner\">Prof. Helmut Puererfellner \/ Copr\u00e9sident<\/a><br \/>\n<a href=\"#natasja-de-groot\">Dre. Natasja de Groot<\/a><br \/>\n<a href=\"#hernandez-madrid-antonio\">Prof. associ\u00e9 Antonio Hernandez Madrid<\/a><br \/>\n<a href=\"#deirdre-lane\">Dr. Deirdre Lane<\/a><br \/>\n<a href=\"#jean-yves-le-heuzey\">Prof. Jean-Yves Le Heuzey<\/a><br \/>\n<a href=\"#martin-martinek\">Associ\u00e9 Prof. Martin Martinek<\/a><br \/>\n<a href=\"#christian-meyer\">Dr. Christian Meyer<\/a><br \/>\n<a href=\"#alexander-romanov\">Dr. Alexander Romanov<\/a><br \/>\n<a href=\"#richard-schilling\">Prof. Richard Schilling<\/a><br \/>\n<a href=\"#mellanie-true-hills\">Mme Mellanie True Hills<\/a><\/p>\n<h3>2011-2013<\/h3>\n<p><a href=\"#gregory-yh-lip\">Prof. Gregory YH Lip \/ Pr\u00e9sident<\/a><br \/>\n<a href=\"#jean-yves-le-heuzey\">Prof. Jean-Yves Le Heuzey \/ Copr\u00e9sident<\/a><br \/>\n<a href=\"#maxim-didenko\">Dr. Maxim Didenko<\/a><br \/>\n<a href=\"#deirdre-lane\">Dr. Deirdre Lane<\/a><br \/>\n<a href=\"#hernandez-madrid-antonio\">Associ\u00e9 Prof. Antonio Hernandez Madrid<\/a><br \/>\n<a href=\"#richard-schilling\">Prof. Richard Schilling<\/a><br \/>\n<a href=\"#christian-sticherling\">Prof. Christian Sticherling<\/a><br \/>\n<a href=\"#mellanie-true-hills\">Mme Mellanie True Hills<\/a><\/p>\n<p>&nbsp;<\/p>\n<hr \/>\n<p>&nbsp;<\/p>\n<h3>DRE MARIA GRAZIA BONGIORNI<\/h3>\n<p>La Dre Maria Grazia Bongiorni est Professeure associ\u00e9e et certifi\u00e9e en cardiologie, Directrice de la Division d\u2019arythmologie du D\u00e9partement cardiothoracique de l\u2019h\u00f4pital universitaire de Pise. La Dre Bongiorni est \u00e0 la t\u00eate d\u2019un centre international d\u2019orientation pour implants biventriculaires, DAI et stimulateur cardiaque, l\u2019extraction du plomb transveineux, l\u2019ablation du cath\u00e9ter. Membre de l&#8217;EHRA, elle a travaill\u00e9 au sein de plusieurs comit\u00e9s et a pr\u00e9sid\u00e9 le Registre europ\u00e9en du contr\u00f4le de l&#8217;extraction du plomb (ELECTRa).<\/p>\n<p><a id=\"rancisco-manuel-moscoso-costa\"><\/a><\/p>\n<hr \/>\n<p>&nbsp;<\/p>\n<h3>DR FRANCISCO MOSCOSO COSTA<\/h3>\n<p>Le Dr Francisco Moscoso Costa travaille actuellement comme cardiologue-\u00e9lectrophysiologiste \u00e0 l\u2019H\u00f4pital Sta Cruz et \u00e0 l\u2019H\u00f4pital da Luz de Lisbonne, au Portugal. Ses principaux int\u00e9r\u00eats cliniques sont la cartographie et l\u2019ablation des arythmies cardiaques. Il a obtenu un dipl\u00f4me d\u2019\u00e9tudes sup\u00e9rieures en gestion de l\u2019arythmie cardiaque (Universit\u00e9 de Maastricht, Acad\u00e9mie europ\u00e9enne du c\u0153ur et Association europ\u00e9enne du rythme cardiaque) en 2018.<\/p>\n<p>Le Dr. Costa a contribu\u00e9 \u00e0 l&#8217;European Heart Rhythm Association (EHRA) en tant qu&#8217;ambassadeur du Portugal pour les jeunes \u00e9lectrophysiologistes (2016-2020), en tant que pr\u00e9sident du comit\u00e9 de e-communication de l&#8217;EHRA (2019-2020) et en tant que membre du comit\u00e9 du programme scientifique du Congr\u00e8s EHRA (2019-2020).<\/p>\n<p>Dans son pays d\u2019origine, il a \u00e9t\u00e9 tr\u00e9sorier de l\u2019Association portugaise de l\u2019arythmie, de la stimulation et de l\u2019\u00e9lectrophysiologie (2017-2019), pr\u00e9sident du groupe de travail sur la thrombose et les plaquettes de la Soci\u00e9t\u00e9 portugaise de cardiologie (2017-2019) et membre du comit\u00e9 organisateur du Congr\u00e8s portugais de cardiologie (2018-2019).<\/p>\n<p><a id=\"natasja-de-groot\"><\/a><\/p>\n<hr \/>\n<p>&nbsp;<\/p>\n<h3>DRE. NATASJA DE GROOT<\/h3>\n<p>La Professeure Natasja MS de Groot exerce en tant que cardiologue-\u00e9lectrophysiologiste au Centre m\u00e9dical Erasmus de Rotterdam, aux Pays-Bas. Elle est directrice du laboratoire d\u2019\u00e9lectrophysiologie translationnelle et chercheuse principale du Centre acad\u00e9mique d\u2019excellence en fibrillation auriculaire et du Laboratoire d\u2019arythmie cardiaque Medical Delta. Elle a fond\u00e9 avec le Professeur B. Brundel la Plateforme d&#8217;innovation en fibrillation auriculaire, une fondation visant \u00e0 co-cr\u00e9er des projets de recherche avec les patients.<\/p>\n<p><a id=\"jean-claude-deharo\"><\/a><\/p>\n<hr \/>\n<p>&nbsp;<\/p>\n<h3>PROF. JEAN-CLAUDE DEHARO<\/h3>\n<p>Jean-Claude Deharo est professeur de cardiologie \u00e0 l&#8217;Universit\u00e9 d&#8217;Aix-Marseille (France). Il dirige le d\u00e9partement d&#8217;\u00e9lectrophysiologie cardiaque de l&#8217;h\u00f4pital universitaire La Timone (Marseille, France), qui se concentre particuli\u00e8rement sur la prise en charge interventionnelle des arythmies, y compris la fibrillation auriculaire. Le Pr Deharo pr\u00e9side \u00e9galement depuis de nombreuses ann\u00e9es l&#8217;Association de Cardiologie de Provence, une association de patients cardiaques ax\u00e9e sur la r\u00e9adaptation. Il est coordinateur des patients au niveau de l&#8217;EHRA.<\/p>\n<p><a id=\"maxim-didenko\"><\/a><\/p>\n<hr \/>\n<p>&nbsp;<\/p>\n<h3>DR MAXIM DIDENKO<\/h3>\n<p>Maxim Didenko MD, PhD est chef du D\u00e9partement d\u2019arythmologie interventionnelle et Professeur associ\u00e9 \u00e0 l\u2019Acad\u00e9mie m\u00e9dicale militaire de Saint-P\u00e9tersbourg, en Russie\u00a0; il est membre du comit\u00e9 d\u2019\u00e9ducation de l\u2019EHRA depuis 2015. Il est l\u2019auteur de plus de 100 articles de revues et de chapitres de livres sur la prise en charge des arythmies, les dispositifs cardiaques et l\u2019\u00e9lectrophysiologie clinique. Il a d\u00e9velopp\u00e9 un site pour les m\u00e9decins et les patients, dont il est maintenant le directeur\u00a0:\u00a0Cardioschool.ru. Il r\u00e9alise plus de 150 proc\u00e9dures d&#8217;\u00e9lectrophysiologie par an, depuis plus de 15 ans (ablations et implantations de dispositifs cardiaques \u00e9lectroniques implantables).<\/p>\n<p><a id=\"david-duncker\"><\/a><\/p>\n<hr \/>\n<p>&nbsp;<\/p>\n<h3>DR. DAVID DUNCKER<\/h3>\n<p>David Duncker est cardiologue consultant principal et \u00e9lectrophysiologiste. Il est chef adjoint du Centre du rythme cardiaque de Hanovre, au sein du d\u00e9partement de cardiologie et d&#8217;angiologie de l&#8217;\u00e9cole de m\u00e9decine de Hanovre. Il a obtenu la certification nationale de la soci\u00e9t\u00e9 nationale de cardiologie pour la\u00a0\u00ab\u00a0Rythmologie sp\u00e9ciale \u2013 EP et dispositifs\u00a0\u00bb, ainsi que la certification EHRA en tant que sp\u00e9cialiste des dispositifs. En 2018, il est devenu ma\u00eetre de conf\u00e9rences priv\u00e9 \u00e0 l&#8217;\u00e9cole de m\u00e9decine de Hanovre.<\/p>\n<p><a id=\"mark-j-earley\"><\/a><\/p>\n<hr \/>\n<p>&nbsp;<\/p>\n<h3>DR. MARK EARLEY<\/h3>\n<p>Le Dr. Earley est un \u00e9lectrophysiologiste exp\u00e9riment\u00e9 bas\u00e9 au Barts Heart Centre, de l&#8217;H\u00f4pital St Bartholomew \u00e0 Londres. Il s\u2019int\u00e9resse particuli\u00e8rement \u00e0 l\u2019aspect clinique et \u00e0 la recherche sur la cartographie, et \u00e0 l\u2019ablation de la fibrillation auriculaire. Il fait partie de l&#8217;\u00e9quipe qui a d\u00e9velopp\u00e9 l&#8217;application \u00ab\u00a0AF Companion\u00a0\u00bb pour aider les patients atteints de fibrillation auriculaire \u00e0 d\u00e9cider quel est le meilleur traitement pour eux.<\/p>\n<p><a id=\"christian-elsner\"><\/a><\/p>\n<hr \/>\n<p>&nbsp;<\/p>\n<h3>DR. CHRISTIAN ELSNER<\/h3>\n<p>Christian Elsner, MD, a \u00e9tudi\u00e9 l&#8217;administration des affaires et la m\u00e9decine humaine \u00e0 Leipzig et Chicago. Christian est l\u2019auteur de plus de 100\u00a0publications scientifiques dans le domaine de l\u2019\u00e9conomie de la sant\u00e9 et de la sant\u00e9 en ligne. Il a occup\u00e9 pendant plus de 15\u00a0ans diff\u00e9rents postes de direction, et il est directeur financier et membre du conseil d&#8217;administration de la clinique universitaire de Mainz en Allemagne.<\/p>\n<p><a id=\"reinder-evertz\"><\/a><\/p>\n<hr \/>\n<p>&nbsp;<\/p>\n<h3>M. REINDER EVERTZ<\/h3>\n<p>Le Dr R. Evertz est un cardiologue exer\u00e7ant \u00e0 temps plein comme \u00e9lectrophysiologiste au Radboudumc, un h\u00f4pital universitaire aux Pays-Bas. Il est membre de la Soci\u00e9t\u00e9 n\u00e9erlandaise de cardiologie et de l&#8217;Association europ\u00e9enne du rythme cardiaque.<\/p>\n<p><a id=\"rodrigue-garcia\"><\/a><\/p>\n<hr \/>\n<h3>DR RODRIGUE GARCIA<\/h3>\n<p>Le Dr. Rodrigue Garcia est cardiologue au CHU de Poitiers, France. Il travaille sur les \u00e9tudes cliniques et la recherche sur la fibrillation auriculaire.<\/p>\n<p>&nbsp;<\/p>\n<hr \/>\n<p>&nbsp;<\/p>\n<h3>DR FEDERICO GUERRA<\/h3>\n<p>Le Dr Federico Guerra est professeur agr\u00e9g\u00e9 de cardiologie \u00e0 l&#8217;Universit\u00e9 polytechnique des Marches et cardiologue consultant \u00e0 l&#8217;h\u00f4pital universitaire d&#8217;Anc\u00f4ne, en Italie. Son principal centre d&#8217;int\u00e9r\u00eat est l&#8217;interaction entre les arythmies cardiaques et l&#8217;insuffisance cardiaque.<\/p>\n<p><a id=\"barbara-kommata\"><\/a><\/p>\n<hr \/>\n<p>&nbsp;<\/p>\n<h3>DRE. BARBARA KOMMATA<\/h3>\n<p>La Dre. Barbara Kommata est cardiologue-\u00e9lectrophysiologiste \u00e0 temps plein et travaille au Centre d&#8217;arythmie du d\u00e9partement de cardiologie de l&#8217;H\u00f4pital Universitaire d&#8217;Uppsala, en Su\u00e8de. Elle s\u2019int\u00e9resse aussi particuli\u00e8rement \u00e0 l\u2019aspect clinique et \u00e0 la recherche sur la g\u00e9n\u00e9tique cardiaque et les syndromes arythmog\u00e8nes.<\/p>\n<p><a id=\"deirdre-lane\"><\/a><\/p>\n<hr \/>\n<p>&nbsp;<\/p>\n<h3>DR. DEIRDRE LANE<\/h3>\n<p>Deirdre Lane, PhD, est chercheuse en sant\u00e9 cardiovasculaire \u00e0 l&#8217;Universit\u00e9 de Birmingham, au Royaume-Uni. La fibrillation auriculaire est son principal int\u00e9r\u00eat de recherche, particuli\u00e8rement en ce qui concerne l&#8217;\u00e9ducation des patients et la fa\u00e7on dont ils per\u00e7oivent leur maladie et leur traitement anticoagulant, ainsi que la fa\u00e7on dont la fibrillation auriculaire affecte leur qualit\u00e9 de vie et leur bien-\u00eatre \u00e9motionnel.<\/p>\n<p><a id=\"jean-yves-le-heuzey\"><\/a><\/p>\n<hr \/>\n<p>&nbsp;<\/p>\n<h3>PROFESSEUR JEAN-YVES LE HEUZEY<\/h3>\n<p>Le Professeur Jean-Yves Le Heuzey est professeur de cardiologie \u00e0 l\u2019h\u00f4pital Georges Pompidou de l\u2019Universit\u00e9 Ren\u00e9 Descartes \u00e0 Paris. Il est rythmologue et son sujet d\u2019int\u00e9r\u00eat principal est la fibrillation auriculaire, notamment les traitements pharmacologiques, antiarythmiques et antithrombotiques. Le Professeur Le Heuzey est l\u2019ancien pr\u00e9sident de la Soci\u00e9t\u00e9 fran\u00e7aise de cardiologie (pr\u00e9sident de 2016\u00a0\u00e0\u00a02017). Il a donn\u00e9 plus de 450\u00a0pr\u00e9sentations, dont 160 devant des auditoires internationaux, et a \u00e9crit\u00a0pr\u00e8s de 250\u00a0articles.<\/p>\n<p><a id=\"gregory-yh-lip\"><\/a><\/p>\n<hr \/>\n<p>&nbsp;<\/p>\n<h3>PROFESSEUR GREGORY YH LIP<\/h3>\n<p>Le Prof. Lip est professeur au Centre cardiovasculaire de Liverpool, \u00e0 l&#8217;Universit\u00e9 de Liverpool et \u00e0 l&#8217;H\u00f4pital Cardiothoracique de Liverpool au Royaume-Uni. Il s&#8217;int\u00e9resse depuis longtemps aux \u00e9tudes cliniques et \u00e0 la recherche sur la fibrillation auriculaire.<\/p>\n<p><a id=\"dominik-linz\"><\/a><\/p>\n<hr \/>\n<p>&nbsp;<\/p>\n<h3>PROF. DOMINIK LINZ<\/h3>\n<p>Dominik Linz est clinicien-conseil (Academisch Ziekenhuis Maastricht), clinicien-chercheur (professeur agr\u00e9g\u00e9 \u00e0 l&#8217;Universit\u00e9 d&#8217;Ad\u00e9la\u00efde) et professeur invit\u00e9 \u00e0 l&#8217;Universit\u00e9 de Copenhague, qui se concentre sur la compr\u00e9hension des m\u00e9canismes sous-jacents \u00e0 la fibrillation auriculaire et aux facteurs de risque cardiovasculaires.<\/p>\n<p><a id=\"hernandez-madrid-antonio\"><\/a><\/p>\n<hr \/>\n<p>&nbsp;<\/p>\n<h3>PROFESSEUR ANTONIO HERNANDEZ MADRID<\/h3>\n<p>Le professeur Antonio Hernandez Madrid est un cardiologue et \u00e9lectrophysiologiste chevronn\u00e9. Il est actuellement professeur associ\u00e9 en cardiologie \u00e0 l&#8217;Universit\u00e9 d&#8217;Alcala et \u00e9lectrophysiologiste \u00e0 l&#8217;h\u00f4pital Ramon y Cajal de Madrid, en Espagne.<\/p>\n<p>Il poss\u00e8de une vaste exp\u00e9rience dans de multiples \u00e9valuations cliniques et essais cliniques randomis\u00e9s.<\/p>\n<p><a id=\"martin-martinek\"><\/a><\/p>\n<hr \/>\n<p>&nbsp;<\/p>\n<h3>DR MARTIN MARTINEK<\/h3>\n<p>Consultant principal en m\u00e9decine interne, en cardiologie, en angiologie et en m\u00e9decine intensive. Accr\u00e9dit\u00e9 au niveau europ\u00e9en avec l\u2019EP, le PM et l\u2019ICD (EHRA).<\/p>\n<p>Chef du service de th\u00e9rapie par appareils, Ordensklinikum Linz Elisabethinen, Linz, Autriche. \u00c9lectrophysiologiste \u00e0 Ordensklinikum Linz Elisabethinen et \u00e0 l\u2019h\u00f4pital universitaire de St. P\u00f6lten, en Autriche.<\/p>\n<p>Principaux domaines de recherche\u00a0: fibrillation auriculaire et ablation des tachycardies ventriculaires.<\/p>\n<p><a id=\"christian-meyer\"><\/a><\/p>\n<hr \/>\n<p>&nbsp;<\/p>\n<h3>DR CHRISTIAN MEYER<\/h3>\n<p>Christian Meyer, MD, MA, est Professeur d\u2019\u00e9lectrophysiologie cardiaque clinique au Centre de cardiologie universitaire de Hambourg, o\u00f9 environ 2000 proc\u00e9dures d\u2019ablation sont effectu\u00e9es chaque ann\u00e9e pour traiter les patients atteints d\u2019arythmie cardiaque. Ses principaux int\u00e9r\u00eats cliniques et en recherche sont les possibilit\u00e9s interventionnelles et celles associ\u00e9es au mode de vie pour promouvoir la sant\u00e9 du rythme cardiaque, en particulier chez les patients souffrant d\u2019une maladie cardiaque structurelle. Il fait partie de l&#8217;\u00e9quipe qui a d\u00e9velopp\u00e9 l&#8217;application \u00ab\u00a0AFib Companion\u00a0\u00bb dont le but est de donner plus d&#8217;autonomie aux patients atteints de fibrillation auriculaire.<\/p>\n<p><a id=\"lidija-poposka\"><\/a><\/p>\n<hr \/>\n<p>&nbsp;<\/p>\n<h3>PROFESSEURE ASSOCI\u00c9E LIDIJA POPOSKA<\/h3>\n<p>La Dre Poposka est cardiologue \u00e0 plein temps au d\u00e9partement d\u2019arythmie de la Clinique Universitaire de Cardiologie de Skopje, en R\u00e9publique de Mac\u00e9doine du Nord. Professeure associ\u00e9e de m\u00e9decine interne, de cardiologie et de recherche scientifique fondamentale \u00e0 la facult\u00e9 de m\u00e9decine.<\/p>\n<p><a id=\"helmut-puererfellner\"><\/a><\/p>\n<hr \/>\n<p>&nbsp;<\/p>\n<h3>PROF. HELMUT PUERERFELLNER<\/h3>\n<p>Le Dr P\u00fcrerfellner est un cardiologue \u00e0 temps plein, \u00e0 la t\u00eate du D\u00e9partement d&#8217;\u00e9lectrophysiologie de Ordensklinikum KH der Elisabethinen \u00e0 Linz, en Autriche. Le d\u00e9partement est une institution bien connue pour le traitement de toutes sortes d\u2019arythmies qui accepte des patients venant d\u2019Autriche et de l\u2019\u00e9tranger. Il est tr\u00e8s impliqu\u00e9 dans les affaires de l&#8217;EHRA, en tant que tr\u00e9sorier actuel du Conseil d&#8217;administration.<\/p>\n<p><a id=\"richard-schilling\"><\/a><\/p>\n<hr \/>\n<p>&nbsp;<\/p>\n<h3>PROFESSEUR RICHARD SCHILLING<\/h3>\n<p>Le Professeur Schilling a \u00e9tabli le programme de recherche sur l\u2019arythmie \u00e0 l\u2019h\u00f4pital St Bartholomew. Il exerce dans un \u00e9tablissement clinique tr\u00e8s actif et sp\u00e9cialis\u00e9 dans l\u2019ablation interventionnelle des arythmies complexes. Il a \u00e9t\u00e9 l\u2019un des membres de l\u2019\u00e9quipe qui a dirig\u00e9 avec brio la fusion entre l\u2019h\u00f4pital de cardiologie et les diff\u00e9rentes unit\u00e9s cardiovasculaires du centre Barts, pour former le plus grand complexe cardiovasculaire du Royaume-Uni. Il est maintenant directeur clinique de la strat\u00e9gie et de la publicit\u00e9 de l\u2019h\u00f4pital Barts. Il est directeur m\u00e9dical de l&#8217;Alliance pour l&#8217;arythmie et de l&#8217;Association pour la fibrillation auriculaire, deux organismes de bienfaisance internationaux qui aident les patients souffrant de troubles du rythme cardiaque, en les \u00e9duquant et en influen\u00e7ant la politique gouvernementale.<br \/>\n<a id=\"dipen-shah\"><\/a><\/p>\n<hr \/>\n<p>&nbsp;<\/p>\n<h3>DR DIPEN SHAH<\/h3>\n<p>Le Professeur Dipen Shah est le directeur du d\u00e9partement d\u2019\u00e9lectrophysiologie cardiaque des H\u00f4pitaux universitaires de Gen\u00e8ve. Il est sp\u00e9cialis\u00e9 dans l&#8217;ablation par cath\u00e9ter d&#8217;arythmies complexes telles que la fibrillation auriculaire, les flutters atypiques et les cas de tachycardie ventriculaire associ\u00e9s \u00e0 une cardiopathie structurelle, ainsi que dans la recherche clinique pour ces arythmies et dans le d\u00e9veloppement de nouvelles technologies d&#8217;ablation.<\/p>\n<p><a id=\"christian-sticherling\"><\/a><\/p>\n<hr \/>\n<p>&nbsp;<\/p>\n<h3>PROF. CHRISTIAN STICHERLING<\/h3>\n<p>Le Dr Sticherling est responsable de l&#8217;unit\u00e9 d&#8217;arythmie du Centre Hospitalier Universitaire de B\u00e2le en Suisse. Il dirige une importante clinique de prise en charge de la fibrillation auriculaire et supervise l\u2019un des programmes d\u2019ablation les plus actifs du pays. Ses autres domaines d\u2019int\u00e9r\u00eat sont les stimulateurs cardiaques, les d\u00e9fibrillateurs et la resynchronisation cardiaque ainsi que la pr\u00e9vention de la mort subite d\u2019origine cardiaque.<\/p>\n<p><a id=\"emma-svennberg\"><\/a><\/p>\n<hr \/>\n<p>&nbsp;<\/p>\n<h3>DR. EMMA SVENBERG<\/h3>\n<p>La Dre. Svennberg occupe actuellement un poste combin\u00e9 de recherche et de clinique au d\u00e9partement de cardiologie de l&#8217;H\u00f4pital Universitaire Karolinska de Stockholm, en Su\u00e8de. Ses principaux int\u00e9r\u00eats cliniques et de recherche se situent dans le domaine du d\u00e9pistage num\u00e9rique de la fibrillation auriculaire<\/p>\n<p><a id=\"mellanie-true-hills\"><\/a><\/p>\n<hr \/>\n<p>&nbsp;<\/p>\n<h3>MELLANIE TRUE HILLS<\/h3>\n<p>Mellanie True Hills est une patiente atteinte de fibrillation auriculaire, auteure de renomm\u00e9e internationale, fondatrice et directrice g\u00e9n\u00e9rale d\u2019une association \u00e0 but non lucratif, et ardente d\u00e9fenseuse des patients. Elle est la fondatrice et directrice g\u00e9n\u00e9rale de StopAfib.org, une organisation mondiale de d\u00e9fense des patients atteints de fibrillation auriculaire, et dont la mission est de d\u00e9barrasser le monde des accidents vasculaires c\u00e9r\u00e9braux.<\/p>\n<p>&nbsp;<\/p>\n<p>&nbsp;<\/p>\n<hr \/>\n<h3>LA TRADUCTION DE CE SITE POUR LES PATIENTS A \u00c9T\u00c9 REVUE PAR\u00a0:<\/h3>\n<p>Anglais\u00a0: Dr Heather Edwards (nomm\u00e9e par la British Heart Rhythm Society (BHRS))<br \/>\nFran\u00e7ais\u00a0: Groupe de travail de rythmologie et stimulation cardiaque &#8211; Pr Jacques Mansourati et Dr J\u00e9r\u00f4me Taieb<br \/>\nItalien\u00a0: Associazione Italiana Aritmologia e Cardiostimolazione (AIAC) &#8211; Dr Renato Ricci<br \/>\nEspagnol\u00a0: Sociedad Espanola de Cardiologia \/ Seccion de Electrofisiologia y Arritmias &#8211; Pr Jos\u00e9 M Guerra Ramos<br \/>\nAllemand\u00a0: Groupe de travail allemand sur l&#8217;\u00e9lectrophysiologie cellulaire &#8211; Pr Niels Voigt<br \/>\nPortugais\u00a0: Associa\u00e7\u00e3o Portuguesa de Arritmologia, Pacing e Electrofisiologia (APAPE) &#8211; Pr Mario M. Oliveira<br \/>\nSu\u00e9dois\u00a0: Arbetsgruppen f\u00f6r arytmi &#8211; Dr Dritan Poci<br \/>\nRusse\u00a0: Soci\u00e9t\u00e9 russe d&#8217;arythmie clinique, d&#8217;\u00e9lectrophysiologie clinique, d&#8217;arythmologie et de stimulation cardiaque &#8211; Dr Vladislav Kuptsov<br \/>\nPolonais\u00a0: Sekcja Rytmu Serca Polskiego Towarzystwa Kardiologicznego &#8211; Pr Maciej Sterlinsk<br \/>\nChinois\u00a0: Soci\u00e9t\u00e9 du rythme cardiaque de l&#8217;Asie-Pacifique et Soci\u00e9t\u00e9 de stimulation et d&#8217;\u00e9lectrophysiologie &#8211; Docteur Fengxiang Zhang<br \/>\nN\u00e9erlandais\u00a0: Association du rythme cardiaque des Pays-Bas (NHRA) &#8211; Doctor Cor Allaart<br \/>\nGrec\u00a0: Dr Kostantinos Triantafyllou \/ Jeune ambassadeur 2020-2022 et repr\u00e9sentant du groupe de travail grec sur l&#8217;\u00e9lectrophysiologie et la stimulation cardiaque de la Soci\u00e9t\u00e9 hell\u00e9nique de cardiologie<br \/>\nArabe\u00a0: Dr Mario Njeim \/ Jeune ambassadeur 2020-2022 et repr\u00e9sentant du groupe de travail sur l&#8217;arythmie et la stimulation cardiaque de la Soci\u00e9t\u00e9 libanaise de cardiologie<\/p>\n<hr \/>\n<h3>Consultant charg\u00e9 de la pr\u00e9cision scientifique\u00a0:<\/h3>\n<ul>\n<li>Pr Fiorenzo Gaita<\/li>\n<\/ul>\n<hr \/>\n<h3>Gestion du site Web\u00a0:<\/h3>\n<ul>\n<li>D\u00e9partement Web de l&#8217;European Society of Cardiology (ESC)<\/li>\n<\/ul>\n","protected":false},"excerpt":{"rendered":"<p>Le site Web afibmatters.org a \u00e9t\u00e9 con\u00e7u sous la direction de l\u2019European Heart Rhythm Association de l\u2019European Society of Cardiology. Le contenu de ce site Web n\u2019est pas une copie et repose sur des recommandations conformes aux directives pratiques europ\u00e9ennes. Force d\u2019intervention\u00a0: 2020-2022 Dr. David Dunker \/ Pr\u00e9sident du comit\u00e9 e-Communication EHRA Dr. Rodrigue Garcia [&hellip;]<\/p>\n","protected":false},"author":1,"featured_media":0,"parent":0,"menu_order":29,"comment_status":"closed","ping_status":"closed","template":"","meta":{"_acf_changed":false,"footnotes":""},"categories":[],"tags":[],"class_list":["post-1598","page","type-page","status-publish","hentry"],"acf":[],"_links":{"self":[{"href":"https:\/\/www.afibmatters.org\/fr\/wp-json\/wp\/v2\/pages\/1598","targetHints":{"allow":["GET"]}}],"collection":[{"href":"https:\/\/www.afibmatters.org\/fr\/wp-json\/wp\/v2\/pages"}],"about":[{"href":"https:\/\/www.afibmatters.org\/fr\/wp-json\/wp\/v2\/types\/page"}],"author":[{"embeddable":true,"href":"https:\/\/www.afibmatters.org\/fr\/wp-json\/wp\/v2\/users\/1"}],"replies":[{"embeddable":true,"href":"https:\/\/www.afibmatters.org\/fr\/wp-json\/wp\/v2\/comments?post=1598"}],"version-history":[{"count":7,"href":"https:\/\/www.afibmatters.org\/fr\/wp-json\/wp\/v2\/pages\/1598\/revisions"}],"predecessor-version":[{"id":7369,"href":"https:\/\/www.afibmatters.org\/fr\/wp-json\/wp\/v2\/pages\/1598\/revisions\/7369"}],"wp:attachment":[{"href":"https:\/\/www.afibmatters.org\/fr\/wp-json\/wp\/v2\/media?parent=1598"}],"wp:term":[{"taxonomy":"category","embeddable":true,"href":"https:\/\/www.afibmatters.org\/fr\/wp-json\/wp\/v2\/categories?post=1598"},{"taxonomy":"post_tag","embeddable":true,"href":"https:\/\/www.afibmatters.org\/fr\/wp-json\/wp\/v2\/tags?post=1598"}],"curies":[{"name":"wp","href":"https:\/\/api.w.org\/{rel}","templated":true}]}}