{"id":1575,"date":"2020-03-03T12:01:02","date_gmt":"2020-03-03T12:01:02","guid":{"rendered":"https:\/\/www.afibmatters.org\/que-puis-je-faire\/a-qui-sadresser-pour-obtenir-plus-de-conseils-et-de-laide\/"},"modified":"2020-03-16T16:43:59","modified_gmt":"2020-03-16T16:43:59","slug":"a-qui-sadresser-pour-obtenir-plus-de-conseils-et-de-laide","status":"publish","type":"page","link":"https:\/\/www.afibmatters.org\/fr\/que-puis-je-faire\/a-qui-sadresser-pour-obtenir-plus-de-conseils-et-de-laide\/","title":{"rendered":"\u00c0 qui s\u2019adresser pour obtenir plus de conseils et de l\u2019aide&nbsp;?"},"content":{"rendered":"<p><img loading=\"lazy\" decoding=\"async\" class=\"alignnone size-large wp-image-1063\" src=\"https:\/\/cdn-endpoint-afib.azureedge.net\/afibmatters\/2020\/01\/iStock-696824550-1024x683.jpg\" alt=\"\" width=\"1024\" height=\"683\" srcset=\"https:\/\/cdn-endpoint-afib.azureedge.net\/afibmatters\/2020\/01\/iStock-696824550-1024x683.jpg 1024w, https:\/\/cdn-endpoint-afib.azureedge.net\/afibmatters\/2020\/01\/iStock-696824550-300x200.jpg 300w, https:\/\/cdn-endpoint-afib.azureedge.net\/afibmatters\/2020\/01\/iStock-696824550-768x512.jpg 768w, https:\/\/cdn-endpoint-afib.azureedge.net\/afibmatters\/2020\/01\/iStock-696824550-1536x1024.jpg 1536w, https:\/\/cdn-endpoint-afib.azureedge.net\/afibmatters\/2020\/01\/iStock-696824550-2048x1365.jpg 2048w, https:\/\/cdn-endpoint-afib.azureedge.net\/afibmatters\/2020\/01\/iStock-696824550-500x333.jpg 500w\" sizes=\"auto, (max-width: 1024px) 100vw, 1024px\" \/><\/p>\n<p>Vous pouvez demander des conseils et de l\u2019aide \u00e0 votre m\u00e9decin (m\u00e9decin g\u00e9n\u00e9raliste, cardiologue ou autre sp\u00e9cialiste m\u00e9dical) ou vous pouvez contacter l\u2019une des associations pour patients atteints de fibrillation atriale afin d\u2019obtenir plus de conseils et de l\u2019aide.<\/p>\n<p>&nbsp;<\/p>\n<p>&nbsp;<\/p>\n","protected":false},"excerpt":{"rendered":"<p>Vous pouvez demander des conseils et de l\u2019aide \u00e0 votre m\u00e9decin (m\u00e9decin g\u00e9n\u00e9raliste, cardiologue ou autre sp\u00e9cialiste m\u00e9dical) ou vous pouvez contacter l\u2019une des associations pour patients atteints de fibrillation atriale afin d\u2019obtenir plus de conseils et de l\u2019aide. &nbsp; &nbsp;<\/p>\n","protected":false},"author":1,"featured_media":0,"parent":1536,"menu_order":26,"comment_status":"closed","ping_status":"closed","template":"","meta":{"_acf_changed":false,"footnotes":""},"categories":[67],"tags":[],"class_list":["post-1575","page","type-page","status-publish","hentry","category-que-puis-je-faire"],"acf":[],"_links":{"self":[{"href":"https:\/\/www.afibmatters.org\/fr\/wp-json\/wp\/v2\/pages\/1575","targetHints":{"allow":["GET"]}}],"collection":[{"href":"https:\/\/www.afibmatters.org\/fr\/wp-json\/wp\/v2\/pages"}],"about":[{"href":"https:\/\/www.afibmatters.org\/fr\/wp-json\/wp\/v2\/types\/page"}],"author":[{"embeddable":true,"href":"https:\/\/www.afibmatters.org\/fr\/wp-json\/wp\/v2\/users\/1"}],"replies":[{"embeddable":true,"href":"https:\/\/www.afibmatters.org\/fr\/wp-json\/wp\/v2\/comments?post=1575"}],"version-history":[{"count":1,"href":"https:\/\/www.afibmatters.org\/fr\/wp-json\/wp\/v2\/pages\/1575\/revisions"}],"predecessor-version":[{"id":2176,"href":"https:\/\/www.afibmatters.org\/fr\/wp-json\/wp\/v2\/pages\/1575\/revisions\/2176"}],"up":[{"embeddable":true,"href":"https:\/\/www.afibmatters.org\/fr\/wp-json\/wp\/v2\/pages\/1536"}],"wp:attachment":[{"href":"https:\/\/www.afibmatters.org\/fr\/wp-json\/wp\/v2\/media?parent=1575"}],"wp:term":[{"taxonomy":"category","embeddable":true,"href":"https:\/\/www.afibmatters.org\/fr\/wp-json\/wp\/v2\/categories?post=1575"},{"taxonomy":"post_tag","embeddable":true,"href":"https:\/\/www.afibmatters.org\/fr\/wp-json\/wp\/v2\/tags?post=1575"}],"curies":[{"name":"wp","href":"https:\/\/api.w.org\/{rel}","templated":true}]}}