{"id":1554,"date":"2020-03-03T12:00:43","date_gmt":"2020-03-03T12:00:43","guid":{"rendered":"https:\/\/www.afibmatters.org\/enonce-de-mission-et-conditions-dutilisation\/"},"modified":"2020-03-16T16:47:11","modified_gmt":"2020-03-16T16:47:11","slug":"enonce-de-mission-et-conditions-dutilisation","status":"publish","type":"page","link":"https:\/\/www.afibmatters.org\/fr\/enonce-de-mission-et-conditions-dutilisation\/","title":{"rendered":"\u00c9nonc\u00e9 de mission et conditions d\u2019utilisation"},"content":{"rendered":"<h2>MISSION DE CE SITE\u00a0:<\/h2>\n<p>Contribuer aux am\u00e9liorations de la qualit\u00e9 de vie et de la sant\u00e9 des patients atteints de fibrillation atriale.<br \/>\nAider les patients, leurs familles et leurs soignants \u00e0 mieux comprendre la fibrillation atriale.<br \/>\nToutes les recommandations de ce site sont conformes aux recommandations europ\u00e9ennes <a href=\"https:\/\/www.escardio.org\/Guidelines\/Clinical-Practice-Guidelines\/Atrial-Fibrillation-Management\">atriale(voir les recommandations de pratique de l\u2019European Society of Cardiology sur la fibrillation atriale ici).<\/a><\/p>\n<h3>1.Conditions d\u2019utilisation<\/h3>\n<p>Le site Web afibmatters.org a \u00e9t\u00e9 con\u00e7u sous la direction de l\u2019European Heart Rhythm Association (EHRA) de l\u2019European Society of Cardiology (ESC). L\u2019European Heart Rhythm Association est une branche enregistr\u00e9e de l\u2019European Society of Cardiology (ESC). L\u2019acc\u00e8s \u00e0 ce site Web et son utilisation sont autoris\u00e9s par l\u2019ESC sous les conditions d\u2019utilisation suivantes\u00a0:<\/p>\n<p>1. Votre utilisation de ce site Web vaut l\u2019acceptation des pr\u00e9sentes conditions d\u2019utilisation \u00e0 la date de votre premi\u00e8re utilisation du site.<\/p>\n<p>2. L\u2019ESC se r\u00e9serve le droit de modifier \u00e0 tout moment les pr\u00e9sentes conditions d\u2019utilisation en publiant les modifications en ligne. Votre utilisation continue de ce site Web apr\u00e8s la publication des modifications vaut votre acceptation de ces conditions modifi\u00e9es.<\/p>\n<p>3. Vous vous engagez \u00e0 utiliser ce site Web exclusivement dans le cadre l\u00e9gal, sans violer le droit et sans limiter ou emp\u00eacher l\u2019utilisation et la jouissance du site par des tiers.<\/p>\n<h3>2. Avis de non-responsabilit\u00e9<\/h3>\n<p>1. L\u2019ESC ne peut en aucun cas \u00eatre tenue responsable envers l\u2019utilisateur ou qui que ce soit de toute d\u00e9cision ou mesure adopt\u00e9e en se fondant sur des informations contenues sur ce site Web ou d\u00e9coulant de l\u2019utilisation de ce site Web, ni en cas de dommage fortuit, indirect, particulier ou cons\u00e9cutif.<\/p>\n<p>2. Les informations contenues sur ce site Web visent \u00e0 compl\u00e9ter l\u2019aide et les soins fournis par des professionnels de sant\u00e9 qualifi\u00e9s. Ce site Web n\u2019a pas pour objet, expr\u00e8s ou tacite, de se substituer \u00e0 un avis m\u00e9dical ou \u00e0 des soins m\u00e9dicaux. Il est imp\u00e9ratif de solliciter l\u2019avis d\u2019un professionnel de sant\u00e9 avant de commencer (ou d\u2019arr\u00eater) un traitement m\u00e9dical quel qu\u2019il soit. \u00c0 ce titre, toutes les informations figurant sur ce site Web sont fournies dans un but exclusivement \u00e9ducatif.<\/p>\n<p>3. Bien que l\u2019ESC ait pris toutes les pr\u00e9cautions lors de la cr\u00e9ation du contenu de ce site Web, elle n\u2019est pas en mesure de v\u00e9rifier toutes les informations afin de d\u00e9terminer si elles sont authentiques, exactes, fiables, compl\u00e8tes et pertinentes. L\u2019ESC ne peut en aucun cas \u00eatre tenue responsable en cas de dommages, y compris, sans toutefois s\u2019y limiter, de dommages indirects ou cons\u00e9cutifs, ou de dommages et int\u00e9r\u00eats ou de pertes de profits d\u00e9coulant de l\u2019utilisation ou li\u00e9s \u00e0 cette utilisation ou \u00e0 une impossibilit\u00e9 d\u2019utilisation du site, fond\u00e9s sur un contrat ou une n\u00e9gligence.<\/p>\n<p>4. En aucun cas, l\u2019ESC, son personnel affili\u00e9 ou des contributeurs du site Web, ne pourront \u00eatre tenus responsables envers vous, visiteur du site Web, ou envers toute personne physique ou morale, de toute d\u00e9cision prise ou ex\u00e9cut\u00e9e en se fondant sur les informations contenues sur ce site Web. Vous reconnaissez que ni l\u2019ESC, ni son personnel affili\u00e9 ou des contributeurs du site Web, ne pourront \u00eatre tenus responsables de dommages (y compris, sans limitation, des dommages directs, indirects, accessoires, sp\u00e9ciaux ou cons\u00e9cutifs), ou de la perte de donn\u00e9es ou de profits, m\u00eame si l\u2019ESC ou son personnel affili\u00e9 ou des contributeurs du site Web ont \u00e9t\u00e9 inform\u00e9s de la possibilit\u00e9 d\u2019une telle perte.<\/p>\n<p>5. L\u2019ESC ne garantit pas que les fonctions techniques et le contenu de ce site Web ne tomberont pas en panne ou ne comporteront pas d\u2019erreur, que les d\u00e9fauts seront corrig\u00e9s, ou que ce site Web ou le serveur qui l\u2019h\u00e9berge ne comporte pas de virus ou de probl\u00e8mes, ou repr\u00e9sente la fonctionnalit\u00e9 int\u00e9grale, l\u2019exactitude et la fiabilit\u00e9 du contenu.<\/p>\n<h3>3. Restrictions relatives aux droits d\u2019auteur<\/h3>\n<p>1. Le site afibmatters.org est la propri\u00e9t\u00e9 de l\u2019European Society of Cardiology (ESC). Toute utilisation commerciale ou publication de tout ou partie des \u00e9l\u00e9ments affich\u00e9s est strictement interdite sans l\u2019autorisation \u00e9crite pr\u00e9alable de l\u2019ESC.<\/p>\n<p>Les documents figurant sur ce site Web peuvent \u00eatre copi\u00e9s pour un usage personnel et non commercial uniquement, \u00e0 condition de copier \u00e9galement les mentions relatives aux droits d\u2019auteur et aux sources, de n\u2019apporter aucune modification et de copier les documents dans leur int\u00e9gralit\u00e9. Toutefois, certains documents et photographies ont \u00e9t\u00e9 publi\u00e9s sur ce site Web avec l\u2019autorisation des propri\u00e9taires des droits d\u2019auteur (autres que l\u2019ESC). Tous les droits sont r\u00e9serv\u00e9s sur ces documents et l\u2019autorisation de copie doit \u00eatre sollicit\u00e9e aupr\u00e8s des propri\u00e9taires des droits d\u2019auteur (les sources sont indiqu\u00e9es dans lesdits documents\/photographies).<\/p>\n<p>2. Toute utilisation frauduleuse pourra faire l\u2019objet d\u2019une action de la part de l\u2019ESC afin d\u2019exiger l\u2019arr\u00eat de l\u2019affichage\/la distribution du mat\u00e9riel concern\u00e9 et \u00e9ventuellement d\u2019une action en justice.<\/p>\n<p>3. Le site Web contient des liens vers des sites g\u00e9r\u00e9s par des tiers, autres que l\u2019ESC. Ces liens sont fournis uniquement par souci de commodit\u00e9 pour l\u2019utilisateur. L\u2019ESC n\u2019a aucun contr\u00f4le sur ces sites Web et n\u2019est pas responsable de leur contenu. L\u2019affichage de liens vers ces sites Web par l\u2019ESC n\u2019implique en aucune fa\u00e7on un cautionnement du contenu de ces sites, ni une association avec leurs propri\u00e9taires. Il incombe enti\u00e8rement \u00e0 l\u2019utilisateur d\u2019\u00e9valuer l\u2019exactitude et l\u2019exhaustivit\u00e9 des informations figurant sur les sites Web de tiers et d\u2019appr\u00e9cier la valeur et l\u2019int\u00e9grit\u00e9 des marchandises et services qui y sont propos\u00e9s.<\/p>\n<p>Faute d\u2019acceptation de ces conditions d\u2019utilisation dans leur int\u00e9gralit\u00e9, l\u2019utilisation de ce site doit \u00eatre imm\u00e9diatement interrompue.<\/p>\n","protected":false},"excerpt":{"rendered":"<p>MISSION DE CE SITE\u00a0: Contribuer aux am\u00e9liorations de la qualit\u00e9 de vie et de la sant\u00e9 des patients atteints de fibrillation atriale. Aider les patients, leurs familles et leurs soignants \u00e0 mieux comprendre la fibrillation atriale. Toutes les recommandations de ce site sont conformes aux recommandations europ\u00e9ennes atriale(voir les recommandations de pratique de l\u2019European Society [&hellip;]<\/p>\n","protected":false},"author":1,"featured_media":0,"parent":0,"menu_order":0,"comment_status":"closed","ping_status":"closed","template":"","meta":{"_acf_changed":false,"footnotes":""},"categories":[],"tags":[],"class_list":["post-1554","page","type-page","status-publish","hentry"],"acf":[],"_links":{"self":[{"href":"https:\/\/www.afibmatters.org\/fr\/wp-json\/wp\/v2\/pages\/1554","targetHints":{"allow":["GET"]}}],"collection":[{"href":"https:\/\/www.afibmatters.org\/fr\/wp-json\/wp\/v2\/pages"}],"about":[{"href":"https:\/\/www.afibmatters.org\/fr\/wp-json\/wp\/v2\/types\/page"}],"author":[{"embeddable":true,"href":"https:\/\/www.afibmatters.org\/fr\/wp-json\/wp\/v2\/users\/1"}],"replies":[{"embeddable":true,"href":"https:\/\/www.afibmatters.org\/fr\/wp-json\/wp\/v2\/comments?post=1554"}],"version-history":[{"count":1,"href":"https:\/\/www.afibmatters.org\/fr\/wp-json\/wp\/v2\/pages\/1554\/revisions"}],"predecessor-version":[{"id":2177,"href":"https:\/\/www.afibmatters.org\/fr\/wp-json\/wp\/v2\/pages\/1554\/revisions\/2177"}],"wp:attachment":[{"href":"https:\/\/www.afibmatters.org\/fr\/wp-json\/wp\/v2\/media?parent=1554"}],"wp:term":[{"taxonomy":"category","embeddable":true,"href":"https:\/\/www.afibmatters.org\/fr\/wp-json\/wp\/v2\/categories?post=1554"},{"taxonomy":"post_tag","embeddable":true,"href":"https:\/\/www.afibmatters.org\/fr\/wp-json\/wp\/v2\/tags?post=1554"}],"curies":[{"name":"wp","href":"https:\/\/api.w.org\/{rel}","templated":true}]}}