{"id":1536,"date":"2020-03-03T11:57:32","date_gmt":"2020-03-03T11:57:32","guid":{"rendered":"https:\/\/www.afibmatters.org\/que-puis-je-faire\/"},"modified":"2021-08-03T15:15:36","modified_gmt":"2021-08-03T14:15:36","slug":"que-puis-je-faire","status":"publish","type":"page","link":"https:\/\/www.afibmatters.org\/fr\/que-puis-je-faire\/","title":{"rendered":"Que puis-je faire&nbsp;?"},"content":{"rendered":"<p>Bien qu&#8217;il existe de nombreuses fa\u00e7ons de traiter la fibrillation atriale, le meilleur plan d&#8217;action, si vous \u00eates inquiet pour votre sant\u00e9 cardiaque, est de consulter votre m\u00e9decin g\u00e9n\u00e9raliste. En particulier, vous devez signaler\u00e0 votre m\u00e9decin traitant si vous remarquez une modification soudaine de votre fr\u00e9quence cardiaque au repos, si elle est inf\u00e9rieure \u00e0 60 battements par minute ou sup\u00e9rieure \u00e0 100 battements par minute, et surtout si vous pr\u00e9sentez d&#8217;autres sympt\u00f4mes de fibrillation atriale, tels que des \u00e9tourdissements, un essoufflement et une fatigue.<\/p>\n<p>En plus de prendre des m\u00e9dicaments ou de faire l&#8217;objet de proc\u00e9dures m\u00e9dicales, vous pouvez am\u00e9liorer votre \u00e9tat cardiaque en apportant des changements \u00e0 long terme \u00e0 votre alimentation et \u00e0 votre mode de vie.<\/p>\n<p>&nbsp;<\/p>\n<h2><a href=\"https:\/\/www.afibmatters.org\/fr\/que-puis-je-faire\/comment-changer-ma-vie\/\">Comment apporter des changements \u00e0 ma vie ?<\/a><\/h2>\n<p>Une activit\u00e9 physique r\u00e9guli\u00e8re et mod\u00e9r\u00e9e est un bon moyen pour la plupart des gens de r\u00e9duire le risque de maladie cardiaque, car cela permet de r\u00e9guler les rythmes biologiques, de contr\u00f4ler le poids et d&#8217;am\u00e9liorer votre humeur et votre sommeil. Vous devez toujours parler \u00e0 votre m\u00e9decin ou \u00e0 un professionnel de sant\u00e9 qualifi\u00e9 avant de commencer tout programme d&#8217;exercice.<\/p>\n<p>La consommation d&#8217;alcool est associ\u00e9e \u00e0 un risque accru de fibrillation atriale. La consommation faible \u00e0 mod\u00e9r\u00e9e d&#8217;alcool ne pose pas n\u00e9cessairement de probl\u00e8mes majeurs, mais il faut \u00e9viter une consommation excessive. Si une consommation d&#8217;alcool faible \u00e0 mod\u00e9r\u00e9e d\u00e9clenche une fibrillation atriale, il est conseill\u00e9 d&#8217;\u00e9viter compl\u00e8tement l&#8217;alcool.<\/p>\n<p>Un mode de vie actif associ\u00e9 \u00e0 une alimentation saine est essentiel pour g\u00e9rer votre sant\u00e9 cardiaque. Il est recommand\u00e9 d&#8217;\u00e9liminer les aliments hautement transform\u00e9s ou riches en mati\u00e8res grasses, par exemple en adoptant un r\u00e9gime m\u00e9diterran\u00e9en. Si vous avez une tension art\u00e9rielle \u00e9lev\u00e9e, il est \u00e9galement recommand\u00e9 de r\u00e9duire votre consommation de sel.<\/p>\n<p>Le stress et l&#8217;ob\u00e9sit\u00e9 sont li\u00e9s au d\u00e9veloppement de la fibrillation atriale. Il est recommand\u00e9 de r\u00e9duire les niveaux de stress gr\u00e2ce \u00e0 diverses techniques, telles que les exercices de respiration, de m\u00e9ditation ou de yoga. Une activit\u00e9 physique r\u00e9guli\u00e8re et mod\u00e9r\u00e9e et une alimentation saine peuvent contribuer \u00e0 une meilleure gestion du poids, ce qui peut aider \u00e0 pr\u00e9venir ou \u00e0 g\u00e9rer la fibrillation atriale. Mesurez votre taille et votre poids, calculez votre IMC et cherchez \u00e0 le r\u00e9duire \u00e0 moins de 25. La perte de poids est progressive. Cela peut donc prendre beaucoup de temps, ne vous d\u00e9couragez pas\u00a0!<\/p>\n<p>Le tabagisme abaisse les niveaux d&#8217;oxyg\u00e8ne dans le sang et acc\u00e9l\u00e8re le rythme cardiaque, tandis que la caf\u00e9ine peut augmenter votre pression art\u00e9rielle et votre rythme cardiaque. Par cons\u00e9quent, il est conseill\u00e9 d&#8217;arr\u00eater compl\u00e8tement de fumer (ce qui am\u00e9liorera \u00e9galement votre sant\u00e9 pulmonaire) et de limiter la caf\u00e9ine \u00e0 2-3 tasses par jour pour mieux g\u00e9rer votre sant\u00e9 cardiaque.<\/p>\n<p>&nbsp;<\/p>\n<h2><a href=\"https:\/\/www.afibmatters.org\/fr\/que-puis-je-faire\/comment-changer-ma-vie\/serai-je-en-mesure-de-souscrire-une-assurance-voyage-si-je-souffre-de-fibrillation-atriale\/\">Serai-je en mesure de souscrire une assurance voyage si je souffre de fibrillation atriale?<\/a><\/h2>\n<p>La plupart des patients atteints de fibrillation atriale peuvent souscrire une assurance voyage. Les polices d&#8217;assurance voyage comprennent g\u00e9n\u00e9ralement une couverture m\u00e9dicale. Cependant, vous devrez peut-\u00eatre payer des primes plus \u00e9lev\u00e9es, car certaines polices d&#8217;assurance ne couvriront pas les maladies cardiaques pr\u00e9existantes. La plupart des assureurs de voyage auront besoin de savoir si vous avez souffert de probl\u00e8mes cardiaques dans le pass\u00e9, ind\u00e9pendamment du moment o\u00f9 cela a eu lieu.<\/p>\n<p>Il est conseill\u00e9 de comparer les polices d&#8217;un certain nombre de compagnies d&#8217;assurance voyage afin de d\u00e9terminer si elles assurent les voyageurs souffrant de maladies cardiaques pr\u00e9existantes pour vous assurer que vous \u00eates couvert.<\/p>\n<p>&nbsp;<\/p>\n<h2><a href=\"https:\/\/www.afibmatters.org\/fr\/que-puis-je-faire\/a-qui-sadresser-pour-obtenir-plus-de-conseils-et-de-laide\/\">\u00c0 qui s\u2019adresser pour obtenir de l\u2019aide ?<\/a><\/h2>\n<p>Vous devez toujours consulter votre m\u00e9decin traitant quand il s&#8217;agit de votre sant\u00e9 g\u00e9n\u00e9rale et cardiaque. Vous pouvez \u00e9galement consulter un cardiologue ou un autre sp\u00e9cialiste si vous avez une maladie cardiaque pr\u00e9existante et si vous avez \u00e9t\u00e9 dirig\u00e9 vers un cardiologue.<\/p>\n<p>&nbsp;<\/p>\n","protected":false},"excerpt":{"rendered":"<p>Bien qu&#8217;il existe de nombreuses fa\u00e7ons de traiter la fibrillation atriale, le meilleur plan d&#8217;action, si vous \u00eates inquiet pour votre sant\u00e9 cardiaque, est de consulter votre m\u00e9decin g\u00e9n\u00e9raliste. En particulier, vous devez signaler\u00e0 votre m\u00e9decin traitant si vous remarquez une modification soudaine de votre fr\u00e9quence cardiaque au repos, si elle est inf\u00e9rieure \u00e0 60 [&hellip;]<\/p>\n","protected":false},"author":1,"featured_media":0,"parent":0,"menu_order":23,"comment_status":"closed","ping_status":"closed","template":"templates\/parent.php","meta":{"_acf_changed":false,"footnotes":""},"categories":[67],"tags":[],"class_list":["post-1536","page","type-page","status-publish","hentry","category-que-puis-je-faire"],"acf":[],"_links":{"self":[{"href":"https:\/\/www.afibmatters.org\/fr\/wp-json\/wp\/v2\/pages\/1536","targetHints":{"allow":["GET"]}}],"collection":[{"href":"https:\/\/www.afibmatters.org\/fr\/wp-json\/wp\/v2\/pages"}],"about":[{"href":"https:\/\/www.afibmatters.org\/fr\/wp-json\/wp\/v2\/types\/page"}],"author":[{"embeddable":true,"href":"https:\/\/www.afibmatters.org\/fr\/wp-json\/wp\/v2\/users\/1"}],"replies":[{"embeddable":true,"href":"https:\/\/www.afibmatters.org\/fr\/wp-json\/wp\/v2\/comments?post=1536"}],"version-history":[{"count":6,"href":"https:\/\/www.afibmatters.org\/fr\/wp-json\/wp\/v2\/pages\/1536\/revisions"}],"predecessor-version":[{"id":4944,"href":"https:\/\/www.afibmatters.org\/fr\/wp-json\/wp\/v2\/pages\/1536\/revisions\/4944"}],"wp:attachment":[{"href":"https:\/\/www.afibmatters.org\/fr\/wp-json\/wp\/v2\/media?parent=1536"}],"wp:term":[{"taxonomy":"category","embeddable":true,"href":"https:\/\/www.afibmatters.org\/fr\/wp-json\/wp\/v2\/categories?post=1536"},{"taxonomy":"post_tag","embeddable":true,"href":"https:\/\/www.afibmatters.org\/fr\/wp-json\/wp\/v2\/tags?post=1536"}],"curies":[{"name":"wp","href":"https:\/\/api.w.org\/{rel}","templated":true}]}}