{"id":1533,"date":"2020-03-03T11:57:31","date_gmt":"2020-03-03T11:57:31","guid":{"rendered":"https:\/\/www.afibmatters.org\/que-peut-faire-mon-medecin\/comment-prevenir-les-accidents-vasculaires-cerebraux\/"},"modified":"2022-09-26T10:41:54","modified_gmt":"2022-09-26T09:41:54","slug":"comment-prevenir-les-accidents-vasculaires-cerebraux","status":"publish","type":"page","link":"https:\/\/www.afibmatters.org\/fr\/que-peut-faire-mon-medecin\/comment-prevenir-les-accidents-vasculaires-cerebraux\/","title":{"rendered":"Comment pr\u00e9venir les accidents vasculaires c\u00e9r\u00e9braux&nbsp;?"},"content":{"rendered":"<h3>Pourquoi est-ce que je pr\u00e9sente un risque d\u2019accident vasculaire c\u00e9r\u00e9bral&nbsp;?<\/h3>\n<p><img loading=\"lazy\" decoding=\"async\" class=\"alignnone size-large wp-image-948\" src=\"https:\/\/cdn-endpoint-afib.azureedge.net\/afibmatters\/2020\/01\/shutterstock_711737485-1024x804.jpg\" alt=\"\" width=\"1024\" height=\"804\" srcset=\"https:\/\/cdn-endpoint-afib.azureedge.net\/afibmatters\/2020\/01\/shutterstock_711737485-1024x804.jpg 1024w, https:\/\/cdn-endpoint-afib.azureedge.net\/afibmatters\/2020\/01\/shutterstock_711737485-300x235.jpg 300w, https:\/\/cdn-endpoint-afib.azureedge.net\/afibmatters\/2020\/01\/shutterstock_711737485-768x603.jpg 768w, https:\/\/cdn-endpoint-afib.azureedge.net\/afibmatters\/2020\/01\/shutterstock_711737485-1536x1206.jpg 1536w, https:\/\/cdn-endpoint-afib.azureedge.net\/afibmatters\/2020\/01\/shutterstock_711737485-2048x1608.jpg 2048w, https:\/\/cdn-endpoint-afib.azureedge.net\/afibmatters\/2020\/01\/shutterstock_711737485-461x362.jpg 461w\" sizes=\"auto, (max-width: 1024px) 100vw, 1024px\" \/><\/p>\n<p>En cas de fibrillation auriculaire, la contraction auriculaire est diminu\u00e9e, entra\u00eenant un ralentissement, voire une stagnation, du flux sanguin, ce qui peut conduire \u00e0 la formation de caillots. Ce caillot peut ensuite \u00eatre lib\u00e9r\u00e9 dans le syst\u00e8me circulatoire, entra\u00eenant un accident vasculaire c\u00e9r\u00e9bral ou une embolie syst\u00e9mique. Le risque de formation de caillots est plus \u00e9lev\u00e9 lorsque les personnes pr\u00e9sentent certaines comorbidit\u00e9s, comme l&#8217;hypertension art\u00e9rielle ou un \u00e2ge avanc\u00e9. Afin de pr\u00e9venir les accidents vasculaires c\u00e9r\u00e9braux chez les patients pr\u00e9sentant un risque plus \u00e9lev\u00e9, des anticoagulants sont habituellement recommand\u00e9s. Votre m\u00e9decin calculera votre risque et discutera avec vous des avantages et des risques possibles de la prise d&#8217;anticoagulants. Vous devez d\u00e9cider ensemble (\u00ab&nbsp;prise de d\u00e9cision partag\u00e9e&nbsp;\u00bb) de la prise ou non de ces m\u00e9dicaments. <\/p>\n<p>Pour en savoir plus sur la prise de d\u00e9cision partag\u00e9e en mati\u00e8re d&#8217;anticoagulation et pourquoi il est important que vous preniez une part active \u00e0 la d\u00e9cision, veuillez lire l&#8217;article suivant qui a \u00e9t\u00e9 sp\u00e9cifiquement \u00e9crit pour les patients&nbsp;:<\/p>\n<div class=\"blockquote-box\">\n<blockquote><p><a href=\"https:\/\/academic.oup.com\/eurjcn\/article\/21\/6\/544\/6658513\" target=\"_blank\" rel=\"noopener\">Patients, membres de la famille et professionnels de la sant\u00e9 prenant ensemble des d\u00e9cisions concernant le d\u00e9but d&#8217;un traitement anticoagulant destin\u00e9 \u00e0 pr\u00e9venir les accidents vasculaires c\u00e9r\u00e9braux chez les patients dont le rythme cardiaque est irr\u00e9gulier&nbsp;\u00bb (European Journal of Cardiovascular Nursing, Science for Patients).<\/a><\/p><\/blockquote>\n<\/div>\n<p>&nbsp;<\/p>\n<h3>Quel est mon risque d\u2019accident vasculaire c\u00e9r\u00e9bral&nbsp;?<\/h3>\n<p>Votre m\u00e9decin a probablement discut\u00e9 du risque d\u2019accident vasculaire c\u00e9r\u00e9bral associ\u00e9 \u00e0 la fibrillation auriculaire. Celui-ci est calcul\u00e9 en utilisant le score CHA2DS2-VASC. Les conditions suivantes augmentent votre risque&nbsp;: insuffisance cardiaque congestive &#8211; 1 point, hypertension art\u00e9rielle &#8211; 1 point, \u00e2ge \u2265 65 &#8211; 1 point, \u2265 75 &#8211; 2 points, diab\u00e8te &#8211; 1 point, accident vasculaire c\u00e9r\u00e9bral ant\u00e9rieur ou crise isch\u00e9mique transitoire &#8211; 2 points, maladie vasculaire (maladie art\u00e9rielle p\u00e9riph\u00e9rique, infarctus du myocarde ant\u00e9rieur, ath\u00e9rome aortique) &#8211; 1 point et le fait d\u2019\u00eatre de sexe f\u00e9minin compte \u00e9galement pour 1 point.<\/p>\n<p>En fonction du nombre de points et donc du score CHA2DS2-VASC, le risque d\u2019accident vasculaire c\u00e9r\u00e9bral passe de 1,3&nbsp;% par an (si le score CHA2DS2-VASC = 1) \u00e0 15,2&nbsp;% par an (si le score CHA2DS2-VASC = 9).<\/p>\n<p><a href=\"https:\/\/www.mdcalc.com\/cha2ds2-vasc-score-atrial-fibrillation-stroke-risk\"><strong>\u00c9valuation de votre risque d\u2019accident vasculaire c\u00e9r\u00e9bral, si vous souffrez de fibrillation auriculaire&nbsp;: calculateur en ligne<\/strong><\/a><\/p>\n<p>Certaines personnes ont des crises de fibrillation auriculaire, qui se terminent spontan\u00e9ment et certaines d\u2019entre elles sont asymptomatiques. Selon votre risque d\u2019accident vasculaire c\u00e9r\u00e9bral, vous pourriez avoir besoin d\u2019anticoagulants \u00e0 vie, m\u00eame apr\u00e8s que votre rythme a \u00e9t\u00e9 r\u00e9tabli \u00e0 la normale.<\/p>\n<h3>Fluidifiants sanguins (anticoagulants)<\/h3>\n<p>Les anticoagulants sont des m\u00e9dicaments qui prolongent la coagulation sanguine, emp\u00eachant la formation de thrombi (caillots). Les anticoagulants peuvent \u00eatre des antagonistes de la vitamine K ou des anticoagulants oraux non antagonistes de la vitamine K, \u00e9galement appel\u00e9s nouveaux anticoagulants oraux (NACO), ou anticoagulants oraux directs (DACO).<\/p>\n<p><img loading=\"lazy\" decoding=\"async\" class=\"alignnone size-large wp-image-997\" src=\"https:\/\/cdn-endpoint-afib.azureedge.net\/afibmatters\/2020\/01\/istockphoto-995533848-1024x680.jpg\" alt=\"\" width=\"1024\" height=\"680\" srcset=\"https:\/\/cdn-endpoint-afib.azureedge.net\/afibmatters\/2020\/01\/istockphoto-995533848-1024x680.jpg 1024w, https:\/\/cdn-endpoint-afib.azureedge.net\/afibmatters\/2020\/01\/istockphoto-995533848-300x199.jpg 300w, https:\/\/cdn-endpoint-afib.azureedge.net\/afibmatters\/2020\/01\/istockphoto-995533848-768x510.jpg 768w, https:\/\/cdn-endpoint-afib.azureedge.net\/afibmatters\/2020\/01\/istockphoto-995533848-500x332.jpg 500w, https:\/\/cdn-endpoint-afib.azureedge.net\/afibmatters\/2020\/01\/istockphoto-995533848.jpg 1400w\" sizes=\"auto, (max-width: 1024px) 100vw, 1024px\" \/><\/p>\n<p><strong>Antagonistes de la vitamine K<\/strong><br \/>\n(warfarine, ac\u00e9nocoumarol, phenprocoumone)<br \/>\nLes antagonistes de la vitamine K sont les anticoagulants les plus anciens. Ils r\u00e9duisent la capacit\u00e9 du sang \u00e0 former des caillots. Si votre m\u00e9decin vous prescrit l\u2019un de ces m\u00e9dicaments, vous devez suivre attentivement ses instructions.<\/p>\n<p>Des analyses sanguines r\u00e9guli\u00e8res seront n\u00e9cessaires pour surveiller les effets anticoagulants du m\u00e9dicament. Cette valeur est mesur\u00e9e par le \u00ab&nbsp;RNI&nbsp;\u00bb ou le ratio normalis\u00e9 international. Normalement, chez ceux qui ne prennent pas d\u2019anticoagulants, le sang coagule avec un RNI d\u2019environ 1. Afin de r\u00e9duire le risque d\u2019accident vasculaire c\u00e9r\u00e9bral chez les patients atteints de fibrillation auriculaire, le RNI doit \u00eatre compris entre 2 et 3. Selon cette mesure, la posologie des m\u00e9dicaments sera adapt\u00e9e au cas par cas. Il est de la plus haute importance d\u2019effectuer cette analyse sanguine r\u00e9guli\u00e8rement pour s\u2019assurer que la posologie que vous utilisez est correcte et que vous n\u2019\u00eates pas \u00e0 risque. La posologie utilis\u00e9e peut varier d\u2019une personne \u00e0 l\u2019autre et au fil du temps.<\/p>\n<p>Il est \u00e9galement important de savoir que les aliments contenant une grande quantit\u00e9 de vitamine K peuvent contrebalancer les effets des antagonistes de la vitamine K. Si votre r\u00e9gime alimentaire est riche en vitamine K, vous devrez probablement prendre plus de m\u00e9dicament anticoagulant.<\/p>\n<p><strong>NACO<\/strong><br \/>\nCes m\u00e9dicaments comprennent le dabigatran, le rivaroxaban, l\u2019apixaban et l\u2019\u00e9doxaban. Ils ont une plus courte dur\u00e9e d\u2019action que les antagonistes de la vitamine K et ne n\u00e9cessitent g\u00e9n\u00e9ralement pas d\u2019analyses sanguines r\u00e9guli\u00e8res ou de surveillance par votre m\u00e9decin.<\/p>\n<p>Si un NACO vous a \u00e9t\u00e9 prescrit, votre fonction r\u00e9nale doit \u00eatre surveill\u00e9e par votre m\u00e9decin. Si la fonction r\u00e9nale se d\u00e9t\u00e9riore, la posologie doit \u00eatre r\u00e9duite.<\/p>\n<p>Ces m\u00e9dicaments peuvent \u00eatre utilis\u00e9s sans surveillance du RNI et ne sont pas influenc\u00e9s par les aliments, les autres m\u00e9dicaments et l\u2019alcool. Le dabigatran et l\u2019apixaban sont pris deux fois par jour et le rivaroxaban et l\u2019\u00e9doxaban peuvent \u00eatre pris une fois par jour. Il est extr\u00eamement important qu\u2019un NACO soit pris tous les jours, comme prescrit par votre m\u00e9decin.<\/p>\n<h3>Effets ind\u00e9sirables<\/h3>\n<p><strong>Risque de saignement (avec un anticoagulant)<\/strong><\/p>\n<p>L\u2019effet ind\u00e9sirable le plus courant qui se produit avec tous les m\u00e9dicaments fluidifiant le sang est le saignement. Dans la plupart des cas, les saignements ne sont pas graves, comme des ecchymoses ou un saignement de nez mineur. Environ 1 \u00e0 2&nbsp;% des personnes sous anticoagulants d\u00e9velopperont des saignements plus graves qui peuvent n\u00e9cessiter une transfusion sanguine et l\u2019interruption du traitement anticoagulant. L\u2019effet ind\u00e9sirable h\u00e9morragique le plus grave associ\u00e9 au m\u00e9dicament anticoagulant est une h\u00e9morragie c\u00e9r\u00e9brale, connue sous le nom \u00ab&nbsp;d\u2019h\u00e9morragie intracr\u00e2nienne&nbsp;\u00bb. Si vous \u00eates pr\u00e9occup\u00e9(e) par le risque de saignement associ\u00e9 \u00e0 votre m\u00e9dicament anticoagulant, veuillez en parler avec votre m\u00e9decin. Votre m\u00e9decin \u00e9valuera votre risque individuel d\u2019accident vasculaire c\u00e9r\u00e9bral et d\u00e9terminera votre risque de saignement avec un m\u00e9dicament anticoagulant.<\/p>\n<p>Votre m\u00e9decin peut calculer votre risque de saignement avant de vous offrir l\u2019un des m\u00e9dicaments anticoagulants en utilisant un score de risque. Un exemple de score de risque h\u00e9morragique couramment utilis\u00e9 est le score HAS-BLED.<\/p>\n<p><strong>\u00c9valuation de votre risque de saignement, si vous prenez des m\u00e9dicaments anticoagulants&nbsp;: calculateur en ligne<\/strong><\/p>\n<p>&nbsp;<\/p>\n<p><strong>Dispositifs d\u2019occlusion LAA<\/strong><br \/>\nVotre m\u00e9decin peut \u00e9galement vous sugg\u00e9rer une proc\u00e9dure d\u2019occlusion de l\u2019appendice auriculaire gauche (une poche sur la chambre sup\u00e9rieure gauche du c\u0153ur) o\u00f9 des caillots sont souvent form\u00e9s.<\/p>\n<p>L\u2019intervention elle-m\u00eame est r\u00e9alis\u00e9e par voie percutan\u00e9e, avec anesth\u00e9sie locale. Un cath\u00e9ter est ins\u00e9r\u00e9 dans une veine au niveau de l\u2019aine et plac\u00e9 dans la chambre sup\u00e9rieure gauche (oreillette gauche). Un dispositif de type bouchon (obturateur d\u2019appendice auriculaire gauche) est introduit sous forme repli\u00e9e dans l\u2019appendice et dilat\u00e9 pour obstruer compl\u00e8tement la cavit\u00e9 de l\u2019appendice auriculaire gauche. Le but principal de la fermeture de l\u2019appendice auriculaire gauche est d\u2019emp\u00eacher les thrombi de passer de l\u2019appendice auriculaire gauche \u00e0 l\u2019oreillette gauche et au ventricule gauche. Cette proc\u00e9dure est principalement recommand\u00e9e aux patients qui pr\u00e9sentent un risque accru de caillots sanguins et une contre-indication aux anticoagulants en raison d\u2019un risque de saignement tr\u00e8s \u00e9lev\u00e9 (souvent en raison d\u2019\u00e9v\u00e9nements h\u00e9morragiques ant\u00e9rieurs ayant mis en jeu le pronostic vital).<\/p>\n<p>&nbsp;<\/p>\n","protected":false},"excerpt":{"rendered":"<p>Pourquoi est-ce que je pr\u00e9sente un risque d\u2019accident vasculaire c\u00e9r\u00e9bral&nbsp;? En cas de fibrillation auriculaire, la contraction auriculaire est diminu\u00e9e, entra\u00eenant un ralentissement, voire une stagnation, du flux sanguin, ce qui peut conduire \u00e0 la formation de caillots. Ce caillot peut ensuite \u00eatre lib\u00e9r\u00e9 dans le syst\u00e8me circulatoire, entra\u00eenant un accident vasculaire c\u00e9r\u00e9bral ou une [&hellip;]<\/p>\n","protected":false},"author":1,"featured_media":0,"parent":1454,"menu_order":20,"comment_status":"closed","ping_status":"closed","template":"","meta":{"_acf_changed":false,"footnotes":""},"categories":[56],"tags":[],"class_list":["post-1533","page","type-page","status-publish","hentry","category-que-peut-faire-mon-medecin"],"acf":[],"_links":{"self":[{"href":"https:\/\/www.afibmatters.org\/fr\/wp-json\/wp\/v2\/pages\/1533","targetHints":{"allow":["GET"]}}],"collection":[{"href":"https:\/\/www.afibmatters.org\/fr\/wp-json\/wp\/v2\/pages"}],"about":[{"href":"https:\/\/www.afibmatters.org\/fr\/wp-json\/wp\/v2\/types\/page"}],"author":[{"embeddable":true,"href":"https:\/\/www.afibmatters.org\/fr\/wp-json\/wp\/v2\/users\/1"}],"replies":[{"embeddable":true,"href":"https:\/\/www.afibmatters.org\/fr\/wp-json\/wp\/v2\/comments?post=1533"}],"version-history":[{"count":7,"href":"https:\/\/www.afibmatters.org\/fr\/wp-json\/wp\/v2\/pages\/1533\/revisions"}],"predecessor-version":[{"id":2171,"href":"https:\/\/www.afibmatters.org\/fr\/wp-json\/wp\/v2\/pages\/1533\/revisions\/2171"}],"up":[{"embeddable":true,"href":"https:\/\/www.afibmatters.org\/fr\/wp-json\/wp\/v2\/pages\/1454"}],"wp:attachment":[{"href":"https:\/\/www.afibmatters.org\/fr\/wp-json\/wp\/v2\/media?parent=1533"}],"wp:term":[{"taxonomy":"category","embeddable":true,"href":"https:\/\/www.afibmatters.org\/fr\/wp-json\/wp\/v2\/categories?post=1533"},{"taxonomy":"post_tag","embeddable":true,"href":"https:\/\/www.afibmatters.org\/fr\/wp-json\/wp\/v2\/tags?post=1533"}],"curies":[{"name":"wp","href":"https:\/\/api.w.org\/{rel}","templated":true}]}}