{"id":1524,"date":"2020-03-03T11:57:11","date_gmt":"2020-03-03T11:57:11","guid":{"rendered":"https:\/\/www.afibmatters.org\/que-peut-faire-mon-medecin\/comment-prevenir-linsuffisance-cardiaque\/"},"modified":"2020-03-16T16:40:43","modified_gmt":"2020-03-16T16:40:43","slug":"comment-prevenir-linsuffisance-cardiaque","status":"publish","type":"page","link":"https:\/\/www.afibmatters.org\/fr\/que-peut-faire-mon-medecin\/comment-prevenir-linsuffisance-cardiaque\/","title":{"rendered":"Comment pr\u00e9venir l\u2019insuffisance cardiaque&nbsp;?"},"content":{"rendered":"<p>La fr\u00e9quence cardiaque normale est de 60 \u00e0 100 battements par minute au repos. En cas de fibrillation atriale, la fr\u00e9quence cardiaque peut atteindre 150 \u00e0 180 battements par minute ou plus. M\u00eame avec une fonction cardiaque normale au d\u00e9but, une fr\u00e9quence cardiaque \u00e9lev\u00e9e de longue dur\u00e9e peut endommager votre c\u0153ur, cette affection est connue sous le nom de tachycardiomyopathie. Si la tentative de r\u00e9tablir le rythme sinusal \u00e9choue, il est de la plus haute importance de ralentir la fr\u00e9quence cardiaque.<\/p>\n<p>Il est tr\u00e8s important de suivre les conseils de votre m\u00e9decin et de prendre le traitement comme prescrit.<\/p>\n<p>&nbsp;<\/p>\n<p>&nbsp;<\/p>\n","protected":false},"excerpt":{"rendered":"<p>La fr\u00e9quence cardiaque normale est de 60 \u00e0 100 battements par minute au repos. En cas de fibrillation atriale, la fr\u00e9quence cardiaque peut atteindre 150 \u00e0 180 battements par minute ou plus. M\u00eame avec une fonction cardiaque normale au d\u00e9but, une fr\u00e9quence cardiaque \u00e9lev\u00e9e de longue dur\u00e9e peut endommager votre c\u0153ur, cette affection est connue [&hellip;]<\/p>\n","protected":false},"author":1,"featured_media":0,"parent":1454,"menu_order":21,"comment_status":"closed","ping_status":"closed","template":"","meta":{"_acf_changed":false,"footnotes":""},"categories":[56],"tags":[],"class_list":["post-1524","page","type-page","status-publish","hentry","category-que-peut-faire-mon-medecin"],"acf":[],"_links":{"self":[{"href":"https:\/\/www.afibmatters.org\/fr\/wp-json\/wp\/v2\/pages\/1524","targetHints":{"allow":["GET"]}}],"collection":[{"href":"https:\/\/www.afibmatters.org\/fr\/wp-json\/wp\/v2\/pages"}],"about":[{"href":"https:\/\/www.afibmatters.org\/fr\/wp-json\/wp\/v2\/types\/page"}],"author":[{"embeddable":true,"href":"https:\/\/www.afibmatters.org\/fr\/wp-json\/wp\/v2\/users\/1"}],"replies":[{"embeddable":true,"href":"https:\/\/www.afibmatters.org\/fr\/wp-json\/wp\/v2\/comments?post=1524"}],"version-history":[{"count":1,"href":"https:\/\/www.afibmatters.org\/fr\/wp-json\/wp\/v2\/pages\/1524\/revisions"}],"predecessor-version":[{"id":2173,"href":"https:\/\/www.afibmatters.org\/fr\/wp-json\/wp\/v2\/pages\/1524\/revisions\/2173"}],"up":[{"embeddable":true,"href":"https:\/\/www.afibmatters.org\/fr\/wp-json\/wp\/v2\/pages\/1454"}],"wp:attachment":[{"href":"https:\/\/www.afibmatters.org\/fr\/wp-json\/wp\/v2\/media?parent=1524"}],"wp:term":[{"taxonomy":"category","embeddable":true,"href":"https:\/\/www.afibmatters.org\/fr\/wp-json\/wp\/v2\/categories?post=1524"},{"taxonomy":"post_tag","embeddable":true,"href":"https:\/\/www.afibmatters.org\/fr\/wp-json\/wp\/v2\/tags?post=1524"}],"curies":[{"name":"wp","href":"https:\/\/api.w.org\/{rel}","templated":true}]}}