{"id":1512,"date":"2020-03-03T11:57:05","date_gmt":"2020-03-03T11:57:05","guid":{"rendered":"https:\/\/www.afibmatters.org\/que-peut-faire-mon-medecin\/ablation-de-la-fibrillation-auriculaire\/stimulateur-cardiaque-et-ablation-du-noeud-av-ou-du-faisceau-de-his\/"},"modified":"2022-01-27T09:44:49","modified_gmt":"2022-01-27T09:44:49","slug":"stimulateur-cardiaque-et-ablation-du-noeud-av-ou-du-faisceau-de-his","status":"publish","type":"page","link":"https:\/\/www.afibmatters.org\/fr\/que-peut-faire-mon-medecin\/ablation-de-la-fibrillation-atriale\/stimulateur-cardiaque-et-ablation-du-noeud-av-ou-du-faisceau-de-his\/","title":{"rendered":"Stimulateur cardiaque et ablation du n\u0153ud AV ou du faisceau de His"},"content":{"rendered":"<p>&nbsp;<\/p>\n<p>Si le m\u00e9dicament ou l\u2019association de m\u00e9dicaments que votre m\u00e9decin vous a prescrit ne permet pas de contr\u00f4ler votre fr\u00e9quence cardiaque ou entra\u00eene des effets ind\u00e9sirables, l\u2019ablation du n\u0153ud AV et l\u2019implantation d\u2019un stimulateur cardiaque peuvent \u00eatre envisag\u00e9es.<\/p>\n<p>L\u2019ablation du n\u0153ud AV est une intervention par cath\u00e9ter qui bloque la transmission d\u2019impulsions \u00e9lectriques rapides des oreillettes (cavit\u00e9s cardiaques sup\u00e9rieures) aux ventricules (cavit\u00e9s cardiaques inf\u00e9rieures). Le tissu du n\u0153ud AV, qui relie \u00e9lectriquement les oreillettes et les ventricules, est d\u00e9truit par une \u00e9nergie radiofr\u00e9quence produisant un bloc AV complet.<\/p>\n<p><img loading=\"lazy\" decoding=\"async\" class=\"alignnone wp-image-6127 size-full\" src=\"https:\/\/cdn-endpoint-afib.azureedge.net\/afibmatters\/2022\/01\/shutterstock_333628025-1024x686-1-min.jpg?_t=1643276649\" alt=\"\" width=\"800\" height=\"536\" srcset=\"https:\/\/cdn-endpoint-afib.azureedge.net\/afibmatters\/2022\/01\/shutterstock_333628025-1024x686-1-min.jpg 800w, https:\/\/cdn-endpoint-afib.azureedge.net\/afibmatters\/2022\/01\/shutterstock_333628025-1024x686-1-min-300x201.jpg 300w, https:\/\/cdn-endpoint-afib.azureedge.net\/afibmatters\/2022\/01\/shutterstock_333628025-1024x686-1-min-768x515.jpg 768w, https:\/\/cdn-endpoint-afib.azureedge.net\/afibmatters\/2022\/01\/shutterstock_333628025-1024x686-1-min-500x335.jpg 500w\" sizes=\"auto, (max-width: 800px) 100vw, 800px\" \/><\/p>\n<p>Afin de maintenir une fr\u00e9quence ventriculaire normale, un stimulateur cardiaque est implant\u00e9 avant une proc\u00e9dure d\u2019ablation. Le pouls est artificiellement contr\u00f4l\u00e9 par le stimulateur cardiaque, malgr\u00e9 une fibrillation atriale permanente. La proc\u00e9dure est simple et ne prend pas beaucoup de temps, mais, comme votre m\u00e9decin vous l\u2019expliquera avant la proc\u00e9dure, vous devez savoir qu\u2019il s\u2019agit d\u2019une affection irr\u00e9versible. Votre rythme cardiaque sera contr\u00f4l\u00e9 par un stimulateur cardiaque pour le reste de votre vie (d\u00e9pendant du stimulateur cardiaque). Ceci est consid\u00e9r\u00e9 comme le dernier recours pour contr\u00f4ler votre fr\u00e9quence cardiaque, en cas d\u2019\u00e9chec de toutes les proc\u00e9dures pr\u00e9c\u00e9dentes. Pour cette raison, cette proc\u00e9dure est plus susceptible d\u2019\u00eatre recommand\u00e9e aux patients plus \u00e2g\u00e9s.<\/p>\n<h3>Comment est-elle r\u00e9alis\u00e9e\u00a0?<\/h3>\n<p>L\u2019ablation par cath\u00e9ter est une proc\u00e9dure percutan\u00e9e r\u00e9alis\u00e9e sous anesth\u00e9sie locale. Le m\u00e9decin ins\u00e8re de longs tubes \u00e9lastiques et minces (cath\u00e9ters) dans les veines au niveau de votre aine et les fait avancer dans votre c\u0153ur. L\u2019extr\u00e9mit\u00e9 du cath\u00e9ter administre de l\u2019\u00e9nergie radiofr\u00e9quence (de la chaleur) \u00e0 la petite zone du tissu cardiaque qui doit \u00eatre d\u00e9truite. Le tissu cicatriciel ne conduit pas les impulsions.<\/p>\n<p><img loading=\"lazy\" decoding=\"async\" class=\"alignnone size-full wp-image-6118\" src=\"https:\/\/cdn-endpoint-afib.azureedge.net\/afibmatters\/2022\/01\/shutterstock_101122669-1024x681-1-min.jpg\" alt=\"\" width=\"800\" height=\"532\" srcset=\"https:\/\/www.afibmatters.org\/wp-content\/uploads\/2022\/01\/shutterstock_101122669-1024x681-1-min.jpg 800w, https:\/\/www.afibmatters.org\/wp-content\/uploads\/2022\/01\/shutterstock_101122669-1024x681-1-min-300x200.jpg 300w, https:\/\/www.afibmatters.org\/wp-content\/uploads\/2022\/01\/shutterstock_101122669-1024x681-1-min-768x511.jpg 768w, https:\/\/www.afibmatters.org\/wp-content\/uploads\/2022\/01\/shutterstock_101122669-1024x681-1-min-500x333.jpg 500w\" sizes=\"auto, (max-width: 800px) 100vw, 800px\" \/><\/p>\n<p>L\u2019implantation du stimulateur cardiaque doit \u00eatre effectu\u00e9e avant l\u2019ablation du n\u0153ud AV pour s\u2019assurer que les chambres inf\u00e9rieures (ventricules) battent correctement. Dans certains centres, les m\u00e9decins pr\u00e9f\u00e8rent implanter un stimulateur cardiaque plusieurs semaines avant l\u2019ablation, afin de s\u2019assurer du fonctionnement satisfaisant et stable du dispositif. Apr\u00e8s l\u2019ablation, le rythme cardiaque d\u00e9pend enti\u00e8rement du stimulateur cardiaque et vous n\u2019aurez pas besoin de prendre de m\u00e9dicaments pour contr\u00f4ler la fr\u00e9quence cardiaque.<br \/>\nUne ablation du n\u0153ud AV a un taux de succ\u00e8s \u00e9lev\u00e9.<\/p>\n<p><a href=\"\/fr\/que-peut-faire-mon-medecin\/ablation-de-la-fibrillation-atriale\/\"><strong>En savoir plus\u00a0: \u00ab\u00a0Complications\u00a0\u00bb<\/strong><\/a><\/p>\n<p><a href=\"https:\/\/www.afibmatters.org\/fr\/que-puis-je-faire\/comment-changer-ma-vie\/\"><strong>D\u00e9couvrez\u00a0: \u00ab\u00a0Comment changer ma vie\u00a0?\u00a0\u00bb<\/strong><\/a><\/p>\n","protected":false},"excerpt":{"rendered":"<p>&nbsp; Si le m\u00e9dicament ou l\u2019association de m\u00e9dicaments que votre m\u00e9decin vous a prescrit ne permet pas de contr\u00f4ler votre fr\u00e9quence cardiaque ou entra\u00eene des effets ind\u00e9sirables, l\u2019ablation du n\u0153ud AV et l\u2019implantation d\u2019un stimulateur cardiaque peuvent \u00eatre envisag\u00e9es. L\u2019ablation du n\u0153ud AV est une intervention par cath\u00e9ter qui bloque la transmission d\u2019impulsions \u00e9lectriques rapides [&hellip;]<\/p>\n","protected":false},"author":1,"featured_media":0,"parent":1500,"menu_order":19,"comment_status":"closed","ping_status":"closed","template":"","meta":{"_acf_changed":false,"footnotes":""},"categories":[56],"tags":[],"class_list":["post-1512","page","type-page","status-publish","hentry","category-que-peut-faire-mon-medecin"],"acf":[],"_links":{"self":[{"href":"https:\/\/www.afibmatters.org\/fr\/wp-json\/wp\/v2\/pages\/1512","targetHints":{"allow":["GET"]}}],"collection":[{"href":"https:\/\/www.afibmatters.org\/fr\/wp-json\/wp\/v2\/pages"}],"about":[{"href":"https:\/\/www.afibmatters.org\/fr\/wp-json\/wp\/v2\/types\/page"}],"author":[{"embeddable":true,"href":"https:\/\/www.afibmatters.org\/fr\/wp-json\/wp\/v2\/users\/1"}],"replies":[{"embeddable":true,"href":"https:\/\/www.afibmatters.org\/fr\/wp-json\/wp\/v2\/comments?post=1512"}],"version-history":[{"count":7,"href":"https:\/\/www.afibmatters.org\/fr\/wp-json\/wp\/v2\/pages\/1512\/revisions"}],"predecessor-version":[{"id":6139,"href":"https:\/\/www.afibmatters.org\/fr\/wp-json\/wp\/v2\/pages\/1512\/revisions\/6139"}],"up":[{"embeddable":true,"href":"https:\/\/www.afibmatters.org\/fr\/wp-json\/wp\/v2\/pages\/1500"}],"wp:attachment":[{"href":"https:\/\/www.afibmatters.org\/fr\/wp-json\/wp\/v2\/media?parent=1512"}],"wp:term":[{"taxonomy":"category","embeddable":true,"href":"https:\/\/www.afibmatters.org\/fr\/wp-json\/wp\/v2\/categories?post=1512"},{"taxonomy":"post_tag","embeddable":true,"href":"https:\/\/www.afibmatters.org\/fr\/wp-json\/wp\/v2\/tags?post=1512"}],"curies":[{"name":"wp","href":"https:\/\/api.w.org\/{rel}","templated":true}]}}