{"id":1499,"date":"2020-03-03T11:57:03","date_gmt":"2020-03-03T11:57:03","guid":{"rendered":"https:\/\/www.afibmatters.org\/que-peut-faire-mon-medecin\/comment-prevenir-une-rechute\/"},"modified":"2020-03-17T10:38:45","modified_gmt":"2020-03-17T10:38:45","slug":"comment-prevenir-une-rechute","status":"publish","type":"page","link":"https:\/\/www.afibmatters.org\/fr\/que-peut-faire-mon-medecin\/comment-prevenir-une-rechute\/","title":{"rendered":"Comment pr\u00e9venir une rechute&nbsp;?"},"content":{"rendered":"<p>Afin de pr\u00e9venir la r\u00e9cidive de l\u2019arythmie, il est tr\u00e8s important pour vous d\u2019adopter des modifications du mode de vie et de poursuivre le contr\u00f4le des facteurs de risque comme discut\u00e9 et recommand\u00e9 par votre m\u00e9decin.<\/p>\n<blockquote><p>Lire la suite\u00a0: <a href=\"https:\/\/www.afibmatters.org\/what-can-i-do\/how-should-i-change-my-life\/\">Comment faire pour changer ma vie\u00a0?<\/a><\/p><\/blockquote>\n<p>En outre, des traitements sp\u00e9cifiques et des proc\u00e9dures d\u2019ablation peuvent aider \u00e0 r\u00e9duire les risques de r\u00e9cidive de l\u2019arythmie<strong> (lien\u00a0: r\u00e9tablir un rythme normal avec un traitement\u00a0; r\u00e9tablir un rythme normal avec l\u2019ablation).<\/strong><\/p>\n<blockquote><p>Lire la suite\u00a0:<\/p>\n<ul>\n<li><a href=\"https:\/\/www.afibmatters.org\/what-can-my-doctor-do\/restore-a-normal-heart-rhythm\/\">R\u00e9tablir un rythme normal avec un traitement<\/a><\/li>\n<li><a href=\"https:\/\/www.afibmatters.org\/what-can-my-doctor-do\/atrial-fibrillation-ablation\/\">R\u00e9tablir un rythme normal avec l\u2019ablation<\/a><\/li>\n<\/ul>\n<p>&nbsp;<\/p><\/blockquote>\n","protected":false},"excerpt":{"rendered":"<p>Afin de pr\u00e9venir la r\u00e9cidive de l\u2019arythmie, il est tr\u00e8s important pour vous d\u2019adopter des modifications du mode de vie et de poursuivre le contr\u00f4le des facteurs de risque comme discut\u00e9 et recommand\u00e9 par votre m\u00e9decin. Lire la suite\u00a0: Comment faire pour changer ma vie\u00a0? En outre, des traitements sp\u00e9cifiques et des proc\u00e9dures d\u2019ablation peuvent [&hellip;]<\/p>\n","protected":false},"author":1,"featured_media":0,"parent":1454,"menu_order":22,"comment_status":"closed","ping_status":"closed","template":"","meta":{"_acf_changed":false,"footnotes":""},"categories":[56],"tags":[],"class_list":["post-1499","page","type-page","status-publish","hentry","category-que-peut-faire-mon-medecin"],"acf":[],"_links":{"self":[{"href":"https:\/\/www.afibmatters.org\/fr\/wp-json\/wp\/v2\/pages\/1499","targetHints":{"allow":["GET"]}}],"collection":[{"href":"https:\/\/www.afibmatters.org\/fr\/wp-json\/wp\/v2\/pages"}],"about":[{"href":"https:\/\/www.afibmatters.org\/fr\/wp-json\/wp\/v2\/types\/page"}],"author":[{"embeddable":true,"href":"https:\/\/www.afibmatters.org\/fr\/wp-json\/wp\/v2\/users\/1"}],"replies":[{"embeddable":true,"href":"https:\/\/www.afibmatters.org\/fr\/wp-json\/wp\/v2\/comments?post=1499"}],"version-history":[{"count":1,"href":"https:\/\/www.afibmatters.org\/fr\/wp-json\/wp\/v2\/pages\/1499\/revisions"}],"predecessor-version":[{"id":2193,"href":"https:\/\/www.afibmatters.org\/fr\/wp-json\/wp\/v2\/pages\/1499\/revisions\/2193"}],"up":[{"embeddable":true,"href":"https:\/\/www.afibmatters.org\/fr\/wp-json\/wp\/v2\/pages\/1454"}],"wp:attachment":[{"href":"https:\/\/www.afibmatters.org\/fr\/wp-json\/wp\/v2\/media?parent=1499"}],"wp:term":[{"taxonomy":"category","embeddable":true,"href":"https:\/\/www.afibmatters.org\/fr\/wp-json\/wp\/v2\/categories?post=1499"},{"taxonomy":"post_tag","embeddable":true,"href":"https:\/\/www.afibmatters.org\/fr\/wp-json\/wp\/v2\/tags?post=1499"}],"curies":[{"name":"wp","href":"https:\/\/api.w.org\/{rel}","templated":true}]}}