{"id":1494,"date":"2020-03-03T11:57:01","date_gmt":"2020-03-03T11:57:01","guid":{"rendered":"https:\/\/www.afibmatters.org\/que-peut-faire-mon-medecin\/quest-ce-quune-cardioversion\/"},"modified":"2020-03-16T16:30:41","modified_gmt":"2020-03-16T16:30:41","slug":"quest-ce-quune-cardioversion","status":"publish","type":"page","link":"https:\/\/www.afibmatters.org\/fr\/que-peut-faire-mon-medecin\/quest-ce-quune-cardioversion\/","title":{"rendered":"Qu\u2019est-ce qu\u2019une cardioversion&nbsp;?"},"content":{"rendered":"<p>La cardioversion \u00e9lectrique s\u2019effectue \u00e0 l\u2019h\u00f4pital \u00e0 l\u2019aide d\u2019un appareil appel\u00e9 <strong>d\u00e9fibrillateur<\/strong>. Le choc \u00e9lectrique est d\u00e9livr\u00e9 par deux grands autocollants ou palettes (\u00e9lectrodes) fix\u00e9s \u00e0 la poitrine. Les autocollants sont g\u00e9n\u00e9ralement plac\u00e9s \u00e0 l\u2019avant et l\u2019arri\u00e8re de la poitrine ou sur les c\u00f4t\u00e9s, \u00e0 droite et \u00e0 gauche de la poitrine.<\/p>\n<p>Cette proc\u00e9dure est g\u00e9n\u00e9ralement planifi\u00e9e \u00e0 l\u2019avance et consiste \u00e0 administrer un choc \u00e9lectrique contr\u00f4l\u00e9 \u00e0 votre poitrine en ciblant le c\u0153ur. L\u2019impulsion \u00e9lectrique est suffisamment forte pour arr\u00eater bri\u00e8vement tout signal \u00e9lectrique g\u00e9n\u00e9r\u00e9 par le c\u0153ur et laisser le stimulateur cardiaque naturel\u00a0: \u00ab\u00a0le n\u0153ud sinusal\u00a0\u00bb, reprendre le contr\u00f4le du rythme de votre c\u0153ur.<\/p>\n<p><img loading=\"lazy\" decoding=\"async\" class=\"alignleft wp-image-479 size-large\" src=\"https:\/\/cdn-endpoint-afib.azureedge.net\/afibmatters\/2019\/12\/iStock-155152624-1024x683.jpg\" alt=\"\" width=\"1024\" height=\"683\" srcset=\"https:\/\/cdn-endpoint-afib.azureedge.net\/afibmatters\/2019\/12\/iStock-155152624-1024x683.jpg 1024w, https:\/\/cdn-endpoint-afib.azureedge.net\/afibmatters\/2019\/12\/iStock-155152624-300x200.jpg 300w, https:\/\/cdn-endpoint-afib.azureedge.net\/afibmatters\/2019\/12\/iStock-155152624-768x512.jpg 768w, https:\/\/cdn-endpoint-afib.azureedge.net\/afibmatters\/2019\/12\/iStock-155152624-1536x1024.jpg 1536w, https:\/\/cdn-endpoint-afib.azureedge.net\/afibmatters\/2019\/12\/iStock-155152624-2048x1365.jpg 2048w, https:\/\/cdn-endpoint-afib.azureedge.net\/afibmatters\/2019\/12\/iStock-155152624-500x333.jpg 500w, https:\/\/www.afibmatters.org\/wp-content\/uploads\/2019\/12\/iStock-155152624-659x439.jpg 659w, https:\/\/www.afibmatters.org\/wp-content\/uploads\/2019\/12\/iStock-155152624-696x464.jpg 696w\" sizes=\"auto, (max-width: 1024px) 100vw, 1024px\" \/><\/p>\n<p>Avant la cardioversion, on vous administrera un s\u00e9datif (anesth\u00e9sique) pour vous rendre somnolent, vous ne ressentirez rien pendant la cardioversion elle-m\u00eame. Si le premier choc \u00e9lectrique ne parvient pas \u00e0 ramener votre c\u0153ur \u00e0 un rythme normal (rythme sinusal), un autre choc \u00e9lectrique sera tent\u00e9 en utilisant une impulsion \u00e9lectrique l\u00e9g\u00e8rement plus forte. Vous ne devriez ressentir aucune douleur pendant la cardioversion, mais souvent les zones sous les \u00e9lectrodes peuvent \u00eatre un peu douloureuses pendant un jour ou deux apr\u00e8s l\u2019intervention.<\/p>\n<p>Sachez que m\u00eame <strong>apr\u00e8s une cardioversion r\u00e9ussie<\/strong> (votre rythme cardiaque est revenu \u00e0 un rythme sinusal normal), il est possible que <strong>la fibrillation atriale revienne<\/strong>. C\u2019est le cas pour environ la moiti\u00e9 des patients pendant la premi\u00e8re ann\u00e9e suivant la cardioversion. Le risque de r\u00e9cidive de la fibrillation atriale d\u00e9pend de nombreux facteurs, mais cela est plus probable si vous avez d\u2019autres pathologies cardiaques (y compris une hypertension art\u00e9rielle) et si vous avez de la fibrillation atriale depuis plus d\u2019un an.<\/p>\n<p>&nbsp;<\/p>\n<p>&nbsp;<\/p>\n","protected":false},"excerpt":{"rendered":"<p>La cardioversion \u00e9lectrique s\u2019effectue \u00e0 l\u2019h\u00f4pital \u00e0 l\u2019aide d\u2019un appareil appel\u00e9 d\u00e9fibrillateur. Le choc \u00e9lectrique est d\u00e9livr\u00e9 par deux grands autocollants ou palettes (\u00e9lectrodes) fix\u00e9s \u00e0 la poitrine. Les autocollants sont g\u00e9n\u00e9ralement plac\u00e9s \u00e0 l\u2019avant et l\u2019arri\u00e8re de la poitrine ou sur les c\u00f4t\u00e9s, \u00e0 droite et \u00e0 gauche de la poitrine. Cette proc\u00e9dure est [&hellip;]<\/p>\n","protected":false},"author":1,"featured_media":0,"parent":1454,"menu_order":17,"comment_status":"closed","ping_status":"closed","template":"","meta":{"_acf_changed":false,"footnotes":""},"categories":[56],"tags":[],"class_list":["post-1494","page","type-page","status-publish","hentry","category-que-peut-faire-mon-medecin"],"acf":[],"_links":{"self":[{"href":"https:\/\/www.afibmatters.org\/fr\/wp-json\/wp\/v2\/pages\/1494","targetHints":{"allow":["GET"]}}],"collection":[{"href":"https:\/\/www.afibmatters.org\/fr\/wp-json\/wp\/v2\/pages"}],"about":[{"href":"https:\/\/www.afibmatters.org\/fr\/wp-json\/wp\/v2\/types\/page"}],"author":[{"embeddable":true,"href":"https:\/\/www.afibmatters.org\/fr\/wp-json\/wp\/v2\/users\/1"}],"replies":[{"embeddable":true,"href":"https:\/\/www.afibmatters.org\/fr\/wp-json\/wp\/v2\/comments?post=1494"}],"version-history":[{"count":2,"href":"https:\/\/www.afibmatters.org\/fr\/wp-json\/wp\/v2\/pages\/1494\/revisions"}],"predecessor-version":[{"id":2167,"href":"https:\/\/www.afibmatters.org\/fr\/wp-json\/wp\/v2\/pages\/1494\/revisions\/2167"}],"up":[{"embeddable":true,"href":"https:\/\/www.afibmatters.org\/fr\/wp-json\/wp\/v2\/pages\/1454"}],"wp:attachment":[{"href":"https:\/\/www.afibmatters.org\/fr\/wp-json\/wp\/v2\/media?parent=1494"}],"wp:term":[{"taxonomy":"category","embeddable":true,"href":"https:\/\/www.afibmatters.org\/fr\/wp-json\/wp\/v2\/categories?post=1494"},{"taxonomy":"post_tag","embeddable":true,"href":"https:\/\/www.afibmatters.org\/fr\/wp-json\/wp\/v2\/tags?post=1494"}],"curies":[{"name":"wp","href":"https:\/\/api.w.org\/{rel}","templated":true}]}}