{"id":1484,"date":"2020-03-03T11:56:58","date_gmt":"2020-03-03T11:56:58","guid":{"rendered":"https:\/\/www.afibmatters.org\/que-peut-faire-mon-medecin\/examens-utiles\/"},"modified":"2020-03-16T16:27:03","modified_gmt":"2020-03-16T16:27:03","slug":"examens-utiles","status":"publish","type":"page","link":"https:\/\/www.afibmatters.org\/fr\/que-peut-faire-mon-medecin\/examens-utiles\/","title":{"rendered":"Examens utiles"},"content":{"rendered":"<h2>ECG et surveillance du rythme cardiaque<\/h2>\n<h3>\u00c9lectrocardiogramme (ECG)<\/h3>\n<p>&nbsp;<\/p>\n<p>L\u2019examen le plus important pour diagnostiquer la fibrillation atriale est l\u2019\u00e9lectrocardiogramme (ECG). Des autocollants sp\u00e9ciaux (\u00e9lectrodes) sont plac\u00e9s sur les bras, les jambes et la poitrine (voir illustration ci-dessous) et l\u2019activit\u00e9 \u00e9lectrique de votre c\u0153ur est enregistr\u00e9e depuis votre peau. La proc\u00e9dure ne prendra g\u00e9n\u00e9ralement que quelques minutes et peut \u00eatre effectu\u00e9e au cabinet de votre m\u00e9decin g\u00e9n\u00e9raliste, de votre\u00a0 cardiologue ou \u00e0 l\u2019h\u00f4pital.<\/p>\n<p><img loading=\"lazy\" decoding=\"async\" class=\"size-large wp-image-1073\" src=\"https:\/\/cdn-endpoint-afib.azureedge.net\/afibmatters\/2020\/01\/iStock-171372917-1024x683.jpg\" alt=\"\" width=\"1024\" height=\"683\" srcset=\"https:\/\/cdn-endpoint-afib.azureedge.net\/afibmatters\/2020\/01\/iStock-171372917-1024x683.jpg 1024w, https:\/\/cdn-endpoint-afib.azureedge.net\/afibmatters\/2020\/01\/iStock-171372917-300x200.jpg 300w, https:\/\/cdn-endpoint-afib.azureedge.net\/afibmatters\/2020\/01\/iStock-171372917-768x512.jpg 768w, https:\/\/cdn-endpoint-afib.azureedge.net\/afibmatters\/2020\/01\/iStock-171372917-1536x1024.jpg 1536w, https:\/\/cdn-endpoint-afib.azureedge.net\/afibmatters\/2020\/01\/iStock-171372917-2048x1365.jpg 2048w, https:\/\/cdn-endpoint-afib.azureedge.net\/afibmatters\/2020\/01\/iStock-171372917-500x333.jpg 500w\" sizes=\"auto, (max-width: 1024px) 100vw, 1024px\" \/><\/p>\n<p>Un ECG au repos standard n\u2019enregistre que les battements cardiaques pendant quelques secondes. Si la fibrillation atriale n\u2019est pas pr\u00e9sente lors de cet enregistrement de dur\u00e9e limit\u00e9e, une surveillance plus prolong\u00e9e peut \u00eatre n\u00e9cessaire.<\/p>\n<p>&nbsp;<\/p>\n<h3>Surveillance cardiaque<\/h3>\n<p><img loading=\"lazy\" decoding=\"async\" class=\"alignnone size-large wp-image-1007\" src=\"https:\/\/cdn-endpoint-afib.azureedge.net\/afibmatters\/2020\/01\/shutterstock_1084333610-1024x683.jpg\" alt=\"\" width=\"1024\" height=\"683\" srcset=\"https:\/\/cdn-endpoint-afib.azureedge.net\/afibmatters\/2020\/01\/shutterstock_1084333610-1024x683.jpg 1024w, https:\/\/cdn-endpoint-afib.azureedge.net\/afibmatters\/2020\/01\/shutterstock_1084333610-300x200.jpg 300w, https:\/\/cdn-endpoint-afib.azureedge.net\/afibmatters\/2020\/01\/shutterstock_1084333610-768x512.jpg 768w, https:\/\/cdn-endpoint-afib.azureedge.net\/afibmatters\/2020\/01\/shutterstock_1084333610-1536x1024.jpg 1536w, https:\/\/cdn-endpoint-afib.azureedge.net\/afibmatters\/2020\/01\/shutterstock_1084333610-2048x1365.jpg 2048w, https:\/\/cdn-endpoint-afib.azureedge.net\/afibmatters\/2020\/01\/shutterstock_1084333610-500x333.jpg 500w\" sizes=\"auto, (max-width: 1024px) 100vw, 1024px\" \/><\/p>\n<p>Si votre fibrillation atriale dure peu de temps, il peut \u00eatre n\u00e9cessaire d\u2019avoir une surveillance cardiaque pendant 24 heures ou plus (parfois pendant 7 jours ou plus). Cet examen, souvent appel\u00e9 \u00ab <strong>surveillance Holter<\/strong>\u00a0\u00bb, implique un petit appareil d\u2019enregistrement reli\u00e9 par des fils \u00e0 4 autocollants sp\u00e9ciaux (\u00e9lectrodes) plac\u00e9s sur votre poitrine (voir ci-dessus). L\u2019appareil est facile \u00e0 porter sous les v\u00eatements pendant vos activit\u00e9s quotidiennes habituelles. Un journal de vos activit\u00e9s et des sympt\u00f4mes que vous ressentez lorsque vous portez l\u2019appareil peut \u00eatre utile. Cet examen fournira \u00e0 votre m\u00e9decin des informations d\u00e9taill\u00e9es sur votre rythme cardiaque et la corr\u00e9lation avec vos sympt\u00f4mes.<\/p>\n<p>Un autre examen est <strong>la surveillance des \u00e9v\u00e9nements. <\/strong>Ce moniteur n\u2019enregistre pas en continu, mais enregistre automatiquement votre ECG \u00e0 certains moments ou lorsque vous d\u00e9clenchez manuellement un enregistrement, par exemple lorsque vous ressentez des sympt\u00f4mes. Ces moniteurs d\u2019\u00e9v\u00e9nements portables peuvent g\u00e9n\u00e9ralement \u00eatre utilis\u00e9s pendant un maximum de 2 semaines.<\/p>\n<p>Si la fibrillation atriale n\u2019est toujours pas d\u00e9tect\u00e9e, mais suspect\u00e9e, un <strong>moniteur cardiaque implantable<\/strong> peut \u00eatre utilis\u00e9 pour la surveillance continue du rythme cardiaque. Ces moniteurs sont positionn\u00e9s sous la peau de la poitrine et peuvent enregistrer des changements dans le rythme cardiaque, g\u00e9n\u00e9ralement pendant une dur\u00e9e maximale de trois ans.<\/p>\n<p>Les nouvelles technologies int\u00e9gr\u00e9es dans les smartphones et les montres connect\u00e9es permettent aux patients d\u2019avoir leurs propres moniteurs (souvent appel\u00e9s dispositifs portables) et d\u2019enregistrer leur rythme cardiaque sur un traceur ECG. La fiabilit\u00e9 de ces appareils est mise \u00e0 l\u2019essai dans le cadre d\u2019essais cliniques. Afin de diagnostiquer la fibrillation atriale, ces enregistrements doivent \u00eatre \u00e9valu\u00e9s par un m\u00e9decin.<\/p>\n<p>&nbsp;<\/p>\n<h2>\u00c9chographie cardiaque<\/h2>\n<p><img loading=\"lazy\" decoding=\"async\" class=\"alignnone wp-image-1017 size-full\" src=\"https:\/\/cdn-endpoint-afib.azureedge.net\/afibmatters\/2020\/01\/echocardiogram-1.jpg\" alt=\"\" width=\"800\" height=\"534\" srcset=\"https:\/\/cdn-endpoint-afib.azureedge.net\/afibmatters\/2020\/01\/echocardiogram-1.jpg 800w, https:\/\/cdn-endpoint-afib.azureedge.net\/afibmatters\/2020\/01\/echocardiogram-1-300x200.jpg 300w, https:\/\/cdn-endpoint-afib.azureedge.net\/afibmatters\/2020\/01\/echocardiogram-1-768x513.jpg 768w, https:\/\/cdn-endpoint-afib.azureedge.net\/afibmatters\/2020\/01\/echocardiogram-1-500x334.jpg 500w\" sizes=\"auto, (max-width: 800px) 100vw, 800px\" \/><\/p>\n<h3>\u00c9chocardiogramme<\/h3>\n<p>Si vous avez un diagnostic de fibrillation atriale, votre m\u00e9decin voudra peut-\u00eatre examiner votre c\u0153ur avec un \u00e9chocardiogramme, souvent appel\u00e9 \u00ab \u00e9cho \u00bb ou \u00ab \u00e9chographie cardiaque \u00bb. Au cours de cet examen, un m\u00e9decin ou un technicien scannera votre poitrine \u00e0 l\u2019aide d\u2019une sonde portative avec un peu de gel dessus, afin de v\u00e9rifier la taille et le fonctionnement des quatre cavit\u00e9s principales du c\u0153ur, du muscle cardiaque et des valves.<br \/>\nUn \u00e9chocardiogramme ne permet pas \u00e0 votre m\u00e9decin de d\u00e9tecter la fibrillation atriale, mais il fournit des informations importantes sur l\u2019effet de la fibrillation atriale sur votre c\u0153ur et sur le pronostic.<\/p>\n<h3>\u00c9chocardiographie trans\u0153sophagienne<\/h3>\n<p>Parfois, votre m\u00e9decin d\u00e9cidera d\u2019examiner votre c\u0153ur avec un \u00e9chocardiogramme trans\u0153sophagien, ou \u00ab\u00a0ETO \u00bb. Au cours de cet examen, un tube flexible est introduit par la bouche et positionn\u00e9 dans l\u2019\u0153sophage (le passage allant de la bouche \u00e0 l\u2019estomac). Comme le c\u0153ur est positionn\u00e9 juste \u00e0 l\u2019avant de l\u2019\u0153sophage, un ETO peut donner des images tr\u00e8s d\u00e9taill\u00e9es des parties les plus importantes du c\u0153ur. L&#8217;ETO est \u00e9galement l\u2019examen de r\u00e9f\u00e9rence pour d\u00e9tecter les <strong>caillots sanguins<\/strong> qui peuvent se former \u00e0 l\u2019int\u00e9rieur de l\u2019oreillette gauche en raison de la fibrillation atriale.<br \/>\nUn ETO est souvent utilis\u00e9 avant une cardioversion, si le d\u00e9but de la fibrillation atriale n\u2019est pas clair et si votre m\u00e9decin veut \u00eatre s\u00fbr qu\u2019aucun caillot sanguin ne se soit d\u00e9j\u00e0 form\u00e9 dans votre c\u0153ur.<\/p>\n<h2>Autres examens<\/h2>\n<p>&nbsp;<\/p>\n<h3>Analyses de sang<img loading=\"lazy\" decoding=\"async\" class=\"alignnone size-large wp-image-907\" src=\"https:\/\/cdn-endpoint-afib.azureedge.net\/afibmatters\/2020\/01\/shutterstock_189924716-1024x683.jpg\" alt=\"\" width=\"1024\" height=\"683\" srcset=\"https:\/\/cdn-endpoint-afib.azureedge.net\/afibmatters\/2020\/01\/shutterstock_189924716-1024x683.jpg 1024w, https:\/\/cdn-endpoint-afib.azureedge.net\/afibmatters\/2020\/01\/shutterstock_189924716-300x200.jpg 300w, https:\/\/cdn-endpoint-afib.azureedge.net\/afibmatters\/2020\/01\/shutterstock_189924716-768x512.jpg 768w, https:\/\/cdn-endpoint-afib.azureedge.net\/afibmatters\/2020\/01\/shutterstock_189924716-1536x1024.jpg 1536w, https:\/\/cdn-endpoint-afib.azureedge.net\/afibmatters\/2020\/01\/shutterstock_189924716-2048x1365.jpg 2048w, https:\/\/cdn-endpoint-afib.azureedge.net\/afibmatters\/2020\/01\/shutterstock_189924716-500x333.jpg 500w\" sizes=\"auto, (max-width: 1024px) 100vw, 1024px\" \/><\/h3>\n<p>Une fois la fibrillation atriale diagnostiqu\u00e9e, on peut \u00e9galement vous demander de r\u00e9aliser des analyses de sang. Bien que les analyses de sang ne soient pas n\u00e9cessaires pour \u00e9tablir le diagnostic, elles peuvent aider \u00e0 expliquer pourquoi vous avez d\u00e9velopp\u00e9 une fibrillation atriale, par exemple en raison de <strong>troubles thyro\u00efdiens<\/strong> ou d\u2019un d\u00e9s\u00e9quilibre <strong>des \u00e9lectrolytes dans l&#8217;organisme<\/strong>. Les analyses de sang aideront \u00e9galement votre m\u00e9decin \u00e0 choisir le ou les traitements les mieux adapt\u00e9s \u00e0 vos besoins.<\/p>\n<h3>Examen suppl\u00e9mentaire du c\u0153ur<\/h3>\n<p>Dans certains cas, votre m\u00e9decin peut vouloir effectuer une <strong>\u00e9preuve d\u2019effort<\/strong> afin d\u2019\u00e9tudier ce qui arrive \u00e0 votre c\u0153ur lorsqu\u2019il bat plus vite. La <strong>tomodensitom\u00e9trie cardiaque<\/strong> ou <strong>l\u2019imagerie par r\u00e9sonance magn\u00e9tique cardiaque<\/strong> peuvent \u00e9galement \u00eatre utilis\u00e9es pour l\u2019analyse d\u00e9taill\u00e9e de la structure et de la fonction du c\u0153ur. La question de savoir si d\u2019autres investigations sont n\u00e9cessaires d\u00e9pend de votre maladie et vous devez en parler avec votre m\u00e9decin.<\/p>\n","protected":false},"excerpt":{"rendered":"<p>ECG et surveillance du rythme cardiaque \u00c9lectrocardiogramme (ECG) &nbsp; L\u2019examen le plus important pour diagnostiquer la fibrillation atriale est l\u2019\u00e9lectrocardiogramme (ECG). Des autocollants sp\u00e9ciaux (\u00e9lectrodes) sont plac\u00e9s sur les bras, les jambes et la poitrine (voir illustration ci-dessous) et l\u2019activit\u00e9 \u00e9lectrique de votre c\u0153ur est enregistr\u00e9e depuis votre peau. La proc\u00e9dure ne prendra g\u00e9n\u00e9ralement que [&hellip;]<\/p>\n","protected":false},"author":1,"featured_media":0,"parent":1454,"menu_order":14,"comment_status":"closed","ping_status":"closed","template":"","meta":{"_acf_changed":false,"footnotes":""},"categories":[56],"tags":[],"class_list":["post-1484","page","type-page","status-publish","hentry","category-que-peut-faire-mon-medecin"],"acf":[],"_links":{"self":[{"href":"https:\/\/www.afibmatters.org\/fr\/wp-json\/wp\/v2\/pages\/1484","targetHints":{"allow":["GET"]}}],"collection":[{"href":"https:\/\/www.afibmatters.org\/fr\/wp-json\/wp\/v2\/pages"}],"about":[{"href":"https:\/\/www.afibmatters.org\/fr\/wp-json\/wp\/v2\/types\/page"}],"author":[{"embeddable":true,"href":"https:\/\/www.afibmatters.org\/fr\/wp-json\/wp\/v2\/users\/1"}],"replies":[{"embeddable":true,"href":"https:\/\/www.afibmatters.org\/fr\/wp-json\/wp\/v2\/comments?post=1484"}],"version-history":[{"count":5,"href":"https:\/\/www.afibmatters.org\/fr\/wp-json\/wp\/v2\/pages\/1484\/revisions"}],"predecessor-version":[{"id":2164,"href":"https:\/\/www.afibmatters.org\/fr\/wp-json\/wp\/v2\/pages\/1484\/revisions\/2164"}],"up":[{"embeddable":true,"href":"https:\/\/www.afibmatters.org\/fr\/wp-json\/wp\/v2\/pages\/1454"}],"wp:attachment":[{"href":"https:\/\/www.afibmatters.org\/fr\/wp-json\/wp\/v2\/media?parent=1484"}],"wp:term":[{"taxonomy":"category","embeddable":true,"href":"https:\/\/www.afibmatters.org\/fr\/wp-json\/wp\/v2\/categories?post=1484"},{"taxonomy":"post_tag","embeddable":true,"href":"https:\/\/www.afibmatters.org\/fr\/wp-json\/wp\/v2\/tags?post=1484"}],"curies":[{"name":"wp","href":"https:\/\/api.w.org\/{rel}","templated":true}]}}