{"id":1482,"date":"2020-03-03T11:56:57","date_gmt":"2020-03-03T11:56:57","guid":{"rendered":"https:\/\/www.afibmatters.org\/que-peut-faire-mon-medecin\/controle-de-la-frequence-cardiaque-controle-de-la-frequence\/"},"modified":"2020-03-17T10:36:49","modified_gmt":"2020-03-17T10:36:49","slug":"controle-de-la-frequence-cardiaque-controle-de-la-frequence","status":"publish","type":"page","link":"https:\/\/www.afibmatters.org\/fr\/que-peut-faire-mon-medecin\/controle-de-la-frequence-cardiaque-controle-de-la-frequence\/","title":{"rendered":"Contr\u00f4le de la fr\u00e9quence cardiaque (contr\u00f4le de la fr\u00e9quence)"},"content":{"rendered":"<p><img loading=\"lazy\" decoding=\"async\" class=\"alignnone size-large wp-image-917\" src=\"https:\/\/cdn-endpoint-afib.azureedge.net\/afibmatters\/2020\/01\/shutterstock_1057509995-1024x692.jpg\" alt=\"\" width=\"1024\" height=\"692\" srcset=\"https:\/\/cdn-endpoint-afib.azureedge.net\/afibmatters\/2020\/01\/shutterstock_1057509995-1024x692.jpg 1024w, https:\/\/cdn-endpoint-afib.azureedge.net\/afibmatters\/2020\/01\/shutterstock_1057509995-300x203.jpg 300w, https:\/\/cdn-endpoint-afib.azureedge.net\/afibmatters\/2020\/01\/shutterstock_1057509995-768x519.jpg 768w, https:\/\/cdn-endpoint-afib.azureedge.net\/afibmatters\/2020\/01\/shutterstock_1057509995-1536x1039.jpg 1536w, https:\/\/cdn-endpoint-afib.azureedge.net\/afibmatters\/2020\/01\/shutterstock_1057509995-2048x1385.jpg 2048w, https:\/\/cdn-endpoint-afib.azureedge.net\/afibmatters\/2020\/01\/shutterstock_1057509995-500x338.jpg 500w\" sizes=\"auto, (max-width: 1024px) 100vw, 1024px\" \/><\/p>\n<p>Le contr\u00f4le de la fr\u00e9quence signifie que vous et votre m\u00e9decin avez accept\u00e9 la fibrillation atriale comme trouble m\u00e9dical, mais vous devrez peut-\u00eatre contr\u00f4ler la fr\u00e9quence cardiaque (battements par minute) pour \u00e9viter les sympt\u00f4mes.<\/p>\n<p>Contr\u00f4ler la fr\u00e9quence cardiaque est l\u2019option de traitement choisie par votre m\u00e9decin lorsqu\u2019il n\u2019a pas \u00e9t\u00e9 en mesure de r\u00e9tablir un rythme normal (tentative infructueuse), ou lorsque le m\u00e9decin consid\u00e8re qu\u2019en raison de votre pathologie cardiaque sous-jacente, r\u00e9tablir le rythme sinusal normal est presque impossible.<\/p>\n<ul>\n<li>\n<h3>Avec un traitement m\u00e9dical<\/h3>\n<\/li>\n<\/ul>\n<p>Votre m\u00e9decin peut vous prescrire un traitement m\u00e9dical pour normaliser votre fr\u00e9quence cardiaque (entre 70 et 110 battements par minute au repos).<\/p>\n<p>En fonction de vos sympt\u00f4mes, le m\u00e9decin peut choisir un contr\u00f4le strict de la fr\u00e9quence (en maintenant la fr\u00e9quence cardiaque autour de 70 \u00e0 90 battements par minute au repos) ou un contr\u00f4le souple de la fr\u00e9quence (en maintenant la fr\u00e9quence cardiaque autour de 100 \u00e0 110 battements par minute au repos).<\/p>\n<p>Les traitements qui peuvent \u00eatre utilis\u00e9s pour contr\u00f4ler votre fr\u00e9quence cardiaque sont\u00a0:<\/p>\n<ul>\n<li><strong>Les b\u00eata-bloquants\u00a0:<\/strong> Ces m\u00e9dicaments ralentissent la fr\u00e9quence cardiaque au repos ainsi que pendant l\u2019activit\u00e9. Ils sont le traitement privil\u00e9gi\u00e9 ind\u00e9pendamment de la pathologie cardiaque sous-jacente.<\/li>\n<li><strong>Les inhibiteurs calciques\u00a0:<\/strong> Ces m\u00e9dicaments contr\u00f4lent \u00e9galement votre fr\u00e9quence cardiaque, mais il peut \u00eatre n\u00e9cessaire de les \u00e9viter si vous souffrez d\u2019insuffisance cardiaque ou d\u2019hypotension art\u00e9rielle.<\/li>\n<li><strong>La digoxine\u00a0:<\/strong> Ce m\u00e9dicament contr\u00f4le la fr\u00e9quence cardiaque au repos, mais pas pendant l\u2019activit\u00e9. Elle peut \u00eatre ajout\u00e9e aux b\u00eata-bloquants ou moins fr\u00e9quemment aux inhibiteurs calciques si un seul traitement n\u2019a pas suffisamment ralenti la fr\u00e9quence cardiaque.<\/li>\n<li><strong>L\u2019amiodarone\u00a0:<\/strong> Dans de tr\u00e8s rares cas, votre m\u00e9decin peut d\u00e9cider de contr\u00f4ler votre rythme cardiaque avec ce m\u00e9dicament seul ou en plus des b\u00eata-bloquants. L\u2019amiodarone est tr\u00e8s efficace pour contr\u00f4ler la fr\u00e9quence cardiaque, mais est associ\u00e9e \u00e0 des effets ind\u00e9sirables graves dans le traitement \u00e0 long terme. Elle s\u2019accumule dans votre thyro\u00efde, dans vos poumons, votre peau, etc.<\/li>\n<\/ul>\n<p>&nbsp;<\/p>\n<ul>\n<li><a href=\"\/fr\/que-peut-faire-mon-medecin\/ablation-de-la-fibrillation-atriale\/\">Avec ablation<\/a><\/li>\n<\/ul>\n<p>&nbsp;<\/p>\n<p><a href=\"https:\/\/www.afibmatters.org\/fr\/que-puis-je-faire\/comment-changer-ma-vie\/\"><strong>D\u00e9couvrez\u00a0: \u00ab\u00a0Comment changer ma vie\u00a0?\u00a0\u00bb<\/strong><\/a><\/p>\n<p>&nbsp;<\/p>\n","protected":false},"excerpt":{"rendered":"<p>Le contr\u00f4le de la fr\u00e9quence signifie que vous et votre m\u00e9decin avez accept\u00e9 la fibrillation atriale comme trouble m\u00e9dical, mais vous devrez peut-\u00eatre contr\u00f4ler la fr\u00e9quence cardiaque (battements par minute) pour \u00e9viter les sympt\u00f4mes. Contr\u00f4ler la fr\u00e9quence cardiaque est l\u2019option de traitement choisie par votre m\u00e9decin lorsqu\u2019il n\u2019a pas \u00e9t\u00e9 en mesure de r\u00e9tablir un [&hellip;]<\/p>\n","protected":false},"author":1,"featured_media":0,"parent":1454,"menu_order":16,"comment_status":"closed","ping_status":"closed","template":"","meta":{"_acf_changed":false,"footnotes":""},"categories":[56],"tags":[],"class_list":["post-1482","page","type-page","status-publish","hentry","category-que-peut-faire-mon-medecin"],"acf":[],"_links":{"self":[{"href":"https:\/\/www.afibmatters.org\/fr\/wp-json\/wp\/v2\/pages\/1482","targetHints":{"allow":["GET"]}}],"collection":[{"href":"https:\/\/www.afibmatters.org\/fr\/wp-json\/wp\/v2\/pages"}],"about":[{"href":"https:\/\/www.afibmatters.org\/fr\/wp-json\/wp\/v2\/types\/page"}],"author":[{"embeddable":true,"href":"https:\/\/www.afibmatters.org\/fr\/wp-json\/wp\/v2\/users\/1"}],"replies":[{"embeddable":true,"href":"https:\/\/www.afibmatters.org\/fr\/wp-json\/wp\/v2\/comments?post=1482"}],"version-history":[{"count":4,"href":"https:\/\/www.afibmatters.org\/fr\/wp-json\/wp\/v2\/pages\/1482\/revisions"}],"predecessor-version":[{"id":2188,"href":"https:\/\/www.afibmatters.org\/fr\/wp-json\/wp\/v2\/pages\/1482\/revisions\/2188"}],"up":[{"embeddable":true,"href":"https:\/\/www.afibmatters.org\/fr\/wp-json\/wp\/v2\/pages\/1454"}],"wp:attachment":[{"href":"https:\/\/www.afibmatters.org\/fr\/wp-json\/wp\/v2\/media?parent=1482"}],"wp:term":[{"taxonomy":"category","embeddable":true,"href":"https:\/\/www.afibmatters.org\/fr\/wp-json\/wp\/v2\/categories?post=1482"},{"taxonomy":"post_tag","embeddable":true,"href":"https:\/\/www.afibmatters.org\/fr\/wp-json\/wp\/v2\/tags?post=1482"}],"curies":[{"name":"wp","href":"https:\/\/api.w.org\/{rel}","templated":true}]}}