{"id":1472,"date":"2020-03-03T11:56:54","date_gmt":"2020-03-03T11:56:54","guid":{"rendered":"https:\/\/www.afibmatters.org\/que-peut-faire-mon-medecin\/retablir-un-rythme-cardiaque-normal-et-prevenir-les-rechutes\/"},"modified":"2022-01-27T09:57:48","modified_gmt":"2022-01-27T09:57:48","slug":"retablir-un-rythme-cardiaque-normal-et-prevenir-les-rechutes","status":"publish","type":"page","link":"https:\/\/www.afibmatters.org\/fr\/que-peut-faire-mon-medecin\/retablir-un-rythme-cardiaque-normal-et-prevenir-les-rechutes\/","title":{"rendered":"R\u00e9tablir un rythme cardiaque normal et pr\u00e9venir les rechutes"},"content":{"rendered":"<p>Parfois, lorsque vous pr\u00e9sentez une crise de fibrillation atriale, le rythme normal est r\u00e9tabli sans traitement. Dans le cas contraire, ou si vous pr\u00e9sentez des sympt\u00f4mes au cours de vos crises de fibrillation atriale, votre m\u00e9decin pourra vous sugg\u00e9rer <strong>de r\u00e9tablir votre rythme cardiaque normal<\/strong> (rythme sinusal). C\u2019est ce que nous appelons <strong>le contr\u00f4le du rythme<\/strong>.<\/p>\n<p>Lorsque vous choisissez la strat\u00e9gie de contr\u00f4le du rythme, deux options s\u2019offrent \u00e0 vous pour r\u00e9tablir le rythme sinusal normal\u00a0: le traitement m\u00e9dical (cardioversion pharmacologique) et la cardioversion \u00e9lectrique.<\/p>\n<p>Avant de subir une cardioversion, qu\u2019elle soit \u00e9lectrique ou pharmacologique, votre m\u00e9decin peut vous prescrire des anticoagulants (fluidifiants sanguins) pendant au moins 3 semaines avant la proc\u00e9dure. Sinon, votre m\u00e9decin voudra peut-\u00eatre v\u00e9rifier l&#8217;absence de caillots sanguins dans le c\u0153ur en effectuant un examen d\u2019imagerie sp\u00e9cifique appel\u00e9 \u00e9cho trans\u0153sophagienne avant la cardioversion. Vous devrez \u00e9galement continuer \u00e0 prendre vos anticoagulants pendant au moins 4 semaines apr\u00e8s la cardioversion afin de r\u00e9duire le risque d\u2019accident vasculaire c\u00e9r\u00e9bral. En fonction de votre risque global d\u2019accident vasculaire c\u00e9r\u00e9bral, votre m\u00e9decin peut vous demander de continuer \u00e0 prendre un anticoagulant \u00e0\u00a0 long terme (en principe pour toute la vie).<\/p>\n<p>&nbsp;<\/p>\n<ul>\n<li>\n<h3>Traitement m\u00e9dical<\/h3>\n<\/li>\n<\/ul>\n<p><img loading=\"lazy\" decoding=\"async\" class=\"alignnone wp-image-6158 size-full\" src=\"https:\/\/cdn-endpoint-afib.azureedge.net\/afibmatters\/2022\/01\/iStock-467032360-1024x686-1-min.jpg?_t=1643277452\" alt=\"\" width=\"800\" height=\"536\" srcset=\"https:\/\/www.afibmatters.org\/wp-content\/uploads\/2022\/01\/iStock-467032360-1024x686-1-min.jpg 800w, https:\/\/www.afibmatters.org\/wp-content\/uploads\/2022\/01\/iStock-467032360-1024x686-1-min-300x201.jpg 300w, https:\/\/www.afibmatters.org\/wp-content\/uploads\/2022\/01\/iStock-467032360-1024x686-1-min-768x515.jpg 768w, https:\/\/www.afibmatters.org\/wp-content\/uploads\/2022\/01\/iStock-467032360-1024x686-1-min-500x335.jpg 500w\" sizes=\"auto, (max-width: 800px) 100vw, 800px\" \/><\/p>\n<p>La restauration du rythme normal peut \u00eatre r\u00e9alis\u00e9e avec un traitement m\u00e9dical. Il s\u2019agit de la <strong>cardioversion pharmacologique<\/strong>. Le traitement m\u00e9dical est \u00e9galement utile pour pr\u00e9venir une rechute de la fibrillation atriale.<\/p>\n<p>Les m\u00e9dicaments utilis\u00e9s pour r\u00e9tablir le rythme sinusal et r\u00e9duire les crises de fibrillation atriale sont appel\u00e9s <strong>\u00ab\u00a0antiarythmiques\u00a0\u00bb<\/strong> et les plus couramment utilis\u00e9s sont\u00a0:<\/p>\n<ul>\n<li style=\"list-style-type: none;\">\n<ul>\n<li>Fl\u00e9ca\u00efnide<\/li>\n<li>Dron\u00e9darone<\/li>\n<li>Sotalol<\/li>\n<li>Amiodarone<\/li>\n<li>Propaf\u00e9none<\/li>\n<li>Disopyramide<\/li>\n<\/ul>\n<\/li>\n<\/ul>\n<p>&nbsp;<\/p>\n<p>Les m\u00e9dicaments antiarythmiques modifient l\u2019activit\u00e9 \u00e9lectrique des cellules cardiaques, ce qui facilite le r\u00e9tablissement du rythme sinusal normal. En plus de faire disparaitre la fibrillation atriale, les m\u00e9dicaments antiarythmiques peuvent \u00e9galement aider \u00e0 maintenir le rythme sinusal normal et \u00e0 r\u00e9duire vos risques de rechute en fibrillation atriale.<\/p>\n<p>Parfois, il faut essayer plusieurs antiarythmiques avant de trouver celui qui convient le mieux. \u00c9tant donn\u00e9 que tous les m\u00e9dicaments antiarythmiques ne conviennent pas \u00e0 tous les patients, votre m\u00e9decin d\u00e9terminera celui qui vous convient le mieux en fonction de vos autres probl\u00e8mes m\u00e9dicaux.<\/p>\n<p>Certains m\u00e9dicaments antiarythmiques, comme l\u2019amiodarone, peuvent avoir des effets ind\u00e9sirables, parfois graves. Votre m\u00e9decin vous surveillera r\u00e9guli\u00e8rement pour s\u2019assurer qu\u2019il est possible de continuer \u00e0 prendre ce traitement en toute s\u00e9curit\u00e9. Des analyses de sang peuvent \u00e9galement \u00eatre n\u00e9cessaires pour surveiller le m\u00e9dicament. Votre m\u00e9decin vous aidera \u00e0 choisir le m\u00e9dicament antiarythmique le plus adapt\u00e9 \u00e0 votre situation clinique et discutera en d\u00e9tail des avantages et des effets ind\u00e9sirables possibles.<\/p>\n<p>&nbsp;<\/p>\n<ul>\n<li><a href=\"https:\/\/www.afibmatters.org\/fr\/que-peut-faire-mon-medecin\/quest-ce-quune-cardioversion\/\">Cardioversion<\/a><\/li>\n<li><a href=\"\/fr\/que-peut-faire-mon-medecin\/ablation-de-la-fibrillation-atriale\/\">Ablation<\/a><\/li>\n<\/ul>\n<p>&nbsp;<\/p>\n<p><a href=\"https:\/\/www.afibmatters.org\/fr\/que-puis-je-faire\/comment-changer-ma-vie\/\"><strong>D\u00e9couvrez\u00a0: \u00ab\u00a0Comment changer ma vie\u00a0?\u00a0\u00bb<\/strong><\/a><\/p>\n","protected":false},"excerpt":{"rendered":"<p>Parfois, lorsque vous pr\u00e9sentez une crise de fibrillation atriale, le rythme normal est r\u00e9tabli sans traitement. Dans le cas contraire, ou si vous pr\u00e9sentez des sympt\u00f4mes au cours de vos crises de fibrillation atriale, votre m\u00e9decin pourra vous sugg\u00e9rer de r\u00e9tablir votre rythme cardiaque normal (rythme sinusal). C\u2019est ce que nous appelons le contr\u00f4le du [&hellip;]<\/p>\n","protected":false},"author":1,"featured_media":0,"parent":1454,"menu_order":15,"comment_status":"closed","ping_status":"closed","template":"","meta":{"_acf_changed":false,"footnotes":""},"categories":[56],"tags":[],"class_list":["post-1472","page","type-page","status-publish","hentry","category-que-peut-faire-mon-medecin"],"acf":[],"_links":{"self":[{"href":"https:\/\/www.afibmatters.org\/fr\/wp-json\/wp\/v2\/pages\/1472","targetHints":{"allow":["GET"]}}],"collection":[{"href":"https:\/\/www.afibmatters.org\/fr\/wp-json\/wp\/v2\/pages"}],"about":[{"href":"https:\/\/www.afibmatters.org\/fr\/wp-json\/wp\/v2\/types\/page"}],"author":[{"embeddable":true,"href":"https:\/\/www.afibmatters.org\/fr\/wp-json\/wp\/v2\/users\/1"}],"replies":[{"embeddable":true,"href":"https:\/\/www.afibmatters.org\/fr\/wp-json\/wp\/v2\/comments?post=1472"}],"version-history":[{"count":7,"href":"https:\/\/www.afibmatters.org\/fr\/wp-json\/wp\/v2\/pages\/1472\/revisions"}],"predecessor-version":[{"id":6180,"href":"https:\/\/www.afibmatters.org\/fr\/wp-json\/wp\/v2\/pages\/1472\/revisions\/6180"}],"up":[{"embeddable":true,"href":"https:\/\/www.afibmatters.org\/fr\/wp-json\/wp\/v2\/pages\/1454"}],"wp:attachment":[{"href":"https:\/\/www.afibmatters.org\/fr\/wp-json\/wp\/v2\/media?parent=1472"}],"wp:term":[{"taxonomy":"category","embeddable":true,"href":"https:\/\/www.afibmatters.org\/fr\/wp-json\/wp\/v2\/categories?post=1472"},{"taxonomy":"post_tag","embeddable":true,"href":"https:\/\/www.afibmatters.org\/fr\/wp-json\/wp\/v2\/tags?post=1472"}],"curies":[{"name":"wp","href":"https:\/\/api.w.org\/{rel}","templated":true}]}}